{"id":115,"date":"2017-06-28T11:12:39","date_gmt":"2017-06-28T14:12:39","guid":{"rendered":"https:\/\/www3.unicentro.br\/midiaememoriasemfronteiras\/?page_id=115"},"modified":"2017-08-22T21:45:40","modified_gmt":"2017-08-23T00:45:40","slug":"sociabilidades-negras-nos-campos-gerais-historias-trajetorias-e-memorias","status":"publish","type":"page","link":"https:\/\/www3.unicentro.br\/midiaememoriasemfronteiras\/universidades\/uepg\/sociabilidades-negras-nos-campos-gerais-historias-trajetorias-e-memorias\/","title":{"rendered":"Sociabilidades negras nos campos gerais: hist\u00f3rias, trajet\u00f3rias e mem\u00f3rias"},"content":{"rendered":"<p>O projeto que vamos desenvolver\u00a0\u00e9 intitulado\u00a0<em>Sociabilidades Negras nos Campos Gerais: Hist\u00f3rias, Trajet\u00f3rias e Mem\u00f3rias.\u00a0<\/em>Buscamos\u00a0realizar\u00a0a (re) constru\u00e7\u00e3o da hist\u00f3ria do Clube Treze de Maio de Ponta Grossa e outros clubes negros da regi\u00e3o dos Campos Gerais por meio de pesquisas que contribuir\u00e3o para dar visibilidade \u00e0s hist\u00f3rias e mem\u00f3rias dos clubes negros como parte integrante do patrim\u00f4nio cultural da regi\u00e3o, preservando-os na forma de um livro e um document\u00e1rio audiovisual. A proposta \u00e9 construir conjuntamente com\u00a0frequentadores e ex-frequentadores das institui\u00e7\u00f5es\u00a0um\u00a0livro impresso e novas m\u00eddias,\u00a0a partir de entrevistas orais com esses sujeitos,\u00a0a fim de promover a circula\u00e7\u00e3o das vozes e culturas negras na regi\u00e3o e democratiza\u00e7\u00e3o das mesmas enquanto espa\u00e7o de sociabilidade de uma popula\u00e7\u00e3o tradicional. Ao decorrer do projeto divulgaremos\u00a0os resultados no meio acad\u00eamico na forma de participa\u00e7\u00e3o em eventos cient\u00edficos com comunica\u00e7\u00f5es orais e produ\u00e7\u00e3o escrita. Buscaremos modos de divulgar os produtos (livro e document\u00e1rio) para a sociedade em geral por meio de um evento e tamb\u00e9m nas m\u00eddias dispon\u00edveis.<\/p>\n<p><strong>Equipe:<\/strong><\/p>\n<p>L\u00edgia Paula Couto (coordenadora);<br \/>\nIone da Silva Jovin;<br \/>\nMariana Fraga da Fonseca;<br \/>\nMerylin Ricieli dos Santos;<br \/>\nGustavo Yoshio Leal Ban;<\/p>\n<p>&nbsp;<\/p>\n","protected":false},"excerpt":{"rendered":"<p>O projeto que vamos desenvolver\u00a0\u00e9 intitulado\u00a0Sociabilidades Negras nos Campos Gerais: Hist\u00f3rias, Trajet\u00f3rias e Mem\u00f3rias.\u00a0Buscamos\u00a0realizar\u00a0a (re) constru\u00e7\u00e3o da hist\u00f3ria do Clube Treze de Maio de Ponta Grossa e outros clubes negros da regi\u00e3o dos Campos Gerais por meio de pesquisas que contribuir\u00e3o para dar visibilidade \u00e0s hist\u00f3rias e mem\u00f3rias dos clubes negros como parte integrante do [&hellip;]<\/p>\n","protected":false},"author":28,"featured_media":0,"parent":108,"menu_order":3,"comment_status":"closed","ping_status":"closed","template":"","meta":{"_exactmetrics_skip_tracking":false,"_exactmetrics_sitenote_active":false,"_exactmetrics_sitenote_note":"","_exactmetrics_sitenote_category":0,"footnotes":"","_links_to":"","_links_to_target":""},"class_list":["post-115","page","type-page","status-publish","hentry"],"_links":{"self":[{"href":"https:\/\/www3.unicentro.br\/midiaememoriasemfronteiras\/wp-json\/wp\/v2\/pages\/115","targetHints":{"allow":["GET"]}}],"collection":[{"href":"https:\/\/www3.unicentro.br\/midiaememoriasemfronteiras\/wp-json\/wp\/v2\/pages"}],"about":[{"href":"https:\/\/www3.unicentro.br\/midiaememoriasemfronteiras\/wp-json\/wp\/v2\/types\/page"}],"author":[{"embeddable":true,"href":"https:\/\/www3.unicentro.br\/midiaememoriasemfronteiras\/wp-json\/wp\/v2\/users\/28"}],"replies":[{"embeddable":true,"href":"https:\/\/www3.unicentro.br\/midiaememoriasemfronteiras\/wp-json\/wp\/v2\/comments?post=115"}],"version-history":[{"count":0,"href":"https:\/\/www3.unicentro.br\/midiaememoriasemfronteiras\/wp-json\/wp\/v2\/pages\/115\/revisions"}],"up":[{"embeddable":true,"href":"https:\/\/www3.unicentro.br\/midiaememoriasemfronteiras\/wp-json\/wp\/v2\/pages\/108"}],"wp:attachment":[{"href":"https:\/\/www3.unicentro.br\/midiaememoriasemfronteiras\/wp-json\/wp\/v2\/media?parent=115"}],"curies":[{"name":"wp","href":"https:\/\/api.w.org\/{rel}","templated":true}]}}