{"id":108,"date":"2017-06-28T11:00:36","date_gmt":"2017-06-28T14:00:36","guid":{"rendered":"https:\/\/www3.unicentro.br\/midiaememoriasemfronteiras\/?page_id=108"},"modified":"2017-08-30T16:42:03","modified_gmt":"2017-08-30T19:42:03","slug":"uepg","status":"publish","type":"page","link":"https:\/\/www3.unicentro.br\/midiaememoriasemfronteiras\/universidades\/uepg\/","title":{"rendered":"UEPG &#8211; Projetos em andamento"},"content":{"rendered":"<ul>\n<li><strong><a href=\"https:\/\/www3.unicentro.br\/midiaememoriasemfronteiras\/universidades\/uepg\/agroindustria-de-milho-crioulo-de-base-familiar\/\" target=\"_blank\" rel=\"noopener\">Agroind\u00fastria de milho crioulo de base familiar<\/a><\/strong><\/li>\n<li><strong><a href=\"https:\/\/www3.unicentro.br\/midiaememoriasemfronteiras\/universidades\/uepg\/assessoria-para-a-implantacao-do-protocolo-de-atendimento-as-vitimas-de-violencia-intrafamiliar\/\" target=\"_blank\" rel=\"noopener\">Assessoria para a implanta\u00e7\u00e3o do protocolo de atendimento \u00e0s v\u00edtimas de viol\u00eancia intrafamiliar<\/a><\/strong><\/li>\n<li><strong><a href=\"https:\/\/www3.unicentro.br\/midiaememoriasemfronteiras\/universidades\/uepg\/comercio-justo-circuitos-curtos-de-comercializacao-de-produtos-organicos-da-agricultura-familiar\/\" target=\"_blank\" rel=\"noopener\">Com\u00e9rcio-justo: circuitos curtos de comercializa\u00e7\u00e3o de produtos org\u00e2nicos da agricultura familiar<\/a><\/strong><\/li>\n<li><strong><a href=\"https:\/\/www3.unicentro.br\/midiaememoriasemfronteiras\/universidades\/uepg\/desenvolvimento-rural-sustentavel-comeca-pela-agua\/\" target=\"_blank\" rel=\"noopener\">Desenvolvimento rural sustent\u00e1vel come\u00e7a pela \u00e1gua<br \/>\n<\/a><\/strong><\/li>\n<li><strong><a href=\"https:\/\/www3.unicentro.br\/midiaememoriasemfronteiras\/universidades\/uepg\/educacao-em-saude-como-ferramenta-de-prevencao-e-empoderamento-de-uma-comunidade-quilombola\/\" target=\"_blank\" rel=\"noopener\">Educa\u00e7\u00e3o em sa\u00fade como ferramenta de preven\u00e7\u00e3o e empoderamento de uma comunidade quilombola<\/a><\/strong><\/li>\n<li><strong><a href=\"https:\/\/www3.unicentro.br\/midiaememoriasemfronteiras\/universidades\/uepg\/internacionalizacao-cidadania-e-direitos-humanos\/\" target=\"_blank\" rel=\"noopener\">Internacionaliza\u00e7\u00e3o, cidadania e direitos humanos<\/a><\/strong><\/li>\n<li><strong><a href=\"https:\/\/www3.unicentro.br\/midiaememoriasemfronteiras\/universidades\/uepg\/midia-e-juventude-contribuicoes-para-a-leitura-critica-de-mundo\/\" target=\"_blank\" rel=\"noopener\">M\u00eddia e juventude: contribui\u00e7\u00f5es para a leitura cr\u00edtica de mundo<\/a><\/strong><\/li>\n<li><strong><a href=\"https:\/\/www3.unicentro.br\/midiaememoriasemfronteiras\/universidades\/uepg\/selo-socioambiental-produtos-da-agrofloresta-faxinalense\/\" target=\"_blank\" rel=\"noopener\">Selo Socioambiental &#8211; Produtos da agrofloresta faxinalense<\/a><\/strong><\/li>\n<li><strong><a href=\"https:\/\/www3.unicentro.br\/midiaememoriasemfronteiras\/universidades\/uepg\/sociabilidades-negras-nos-campos-gerais-historias-trajetorias-e-memorias\/\" target=\"_blank\" rel=\"noopener\">Sociabilidades negras nos campos gerais: hist\u00f3rias, trajet\u00f3rias e mem\u00f3rias<br \/>\n<\/a><\/strong><\/li>\n<li><strong><a href=\"https:\/\/www3.unicentro.br\/midiaememoriasemfronteiras\/universidades\/uepg\/vivenciando-a-economia-solidaria\/\" target=\"_blank\" rel=\"noopener\">Vivenciando a economia solid\u00e1ria<\/a><\/strong><\/li>\n<li><strong><a href=\"https:\/\/www3.unicentro.br\/midiaememoriasemfronteiras\/universidades\/uepg\/zoologia-itinerante-como-ferramenta-no-ensinoaprendizagem\/\" target=\"_blank\" rel=\"noopener\">Zoologia itinerante como ferramenta no ensino\/aprendizagem<\/a><\/strong><\/li>\n<\/ul>\n<p>&nbsp;<\/p>\n","protected":false},"excerpt":{"rendered":"<p>Agroind\u00fastria de milho crioulo de base familiar Assessoria para a implanta\u00e7\u00e3o do protocolo de atendimento \u00e0s v\u00edtimas de viol\u00eancia intrafamiliar Com\u00e9rcio-justo: circuitos curtos de comercializa\u00e7\u00e3o de produtos org\u00e2nicos da agricultura familiar Desenvolvimento rural sustent\u00e1vel come\u00e7a pela \u00e1gua Educa\u00e7\u00e3o em sa\u00fade como ferramenta de preven\u00e7\u00e3o e empoderamento de uma comunidade quilombola Internacionaliza\u00e7\u00e3o, cidadania e direitos humanos [&hellip;]<\/p>\n","protected":false},"author":28,"featured_media":0,"parent":17,"menu_order":3,"comment_status":"closed","ping_status":"closed","template":"","meta":{"_exactmetrics_skip_tracking":false,"_exactmetrics_sitenote_active":false,"_exactmetrics_sitenote_note":"","_exactmetrics_sitenote_category":0,"footnotes":"","_links_to":"","_links_to_target":""},"class_list":["post-108","page","type-page","status-publish","hentry"],"_links":{"self":[{"href":"https:\/\/www3.unicentro.br\/midiaememoriasemfronteiras\/wp-json\/wp\/v2\/pages\/108","targetHints":{"allow":["GET"]}}],"collection":[{"href":"https:\/\/www3.unicentro.br\/midiaememoriasemfronteiras\/wp-json\/wp\/v2\/pages"}],"about":[{"href":"https:\/\/www3.unicentro.br\/midiaememoriasemfronteiras\/wp-json\/wp\/v2\/types\/page"}],"author":[{"embeddable":true,"href":"https:\/\/www3.unicentro.br\/midiaememoriasemfronteiras\/wp-json\/wp\/v2\/users\/28"}],"replies":[{"embeddable":true,"href":"https:\/\/www3.unicentro.br\/midiaememoriasemfronteiras\/wp-json\/wp\/v2\/comments?post=108"}],"version-history":[{"count":0,"href":"https:\/\/www3.unicentro.br\/midiaememoriasemfronteiras\/wp-json\/wp\/v2\/pages\/108\/revisions"}],"up":[{"embeddable":true,"href":"https:\/\/www3.unicentro.br\/midiaememoriasemfronteiras\/wp-json\/wp\/v2\/pages\/17"}],"wp:attachment":[{"href":"https:\/\/www3.unicentro.br\/midiaememoriasemfronteiras\/wp-json\/wp\/v2\/media?parent=108"}],"curies":[{"name":"wp","href":"https:\/\/api.w.org\/{rel}","templated":true}]}}