{"id":105,"date":"2017-06-28T00:33:34","date_gmt":"2017-06-28T03:33:34","guid":{"rendered":"https:\/\/www3.unicentro.br\/midiaememoriasemfronteiras\/?page_id=105"},"modified":"2017-08-30T16:40:04","modified_gmt":"2017-08-30T19:40:04","slug":"meio-ambiente-e-educacao-sensibilizacao-conscientizacao-e-mobilizacao","status":"publish","type":"page","link":"https:\/\/www3.unicentro.br\/midiaememoriasemfronteiras\/universidades\/uenp\/meio-ambiente-e-educacao-sensibilizacao-conscientizacao-e-mobilizacao\/","title":{"rendered":"Meio ambiente e educa\u00e7\u00e3o: sensibiliza\u00e7\u00e3o, conscientiza\u00e7\u00e3o e mobiliza\u00e7\u00e3o"},"content":{"rendered":"<p>A quest\u00e3o ambiental est\u00e1 presente e \u00e9 significativa na sociedade contempor\u00e2nea, seja nas pr\u00e1ticas sociais de modo geral, no universo do ensino acad\u00eamico ou b\u00e1sico. Contudo, ainda observa-se uma dist\u00e2ncia entres os debates no \u00e2mbito do ensino e das pr\u00e1ticas sociais, entre as pol\u00edticas p\u00fablicas e as realidades vivenciadas pela popula\u00e7\u00e3o. Neste sentido, a partir da visualiza\u00e7\u00e3o concomitante desta necessidade e fragilidade, \u00e9 que se estabelece a problem\u00e1tica em quest\u00e3o. A mesma questiona como a Universidade junto da Comunidade, via escolas e moradores, pode estabelecer a\u00e7\u00f5es no sentido de sensibilizar, conscientizar e mobilizar para altera\u00e7\u00f5es de posturas junto as quest\u00f5es ambientais que afetam grupos espec\u00edficos. Desta maneira, a execu\u00e7\u00e3o da proposta apresentada \u00e9 uma oportunidade dos bolsistas praticarem sua futura profiss\u00e3o a partir das investiga\u00e7\u00f5es bibliogr\u00e1ficas, visitas <em>in loco<\/em>, organiza\u00e7\u00e3o de planos para desenvolvimento de atividades com alunos da Educa\u00e7\u00e3o B\u00e1sica, por consequ\u00eancia seus familiares e comunidade e, tamb\u00e9m sugerir pr\u00e1ticas sociais para melhoria do ambiente onde vivem. Trata-se de uma oportunidade de colocar os acad\u00eamicos bolsistas em situa\u00e7\u00e3o de investigador como princ\u00edpio educativo e colaborador social. Isto \u00e9, sua forma\u00e7\u00e3o estar\u00e1 sendo praticada de maneira articulada, sob o vi\u00e9s da pesquisa, ensino e extens\u00e3o, em ben\u00e9fico da sociedade, neste caso, buscando minimizar quest\u00f5es ambientais desfavor\u00e1veis \u00e0 popula\u00e7\u00e3o. O objetivo principal do projeto \u00e9 sensibilizar, Conscientizar e Mobilizar a popula\u00e7\u00e3o de bairros em situa\u00e7\u00e3o de vulnerabilidade ambiental em Corn\u00e9lio Proc\u00f3pio \u2013 PR, para os cuidados com o ambiente em que vivem, a partir de interven\u00e7\u00f5es junto a comunidade local e escolas do ensino b\u00e1sico que a atende.<\/p>\n<p><strong>Equipe:<\/strong><\/p>\n<p>Waldiney Gomes de Aguiar (coordenador);<br \/>\nCarla Holanda da Silva;<br \/>\nRicardo Campos;<br \/>\nHil\u00e1rio Helbe Junior;<br \/>\nFabiana Cust\u00f3dio de Lima;<br \/>\nP\u00e2mela dos Santos Abintes;<br \/>\nPatr\u00edcia Aparecida Rodrigues;<br \/>\nTamires Barbara Toneze Queiroz;<\/p>\n<p><a href=\"https:\/\/www.facebook.com\/meioambienteeducacaouenp\/\" target=\"_blank\" rel=\"noopener\"><img loading=\"lazy\" decoding=\"async\" class=\"alignleft size-thumbnail wp-image-351\" src=\"https:\/\/www3.unicentro.br\/midiaememoriasemfronteiras\/wp-content\/uploads\/sites\/19\/2017\/06\/botao3-150x150.png\" alt=\"\" width=\"150\" height=\"150\" srcset=\"https:\/\/www3.unicentro.br\/midiaememoriasemfronteiras\/wp-content\/uploads\/sites\/19\/2017\/06\/botao3-150x150.png 150w, https:\/\/www3.unicentro.br\/midiaememoriasemfronteiras\/wp-content\/uploads\/sites\/19\/2017\/06\/botao3-50x50.png 50w, https:\/\/www3.unicentro.br\/midiaememoriasemfronteiras\/wp-content\/uploads\/sites\/19\/2017\/06\/botao3-80x80.png 80w, https:\/\/www3.unicentro.br\/midiaememoriasemfronteiras\/wp-content\/uploads\/sites\/19\/2017\/06\/botao3-263x263.png 263w, https:\/\/www3.unicentro.br\/midiaememoriasemfronteiras\/wp-content\/uploads\/sites\/19\/2017\/06\/botao3-100x100.png 100w, https:\/\/www3.unicentro.br\/midiaememoriasemfronteiras\/wp-content\/uploads\/sites\/19\/2017\/06\/botao3-526x526.png 526w\" sizes=\"auto, (max-width: 150px) 100vw, 150px\" \/><\/a><\/p>\n","protected":false},"excerpt":{"rendered":"<p>A quest\u00e3o ambiental est\u00e1 presente e \u00e9 significativa na sociedade contempor\u00e2nea, seja nas pr\u00e1ticas sociais de modo geral, no universo do ensino acad\u00eamico ou b\u00e1sico. Contudo, ainda observa-se uma dist\u00e2ncia entres os debates no \u00e2mbito do ensino e das pr\u00e1ticas sociais, entre as pol\u00edticas p\u00fablicas e as realidades vivenciadas pela popula\u00e7\u00e3o. Neste sentido, a partir [&hellip;]<\/p>\n","protected":false},"author":28,"featured_media":0,"parent":81,"menu_order":9,"comment_status":"closed","ping_status":"closed","template":"","meta":{"_exactmetrics_skip_tracking":false,"_exactmetrics_sitenote_active":false,"_exactmetrics_sitenote_note":"","_exactmetrics_sitenote_category":0,"footnotes":"","_links_to":"","_links_to_target":""},"class_list":["post-105","page","type-page","status-publish","hentry"],"_links":{"self":[{"href":"https:\/\/www3.unicentro.br\/midiaememoriasemfronteiras\/wp-json\/wp\/v2\/pages\/105","targetHints":{"allow":["GET"]}}],"collection":[{"href":"https:\/\/www3.unicentro.br\/midiaememoriasemfronteiras\/wp-json\/wp\/v2\/pages"}],"about":[{"href":"https:\/\/www3.unicentro.br\/midiaememoriasemfronteiras\/wp-json\/wp\/v2\/types\/page"}],"author":[{"embeddable":true,"href":"https:\/\/www3.unicentro.br\/midiaememoriasemfronteiras\/wp-json\/wp\/v2\/users\/28"}],"replies":[{"embeddable":true,"href":"https:\/\/www3.unicentro.br\/midiaememoriasemfronteiras\/wp-json\/wp\/v2\/comments?post=105"}],"version-history":[{"count":0,"href":"https:\/\/www3.unicentro.br\/midiaememoriasemfronteiras\/wp-json\/wp\/v2\/pages\/105\/revisions"}],"up":[{"embeddable":true,"href":"https:\/\/www3.unicentro.br\/midiaememoriasemfronteiras\/wp-json\/wp\/v2\/pages\/81"}],"wp:attachment":[{"href":"https:\/\/www3.unicentro.br\/midiaememoriasemfronteiras\/wp-json\/wp\/v2\/media?parent=105"}],"curies":[{"name":"wp","href":"https:\/\/api.w.org\/{rel}","templated":true}]}}