{"id":101,"date":"2017-06-28T00:25:42","date_gmt":"2017-06-28T03:25:42","guid":{"rendered":"https:\/\/www3.unicentro.br\/midiaememoriasemfronteiras\/?page_id=101"},"modified":"2017-06-28T00:25:42","modified_gmt":"2017-06-28T03:25:42","slug":"laboratorio-de-atendimento-psicopedagogico-para-criancas","status":"publish","type":"page","link":"https:\/\/www3.unicentro.br\/midiaememoriasemfronteiras\/universidades\/uenp\/laboratorio-de-atendimento-psicopedagogico-para-criancas\/","title":{"rendered":"Laborat\u00f3rio de atendimento psicopedag\u00f3gico para crian\u00e7as"},"content":{"rendered":"<p>O presente projeto apresenta como objetivo geral implementar o servi\u00e7o de atendimento psicopedag\u00f3gico de crian\u00e7as que apresentam dificuldades de aprendizagem da leitura e escrita, regularmente matriculadas na rede municipal de ensino de Corn\u00e9lio Proc\u00f3pio. Para tanto, prop\u00f5e-se como objetivos espec\u00edficos: a realiza\u00e7\u00e3o de avalia\u00e7\u00e3o psicol\u00f3gica e psicopedag\u00f3gica das crian\u00e7as com dificuldades de leitura e escrita, a partir de encaminhamentos da Secretaria Municipal de Educa\u00e7\u00e3o; a realiza\u00e7\u00e3o de atendimento psicopedag\u00f3gico individualizado e em grupos, focado nas dificuldades de aprendizagem; o desenvolvimento de cursos de capacita\u00e7\u00e3o e grupos de estudos e orienta\u00e7\u00e3o para os professores das escolas municipais; o desenvolvimento de estrat\u00e9gias, metodologias e materiais que auxiliem na avalia\u00e7\u00e3o e atendimento das crian\u00e7as com dificuldades de leitura e escrita, \u00a0favorecer a forma\u00e7\u00e3o inicial e continuada dos alunos envolvidos, assim como a forma\u00e7\u00e3o continuada dos profissionais, estreitando as rela\u00e7\u00f5es entre a universidade e a educa\u00e7\u00e3o b\u00e1sica no munic\u00edpio e a melhoria do ensino superior.<\/p>\n<p><strong>Equipe:<\/strong><\/p>\n<p>Marilia Bazan Blanco (coordenadora);<br \/>\nPaola Rodrigues Figueira\u00a0;<br \/>\nRoselaine Batista;<br \/>\nAmanda Mendes de Oliveira Manesko;<br \/>\nTatiana Alves Carnelozzi;<br \/>\nMichele Costa de Oliveira;<br \/>\nAriane Aparecida de Oliveira;<\/p>\n","protected":false},"excerpt":{"rendered":"<p>O presente projeto apresenta como objetivo geral implementar o servi\u00e7o de atendimento psicopedag\u00f3gico de crian\u00e7as que apresentam dificuldades de aprendizagem da leitura e escrita, regularmente matriculadas na rede municipal de ensino de Corn\u00e9lio Proc\u00f3pio. Para tanto, prop\u00f5e-se como objetivos espec\u00edficos: a realiza\u00e7\u00e3o de avalia\u00e7\u00e3o psicol\u00f3gica e psicopedag\u00f3gica das crian\u00e7as com dificuldades de leitura e escrita, [&hellip;]<\/p>\n","protected":false},"author":28,"featured_media":0,"parent":81,"menu_order":7,"comment_status":"closed","ping_status":"closed","template":"","meta":{"_exactmetrics_skip_tracking":false,"_exactmetrics_sitenote_active":false,"_exactmetrics_sitenote_note":"","_exactmetrics_sitenote_category":0,"footnotes":"","_links_to":"","_links_to_target":""},"class_list":["post-101","page","type-page","status-publish","hentry"],"_links":{"self":[{"href":"https:\/\/www3.unicentro.br\/midiaememoriasemfronteiras\/wp-json\/wp\/v2\/pages\/101","targetHints":{"allow":["GET"]}}],"collection":[{"href":"https:\/\/www3.unicentro.br\/midiaememoriasemfronteiras\/wp-json\/wp\/v2\/pages"}],"about":[{"href":"https:\/\/www3.unicentro.br\/midiaememoriasemfronteiras\/wp-json\/wp\/v2\/types\/page"}],"author":[{"embeddable":true,"href":"https:\/\/www3.unicentro.br\/midiaememoriasemfronteiras\/wp-json\/wp\/v2\/users\/28"}],"replies":[{"embeddable":true,"href":"https:\/\/www3.unicentro.br\/midiaememoriasemfronteiras\/wp-json\/wp\/v2\/comments?post=101"}],"version-history":[{"count":0,"href":"https:\/\/www3.unicentro.br\/midiaememoriasemfronteiras\/wp-json\/wp\/v2\/pages\/101\/revisions"}],"up":[{"embeddable":true,"href":"https:\/\/www3.unicentro.br\/midiaememoriasemfronteiras\/wp-json\/wp\/v2\/pages\/81"}],"wp:attachment":[{"href":"https:\/\/www3.unicentro.br\/midiaememoriasemfronteiras\/wp-json\/wp\/v2\/media?parent=101"}],"curies":[{"name":"wp","href":"https:\/\/api.w.org\/{rel}","templated":true}]}}