{"id":26,"date":"2022-05-02T00:00:00","date_gmt":"2022-05-02T03:00:00","guid":{"rendered":"https:\/\/www3.unicentro.br\/live\/?page_id=26"},"modified":"2023-05-05T05:12:34","modified_gmt":"2023-05-05T08:12:34","slug":"publicacoes","status":"publish","type":"page","link":"https:\/\/www3.unicentro.br\/live\/publicacoes\/","title":{"rendered":"Publica\u00e7\u00f5es"},"content":{"rendered":"<p style=\"text-align: justify\">A oficina foca na rela\u00e7\u00e3o hist\u00f3ria e mem\u00f3ria em (dis)curso em di\u00e1logo com Fernando Catroga, destacando as pesquisas do historiador dentre elas o culto familiar dos mortos e as comemora\u00e7\u00f5es pol\u00edticas de natureza tanatol\u00f3gica, compreendidas, de acordo com \u00c1tila (2016, p. 133), \u201cem sua liga\u00e7\u00e3o com a forma relacional e n\u00e3o dicot\u00f4mica de tratamento de pares conceituais como recorda\u00e7\u00e3o e comemora\u00e7\u00e3o, mem\u00f3ria individual e mem\u00f3ria coletiva ou mesmo hist\u00f3ria e mem\u00f3ria\u201d. Os textos a serem trabalhados na oficina s\u00e3o os publicados no dossi\u00ea em homenagem a Fernando Catroga, especialmente, tendo como fio condutor a no\u00e7\u00e3o \u2018po\u00e9tica da aus\u00eancia\u2019, pela qual o ausente \u00e9 re-presentificado.<\/p>\n<p><img loading=\"lazy\" decoding=\"async\" class=\"size-medium wp-image-133 aligncenter\" src=\"https:\/\/www3.unicentro.br\/live\/wp-content\/uploads\/sites\/24\/2018\/03\/Sedam1-300x225.jpg\" alt=\"\" width=\"300\" height=\"225\" srcset=\"https:\/\/www3.unicentro.br\/live\/wp-content\/uploads\/sites\/24\/2018\/03\/Sedam1-300x225.jpg 300w, https:\/\/www3.unicentro.br\/live\/wp-content\/uploads\/sites\/24\/2018\/03\/Sedam1-768x577.jpg 768w, https:\/\/www3.unicentro.br\/live\/wp-content\/uploads\/sites\/24\/2018\/03\/Sedam1-255x192.jpg 255w, https:\/\/www3.unicentro.br\/live\/wp-content\/uploads\/sites\/24\/2018\/03\/Sedam1.jpg 960w\" sizes=\"auto, (max-width: 300px) 100vw, 300px\" \/><\/p>\n","protected":false},"excerpt":{"rendered":"<p>A oficina foca na rela\u00e7\u00e3o hist\u00f3ria e mem\u00f3ria em (dis)curso em di\u00e1logo com Fernando Catroga, destacando as pesquisas do historiador dentre elas o culto familiar dos mortos e as comemora\u00e7\u00f5es pol\u00edticas de natureza tanatol\u00f3gica, compreendidas, de acordo com \u00c1tila (2016, p. 133), \u201cem sua liga\u00e7\u00e3o com a forma relacional e n\u00e3o dicot\u00f4mica de tratamento de [&hellip;]<\/p>\n","protected":false},"author":1,"featured_media":0,"parent":0,"menu_order":0,"comment_status":"open","ping_status":"open","template":"","meta":{"_exactmetrics_skip_tracking":false,"_exactmetrics_sitenote_active":false,"_exactmetrics_sitenote_note":"","_exactmetrics_sitenote_category":0,"footnotes":"","_links_to":"","_links_to_target":""},"class_list":["post-26","page","type-page","status-publish","hentry"],"_links":{"self":[{"href":"https:\/\/www3.unicentro.br\/live\/wp-json\/wp\/v2\/pages\/26","targetHints":{"allow":["GET"]}}],"collection":[{"href":"https:\/\/www3.unicentro.br\/live\/wp-json\/wp\/v2\/pages"}],"about":[{"href":"https:\/\/www3.unicentro.br\/live\/wp-json\/wp\/v2\/types\/page"}],"author":[{"embeddable":true,"href":"https:\/\/www3.unicentro.br\/live\/wp-json\/wp\/v2\/users\/1"}],"replies":[{"embeddable":true,"href":"https:\/\/www3.unicentro.br\/live\/wp-json\/wp\/v2\/comments?post=26"}],"version-history":[{"count":0,"href":"https:\/\/www3.unicentro.br\/live\/wp-json\/wp\/v2\/pages\/26\/revisions"}],"wp:attachment":[{"href":"https:\/\/www3.unicentro.br\/live\/wp-json\/wp\/v2\/media?parent=26"}],"curies":[{"name":"wp","href":"https:\/\/api.w.org\/{rel}","templated":true}]}}