{"id":24,"date":"2017-05-23T14:38:58","date_gmt":"2017-05-23T17:38:58","guid":{"rendered":"https:\/\/www3.unicentro.br\/live\/?page_id=24"},"modified":"2023-05-05T05:12:23","modified_gmt":"2023-05-05T08:12:23","slug":"acervo","status":"publish","type":"page","link":"https:\/\/www3.unicentro.br\/live\/acervo\/","title":{"rendered":"Acervo"},"content":{"rendered":"<p><span style=\"text-decoration: underline\"><strong>DISSERTA\u00c7\u00d5ES &#8211; TURMA 2015<\/strong><\/span><\/p>\n<table style=\"height: 26px\" width=\"732\">\n<tbody>\n<tr>\n<td><strong>DOCENTE<\/strong><\/td>\n<td><strong>ORIENTADOR<\/strong><\/td>\n<td style=\"text-align: center\"><\/td>\n<\/tr>\n<tr>\n<td>\u00c9len Ramos<\/td>\n<td>Dr\u00aa Lidia Stutz<\/td>\n<td style=\"text-align: center\">Disserta\u00e7\u00e3o<\/td>\n<\/tr>\n<tr>\n<td>Fernanda Priscila Carraro<\/td>\n<td>Dr\u00aa Loremi Loregian-Penkal<\/td>\n<td style=\"text-align: center\"><a href=\"http:\/\/tede.unicentro.br:8080\/jspui\/bitstream\/tede\/93\/1\/PR%20FERNANDA%20PRISCILA%20CARRARO.pdf\">Disserta\u00e7\u00e3o<\/a><\/td>\n<\/tr>\n<tr>\n<td>Juliana Schinemann<\/td>\n<td>Dr\u00aa Luciane Baretta<\/td>\n<td style=\"text-align: center\">Disserta\u00e7\u00e3o<\/td>\n<\/tr>\n<tr>\n<td>Monica Lopes<\/td>\n<td>Dr\u00aa Lidia Stutz<\/td>\n<td style=\"text-align: center\">Disserta\u00e7\u00e3o<\/td>\n<\/tr>\n<tr>\n<td>Tatiane da Luz Walczak<\/td>\n<td>Dr\u00aa Loremi Loregian-Penkal<br \/>\nCoorientadora: Dr\u00aa Lucelene T. Franceschini<\/td>\n<td style=\"text-align: center\"><a href=\"http:\/\/tede.unicentro.br:8080\/jspui\/bitstream\/tede\/598\/2\/TATIANE%20DA%20LUZ%20WALCZAK%20DA%20FONSECA.pdf\">Disserta\u00e7\u00e3o<\/a><\/td>\n<\/tr>\n<\/tbody>\n<\/table>\n<p><strong><span style=\"text-decoration: underline\">DISSERTA\u00c7\u00d5ES &#8211; TURMA 2014<\/span><br \/>\n<\/strong><\/p>\n<table style=\"height: 274px\" width=\"735\">\n<tbody>\n<tr>\n<td><strong>DOCENTE \u00a0 \u00a0 \u00a0 \u00a0 \u00a0 \u00a0 \u00a0 \u00a0 \u00a0 \u00a0 \u00a0 \u00a0 \u00a0<\/strong><\/td>\n<td><strong>ORIENTADOR \u00a0 \u00a0 \u00a0 \u00a0 \u00a0 \u00a0 \u00a0 \u00a0 \u00a0 \u00a0 \u00a0<\/strong><\/td>\n<td><\/td>\n<\/tr>\n<tr>\n<td>Elizabete Guimar\u00e3es Daros<\/td>\n<td>Dr\u00aa Luciane Baretta<\/td>\n<td style=\"text-align: center\"><a href=\"http:\/\/tede.unicentro.br:8080\/jspui\/bitstream\/tede\/90\/1\/PR%20ELIZABETE%20GUIMARAES%20DAROS.pdf\">Disserta\u00e7\u00e3o<\/a><\/td>\n<\/tr>\n<tr>\n<td>\u00a0Josiete Cristina Schneider Queroz<\/td>\n<td>\u00a0Dr\u00aa Lidia Stutz<\/td>\n<td style=\"text-align: center\">\u00a0<a href=\"http:\/\/tede.unicentro.br:8080\/jspui\/bitstream\/tede\/92\/1\/PR%20JOSIETE%20CRISTINA%20SCHNEIDER%20QUEROZ.pdf\">Disserta\u00e7\u00e3o<\/a><\/td>\n<\/tr>\n<tr>\n<td>\u00a0Likelli Sim\u00e3o Bender<\/td>\n<td>\u00a0Dr\u00aa Luciane Baretta<\/td>\n<td style=\"text-align: center\">\u00a0<a href=\"http:\/\/tede.unicentro.br:8080\/jspui\/bitstream\/tede\/94\/1\/PR%20LIKELLI%20SIMAO%20BENDER.pdf\">Disserta\u00e7\u00e3o<\/a><\/td>\n<\/tr>\n<tr>\n<td>\u00a0Marco Antonio Cacilho<\/td>\n<td>\u00a0Dr\u00aa Lidia Stutz<\/td>\n<td style=\"text-align: center\">\u00a0<a href=\"http:\/\/tede.unicentro.br:8080\/jspui\/bitstream\/tede\/95\/1\/PR%20MARCO%20ANTONIO%20CACILHO.pdf\">Disserta\u00e7\u00e3o<\/a><\/td>\n<\/tr>\n<tr>\n<td>Vanessa Aparecida Deon<\/td>\n<td>\u00a0Dr\u00aa Loremi Loregian-Penkal<br \/>\nCoorientadora: Dr\u00aa Lucelene T. Franceschini<\/td>\n<td style=\"text-align: center\">\u00a0<a href=\"http:\/\/tede.unicentro.br:8080\/jspui\/bitstream\/tede\/87\/1\/PR%20VANESSA%20APARECIDA%20DEON.pdf\">Disserta\u00e7\u00e3o<\/a><\/td>\n<\/tr>\n<tr>\n<td><\/td>\n<td><\/td>\n<td><\/td>\n<\/tr>\n<tr>\n<td><\/td>\n<td><\/td>\n<td><\/td>\n<\/tr>\n<\/tbody>\n<\/table>\n<p><strong><span style=\"text-decoration: underline\">DISSERTA\u00c7\u00d5ES &#8211; TURMA 2013<\/span><br \/>\n<\/strong><\/p>\n<table style=\"height: 193px\" width=\"724\">\n<tbody>\n<tr>\n<td><strong>DOCENTE<\/strong><\/td>\n<td><strong>ORIENTADOR<\/strong><\/td>\n<td><\/td>\n<\/tr>\n<tr>\n<td>Everton Gelinski Gomes de Souza<\/td>\n<td>Dr\u00aa Lidia Stutz<\/td>\n<td style=\"text-align: center\"><a href=\"http:\/\/tede.unicentro.br:8080\/jspui\/bitstream\/tede\/67\/1\/PR%20Everton%20Gelinski%20Gomes%20de%20Souza.pdf\">Disserta\u00e7\u00e3o<\/a><\/td>\n<\/tr>\n<tr>\n<td><\/td>\n<td><\/td>\n<td><\/td>\n<\/tr>\n<tr>\n<td><\/td>\n<td><\/td>\n<td><\/td>\n<\/tr>\n<tr>\n<td><\/td>\n<td><\/td>\n<td><\/td>\n<\/tr>\n<tr>\n<td><\/td>\n<td><\/td>\n<td><\/td>\n<\/tr>\n<tr>\n<td><\/td>\n<td><\/td>\n<td><\/td>\n<\/tr>\n<\/tbody>\n<\/table>\n<p><strong>\u00a0<span style=\"text-decoration: underline\">SELE\u00c7\u00c3O DE OBRAS:<\/span><br \/>\n<\/strong><\/p>\n<table style=\"height: 292px\" width=\"732\">\n<tbody>\n<tr>\n<td>\n<p class=\"western\" align=\"JUSTIFY\"><span style=\"font-family: Times New Roman,serif\"><span style=\"font-size: medium\">BAGNO, M. <\/span><\/span><span style=\"font-family: Times New Roman,serif\"><span style=\"font-size: medium\"><i>Portugu\u00eas ou brasileiro?<\/i><\/span><\/span><span style=\"font-family: Times New Roman,serif\"><span style=\"font-size: medium\"> S\u00e3o Paulo: Par\u00e1bola, 2002. <\/span><\/span><\/p>\n<\/td>\n<\/tr>\n<tr>\n<td>\n<p class=\"western\" align=\"JUSTIFY\"><span style=\"font-family: Times New Roman,serif\"><span style=\"font-size: medium\">BAGNO,<\/span><\/span> <span style=\"font-family: Times New Roman,serif\"><span style=\"font-size: medium\">M.<\/span><\/span> <span style=\"font-family: Times New Roman,serif\"><span style=\"font-size: medium\"><i>Gram\u00e1tica<\/i><\/span><\/span><i> <\/i><span style=\"font-family: Times New Roman,serif\"><span style=\"font-size: medium\"><i>pedag\u00f3gica<\/i><\/span><\/span><i> <\/i><span style=\"font-family: Times New Roman,serif\"><span style=\"font-size: medium\"><i>do<\/i><\/span><\/span><i> <\/i><span style=\"font-family: Times New Roman,serif\"><span style=\"font-size: medium\"><i>portugu\u00eas<\/i><\/span><\/span><i> <\/i><span style=\"font-family: Times New Roman,serif\"><span style=\"font-size: medium\"><i>brasileiro.<\/i><\/span><\/span> <span style=\"font-family: Times New Roman,serif\"><span style=\"font-size: medium\">S\u00e3o<\/span><\/span> <span style=\"font-family: Times New Roman,serif\"><span style=\"font-size: medium\">Paulo:<\/span><\/span> <span style=\"font-family: Times New Roman,serif\"><span style=\"font-size: medium\">Par\u00e1bola,<\/span><\/span> <span style=\"font-family: Times New Roman,serif\"><span style=\"font-size: medium\">2012.<\/span><\/span><\/p>\n<\/td>\n<\/tr>\n<tr>\n<td>\n<p class=\"western\" align=\"JUSTIFY\"><span style=\"font-family: Times New Roman,serif\"><span style=\"font-size: medium\">BARRETO,<\/span><\/span> <span style=\"font-family: Times New Roman,serif\"><span style=\"font-size: medium\">M.<\/span><\/span> <span style=\"font-family: Times New Roman,serif\"><span style=\"font-size: medium\">S.<\/span><\/span><span style=\"font-family: Times New Roman,serif\"><span style=\"font-size: medium\">; <\/span><\/span><span style=\"font-family: Times New Roman,serif\"><span style=\"font-size: medium\">SALGADO,<\/span><\/span> <span style=\"font-family: Times New Roman,serif\"><span style=\"font-size: medium\">A.<\/span><\/span> <span style=\"font-family: Times New Roman,serif\"><span style=\"font-size: medium\">C.<\/span><\/span> <span style=\"font-family: Times New Roman,serif\"><span style=\"font-size: medium\"><i>A Sociolingu\u00edstica no Brasil<\/i><\/span><\/span><span style=\"font-family: Times New Roman,serif\"><span style=\"font-size: medium\">. <\/span><\/span><span style=\"font-family: Times New Roman,serif\"><span style=\"font-size: medium\">Rio de Janeiro:<\/span><\/span> <span style=\"font-family: Times New Roman,serif\"><span style=\"font-size: medium\">Sete<\/span><\/span> <span style=\"font-family: Times New Roman,serif\"><span style=\"font-size: medium\">Letras,<\/span><\/span> <span style=\"font-family: Times New Roman,serif\"><span style=\"font-size: medium\">2009.<\/span><\/span><\/p>\n<\/td>\n<\/tr>\n<tr>\n<td>\n<p class=\"western\" align=\"JUSTIFY\"><span style=\"font-family: Times New Roman,serif\"><span style=\"font-size: medium\">BORTONI-RICARDO, S. M. <\/span><\/span><span style=\"font-family: Times New Roman,serif\"><span style=\"font-size: medium\"><i>Educa\u00e7\u00e3o em l\u00edngua materna:<\/i><\/span><\/span><span style=\"font-family: Times New Roman,serif\"><span style=\"font-size: medium\"> a sociolingu\u00edstica na sala de aula. S\u00e3o Paulo: Par\u00e1bola, 2004.<\/span><\/span><\/p>\n<\/td>\n<\/tr>\n<tr>\n<td>\n<p class=\"western\" align=\"JUSTIFY\"><span style=\"font-family: Times New Roman,serif\"><span style=\"font-size: medium\">BORTONI-RICARDO, S. M. <\/span><\/span><span style=\"font-family: Times New Roman,serif\"><span style=\"font-size: medium\"><i>N\u00f3s cheguemu na escola, e agora?<\/i><\/span><\/span><span style=\"font-family: Times New Roman,serif\"><span style=\"font-size: medium\"> Sociolingu\u00edstica e educa\u00e7\u00e3o. S\u00e3o Paulo: Par\u00e1bola, 2005.<\/span><\/span><\/p>\n<\/td>\n<\/tr>\n<tr>\n<td>\n<p class=\"western\" align=\"JUSTIFY\"><span style=\"font-family: Times New Roman,serif\"><span style=\"font-size: medium\">BORTONI-RICARDO, S. M. <\/span><\/span><span style=\"font-family: Times New Roman,serif\"><span style=\"font-size: medium\"><i>Do campo para a cidade.<\/i><\/span><\/span><span style=\"font-family: Times New Roman,serif\"><span style=\"font-size: medium\"> S\u00e3o Paulo: Par\u00e1bola, 2012.<\/span><\/span><\/p>\n<\/td>\n<\/tr>\n<tr>\n<td>\n<p class=\"western\" align=\"JUSTIFY\"><span style=\"font-family: Times New Roman,serif\"><span style=\"font-size: medium\">BORTONI-RICARDO, S. M. <\/span><\/span><span style=\"font-family: Times New Roman,serif\"><span style=\"font-size: medium\"><i>Manual de Sociolingu\u00edstica.<\/i><\/span><\/span><span style=\"font-family: Times New Roman,serif\"><span style=\"font-size: medium\"> S\u00e3o Paulo: Contexto, 2014.<\/span><\/span><\/p>\n<\/td>\n<\/tr>\n<tr>\n<td>\n<p class=\"western\" align=\"JUSTIFY\"><span style=\"font-family: Times New Roman,serif\"><span style=\"font-size: medium\">BORTONI-RICARDO, S. M. <\/span><\/span><span style=\"font-family: Times New Roman,serif\"><span style=\"font-size: medium\"><i>Por que a escola n\u00e3o ensina gram\u00e1tica assim? <\/i><\/span><\/span><span style=\"font-family: Times New Roman,serif\"><span style=\"font-size: medium\">S\u00e3o Paulo: Par\u00e1bola, 2014.<\/span><\/span><\/p>\n<\/td>\n<\/tr>\n<tr>\n<td>\n<p class=\"western\" align=\"JUSTIFY\"><span style=\"font-family: Times New Roman,serif\"><span style=\"font-size: medium\">CALVET, L. J. <\/span><\/span><span style=\"font-family: Times New Roman,serif\"><span style=\"font-size: medium\"><i>Sociolingu\u00edstica:<\/i><\/span><\/span><span style=\"font-family: Times New Roman,serif\"><span style=\"font-size: medium\"> uma introdu\u00e7\u00e3o cr\u00edtica. S\u00e3o Paulo: Par\u00e1bola, 2009.<\/span><\/span><\/p>\n<\/td>\n<\/tr>\n<tr>\n<td>\n<p class=\"western\" align=\"JUSTIFY\"><span style=\"font-family: Times New Roman,serif\"><span style=\"font-size: medium\">CASTILHO,<\/span><\/span> <span style=\"font-family: Times New Roman,serif\"><span style=\"font-size: medium\">A.<\/span><\/span> <span style=\"font-family: Times New Roman,serif\"><span style=\"font-size: medium\">de.<\/span><\/span> <span style=\"font-family: Times New Roman,serif\"><span style=\"font-size: medium\"><i>A<\/i><\/span><\/span><i> <\/i><span style=\"font-family: Times New Roman,serif\"><span style=\"font-size: medium\"><i>l\u00edngua<\/i><\/span><\/span><i> <\/i><span style=\"font-family: Times New Roman,serif\"><span style=\"font-size: medium\"><i>falada<\/i><\/span><\/span><i> <\/i><span style=\"font-family: Times New Roman,serif\"><span style=\"font-size: medium\"><i>no<\/i><\/span><\/span><i> <\/i><span style=\"font-family: Times New Roman,serif\"><span style=\"font-size: medium\"><i>ensino<\/i><\/span><\/span><i> <\/i><span style=\"font-family: Times New Roman,serif\"><span style=\"font-size: medium\"><i>de<\/i><\/span><\/span><i> <\/i><span style=\"font-family: Times New Roman,serif\"><span style=\"font-size: medium\"><i>portugu\u00eas.<\/i><\/span><\/span> <span style=\"font-family: Times New Roman,serif\"><span style=\"font-size: medium\">S\u00e3o<\/span><\/span> <span style=\"font-family: Times New Roman,serif\"><span style=\"font-size: medium\">Paulo:<\/span><\/span> <span style=\"font-family: Times New Roman,serif\"><span style=\"font-size: medium\">Contexto,<\/span><\/span> <span style=\"font-family: Times New Roman,serif\"><span style=\"font-size: medium\">2014.<\/span><\/span><\/p>\n<\/td>\n<\/tr>\n<tr>\n<td>\n<p class=\"western\" align=\"JUSTIFY\"><span style=\"font-family: Times New Roman,serif\"><span style=\"font-size: medium\">ELIAS,<\/span><\/span> <span style=\"font-family: Times New Roman,serif\"><span style=\"font-size: medium\">V.<\/span><\/span> <span style=\"font-family: Times New Roman,serif\"><span style=\"font-size: medium\">M.<\/span><\/span> <span style=\"font-family: Times New Roman,serif\"><span style=\"font-size: medium\">(org.).<\/span><\/span> <span style=\"font-family: Times New Roman,serif\"><span style=\"font-size: medium\"><i>Ensino<\/i><\/span><\/span><i> <\/i><span style=\"font-family: Times New Roman,serif\"><span style=\"font-size: medium\"><i>de<\/i><\/span><\/span><i> <\/i><span style=\"font-family: Times New Roman,serif\"><span style=\"font-size: medium\"><i>l\u00edngua<\/i><\/span><\/span><i> <\/i><span style=\"font-family: Times New Roman,serif\"><span style=\"font-size: medium\"><i>portuguesa.<\/i><\/span><\/span><i> <\/i><span style=\"font-family: Times New Roman,serif\"><span style=\"font-size: medium\">S\u00e3o<\/span><\/span> <span style=\"font-family: Times New Roman,serif\"><span style=\"font-size: medium\">Paulo:<\/span><\/span> <span style=\"font-family: Times New Roman,serif\"><span style=\"font-size: medium\">Contexto,<\/span><\/span> <span style=\"font-family: Times New Roman,serif\"><span style=\"font-size: medium\">2013.<\/span><\/span><\/p>\n<\/td>\n<\/tr>\n<tr>\n<td>\n<p class=\"western\" align=\"JUSTIFY\"><span style=\"font-family: Times New Roman,serif\"><span style=\"font-size: medium\">GORSKI, E.; COELHO, I. (orgs.). <\/span><\/span><span style=\"font-family: Times New Roman,serif\"><span style=\"font-size: medium\"><i>Para conhecer sociolingu\u00edstica.<\/i><\/span><\/span><span style=\"font-family: Times New Roman,serif\"><span style=\"font-size: medium\"> S\u00e3o Paulo: Contexto, 2015.<\/span><\/span><\/p>\n<\/td>\n<\/tr>\n<tr>\n<td>\n<p class=\"western\" align=\"JUSTIFY\"><span style=\"font-family: Times New Roman,serif\"><span style=\"font-size: medium\">GUY,<\/span><\/span> <span style=\"font-family: Times New Roman,serif\"><span style=\"font-size: medium\">G.<\/span><\/span> <span style=\"font-family: Times New Roman,serif\"><span style=\"font-size: medium\">e<\/span><\/span> <span style=\"font-family: Times New Roman,serif\"><span style=\"font-size: medium\">ZILLES,<\/span><\/span> <span style=\"font-family: Times New Roman,serif\"><span style=\"font-size: medium\">A.<\/span><\/span> <span style=\"font-family: Times New Roman,serif\"><span style=\"font-size: medium\"><i>Sociolingu\u00edstica<\/i><\/span><\/span><i> <\/i><span style=\"font-family: Times New Roman,serif\"><span style=\"font-size: medium\"><i>quantitativa.<\/i><\/span><\/span> <span style=\"font-family: Times New Roman,serif\"><span style=\"font-size: medium\">S\u00e3o<\/span><\/span> <span style=\"font-family: Times New Roman,serif\"><span style=\"font-size: medium\">Paulo:<\/span><\/span> <span style=\"font-family: Times New Roman,serif\"><span style=\"font-size: medium\">Par\u00e1bola,<\/span><\/span> <span style=\"font-family: Times New Roman,serif\"><span style=\"font-size: medium\">2007.<\/span><\/span><\/p>\n<\/td>\n<\/tr>\n<tr>\n<td>\n<p class=\"western\" align=\"JUSTIFY\"><span style=\"font-family: Times New Roman,serif\"><span style=\"font-size: medium\">ILARI, R. ; BASSO, R. <\/span><\/span><span style=\"font-family: Times New Roman,serif\"><span style=\"font-size: medium\"><i>O portugu\u00eas da gente<\/i><\/span><\/span><span style=\"font-family: Times New Roman,serif\"><span style=\"font-size: medium\">: a l\u00edngua que estudamos, a l\u00edngua que falamos. S\u00e3o Paulo: Contexto, 2012.<\/span><\/span><\/p>\n<\/td>\n<\/tr>\n<tr>\n<td>\n<p class=\"western\" align=\"JUSTIFY\"><span style=\"font-family: Times New Roman,serif\"><span style=\"font-size: medium\">KENT, R. D. <\/span><\/span><span style=\"color: #000000\"><span style=\"font-family: Times New Roman,serif\"><span style=\"font-size: medium\"><i>An\u00e1lise ac\u00fastica da fala.<\/i><\/span><\/span><\/span><span style=\"color: #000000\"><span style=\"font-family: Times New Roman,serif\"><span style=\"font-size: medium\"> S\u00e3o Paulo: Cortez, 2015.<\/span><\/span><\/span><\/p>\n<\/td>\n<\/tr>\n<tr>\n<td>\n<p class=\"western\" align=\"JUSTIFY\"><span style=\"font-family: Times New Roman,serif\"><span style=\"font-size: medium\">LABOV, W. <\/span><\/span><span style=\"font-family: Times New Roman,serif\"><span style=\"font-size: medium\"><i>Padr\u00f5es sociolingu\u00edsticos.<\/i><\/span><\/span><span style=\"font-family: Times New Roman,serif\"><span style=\"font-size: medium\"> S\u00e3o Paulo: Par\u00e1bola, 2008.<\/span><\/span><\/p>\n<\/td>\n<\/tr>\n<tr>\n<td>\n<p class=\"western\" align=\"JUSTIFY\"><span style=\"font-family: Times New Roman,serif\"><span style=\"font-size: medium\">LAGARES,<\/span><\/span> <span style=\"font-family: Times New Roman,serif\"><span style=\"font-size: medium\">X.; BAGNO,<\/span><\/span> <span style=\"font-family: Times New Roman,serif\"><span style=\"font-size: medium\">M.<\/span><\/span> <span style=\"font-family: Times New Roman,serif\"><span style=\"font-size: medium\"><i>Pol\u00edticas<\/i><\/span><\/span><i> <\/i><span style=\"font-family: Times New Roman,serif\"><span style=\"font-size: medium\"><i>da<\/i><\/span><\/span><i> <\/i><span style=\"font-family: Times New Roman,serif\"><span style=\"font-size: medium\"><i>norma<\/i><\/span><\/span><i> <\/i><span style=\"font-family: Times New Roman,serif\"><span style=\"font-size: medium\"><i>e<\/i><\/span><\/span><i> <\/i><span style=\"font-family: Times New Roman,serif\"><span style=\"font-size: medium\"><i>conflitos<\/i><\/span><\/span><i> <\/i><span style=\"font-family: Times New Roman,serif\"><span style=\"font-size: medium\"><i>lingu\u00edsticos.<\/i><\/span><\/span> <span style=\"font-family: Times New Roman,serif\"><span style=\"font-size: medium\">S\u00e3o<\/span><\/span> <span style=\"font-family: Times New Roman,serif\"><span style=\"font-size: medium\">Paulo:<\/span><\/span> <span style=\"font-family: Times New Roman,serif\"><span style=\"font-size: medium\">Par\u00e1bola,<\/span><\/span> <span style=\"font-family: Times New Roman,serif\"><span style=\"font-size: medium\">2011.<\/span><\/span><\/p>\n<\/td>\n<\/tr>\n<tr>\n<td>\n<p class=\"western\" align=\"JUSTIFY\"><span style=\"font-family: Times New Roman,serif\"><span style=\"font-size: medium\">MARTINS, M. A.: VIEIRA, S. R.: TAVARES, M. A. (orgs.). <\/span><\/span><span style=\"font-family: Times New Roman,serif\"><span style=\"font-size: medium\"><i>Ensino de portugu\u00eas e sociolingu\u00edstica. <\/i><\/span><\/span><span style=\"font-family: Times New Roman,serif\"><span style=\"font-size: medium\">S\u00e3o Paulo: Contexto, 2014.<\/span><\/span><\/p>\n<\/td>\n<\/tr>\n<tr>\n<td>\n<p class=\"western\" align=\"JUSTIFY\"><span style=\"font-family: Times New Roman,serif\"><span style=\"font-size: medium\">MOLLICA, M. C.; BRAGA, M. L. <\/span><\/span><span style=\"font-family: Times New Roman,serif\"><span style=\"font-size: medium\"><i>Introdu\u00e7\u00e3o \u00e0 Sociolingu\u00edstica:<\/i><\/span><\/span><span style=\"font-family: Times New Roman,serif\"><span style=\"font-size: medium\"> o tratamento da varia\u00e7\u00e3o. S\u00e3o Paulo: Contexto, 2013.<\/span><\/span><\/p>\n<\/td>\n<\/tr>\n<tr>\n<td>\n<p class=\"western\" align=\"JUSTIFY\"><span style=\"font-family: Times New Roman,serif\"><span style=\"font-size: medium\">NARO,<\/span><\/span> <span style=\"font-family: Times New Roman,serif\"><span style=\"font-size: medium\">A.<\/span><\/span> <span style=\"font-family: Times New Roman,serif\"><span style=\"font-size: medium\">J.<\/span><\/span> <span style=\"font-family: Times New Roman,serif\"><span style=\"font-size: medium\">;<\/span><\/span> <span style=\"font-family: Times New Roman,serif\"><span style=\"font-size: medium\">SCHERRE,<\/span><\/span> <span style=\"font-family: Times New Roman,serif\"><span style=\"font-size: medium\">M.<\/span><\/span> <span style=\"font-family: Times New Roman,serif\"><span style=\"font-size: medium\"><i>Origens<\/i><\/span><\/span><i> <\/i><span style=\"font-family: Times New Roman,serif\"><span style=\"font-size: medium\"><i>do<\/i><\/span><\/span><i> <\/i><span style=\"font-family: Times New Roman,serif\"><span style=\"font-size: medium\"><i>portugu\u00eas<\/i><\/span><\/span><i> <\/i><span style=\"font-family: Times New Roman,serif\"><span style=\"font-size: medium\"><i>brasileiro.<\/i><\/span><\/span> <span style=\"font-family: Times New Roman,serif\"><span style=\"font-size: medium\">S\u00e3o<\/span><\/span> <span style=\"font-family: Times New Roman,serif\"><span style=\"font-size: medium\">Paulo:<\/span><\/span> <span style=\"font-family: Times New Roman,serif\"><span style=\"font-size: medium\">Par\u00e1bola,<\/span><\/span> <span style=\"font-family: Times New Roman,serif\"><span style=\"font-size: medium\">2009.<\/span><\/span><\/p>\n<\/td>\n<\/tr>\n<tr>\n<td>\n<p class=\"western\" align=\"JUSTIFY\"><span style=\"font-family: Times New Roman,serif\"><span style=\"font-size: medium\">SILVA, R. P. <\/span><\/span><span style=\"font-family: Times New Roman,serif\"><span style=\"font-size: medium\"><i>A Sociolingu\u00edstica e a l\u00edngua materna.<\/i><\/span><\/span><span style=\"font-family: Times New Roman,serif\"><span style=\"font-size: medium\"> Curitiba: IBEPEX, 2013.<\/span><\/span><\/p>\n<\/td>\n<\/tr>\n<tr>\n<td>\n<p class=\"western\" align=\"JUSTIFY\"><span style=\"font-family: Times New Roman,serif\"><span style=\"font-size: medium\">VIEIRA, S. R.; BRAND\u00c3O, S. F. <\/span><\/span><span style=\"font-family: Times New Roman,serif\"><span style=\"font-size: medium\"><i>Ensino de gram\u00e1tica:<\/i><\/span><\/span><span style=\"font-family: Times New Roman,serif\"><span style=\"font-size: medium\"> descri\u00e7\u00e3o e uso. S\u00e3o Paulo: Contexto, 2014.<\/span><\/span><\/p>\n<\/td>\n<\/tr>\n<tr>\n<td>\n<p class=\"western\" align=\"JUSTIFY\"><span style=\"color: #222222\"><span style=\"font-family: Times New Roman,serif\"><span style=\"font-size: medium\">VOTRE, S. e RONCARATI, C. (orgs.).\u00a0<\/span><\/span><\/span><span style=\"color: #222222\"><span style=\"font-family: Times New Roman,serif\"><span style=\"font-size: medium\"><i>Anthony Julius Naro e a Lingu\u00edstica no Brasil<\/i><\/span><\/span><\/span><span style=\"color: #222222\"><span style=\"font-family: Times New Roman,serif\"><span style=\"font-size: medium\"><i>. <\/i><\/span><\/span><\/span><span style=\"color: #222222\"><span style=\"font-family: Times New Roman,serif\"><span style=\"font-size: medium\">Rio de Janeiro: 7 Letras, 2008.<\/span><\/span><\/span><\/p>\n<\/td>\n<\/tr>\n<tr>\n<td>\n<p class=\"western\" align=\"JUSTIFY\"><span style=\"font-family: Times New Roman,serif\"><span style=\"font-size: medium\">WEINREICH, U.; HERZOG, M.; LABOV, W. <\/span><\/span><span style=\"font-family: Times New Roman,serif\"><span style=\"font-size: medium\"><i>Fundamentos emp\u00edricos para uma teoria da mudan\u00e7a lingu\u00edstica. <\/i><\/span><\/span><span style=\"font-family: Times New Roman,serif\"><span style=\"font-size: medium\">S\u00e3o Paulo: Par\u00e1bola, 2006.<\/span><\/span><\/p>\n<\/td>\n<\/tr>\n<tr>\n<td>\n<p class=\"western\" align=\"JUSTIFY\"><span style=\"font-family: Times New Roman,serif\"><span style=\"font-size: medium\">ZILLES, A. M. S.; FARACO, C. A. <\/span><\/span><span style=\"color: #000000\"><span style=\"font-family: Times New Roman,serif\"><span style=\"font-size: medium\"><i>Pedagogia da varia\u00e7\u00e3o lingu\u00edstica:<\/i><\/span><\/span><\/span><span style=\"color: #000000\"><span style=\"font-family: Times New Roman,serif\"><span style=\"font-size: medium\"> l\u00edngua, diversidade e ensino. S\u00e3o Paulo: Par\u00e1bola, 2015.<\/span><\/span><\/span><\/p>\n<\/td>\n<\/tr>\n<\/tbody>\n<\/table>\n","protected":false},"excerpt":{"rendered":"<p>DISSERTA\u00c7\u00d5ES &#8211; TURMA 2015 DOCENTE ORIENTADOR \u00c9len Ramos Dr\u00aa Lidia Stutz Disserta\u00e7\u00e3o Fernanda Priscila Carraro Dr\u00aa Loremi Loregian-Penkal Disserta\u00e7\u00e3o Juliana Schinemann Dr\u00aa Luciane Baretta Disserta\u00e7\u00e3o Monica Lopes Dr\u00aa Lidia Stutz Disserta\u00e7\u00e3o Tatiane da Luz Walczak Dr\u00aa Loremi Loregian-Penkal Coorientadora: Dr\u00aa Lucelene T. Franceschini Disserta\u00e7\u00e3o DISSERTA\u00c7\u00d5ES &#8211; TURMA 2014 DOCENTE \u00a0 \u00a0 \u00a0 \u00a0 \u00a0 \u00a0 [&hellip;]<\/p>\n","protected":false},"author":1,"featured_media":0,"parent":0,"menu_order":0,"comment_status":"open","ping_status":"open","template":"","meta":{"_exactmetrics_skip_tracking":false,"_exactmetrics_sitenote_active":false,"_exactmetrics_sitenote_note":"","_exactmetrics_sitenote_category":0,"footnotes":"","_links_to":"","_links_to_target":""},"class_list":["post-24","page","type-page","status-publish","hentry"],"_links":{"self":[{"href":"https:\/\/www3.unicentro.br\/live\/wp-json\/wp\/v2\/pages\/24","targetHints":{"allow":["GET"]}}],"collection":[{"href":"https:\/\/www3.unicentro.br\/live\/wp-json\/wp\/v2\/pages"}],"about":[{"href":"https:\/\/www3.unicentro.br\/live\/wp-json\/wp\/v2\/types\/page"}],"author":[{"embeddable":true,"href":"https:\/\/www3.unicentro.br\/live\/wp-json\/wp\/v2\/users\/1"}],"replies":[{"embeddable":true,"href":"https:\/\/www3.unicentro.br\/live\/wp-json\/wp\/v2\/comments?post=24"}],"version-history":[{"count":0,"href":"https:\/\/www3.unicentro.br\/live\/wp-json\/wp\/v2\/pages\/24\/revisions"}],"wp:attachment":[{"href":"https:\/\/www3.unicentro.br\/live\/wp-json\/wp\/v2\/media?parent=24"}],"curies":[{"name":"wp","href":"https:\/\/api.w.org\/{rel}","templated":true}]}}