{"id":22,"date":"2023-05-03T00:00:00","date_gmt":"2023-05-03T03:00:00","guid":{"rendered":"https:\/\/www3.unicentro.br\/live\/?page_id=22"},"modified":"2023-05-05T05:12:07","modified_gmt":"2023-05-05T08:12:07","slug":"grupos-de-pesquisa","status":"publish","type":"page","link":"https:\/\/www3.unicentro.br\/live\/grupos-de-pesquisa\/","title":{"rendered":"Grupos de Pesquisa"},"content":{"rendered":"<p style=\"text-align: left\"><span style=\"font-size: 12pt\"><strong>\u00a0<span style=\"color: #ff9900\"> \u00a0LINHA DE PESQUISA: LINGUAGENS, LEITURA E INTERPRETA\u00c7\u00c3O<\/span><\/strong><\/span><\/p>\n<table class=\" alignleft\" style=\"height: 151px\" width=\"692\">\n<tbody>\n<tr>\n<td><span style=\"color: #ff9900\"><strong>GRUPO<\/strong><\/span><\/td>\n<td style=\"text-align: center\"><span style=\"color: #ff9900\"><strong>COORDENADOR(A)<\/strong><\/span><\/td>\n<td style=\"text-align: center\"><span style=\"color: #ff9900\"><strong>LINK PARA O GRUPO<\/strong><\/span><\/td>\n<\/tr>\n<tr>\n<td>G\u00eaneros Textuais e Pr\u00e1xis Docente<\/td>\n<td style=\"text-align: center\">\u00a0Lidia Stutz<\/td>\n<td style=\"text-align: center\">\u00a0<a href=\"http:\/\/www2.unicentro.br\/gpgenerostextuais\/\">[Link para o grupo]<\/a><\/td>\n<\/tr>\n<tr>\n<td><\/td>\n<td><\/td>\n<td><\/td>\n<\/tr>\n<tr>\n<td><\/td>\n<td><\/td>\n<td><\/td>\n<\/tr>\n<\/tbody>\n<\/table>\n<p>&nbsp;<\/p>\n<p>&nbsp;<\/p>\n<p>&nbsp;<\/p>\n<p>&nbsp;<\/p>\n<p>&nbsp;<\/p>\n<p><span style=\"color: #ff9900\"><strong>LINHA DE PESQUISA: TEXTO MEM\u00d3RIA E CULTURA<\/strong><\/span><\/p>\n<table style=\"height: 131px\" width=\"693\">\n<tbody>\n<tr>\n<td style=\"text-align: left\"><span style=\"color: #ff9900\"><strong>GRUPO<\/strong><\/span><\/td>\n<td style=\"text-align: center\"><span style=\"color: #ff9900\"><strong>COORDENADOR(A)<\/strong><\/span><\/td>\n<td style=\"text-align: center\"><span style=\"color: #ff9900\"><strong>LINK PARA O GRUPO<\/strong><\/span><\/td>\n<\/tr>\n<tr>\n<td>Pesquisa em Estudos Eslavos<\/td>\n<td style=\"text-align: center\">Loremi Loregian-Penkal<\/td>\n<td style=\"text-align: center\"><a href=\"http:\/\/dgp.cnpq.br\/dgp\/espelhogrupo\/4186760305843197\">[Link para o Grupo]<\/a><\/td>\n<\/tr>\n<tr>\n<td><\/td>\n<td><\/td>\n<td><\/td>\n<\/tr>\n<tr>\n<td><\/td>\n<td><\/td>\n<td><\/td>\n<\/tr>\n<\/tbody>\n<\/table>\n","protected":false},"excerpt":{"rendered":"<p>\u00a0 \u00a0LINHA DE PESQUISA: LINGUAGENS, LEITURA E INTERPRETA\u00c7\u00c3O GRUPO COORDENADOR(A) LINK PARA O GRUPO G\u00eaneros Textuais e Pr\u00e1xis Docente \u00a0Lidia Stutz \u00a0[Link para o grupo] &nbsp; &nbsp; &nbsp; &nbsp; &nbsp; LINHA DE PESQUISA: TEXTO MEM\u00d3RIA E CULTURA GRUPO COORDENADOR(A) LINK PARA O GRUPO Pesquisa em Estudos Eslavos Loremi Loregian-Penkal [Link para o Grupo]<\/p>\n","protected":false},"author":1,"featured_media":0,"parent":0,"menu_order":0,"comment_status":"open","ping_status":"open","template":"","meta":{"_exactmetrics_skip_tracking":false,"_exactmetrics_sitenote_active":false,"_exactmetrics_sitenote_note":"","_exactmetrics_sitenote_category":0,"footnotes":"","_links_to":"","_links_to_target":""},"class_list":["post-22","page","type-page","status-publish","hentry"],"_links":{"self":[{"href":"https:\/\/www3.unicentro.br\/live\/wp-json\/wp\/v2\/pages\/22","targetHints":{"allow":["GET"]}}],"collection":[{"href":"https:\/\/www3.unicentro.br\/live\/wp-json\/wp\/v2\/pages"}],"about":[{"href":"https:\/\/www3.unicentro.br\/live\/wp-json\/wp\/v2\/types\/page"}],"author":[{"embeddable":true,"href":"https:\/\/www3.unicentro.br\/live\/wp-json\/wp\/v2\/users\/1"}],"replies":[{"embeddable":true,"href":"https:\/\/www3.unicentro.br\/live\/wp-json\/wp\/v2\/comments?post=22"}],"version-history":[{"count":0,"href":"https:\/\/www3.unicentro.br\/live\/wp-json\/wp\/v2\/pages\/22\/revisions"}],"wp:attachment":[{"href":"https:\/\/www3.unicentro.br\/live\/wp-json\/wp\/v2\/media?parent=22"}],"curies":[{"name":"wp","href":"https:\/\/api.w.org\/{rel}","templated":true}]}}