{"id":20,"date":"2017-05-23T14:38:13","date_gmt":"2017-05-23T17:38:13","guid":{"rendered":"https:\/\/www3.unicentro.br\/live\/?page_id=20"},"modified":"2023-05-05T05:11:48","modified_gmt":"2023-05-05T08:11:48","slug":"pesquisadores","status":"publish","type":"page","link":"https:\/\/www3.unicentro.br\/live\/pesquisadores\/","title":{"rendered":"Pesquisadores"},"content":{"rendered":"<blockquote><p>&nbsp;<\/p>\n<table style=\"height: 524px\" width=\"740\">\n<tbody>\n<tr>\n<td>&nbsp;<\/p>\n<p>&nbsp;<\/p>\n<p>&nbsp;<\/p>\n<p><span style=\"font-size: 8pt\">\u00a0 \u00a0 \u00a0 \u00a0 \u00a0 \u00a0 \u00a0\u00a0<\/span><\/td>\n<td>\n<p style=\"text-align: justify\"><span style=\"font-size: 8pt\"><strong><span style=\"text-decoration: underline;font-size: 10pt\"><span style=\"color: #800000;text-decoration: underline\">LIDIA STUTZ<\/span><\/span><br \/>\n<\/strong><\/span><span style=\"font-size: 8pt\"><span style=\"color: #000000\">Possui gradua\u00e7\u00e3o em Letras Portugu\u00eas Ingl\u00eas pela Universidade Estadual do Centro-Oeste (1993), mestrado em Letras (Ingl\u00eas e Literatura Correspondente) pela Universidade Federal de Santa Catarina (2005), doutorado em Estudos da Linguagem pela Universidade Estadual de Londrina (2012) com est\u00e1gio doutoral realizado na Universidade de Genebra (Bolsa CAPES- DS &#8211; 2010) e p\u00f3s-doutorado em Estudos da Linguagem pela Universidade Estadual de Londrina (2017). Professora Adjunta C do Departamento de Letras e do Mestrado em Letras na Universidade Estadual do Centro-Oeste, coordenadora do grupo de pesquisa G\u00eaneros Textuais e Pr\u00e1xis Docente &#8211; UNICENTRO e integrante do grupo de pesquisa Linguagem e Educa\u00e7\u00e3o da UEL. Coordenadora do Subprojeto PIBID Letras Ingl\u00eas de agosto 2012 &#8211; 2016 e de agosto de 2017 at\u00e9 o presente momento. Coordenadora do Programa de P\u00f3s-Gradua\u00e7\u00e3o Stricto Sensu em Letras desde agosto de 2017. A professora atua no Est\u00e1gio Supervisionado em L\u00edngua Inglesa e tem experi\u00eancia na \u00e1rea de Lingu\u00edstica Aplicada \u00e0 L\u00edngua Inglesa, com \u00eanfase nos seguintes temas: ensino de L\u00ednguas, interacionismo sociodiscursivo, g\u00eaneros textuais, saberes docentes, reflexividade e gestos did\u00e1ticos.<\/span><br \/>\n<\/span><span style=\"font-size: 8pt\"><a href=\"http:\/\/lattes.cnpq.br\/6745029247817385\"><span style=\"color: #0000ff\">[Curr\u00edculo Lattes]<\/span><br \/>\n<\/a><\/span><span style=\"font-size: 8pt\"><span style=\"color: #000000\">Programa de P\u00f3s-Gradua\u00e7\u00e3o <em>Stricto Sensu<\/em> em Letras \u2013 PPGL<\/span> <a href=\"http:\/\/www2.unicentro.br\/ppgl\/?doing_wp_cron=1502888682.0743379592895507812500\"><span style=\"color: #0000ff\">[Link para o site do PPGL]<\/span><br \/>\n<\/a><span style=\"color: #000000\">(42) 3621-1043<a href=\"http:\/\/www2.unicentro.br\/ppgl\/?doing_wp_cron=1502888682.0743379592895507812500\"><br \/>\n<\/a>E-mail: mestrauni@gmail.com<\/span><\/span><\/p>\n<\/td>\n<\/tr>\n<tr>\n<td><\/td>\n<td style=\"text-align: justify\"><span style=\"text-decoration: underline;font-size: 10pt\"><span style=\"color: #800000;text-decoration: underline\">\u00a0<strong>LOREMI LOREGIAN-PENKAL<\/strong><\/span><\/span><br \/>\n<span style=\"font-size: 8pt;color: #000000\">Possui gradua\u00e7\u00e3o em Letras Portugu\u00eas e Italiano pela Universidade Federal de Santa Catarina &#8211; UFSC (1993); mestrado em Lingu\u00edstica pela UFSC (1996); doutorado em Lingu\u00edstica pela Universidade Federal do Paran\u00e1 &#8211; UFPR (2004), e p\u00f3s-doutorado pela UFPR\/CNPq (2012). Atualmente \u00e9 professora Associada C na Universidade Estadual do Centro-Oeste do Paran\u00e1, UNICENTRO, campus de Irati. Nessa universidade, atua na gradua\u00e7\u00e3o em Letras\/ Fonoaudiologia e tamb\u00e9m \u00e9 docente permanente do Mestrado em Letras. Tem experi\u00eancia na \u00e1rea de Lingu\u00edstica, com \u00eanfase em Sociolingu\u00edstica, atuando principalmente nos seguintes temas: varia\u00e7\u00e3o e mudan\u00e7a lingu\u00edstica, sistema pronominal, tempo verbal, ensino\/aprendizagem de l\u00edngua portuguesa e l\u00edngua\/cultura eslava. Foi bolsista de Inicia\u00e7\u00e3o Cient\u00edfica do CNPq, atuando no Projeto VARSUL\/UFSC de 1989 a 1995; bolsista da CAPES (mestrado) e bolsista de P\u00f3s-doc S\u00eanior do CNPq (2011-2012). \u00c9 l\u00edder dos grupos de pesquisa &amp;quot;L\u00edngua, Hist\u00f3ria e Literatura Ucraniana&amp;quot; e &amp;quot;Varia\u00e7\u00e3o Lingu\u00edstica de Fala Eslava, VARLINFE&amp;quot;, na Unicentro, al\u00e9m de integrar a equipe de pesquisadores do Projeto VARSUL\/UFPR.<\/span><br \/>\n<span style=\"font-size: 8pt;color: #0000ff\"><a href=\"http:\/\/lattes.cnpq.br\/1766652516268724\">[Curr\u00edculo Lattes]<\/a><\/span><\/td>\n<\/tr>\n<tr>\n<td><\/td>\n<td style=\"text-align: justify\"><span style=\"font-size: 10pt;color: #800000\">\u00a0<\/span><span style=\"font-size: 8pt\"><strong><span style=\"text-decoration: underline;font-size: 10pt\"><span style=\"color: #800000;text-decoration: underline\">LUCIANE BARETTA<\/span><\/span><br \/>\n<\/strong><span style=\"color: #000000\">Possui gradua\u00e7\u00e3o em Letras Portugu\u00eas-Ingl\u00eas pela Universidade Federal de Santa Catarina (1994), mestrado (1998) e doutorado (2008) em lingu\u00edstica aplicada, em Ingl\u00eas e Literatura Correspondente, pela Universidade Federal de Santa Catarina. Fez doutorado sandu\u00edche no Center of Cognitive Neuoscience, na University of Auckland. Iniciou suas atividades como docente no curso superior em 1998, atuando, principalmente, no curso de Letras, com o ensino de l\u00edngua inglesa. Foi coordenadora e supervisora de est\u00e1gio em L\u00edngua Inglesa. Foi coordenadora do Curso de Metodologia do Ensino de L\u00edngua Inglesa. Atualmente, atua como professora adjunto do curso de Letras-Ingl\u00eas na UNICENTRO &#8211; Universidade Estadual do Centro-Oeste, em Guarapuava, PR. Desde 2013, \u00e9 professora do Programa de P\u00f3s-Gradua\u00e7\u00e3o em Letras. Coordenadora institucional do Ingl\u00eas Sem Fronteiras. Suas principais \u00e1reas de interesse s\u00e3o: ensino-aprendizagem de ingl\u00eas como l\u00edngua estrangeira, habilidades de leitura em l\u00edngua materna e estrangeira, estrat\u00e9gias de aprendizagem e processamento em leitura.<\/span><br \/>\n<span style=\"color: #0000ff\"><a href=\"http:\/\/lattes.cnpq.br\/6952747443477278\">[Curr\u00edculo Lattes]<\/a>\u00a0<\/span><\/span><\/td>\n<\/tr>\n<tr>\n<td><\/td>\n<td style=\"text-align: justify\"><span style=\"font-size: 8pt\"><strong><span style=\"text-decoration: underline;font-size: 10pt\">\u00a0<span style=\"color: #800000;text-decoration: underline\">LUCELENE TERESINHA FRANCESCHINI<\/span><\/span><br \/>\n<\/strong><\/span><span style=\"font-size: 8pt;line-height: inherit;font-family: inherit;color: #000000\">Possui gradua\u00e7\u00e3o em Letras &#8211; L\u00edngua e Literatura Portuguesa pela Universidade de Bras\u00edlia (1991), gradua\u00e7\u00e3o em Sciences du Langage &#8211; Universit\u00e9 Paris V (1994), mestrado em Linguistique G\u00e9n\u00e9rale et Appliqu\u00e9e &#8211; Universit\u00e9 Paris V (1996) e doutorado em Estudos Lingu\u00edsticos &#8211; UFPR (2011). Tem experi\u00eancia na \u00e1rea de Lingu\u00edstica, com \u00eanfase em Sociolingu\u00edstica e Dialetologia. Atualmente \u00e9 p\u00f3s-doutoranda (PNPD\/CAPES) na Universidade Estadual do Centro-Oeste, UNICENTRO.<\/span><a style=\"font-size: 8pt;line-height: inherit;font-family: inherit\" href=\"http:\/\/lattes.cnpq.br\/3764579218081986\"><br \/>\n<span style=\"color: #0000ff\">[Curr\u00edculo Lattes]<\/span><\/a><\/td>\n<\/tr>\n<\/tbody>\n<\/table>\n<p>&nbsp;<\/p>\n<div style=\"width: 1000px;overflow: hidden\"><\/div>\n<\/blockquote>\n","protected":false},"excerpt":{"rendered":"<p>&nbsp; &nbsp; &nbsp; &nbsp; \u00a0 \u00a0 \u00a0 \u00a0 \u00a0 \u00a0 \u00a0\u00a0 LIDIA STUTZ Possui gradua\u00e7\u00e3o em Letras Portugu\u00eas Ingl\u00eas pela Universidade Estadual do Centro-Oeste (1993), mestrado em Letras (Ingl\u00eas e Literatura Correspondente) pela Universidade Federal de Santa Catarina (2005), doutorado em Estudos da Linguagem pela Universidade Estadual de Londrina (2012) com est\u00e1gio doutoral realizado na [&hellip;]<\/p>\n","protected":false},"author":1,"featured_media":0,"parent":0,"menu_order":0,"comment_status":"open","ping_status":"open","template":"","meta":{"_exactmetrics_skip_tracking":false,"_exactmetrics_sitenote_active":false,"_exactmetrics_sitenote_note":"","_exactmetrics_sitenote_category":0,"footnotes":"","_links_to":"","_links_to_target":""},"class_list":["post-20","page","type-page","status-publish","hentry"],"_links":{"self":[{"href":"https:\/\/www3.unicentro.br\/live\/wp-json\/wp\/v2\/pages\/20","targetHints":{"allow":["GET"]}}],"collection":[{"href":"https:\/\/www3.unicentro.br\/live\/wp-json\/wp\/v2\/pages"}],"about":[{"href":"https:\/\/www3.unicentro.br\/live\/wp-json\/wp\/v2\/types\/page"}],"author":[{"embeddable":true,"href":"https:\/\/www3.unicentro.br\/live\/wp-json\/wp\/v2\/users\/1"}],"replies":[{"embeddable":true,"href":"https:\/\/www3.unicentro.br\/live\/wp-json\/wp\/v2\/comments?post=20"}],"version-history":[{"count":0,"href":"https:\/\/www3.unicentro.br\/live\/wp-json\/wp\/v2\/pages\/20\/revisions"}],"wp:attachment":[{"href":"https:\/\/www3.unicentro.br\/live\/wp-json\/wp\/v2\/media?parent=20"}],"curies":[{"name":"wp","href":"https:\/\/api.w.org\/{rel}","templated":true}]}}