{"id":18,"date":"2017-05-23T14:38:04","date_gmt":"2017-05-23T17:38:04","guid":{"rendered":"https:\/\/www3.unicentro.br\/live\/?page_id=18"},"modified":"2023-05-05T05:11:55","modified_gmt":"2023-05-05T08:11:55","slug":"apresentacao","status":"publish","type":"page","link":"https:\/\/www3.unicentro.br\/live\/apresentacao\/","title":{"rendered":"Apresenta\u00e7\u00e3o"},"content":{"rendered":"<p style=\"text-align: justify\"><img loading=\"lazy\" decoding=\"async\" class=\" wp-image-83 alignleft\" src=\"https:\/\/www3.unicentro.br\/live\/wp-content\/uploads\/sites\/24\/2017\/08\/Estante-exotica-300x217.jpg\" alt=\"\" width=\"299\" height=\"216\" srcset=\"https:\/\/www3.unicentro.br\/live\/wp-content\/uploads\/sites\/24\/2017\/08\/Estante-exotica-300x217.jpg 300w, https:\/\/www3.unicentro.br\/live\/wp-content\/uploads\/sites\/24\/2017\/08\/Estante-exotica-255x185.jpg 255w, https:\/\/www3.unicentro.br\/live\/wp-content\/uploads\/sites\/24\/2017\/08\/Estante-exotica.jpg 590w\" sizes=\"auto, (max-width: 299px) 100vw, 299px\" \/><em>O Laborat\u00f3rio de Linguagem, Varia\u00e7\u00e3o e Ensino \u2013 LIVE, \u00e9 um espa\u00e7o para estudos integrados entre as linhas de pesquisa Texto, mem\u00f3ria e cultura e Linguagens, leitura e interpreta\u00e7\u00e3o do Mestrado em Letras da Unicentro, visando ao fortalecimento das pesquisas de professores, mestrandos e de Inicia\u00e7\u00e3o Cient\u00edfica relacionadas a essas duas linhas e ofertar periodicamente Exames de Profici\u00eancia em L\u00ednguas (portuguesa e estrangeiras) \u00e0 comunidade em geral, sistematizar as pesquisas realizadas, agrupando e estruturando arquivos com estudos te\u00f3rico-pr\u00e1ticos, de cunho experimental, intervencionista e de forma\u00e7\u00e3o de banco de dados; promover eventos para discuss\u00f5es te\u00f3ricas e de divulga\u00e7\u00e3o de pesquisas dos docentes e alunos do Mestrado em Letras e dos cursos de Letras de Guarapuava e Irati; promover encontros de estudos entre docentes, mestrandos e acad\u00eamicos de Inicia\u00e7\u00e3o Cient\u00edfica, vinculados aos cursos de Letras de Guarapuava e Irati; construir um corpus de textos aut\u00eanticos para an\u00e1lise de textos com base nas opera\u00e7\u00f5es discursivas em g\u00eaneros textuais diversos.<\/em><\/p>\n","protected":false},"excerpt":{"rendered":"<p>O Laborat\u00f3rio de Linguagem, Varia\u00e7\u00e3o e Ensino \u2013 LIVE, \u00e9 um espa\u00e7o para estudos integrados entre as linhas de pesquisa Texto, mem\u00f3ria e cultura e Linguagens, leitura e interpreta\u00e7\u00e3o do Mestrado em Letras da Unicentro, visando ao fortalecimento das pesquisas de professores, mestrandos e de Inicia\u00e7\u00e3o Cient\u00edfica relacionadas a essas duas linhas e ofertar periodicamente [&hellip;]<\/p>\n","protected":false},"author":1,"featured_media":0,"parent":0,"menu_order":0,"comment_status":"open","ping_status":"open","template":"","meta":{"_exactmetrics_skip_tracking":false,"_exactmetrics_sitenote_active":false,"_exactmetrics_sitenote_note":"","_exactmetrics_sitenote_category":0,"footnotes":"","_links_to":"","_links_to_target":""},"class_list":["post-18","page","type-page","status-publish","hentry"],"_links":{"self":[{"href":"https:\/\/www3.unicentro.br\/live\/wp-json\/wp\/v2\/pages\/18","targetHints":{"allow":["GET"]}}],"collection":[{"href":"https:\/\/www3.unicentro.br\/live\/wp-json\/wp\/v2\/pages"}],"about":[{"href":"https:\/\/www3.unicentro.br\/live\/wp-json\/wp\/v2\/types\/page"}],"author":[{"embeddable":true,"href":"https:\/\/www3.unicentro.br\/live\/wp-json\/wp\/v2\/users\/1"}],"replies":[{"embeddable":true,"href":"https:\/\/www3.unicentro.br\/live\/wp-json\/wp\/v2\/comments?post=18"}],"version-history":[{"count":0,"href":"https:\/\/www3.unicentro.br\/live\/wp-json\/wp\/v2\/pages\/18\/revisions"}],"wp:attachment":[{"href":"https:\/\/www3.unicentro.br\/live\/wp-json\/wp\/v2\/media?parent=18"}],"curies":[{"name":"wp","href":"https:\/\/api.w.org\/{rel}","templated":true}]}}