{"id":16,"date":"2017-05-23T14:37:47","date_gmt":"2017-05-23T17:37:47","guid":{"rendered":"https:\/\/www3.unicentro.br\/live\/?page_id=16"},"modified":"2023-05-05T05:11:38","modified_gmt":"2023-05-05T08:11:38","slug":"inicio","status":"publish","type":"page","link":"https:\/\/www3.unicentro.br\/live\/","title":{"rendered":"In\u00edcio"},"content":{"rendered":"<div class=\"wpb-content-wrapper\"><p>[vc_row][vc_column][vc_column_text]<\/p>\n<p style=\"text-align: left\"><strong><span style=\"color: #ff0000\">\u00daLTIMOS DIAS PARA A INSCRI\u00c7\u00c3O NO EXAME DE PROFICI\u00caNCIA EM L\u00cdNGUAS ADICIONAIS! <\/span><\/strong><\/p>\n<p style=\"text-align: left\"><strong><span style=\"color: #ff0000\"><span style=\"color: #000000\">Maiores informa\u00e7\u00f5es acesse:\u00a0<\/span><\/span><\/strong><\/p>\n<p style=\"text-align: left\"><a href=\"http:\/\/www2.unicentro.br\/ppgl\/files\/2017\/09\/Editalprofici%C3%AAncia_2-2017.pdf?x13431\"><span style=\"color: #000000\">[EDITAL DO EXAME DE PROFICI\u00caNCIA]<\/span><\/a><\/p>\n<p><img loading=\"lazy\" decoding=\"async\" class=\"size-medium wp-image-105 aligncenter\" src=\"https:\/\/www3.unicentro.br\/live\/wp-content\/uploads\/sites\/24\/2017\/08\/Exame-de-Profici\u00eancia-2\u00b0-Semestre-300x300.jpg\" alt=\"\" width=\"300\" height=\"300\" srcset=\"https:\/\/www3.unicentro.br\/live\/wp-content\/uploads\/sites\/24\/2017\/08\/Exame-de-Profici\u00eancia-2\u00b0-Semestre-300x300.jpg 300w, https:\/\/www3.unicentro.br\/live\/wp-content\/uploads\/sites\/24\/2017\/08\/Exame-de-Profici\u00eancia-2\u00b0-Semestre-150x150.jpg 150w, https:\/\/www3.unicentro.br\/live\/wp-content\/uploads\/sites\/24\/2017\/08\/Exame-de-Profici\u00eancia-2\u00b0-Semestre-50x50.jpg 50w, https:\/\/www3.unicentro.br\/live\/wp-content\/uploads\/sites\/24\/2017\/08\/Exame-de-Profici\u00eancia-2\u00b0-Semestre-80x80.jpg 80w, https:\/\/www3.unicentro.br\/live\/wp-content\/uploads\/sites\/24\/2017\/08\/Exame-de-Profici\u00eancia-2\u00b0-Semestre-263x263.jpg 263w, https:\/\/www3.unicentro.br\/live\/wp-content\/uploads\/sites\/24\/2017\/08\/Exame-de-Profici\u00eancia-2\u00b0-Semestre-100x100.jpg 100w, https:\/\/www3.unicentro.br\/live\/wp-content\/uploads\/sites\/24\/2017\/08\/Exame-de-Profici\u00eancia-2\u00b0-Semestre-255x255.jpg 255w, https:\/\/www3.unicentro.br\/live\/wp-content\/uploads\/sites\/24\/2017\/08\/Exame-de-Profici\u00eancia-2\u00b0-Semestre.jpg 400w\" sizes=\"auto, (max-width: 300px) 100vw, 300px\" \/>[\/vc_column_text][\/vc_column][\/vc_row][vc_row][vc_column][vc_tta_tabs][vc_tta_section title=&#8221;Aba 1&#8243; tab_id=&#8221;1517503546068-24ef3987-b1a9&#8243;][\/vc_tta_section][vc_tta_section title=&#8221;Aba 2&#8243; tab_id=&#8221;1517503546112-a2f56b96-08fd&#8221;][\/vc_tta_section][\/vc_tta_tabs][\/vc_column][\/vc_row]<\/p>\n<\/div>","protected":false},"excerpt":{"rendered":"<p>[vc_row][vc_column][vc_column_text] \u00daLTIMOS DIAS PARA A INSCRI\u00c7\u00c3O NO EXAME DE PROFICI\u00caNCIA EM L\u00cdNGUAS ADICIONAIS! Maiores informa\u00e7\u00f5es acesse:\u00a0 [EDITAL DO EXAME DE PROFICI\u00caNCIA] [\/vc_column_text][\/vc_column][\/vc_row][vc_row][vc_column][vc_tta_tabs][vc_tta_section title=&#8221;Aba 1&#8243; tab_id=&#8221;1517503546068-24ef3987-b1a9&#8243;][\/vc_tta_section][vc_tta_section title=&#8221;Aba 2&#8243; tab_id=&#8221;1517503546112-a2f56b96-08fd&#8221;][\/vc_tta_section][\/vc_tta_tabs][\/vc_column][\/vc_row]<\/p>\n","protected":false},"author":1,"featured_media":0,"parent":0,"menu_order":0,"comment_status":"open","ping_status":"open","template":"","meta":{"_exactmetrics_skip_tracking":false,"_exactmetrics_sitenote_active":false,"_exactmetrics_sitenote_note":"","_exactmetrics_sitenote_category":0,"footnotes":"","_links_to":"","_links_to_target":""},"class_list":["post-16","page","type-page","status-publish","hentry"],"_links":{"self":[{"href":"https:\/\/www3.unicentro.br\/live\/wp-json\/wp\/v2\/pages\/16","targetHints":{"allow":["GET"]}}],"collection":[{"href":"https:\/\/www3.unicentro.br\/live\/wp-json\/wp\/v2\/pages"}],"about":[{"href":"https:\/\/www3.unicentro.br\/live\/wp-json\/wp\/v2\/types\/page"}],"author":[{"embeddable":true,"href":"https:\/\/www3.unicentro.br\/live\/wp-json\/wp\/v2\/users\/1"}],"replies":[{"embeddable":true,"href":"https:\/\/www3.unicentro.br\/live\/wp-json\/wp\/v2\/comments?post=16"}],"version-history":[{"count":0,"href":"https:\/\/www3.unicentro.br\/live\/wp-json\/wp\/v2\/pages\/16\/revisions"}],"wp:attachment":[{"href":"https:\/\/www3.unicentro.br\/live\/wp-json\/wp\/v2\/media?parent=16"}],"curies":[{"name":"wp","href":"https:\/\/api.w.org\/{rel}","templated":true}]}}