{"id":74,"date":"2024-04-17T13:34:57","date_gmt":"2024-04-17T16:34:57","guid":{"rendered":"https:\/\/www3.unicentro.br\/projetoblocoq\/?page_id=74"},"modified":"2024-07-24T13:32:29","modified_gmt":"2024-07-24T16:32:29","slug":"plano-de-tratamento-de-incidentes-com-dados-pessoais","status":"publish","type":"page","link":"https:\/\/www3.unicentro.br\/lgpd\/plano-de-tratamento-de-incidentes-com-dados-pessoais\/","title":{"rendered":"Plano de Tratamento de Incidentes com Dados Pessoais"},"content":{"rendered":"<p>O processo de tratamento de incidentes de seguran\u00e7a da informa\u00e7\u00e3o tem como objetivos principais:<\/p>\n<p style=\"padding-left: 40px\">a) a diminui\u00e7\u00e3o de danos causados por incidentes que n\u00e3o puderem ser evitados, bem como, a sua reincid\u00eancia.<\/p>\n<p style=\"padding-left: 40px\">b) a diminui\u00e7\u00e3o do n\u00famero total de incidentes de seguran\u00e7a, por meio da preven\u00e7\u00e3o dos eventos e elimina\u00e7\u00e3o de situa\u00e7\u00f5es que permitam a sua ocorr\u00eancia.<\/p>\n<p style=\"padding-left: 40px\">c) o estabelecimento de diretrizes para identifica\u00e7\u00e3o de incidentes que possam comprometer a confidencialidade, integridade e disponibilidade dos dados que estejam em tratamento.<\/p>\n<hr \/>\n<p>A comunica\u00e7\u00e3o de incidentes de seguran\u00e7a \u00e0 Unicentro deve ser realizada por qualquer pessoa que fez a identifica\u00e7\u00e3o do incidente, por meio do canal da Ouvidoria , no <a href=\"https:\/\/www3.unicentro.br\/ouvidoria\/\">Portal da Ouvidoria, Unicentro<\/a>.<\/p>\n<hr \/>\n<ul>\n<li><a href=\"https:\/\/www3.unicentro.br\/lgpd\/wp-content\/uploads\/sites\/46\/2024\/07\/Plano_de_Respostas_a_Incidentes_de_Seguran_a_com_Dados_Pessoais_2024_UNICENTRO_66a11516990d6.pdf\"><strong>Plano de Respostas a incidentes de Seguran\u00e7a aprovado pelo Comit\u00ea Gestor da LGPD<\/strong><\/a><\/li>\n<\/ul>\n","protected":false},"excerpt":{"rendered":"<p>O processo de tratamento de incidentes de seguran\u00e7a da informa\u00e7\u00e3o tem como objetivos principais: a) a diminui\u00e7\u00e3o de danos causados por incidentes que n\u00e3o puderem ser evitados, bem como, a sua reincid\u00eancia. b) a diminui\u00e7\u00e3o do n\u00famero total de incidentes de seguran\u00e7a, por meio da preven\u00e7\u00e3o dos eventos e elimina\u00e7\u00e3o de situa\u00e7\u00f5es que permitam a [&hellip;]<\/p>\n","protected":false},"author":6,"featured_media":0,"parent":0,"menu_order":0,"comment_status":"closed","ping_status":"closed","template":"","meta":{"_exactmetrics_skip_tracking":false,"_exactmetrics_sitenote_active":false,"_exactmetrics_sitenote_note":"","_exactmetrics_sitenote_category":0,"footnotes":"","_links_to":"","_links_to_target":""},"class_list":["post-74","page","type-page","status-publish","hentry"],"_links":{"self":[{"href":"https:\/\/www3.unicentro.br\/lgpd\/wp-json\/wp\/v2\/pages\/74","targetHints":{"allow":["GET"]}}],"collection":[{"href":"https:\/\/www3.unicentro.br\/lgpd\/wp-json\/wp\/v2\/pages"}],"about":[{"href":"https:\/\/www3.unicentro.br\/lgpd\/wp-json\/wp\/v2\/types\/page"}],"author":[{"embeddable":true,"href":"https:\/\/www3.unicentro.br\/lgpd\/wp-json\/wp\/v2\/users\/6"}],"replies":[{"embeddable":true,"href":"https:\/\/www3.unicentro.br\/lgpd\/wp-json\/wp\/v2\/comments?post=74"}],"version-history":[{"count":2,"href":"https:\/\/www3.unicentro.br\/lgpd\/wp-json\/wp\/v2\/pages\/74\/revisions"}],"predecessor-version":[{"id":191,"href":"https:\/\/www3.unicentro.br\/lgpd\/wp-json\/wp\/v2\/pages\/74\/revisions\/191"}],"wp:attachment":[{"href":"https:\/\/www3.unicentro.br\/lgpd\/wp-json\/wp\/v2\/media?parent=74"}],"curies":[{"name":"wp","href":"https:\/\/api.w.org\/{rel}","templated":true}]}}