{"id":71,"date":"2024-04-17T13:34:21","date_gmt":"2024-04-17T16:34:21","guid":{"rendered":"https:\/\/www3.unicentro.br\/projetoblocoq\/?page_id=71"},"modified":"2024-04-18T18:51:51","modified_gmt":"2024-04-18T21:51:51","slug":"legislacao-2","status":"publish","type":"page","link":"https:\/\/www3.unicentro.br\/lgpd\/legislacao-2\/","title":{"rendered":"Legisla\u00e7\u00e3o"},"content":{"rendered":"<table style=\"width: 100%;border-collapse: collapse;background-color: #043ac2\">\n<tbody>\n<tr>\n<td style=\"width: 100%\"><span style=\"color: #ffffff\"><strong>Legisla\u00e7\u00e3o Federal<\/strong><\/span><\/td>\n<\/tr>\n<\/tbody>\n<\/table>\n<p>&nbsp;<\/p>\n<ul>\n<li><a href=\"http:\/\/www.planalto.gov.br\/ccivil_03\/_ato2015-2018\/2018\/lei\/l13709.htm\"><strong>Lei Federal n\u00ba 13.709<\/strong><\/a>, de 14 de agosto de 2018 (DOU 15.08.2018) Lei Geral de Prote\u00e7\u00e3o de Dados (LGPD).<\/li>\n<li><a href=\"http:\/\/www.planalto.gov.br\/ccivil_03\/_Ato2019-2022\/2019\/Lei\/L13853.htm#art1\"><strong>Lei Federal n\u00ba 13.853<\/strong><\/a>, de 08 de julho de 2019 (DOU 20.12.2019) Altera a Lei n\u00ba 13.709, de 14 de agosto de 2018, para dispor sobre a prote\u00e7\u00e3o de dados pessoais e para criar a Autoridade Nacional de Prote\u00e7\u00e3o de Dados; e d\u00e1 outras provid\u00eancias.<\/li>\n<\/ul>\n<p>&nbsp;<\/p>\n<table style=\"width: 100%;border-collapse: collapse;background-color: #043ac2\">\n<tbody>\n<tr>\n<td style=\"width: 100%\"><span style=\"color: #ffffff\"><strong>Legisla\u00e7\u00e3o Estadual<\/strong><\/span><\/td>\n<\/tr>\n<\/tbody>\n<\/table>\n<p>&nbsp;<\/p>\n<p><strong>Decretos<\/strong><\/p>\n<ul>\n<li><a href=\"https:\/\/www.legislacao.pr.gov.br\/legislacao\/pesquisarAto.do?action=exibir&amp;codAto=254616&amp;codItemAto=1600172#1600172\"><strong>Decreto Estadual n\u00b0 9185<\/strong><\/a>, de 26 de outubro de 2021 Altera e acrescenta os dispositivos que especifica no Decreto n\u00ba 6.474, de 14 de dezembro de 2020, que regulamenta a aplica\u00e7\u00e3o da Lei Federal n\u00ba 13.709, de 14 de agosto de 2018 \u2013 Lei Geral de Prote\u00e7\u00e3o de Dados Pessoais (LGPD), no \u00e2mbito da Administra\u00e7\u00e3o P\u00fablica Estadual direta, aut\u00e1rquica e fundacional do Poder Executivo do Estado do Paran\u00e1.<\/li>\n<li><a href=\"https:\/\/www.legislacao.pr.gov.br\/legislacao\/pesquisarAto.do?action=exibir&amp;codAto=244066&amp;indice=1&amp;totalRegistros=7&amp;dt=10.4.2021.16.2.39.662\"><strong>Decreto Estadual n\u00ba 6.474<\/strong><\/a>, e 14 de dezembro de 2020 Regulamenta a aplica\u00e7\u00e3o da Lei Federal n\u00ba 13.709, de 14 de agosto de 2018 \u2013 Lei Geral de Prote\u00e7\u00e3o de Dados Pessoais (LGPD), no \u00e2mbito da Administra\u00e7\u00e3o P\u00fablica Estadual direta, aut\u00e1rquica e fundacional do Poder Executivo do Estado do Paran\u00e1.<\/li>\n<\/ul>\n<p>&nbsp;<\/p>\n<p><strong>Resolu\u00e7\u00f5es<\/strong><\/p>\n<ul>\n<li><a href=\"https:\/\/www.legislacao.pr.gov.br\/legislacao\/listarAtosAno.do?action=exibir&amp;codAto=245351&amp;indice=1&amp;totalRegistros=27&amp;anoSpan=2021&amp;anoSelecionado=2021&amp;mesSelecionado=0&amp;isPaginado=true\"><strong>Resolu\u00e7\u00e3o CGE n\u00ba 13<\/strong><\/a>, de 03 de mar\u00e7o de 2021 Disp\u00f5e sobre a indica\u00e7\u00e3o do Encarregado pelo Tratamento dos Dados Pessoais, no \u00e2mbito dos \u00f3rg\u00e3os e das entidades da Administra\u00e7\u00e3o P\u00fablica Estadual direta, indireta, aut\u00e1rquica e fundacional do Poder Executivo do Estado do Paran\u00e1.<\/li>\n<\/ul>\n","protected":false},"excerpt":{"rendered":"<p>Legisla\u00e7\u00e3o Federal &nbsp; Lei Federal n\u00ba 13.709, de 14 de agosto de 2018 (DOU 15.08.2018) Lei Geral de Prote\u00e7\u00e3o de Dados (LGPD). Lei Federal n\u00ba 13.853, de 08 de julho de 2019 (DOU 20.12.2019) Altera a Lei n\u00ba 13.709, de 14 de agosto de 2018, para dispor sobre a prote\u00e7\u00e3o de dados pessoais e para [&hellip;]<\/p>\n","protected":false},"author":6,"featured_media":0,"parent":0,"menu_order":0,"comment_status":"closed","ping_status":"closed","template":"","meta":{"_exactmetrics_skip_tracking":false,"_exactmetrics_sitenote_active":false,"_exactmetrics_sitenote_note":"","_exactmetrics_sitenote_category":0,"footnotes":"","_links_to":"","_links_to_target":""},"class_list":["post-71","page","type-page","status-publish","hentry"],"_links":{"self":[{"href":"https:\/\/www3.unicentro.br\/lgpd\/wp-json\/wp\/v2\/pages\/71","targetHints":{"allow":["GET"]}}],"collection":[{"href":"https:\/\/www3.unicentro.br\/lgpd\/wp-json\/wp\/v2\/pages"}],"about":[{"href":"https:\/\/www3.unicentro.br\/lgpd\/wp-json\/wp\/v2\/types\/page"}],"author":[{"embeddable":true,"href":"https:\/\/www3.unicentro.br\/lgpd\/wp-json\/wp\/v2\/users\/6"}],"replies":[{"embeddable":true,"href":"https:\/\/www3.unicentro.br\/lgpd\/wp-json\/wp\/v2\/comments?post=71"}],"version-history":[{"count":2,"href":"https:\/\/www3.unicentro.br\/lgpd\/wp-json\/wp\/v2\/pages\/71\/revisions"}],"predecessor-version":[{"id":185,"href":"https:\/\/www3.unicentro.br\/lgpd\/wp-json\/wp\/v2\/pages\/71\/revisions\/185"}],"wp:attachment":[{"href":"https:\/\/www3.unicentro.br\/lgpd\/wp-json\/wp\/v2\/media?parent=71"}],"curies":[{"name":"wp","href":"https:\/\/api.w.org\/{rel}","templated":true}]}}