{"id":59,"date":"2024-04-17T13:32:27","date_gmt":"2024-04-17T16:32:27","guid":{"rendered":"https:\/\/www3.unicentro.br\/projetoblocoq\/?page_id=59"},"modified":"2026-04-13T13:40:12","modified_gmt":"2026-04-13T16:40:12","slug":"encarregado-pelo-tratamento-de-dados-pessoais-unicentro","status":"publish","type":"page","link":"https:\/\/www3.unicentro.br\/lgpd\/encarregado-pelo-tratamento-de-dados-pessoais-unicentro\/","title":{"rendered":"Encarregado pelo Tratamento de Dados Pessoais \u2013 Unicentro"},"content":{"rendered":"<hr \/>\n<p><strong>Titular: Leomar Vornes<\/strong><\/p>\n<p>Chefe-geral de Compliance<\/p>\n<p><a href=\"https:\/\/sgu.unicentro.br\/pcatooficiais\/imprimir\/C939B4E3\">Ato Designa\u00e7\u00e3o<\/a><\/p>\n<p><strong>Fone:<\/strong> (42) 3621-1499<\/p>\n<p><strong>E-mail:<\/strong> <a href=\"mailto:encarregado.lgpd@unicentro.br\"><em>encarregado.lgpd@unicentro.br<\/em><\/a><\/p>\n<hr \/>\n<p><strong>Substituto: Claudio C\u00e9sar de Andrade<\/strong><\/p>\n<p>Ouvidor<\/p>\n<p><a href=\"https:\/\/sgu.unicentro.br\/pcatooficiais\/imprimir\/A632B26F\">Ato Designa\u00e7\u00e3o<\/a><\/p>\n<p><strong>Fone:<\/strong>\u00a0(42) 3621-1063<\/p>\n<hr \/>\n<p><strong>Hor\u00e1rio de Atendimento:<\/strong> 08h \u00e0s 17h30<\/p>\n<p><strong>Endere\u00e7o:<\/strong> Rua Salvatore Renna \u2013 Padre Salvador, 875 \u2013 Bloco D, T\u00e9rreo, Sala 141, CEP 85.015-430 \u2013 Guarapuava \u2013 PR<\/p>\n","protected":false},"excerpt":{"rendered":"<p>Titular: Leomar Vornes Chefe-geral de Compliance Ato Designa\u00e7\u00e3o Fone: (42) 3621-1499 E-mail: encarregado.lgpd@unicentro.br Substituto: Claudio C\u00e9sar de Andrade Ouvidor Ato Designa\u00e7\u00e3o Fone:\u00a0(42) 3621-1063 Hor\u00e1rio de Atendimento: 08h \u00e0s 17h30 Endere\u00e7o: Rua Salvatore Renna \u2013 Padre Salvador, 875 \u2013 Bloco D, T\u00e9rreo, Sala 141, CEP 85.015-430 \u2013 Guarapuava \u2013 PR<\/p>\n","protected":false},"author":6,"featured_media":0,"parent":0,"menu_order":0,"comment_status":"closed","ping_status":"closed","template":"","meta":{"_exactmetrics_skip_tracking":false,"_exactmetrics_sitenote_active":false,"_exactmetrics_sitenote_note":"","_exactmetrics_sitenote_category":0,"footnotes":"","_links_to":"","_links_to_target":""},"class_list":["post-59","page","type-page","status-publish","hentry"],"_links":{"self":[{"href":"https:\/\/www3.unicentro.br\/lgpd\/wp-json\/wp\/v2\/pages\/59","targetHints":{"allow":["GET"]}}],"collection":[{"href":"https:\/\/www3.unicentro.br\/lgpd\/wp-json\/wp\/v2\/pages"}],"about":[{"href":"https:\/\/www3.unicentro.br\/lgpd\/wp-json\/wp\/v2\/types\/page"}],"author":[{"embeddable":true,"href":"https:\/\/www3.unicentro.br\/lgpd\/wp-json\/wp\/v2\/users\/6"}],"replies":[{"embeddable":true,"href":"https:\/\/www3.unicentro.br\/lgpd\/wp-json\/wp\/v2\/comments?post=59"}],"version-history":[{"count":3,"href":"https:\/\/www3.unicentro.br\/lgpd\/wp-json\/wp\/v2\/pages\/59\/revisions"}],"predecessor-version":[{"id":197,"href":"https:\/\/www3.unicentro.br\/lgpd\/wp-json\/wp\/v2\/pages\/59\/revisions\/197"}],"wp:attachment":[{"href":"https:\/\/www3.unicentro.br\/lgpd\/wp-json\/wp\/v2\/media?parent=59"}],"curies":[{"name":"wp","href":"https:\/\/api.w.org\/{rel}","templated":true}]}}