{"id":50,"date":"2024-04-17T13:25:15","date_gmt":"2024-04-17T16:25:15","guid":{"rendered":"https:\/\/www3.unicentro.br\/projetoblocoq\/?page_id=50"},"modified":"2024-04-18T08:54:38","modified_gmt":"2024-04-18T11:54:38","slug":"cursos-e-treinamentos","status":"publish","type":"page","link":"https:\/\/www3.unicentro.br\/lgpd\/cursos-e-treinamentos\/","title":{"rendered":"Cursos e Treinamentos"},"content":{"rendered":"<table style=\"width: 100%;border-collapse: collapse;background-color: #043ac2\">\n<tbody>\n<tr>\n<td style=\"width: 100%\"><span style=\"color: #ffffff\"><strong>Escola Nacional de Administra\u00e7\u00e3o P\u00fablica \u2013 Enap<\/strong><\/span><\/td>\n<\/tr>\n<\/tbody>\n<\/table>\n<p>&nbsp;<\/p>\n<ul>\n<li><a href=\"https:\/\/www.escolavirtual.gov.br\/curso\/153\">Introdu\u00e7\u00e3o \u00e0 Lei Brasileira de Prote\u00e7\u00e3o de Dados Pessoais (10h)<\/a><\/li>\n<li><a href=\"https:\/\/www.escolavirtual.gov.br\/curso\/603\">Fundamentos da Lei Geral de Prote\u00e7\u00e3o de Dados (15h)<\/a><\/li>\n<li><a href=\"https:\/\/www.escolavirtual.gov.br\/curso\/290\">Prote\u00e7\u00e3o de Dados Pessoais no Setor P\u00fablico (15h)<\/a><\/li>\n<li><a href=\"https:\/\/www.escolavirtual.gov.br\/curso\/270\">Governan\u00e7a de Dados (30h)<\/a><\/li>\n<li><a href=\"https:\/\/www.escolavirtual.gov.br\/curso\/529\">Como Implementar a LGPD: bases, mecanismos e processos (25h)<\/a><\/li>\n<\/ul>\n<p>&nbsp;<\/p>\n<table style=\"width: 100%;border-collapse: collapse;background-color: #043ac2\">\n<tbody>\n<tr>\n<td style=\"width: 100%\"><span style=\"color: #ffffff\"><strong>Escola Nacional de Administra\u00e7\u00e3o P\u00fablica \u2013 Enap<\/strong><\/span><\/td>\n<\/tr>\n<\/tbody>\n<\/table>\n<p>&nbsp;<\/p>\n<ul>\n<li><a href=\"https:\/\/www.administracao.pr.gov.br\/Escola-de-Gestao\/Noticia\/Novo-curso-Lei-Geral-de-Protecao-de-Dados-e-Administracao-Publica\">Curso: Lei Geral de Prote\u00e7\u00e3o de Dados na Administra\u00e7\u00e3o P\u00fablica<\/a><\/li>\n<\/ul>\n","protected":false},"excerpt":{"rendered":"<p>Escola Nacional de Administra\u00e7\u00e3o P\u00fablica \u2013 Enap &nbsp; Introdu\u00e7\u00e3o \u00e0 Lei Brasileira de Prote\u00e7\u00e3o de Dados Pessoais (10h) Fundamentos da Lei Geral de Prote\u00e7\u00e3o de Dados (15h) Prote\u00e7\u00e3o de Dados Pessoais no Setor P\u00fablico (15h) Governan\u00e7a de Dados (30h) Como Implementar a LGPD: bases, mecanismos e processos (25h) &nbsp; Escola Nacional de Administra\u00e7\u00e3o P\u00fablica \u2013 [&hellip;]<\/p>\n","protected":false},"author":6,"featured_media":0,"parent":0,"menu_order":0,"comment_status":"closed","ping_status":"closed","template":"","meta":{"_exactmetrics_skip_tracking":false,"_exactmetrics_sitenote_active":false,"_exactmetrics_sitenote_note":"","_exactmetrics_sitenote_category":0,"footnotes":"","_links_to":"","_links_to_target":""},"class_list":["post-50","page","type-page","status-publish","hentry"],"_links":{"self":[{"href":"https:\/\/www3.unicentro.br\/lgpd\/wp-json\/wp\/v2\/pages\/50","targetHints":{"allow":["GET"]}}],"collection":[{"href":"https:\/\/www3.unicentro.br\/lgpd\/wp-json\/wp\/v2\/pages"}],"about":[{"href":"https:\/\/www3.unicentro.br\/lgpd\/wp-json\/wp\/v2\/types\/page"}],"author":[{"embeddable":true,"href":"https:\/\/www3.unicentro.br\/lgpd\/wp-json\/wp\/v2\/users\/6"}],"replies":[{"embeddable":true,"href":"https:\/\/www3.unicentro.br\/lgpd\/wp-json\/wp\/v2\/comments?post=50"}],"version-history":[{"count":2,"href":"https:\/\/www3.unicentro.br\/lgpd\/wp-json\/wp\/v2\/pages\/50\/revisions"}],"predecessor-version":[{"id":173,"href":"https:\/\/www3.unicentro.br\/lgpd\/wp-json\/wp\/v2\/pages\/50\/revisions\/173"}],"wp:attachment":[{"href":"https:\/\/www3.unicentro.br\/lgpd\/wp-json\/wp\/v2\/media?parent=50"}],"curies":[{"name":"wp","href":"https:\/\/api.w.org\/{rel}","templated":true}]}}