{"id":46,"date":"2024-04-17T13:24:28","date_gmt":"2024-04-17T16:24:28","guid":{"rendered":"https:\/\/www3.unicentro.br\/projetoblocoq\/?page_id=46"},"modified":"2024-04-18T08:53:07","modified_gmt":"2024-04-18T11:53:07","slug":"cartilhas-guias-e-manuais","status":"publish","type":"page","link":"https:\/\/www3.unicentro.br\/lgpd\/cartilhas-guias-e-manuais\/","title":{"rendered":"Cartilhas, Guias e Manuais"},"content":{"rendered":"<table style=\"border-collapse: collapse;width: 100%\">\n<tbody>\n<tr style=\"background-color: #0030ab\">\n<td style=\"width: 100%\"><a href=\"https:\/\/www.cge.pr.gov.br\/sites\/default\/arquivos_restritos\/files\/documento\/2024-02\/boas%20pr%C3%A1ticas.pdf\"><span style=\"color: #ffffff\"><strong>Cartilha de Boas Pr\u00e1ticas no Tratamento de Dados Pessoais<\/strong><\/span><\/a><\/td>\n<\/tr>\n<tr>\n<td style=\"width: 100%\">\n<table style=\"border-collapse: collapse;width: 100%\">\n<tbody>\n<tr>\n<td style=\"width: 12.109%\">\n<div class=\"wp-block-image\"><a href=\"https:\/\/www.cge.pr.gov.br\/sites\/default\/arquivos_restritos\/files\/documento\/2024-02\/boas%20pr%C3%A1ticas.pdf\"><img loading=\"lazy\" decoding=\"async\" class=\"wpa-warning wpa-image-missing-alt alignnone size-full wp-image-103\" src=\"https:\/\/www3.unicentro.br\/projetoblocoq\/wp-content\/uploads\/sites\/46\/2024\/04\/01.png\" alt=\"\" width=\"153\" height=\"191\" data-warning=\"Missing alt text\" \/><\/a><\/div>\n<\/td>\n<td style=\"width: 87.891%\">Este material tem por escopo prestar orienta\u00e7\u00f5es sobre boas pr\u00e1ticas para o adequado tratamento de dados pessoais em situa\u00e7\u00f5es rotineiras do ambiente de trabalho, em especial ao que se refere a seguran\u00e7a da informa\u00e7\u00e3o. <a href=\"https:\/\/www.cge.pr.gov.br\/sites\/default\/arquivos_restritos\/files\/documento\/2024-02\/boas%20pr%C3%A1ticas.pdf\"><em>(acessar)<\/em><\/a><\/td>\n<\/tr>\n<\/tbody>\n<\/table>\n<\/td>\n<\/tr>\n<\/tbody>\n<\/table>\n<table style=\"border-collapse: collapse;width: 100%\">\n<tbody>\n<tr style=\"background-color: #0030ab\">\n<td style=\"width: 100%\"><a href=\"https:\/\/www.cge.pr.gov.br\/sites\/default\/arquivos_restritos\/files\/documento\/2021-07\/cartilha_LGPD.pdf\"><span style=\"color: #ffffff\"><strong>Cartilha da LGPD<\/strong><\/span><\/a><\/td>\n<\/tr>\n<tr>\n<td style=\"width: 100%\">\n<table style=\"border-collapse: collapse;width: 100%\">\n<tbody>\n<tr>\n<td style=\"width: 12.109%\">\n<div class=\"wp-block-image\"><a href=\"https:\/\/www.cge.pr.gov.br\/sites\/default\/arquivos_restritos\/files\/documento\/2021-07\/cartilha_LGPD.pdf\"><img loading=\"lazy\" decoding=\"async\" class=\"wpa-warning wpa-image-missing-alt alignnone size-full wp-image-103\" src=\"https:\/\/www3.unicentro.br\/projetoblocoq\/wp-content\/uploads\/sites\/46\/2024\/04\/02.png\" alt=\"\" width=\"153\" height=\"191\" data-warning=\"Missing alt text\" \/><\/a><\/div>\n<\/td>\n<td style=\"width: 87.891%\">A Cartilha sobre a Lei Geral de Prote\u00e7\u00e3o de Dados (LGPD) tem como objetivo esclarecer os pontos relevantes sobre o tema e trazer orienta\u00e7\u00f5es quanto a sua aplicabilidade. Estabelece, entre outros, conceitos e princ\u00edpios aplicados e sugere algumas a\u00e7\u00f5es b\u00e1sicas para o programa de implementa\u00e7\u00e3o. Traz ainda um t\u00f3pico espec\u00edfico sobre a LGPD e o Setor P\u00fablico e as san\u00e7\u00f5es aplicadas no caso de descumprimento da Lei. <a href=\"https:\/\/www.cge.pr.gov.br\/sites\/default\/arquivos_restritos\/files\/documento\/2021-07\/cartilha_LGPD.pdf\"><em>(acessar)<\/em><\/a><\/td>\n<\/tr>\n<\/tbody>\n<\/table>\n<\/td>\n<\/tr>\n<\/tbody>\n<\/table>\n<table style=\"border-collapse: collapse;width: 100%\">\n<tbody>\n<tr style=\"background-color: #0030ab\">\n<td style=\"width: 100%\"><a href=\"https:\/\/www.gov.br\/anpd\/pt-br\/documentos-e-publicacoes\/guia_legitimo_interesse.pdf\"><span style=\"color: #ffffff\"><strong>Hip\u00f3teses Legais de Tratamento de Dados Pessoais &#8211; Leg\u00edtimo Interesse<\/strong><\/span><\/a><\/td>\n<\/tr>\n<tr>\n<td style=\"width: 100%\">\n<table style=\"border-collapse: collapse;width: 100%\">\n<tbody>\n<tr>\n<td style=\"width: 12.109%\">\n<div class=\"wp-block-image\"><a href=\"https:\/\/www.gov.br\/anpd\/pt-br\/documentos-e-publicacoes\/guia_legitimo_interesse.pdf\"><img loading=\"lazy\" decoding=\"async\" class=\"wpa-warning wpa-image-missing-alt alignnone size-full wp-image-103\" src=\"https:\/\/www3.unicentro.br\/projetoblocoq\/wp-content\/uploads\/sites\/46\/2024\/04\/03.png\" alt=\"\" width=\"153\" height=\"191\" data-warning=\"Missing alt text\" \/><\/a><\/div>\n<\/td>\n<td style=\"width: 87.891%\">O presente Guia Orientativo tem como objetivo, esclarecer pontos relevantes para a aplica\u00e7\u00e3o do leg\u00edtimo interesse de controladores ou de terceiro, inclusive no \u00e2mbito do poder p\u00fablico, quando couber. Com isso, pretende-se conferir maior previsibilidade e seguran\u00e7a jur\u00eddica aos agentes de tratamento ao realizar o tratamento de dados pessoais com base na referida hip\u00f3tese legal.<a href=\"https:\/\/www.gov.br\/anpd\/pt-br\/documentos-e-publicacoes\/guia_legitimo_interesse.pdf\"><em> (acessar)<\/em><\/a><\/td>\n<\/tr>\n<\/tbody>\n<\/table>\n<\/td>\n<\/tr>\n<\/tbody>\n<\/table>\n<table style=\"border-collapse: collapse;width: 100%\">\n<tbody>\n<tr style=\"background-color: #0030ab\">\n<td style=\"width: 100%\"><a href=\"https:\/\/www.gov.br\/anpd\/pt-br\/documentos-e-publicacoes\/documentos-de-publicacoes\/guia-poder-publico-anpd-versao-final.pdf\"><span style=\"color: #ffffff\"><strong>Tratamento de Dados Pessoais pelo Poder P\u00fablico<\/strong><\/span><\/a><\/td>\n<\/tr>\n<tr>\n<td style=\"width: 100%\">\n<table style=\"border-collapse: collapse;width: 100%\">\n<tbody>\n<tr>\n<td style=\"width: 12.109%\">\n<div class=\"wp-block-image\"><a href=\"https:\/\/www.gov.br\/anpd\/pt-br\/documentos-e-publicacoes\/documentos-de-publicacoes\/guia-poder-publico-anpd-versao-final.pdf\"><img loading=\"lazy\" decoding=\"async\" class=\"wpa-warning wpa-image-missing-alt alignnone size-full wp-image-103\" src=\"https:\/\/www3.unicentro.br\/projetoblocoq\/wp-content\/uploads\/sites\/46\/2024\/04\/04.png\" alt=\"\" width=\"153\" height=\"191\" data-warning=\"Missing alt text\" \/><\/a><\/div>\n<\/td>\n<td style=\"width: 87.891%\">O presente Guia orientativo busca delinear par\u00e2metros que possam auxiliar entidades e \u00f3rg\u00e3os p\u00fablicos nas atividades de adequa\u00e7\u00e3o e de implementa\u00e7\u00e3o da LGPD. As orienta\u00e7\u00f5es apresentadas constituem um primeiro passo no processo de delimita\u00e7\u00e3o das interpreta\u00e7\u00f5es sobre a LGPD aplic\u00e1veis ao Poder P\u00fablico. <a href=\"https:\/\/www.gov.br\/anpd\/pt-br\/documentos-e-publicacoes\/documentos-de-publicacoes\/guia-poder-publico-anpd-versao-final.pdf\"><em>(acessar)<\/em><\/a><\/td>\n<\/tr>\n<\/tbody>\n<\/table>\n<\/td>\n<\/tr>\n<\/tbody>\n<\/table>\n<table style=\"border-collapse: collapse;width: 100%\">\n<tbody>\n<tr style=\"background-color: #0030ab\">\n<td style=\"width: 100%\"><a href=\"https:\/\/www.gov.br\/anpd\/pt-br\/documentos-e-publicacoes\/documentos-de-publicacoes\/web-guia-anpd-tratamento-de-dados-para-fins-academicos.pdf\"><span style=\"color: #ffffff\"><strong>Tratamento de dados pessoais para fins acad\u00eamicos e para a realiza\u00e7\u00e3o de estudos e pesquisas<\/strong><\/span><\/a><\/td>\n<\/tr>\n<tr>\n<td style=\"width: 100%\">\n<table style=\"border-collapse: collapse;width: 100%\">\n<tbody>\n<tr>\n<td style=\"width: 12.109%\">\n<div class=\"wp-block-image\"><a href=\"https:\/\/www.gov.br\/anpd\/pt-br\/documentos-e-publicacoes\/documentos-de-publicacoes\/web-guia-anpd-tratamento-de-dados-para-fins-academicos.pdf\"><img loading=\"lazy\" decoding=\"async\" class=\"wpa-warning wpa-image-missing-alt alignnone size-full wp-image-103\" src=\"https:\/\/www3.unicentro.br\/projetoblocoq\/wp-content\/uploads\/sites\/46\/2024\/04\/05.png\" alt=\"\" width=\"153\" height=\"191\" data-warning=\"Missing alt text\" \/><\/a><\/div>\n<\/td>\n<td style=\"width: 87.891%\">O presente Guia tem por objetivo fornecer aos agentes de tratamento recomenda\u00e7\u00f5es e orienta\u00e7\u00f5es que possam incentivar a ado\u00e7\u00e3o de boas pr\u00e1ticas e respaldar o tratamento de dados pessoais realizados para fins acad\u00eamicos e de estudos e pesquisas de forma compat\u00edvel com a legisla\u00e7\u00e3o vigente. <a href=\"https:\/\/www.gov.br\/anpd\/pt-br\/documentos-e-publicacoes\/documentos-de-publicacoes\/web-guia-anpd-tratamento-de-dados-para-fins-academicos.pdf\"><em>(acessar)<\/em><\/a><\/td>\n<\/tr>\n<\/tbody>\n<\/table>\n<\/td>\n<\/tr>\n<\/tbody>\n<\/table>\n<table style=\"border-collapse: collapse;width: 100%\">\n<tbody>\n<tr style=\"background-color: #0030ab\">\n<td style=\"width: 100%\"><a href=\"https:\/\/www.gov.br\/anpd\/pt-br\/documentos-e-publicacoes\/guia-orientativo-cookies-e-protecao-de-dados-pessoais.pdf\"><span style=\"color: #ffffff\"><strong>Cookies e prote\u00e7\u00e3o de dados pessoais<\/strong><\/span><\/a><\/td>\n<\/tr>\n<tr>\n<td style=\"width: 100%\">\n<table style=\"border-collapse: collapse;width: 100%\">\n<tbody>\n<tr>\n<td style=\"width: 12.109%\">\n<div class=\"wp-block-image\"><a href=\"https:\/\/www.gov.br\/anpd\/pt-br\/documentos-e-publicacoes\/guia-orientativo-cookies-e-protecao-de-dados-pessoais.pdf\"><img loading=\"lazy\" decoding=\"async\" class=\"wpa-warning wpa-image-missing-alt alignnone size-full wp-image-103\" src=\"https:\/\/www3.unicentro.br\/projetoblocoq\/wp-content\/uploads\/sites\/46\/2024\/04\/06.png\" alt=\"\" width=\"153\" height=\"191\" data-warning=\"Missing alt text\" \/><\/a><\/div>\n<\/td>\n<td style=\"width: 87.891%\">O presente Guia Orientativo busca informar sobre o papel dos cookies no uso da internet. Dentre outras finalidades, os cookies viabilizam o funcionamento de p\u00e1ginas eletr\u00f4nicas e a presta\u00e7\u00e3o de servi\u00e7os na internet. <a href=\"https:\/\/www.gov.br\/anpd\/pt-br\/documentos-e-publicacoes\/guia-orientativo-cookies-e-protecao-de-dados-pessoais.pdf\"><em>(acessar)<\/em><\/a><\/td>\n<\/tr>\n<\/tbody>\n<\/table>\n<\/td>\n<\/tr>\n<\/tbody>\n<\/table>\n<table style=\"border-collapse: collapse;width: 100%\">\n<tbody>\n<tr style=\"background-color: #0030ab\">\n<td style=\"width: 100%\"><a href=\"https:\/\/www.gov.br\/anpd\/pt-br\/documentos-e-publicacoes\/guia-como-proteger-seus-dados-pessoais.pdf\"><span style=\"color: #ffffff\"><strong>Como proteger seus dados pessoais<\/strong><\/span><\/a><\/td>\n<\/tr>\n<tr>\n<td style=\"width: 100%\">\n<table style=\"border-collapse: collapse;width: 100%\">\n<tbody>\n<tr>\n<td style=\"width: 12.109%\">\n<div class=\"wp-block-image\"><a href=\"https:\/\/www.gov.br\/anpd\/pt-br\/documentos-e-publicacoes\/guia-como-proteger-seus-dados-pessoais.pdf\"><img loading=\"lazy\" decoding=\"async\" class=\"wpa-warning wpa-image-missing-alt alignnone size-full wp-image-103\" src=\"https:\/\/www3.unicentro.br\/projetoblocoq\/wp-content\/uploads\/sites\/46\/2024\/04\/07.png\" alt=\"\" width=\"153\" height=\"191\" data-warning=\"Missing alt text\" \/><\/a><\/div>\n<\/td>\n<td style=\"width: 87.891%\">O presente Guia orienta como o titular dos dados pode proteger seus dados pessoais, bem como a forma que os dados podem ser tratados nos termos da LGPD. <a href=\"https:\/\/www.gov.br\/anpd\/pt-br\/documentos-e-publicacoes\/guia-como-proteger-seus-dados-pessoais.pdf\"><em>(acessar)<\/em><\/a><\/td>\n<\/tr>\n<\/tbody>\n<\/table>\n<\/td>\n<\/tr>\n<\/tbody>\n<\/table>\n<table style=\"border-collapse: collapse;width: 100%\">\n<tbody>\n<tr style=\"background-color: #0030ab\">\n<td style=\"width: 100%\"><a href=\"https:\/\/cartilha.cert.br\/fasciculos\/protecao-de-dados\/fasciculo-protecao-de-dados.pdf\"><span style=\"color: #ffffff\"><strong>Fasc\u00edculo &#8211; Prote\u00e7\u00e3o de Dados &#8211; Seguran\u00e7a na Internet<\/strong><\/span><\/a><\/td>\n<\/tr>\n<tr>\n<td style=\"width: 100%\">\n<table style=\"border-collapse: collapse;width: 100%\">\n<tbody>\n<tr>\n<td style=\"width: 12.109%\">\n<div class=\"wp-block-image\"><a href=\"https:\/\/cartilha.cert.br\/fasciculos\/protecao-de-dados\/fasciculo-protecao-de-dados.pdf\"><img loading=\"lazy\" decoding=\"async\" class=\"wpa-warning wpa-image-missing-alt alignnone size-full wp-image-103\" src=\"https:\/\/www3.unicentro.br\/projetoblocoq\/wp-content\/uploads\/sites\/46\/2024\/04\/08.png\" alt=\"\" width=\"153\" height=\"191\" data-warning=\"Missing alt text\" \/><\/a><\/div>\n<\/td>\n<td style=\"width: 87.891%\">O presente Fasc\u00edculo apresenta a postura preventiva que diminuem a exposi\u00e7\u00e3o, usando ferramentas de seguran\u00e7a e recorrendo \u00e0 legisla\u00e7\u00e3o quando necess\u00e1rio. <a href=\"https:\/\/cartilha.cert.br\/fasciculos\/protecao-de-dados\/fasciculo-protecao-de-dados.pdf\"><em>(acessar)<\/em><\/a><\/td>\n<\/tr>\n<\/tbody>\n<\/table>\n<\/td>\n<\/tr>\n<\/tbody>\n<\/table>\n<table style=\"border-collapse: collapse;width: 100%\">\n<tbody>\n<tr style=\"background-color: #0030ab\">\n<td style=\"width: 100%\"><span style=\"color: #ffffff\"><strong><a style=\"color: #ffffff\" href=\"https:\/\/cartilha.cert.br\/fasciculos\/vazamento-de-dados\/fasciculo-vazamento-de-dados.pdf\">Fasc\u00edculo &#8211; Vazamento de Dados &#8211; Seguran\u00e7a para Internet<\/a><\/strong><\/span><\/td>\n<\/tr>\n<tr>\n<td style=\"width: 100%\">\n<table style=\"border-collapse: collapse;width: 100%\">\n<tbody>\n<tr>\n<td style=\"width: 12.109%\">\n<div class=\"wp-block-image\"><a href=\"https:\/\/cartilha.cert.br\/fasciculos\/vazamento-de-dados\/fasciculo-vazamento-de-dados.pdf\"><img loading=\"lazy\" decoding=\"async\" class=\"wpa-warning wpa-image-missing-alt alignnone size-full wp-image-103\" src=\"https:\/\/www3.unicentro.br\/projetoblocoq\/wp-content\/uploads\/sites\/46\/2024\/04\/09.png\" alt=\"\" width=\"153\" height=\"191\" data-warning=\"Missing alt text\" \/><\/a><\/div>\n<\/td>\n<td style=\"width: 87.891%\">O presente Fasc\u00edculo apresenta a postura de agir para reduzir o impacto dos vazamentos de dados. <a href=\"https:\/\/cartilha.cert.br\/fasciculos\/vazamento-de-dados\/fasciculo-vazamento-de-dados.pdf\"><em>(acessar)<\/em><\/a><\/td>\n<\/tr>\n<\/tbody>\n<\/table>\n<\/td>\n<\/tr>\n<\/tbody>\n<\/table>\n","protected":false},"excerpt":{"rendered":"<p>Cartilha de Boas Pr\u00e1ticas no Tratamento de Dados Pessoais Este material tem por escopo prestar orienta\u00e7\u00f5es sobre boas pr\u00e1ticas para o adequado tratamento de dados pessoais em situa\u00e7\u00f5es rotineiras do ambiente de trabalho, em especial ao que se refere a seguran\u00e7a da informa\u00e7\u00e3o. (acessar) Cartilha da LGPD A Cartilha sobre a Lei Geral de Prote\u00e7\u00e3o [&hellip;]<\/p>\n","protected":false},"author":6,"featured_media":0,"parent":0,"menu_order":0,"comment_status":"closed","ping_status":"closed","template":"","meta":{"_exactmetrics_skip_tracking":false,"_exactmetrics_sitenote_active":false,"_exactmetrics_sitenote_note":"","_exactmetrics_sitenote_category":0,"footnotes":"","_links_to":"","_links_to_target":""},"class_list":["post-46","page","type-page","status-publish","hentry"],"_links":{"self":[{"href":"https:\/\/www3.unicentro.br\/lgpd\/wp-json\/wp\/v2\/pages\/46","targetHints":{"allow":["GET"]}}],"collection":[{"href":"https:\/\/www3.unicentro.br\/lgpd\/wp-json\/wp\/v2\/pages"}],"about":[{"href":"https:\/\/www3.unicentro.br\/lgpd\/wp-json\/wp\/v2\/types\/page"}],"author":[{"embeddable":true,"href":"https:\/\/www3.unicentro.br\/lgpd\/wp-json\/wp\/v2\/users\/6"}],"replies":[{"embeddable":true,"href":"https:\/\/www3.unicentro.br\/lgpd\/wp-json\/wp\/v2\/comments?post=46"}],"version-history":[{"count":2,"href":"https:\/\/www3.unicentro.br\/lgpd\/wp-json\/wp\/v2\/pages\/46\/revisions"}],"predecessor-version":[{"id":172,"href":"https:\/\/www3.unicentro.br\/lgpd\/wp-json\/wp\/v2\/pages\/46\/revisions\/172"}],"wp:attachment":[{"href":"https:\/\/www3.unicentro.br\/lgpd\/wp-json\/wp\/v2\/media?parent=46"}],"curies":[{"name":"wp","href":"https:\/\/api.w.org\/{rel}","templated":true}]}}