{"id":41,"date":"2024-04-17T13:21:41","date_gmt":"2024-04-17T16:21:41","guid":{"rendered":"https:\/\/www3.unicentro.br\/projetoblocoq\/?page_id=41"},"modified":"2024-04-18T09:05:12","modified_gmt":"2024-04-18T12:05:12","slug":"apresentacao","status":"publish","type":"page","link":"https:\/\/www3.unicentro.br\/lgpd\/","title":{"rendered":"Apresenta\u00e7\u00e3o"},"content":{"rendered":"<h3><span style=\"font-size: 14pt\"><strong>APRESENTA\u00c7\u00c3O<\/strong><\/span><\/h3>\n<p>&nbsp;<\/p>\n<table style=\"width: 100%;border-collapse: collapse;background-color: #043ac2\">\n<tbody>\n<tr>\n<td style=\"width: 100%\"><span style=\"color: #ffffff\"><strong>1. A LGPD<\/strong><\/span><\/td>\n<\/tr>\n<\/tbody>\n<\/table>\n<p>&nbsp;<\/p>\n<p>A <strong>Lei Geral de Prote\u00e7\u00e3o de Dados Pessoais<\/strong> (<a href=\"http:\/\/www.planalto.gov.br\/ccivil_03\/_ato2015-2018\/2018\/lei\/l13709.htm\" target=\"_blank\" rel=\"noopener\">LGPD \u2013 Lei n\u00ba 13.709, de 14 de agosto de 2018<\/a>) disp\u00f5e sobre o tratamento de dados pessoais, dispostos em meios f\u00edsicos e digitais, por pessoa natural ou por pessoa jur\u00eddica de direito p\u00fablico ou privado, com o objetivo de proteger os direitos fundamentais de liberdade e de privacidade e o livre desenvolvimento da personalidade da pessoa natural.<\/p>\n<p>&nbsp;<\/p>\n<table style=\"width: 100%;border-collapse: collapse;background-color: #043ac2\">\n<tbody>\n<tr>\n<td style=\"width: 100%\"><span style=\"color: #ffffff\"><strong>2. PRINC\u00cdPIOS<\/strong><\/span><\/td>\n<\/tr>\n<\/tbody>\n<\/table>\n<p>&nbsp;<\/p>\n<p>A <strong>LGPD<\/strong> estabelece que as atividades de tratamento de dados pessoais dever\u00e3o observar a boa-f\u00e9 e os seguintes princ\u00edpios:<\/p>\n<p style=\"padding-left: 40px\">I &#8211; finalidade: realiza\u00e7\u00e3o do tratamento para prop\u00f3sitos leg\u00edtimos, espec\u00edficos, expl\u00edcitos e informados ao titular, sem possibilidade de tratamento posterior de forma incompat\u00edvel com essas finalidades;<\/p>\n<p style=\"padding-left: 40px\">II &#8211; adequa\u00e7\u00e3o: compatibilidade do tratamento com as finalidades informadas ao titular, de acordo com o contexto do tratamento;<\/p>\n<p style=\"padding-left: 40px\">III &#8211; necessidade: limita\u00e7\u00e3o do tratamento ao m\u00ednimo necess\u00e1rio para a realiza\u00e7\u00e3o de suas finalidades, com abrang\u00eancia dos dados pertinentes, proporcionais e n\u00e3o excessivos em rela\u00e7\u00e3o \u00e0s finalidades do tratamento de dados;<\/p>\n<p style=\"padding-left: 40px\">IV &#8211; livre acesso: garantia, aos titulares, de consulta facilitada e gratuita sobre a forma e a dura\u00e7\u00e3o do tratamento, bem como sobre a integralidade de seus dados pessoais;<\/p>\n<p style=\"padding-left: 40px\">V &#8211; qualidade dos dados: garantia, aos titulares, de exatid\u00e3o, clareza, relev\u00e2ncia e atualiza\u00e7\u00e3o dos dados, de acordo com a necessidade e para o cumprimento da finalidade de seu tratamento;<\/p>\n<p style=\"padding-left: 40px\">VI &#8211; transpar\u00eancia: garantia, aos titulares, de informa\u00e7\u00f5es claras, precisas e facilmente acess\u00edveis sobre a realiza\u00e7\u00e3o do tratamento e os respectivos agentes de tratamento, observados os segredos comercial e industrial;<\/p>\n<p style=\"padding-left: 40px\">VII &#8211; seguran\u00e7a: utiliza\u00e7\u00e3o de medidas t\u00e9cnicas e administrativas aptas a proteger os dados pessoais de acessos n\u00e3o autorizados e de situa\u00e7\u00f5es acidentais ou il\u00edcitas de destrui\u00e7\u00e3o, perda, altera\u00e7\u00e3o, comunica\u00e7\u00e3o ou difus\u00e3o;<\/p>\n<p style=\"padding-left: 40px\">VIII &#8211; preven\u00e7\u00e3o: ado\u00e7\u00e3o de medidas para prevenir a ocorr\u00eancia de danos em virtude do tratamento de dados pessoais;<\/p>\n<p style=\"padding-left: 40px\">IX &#8211; n\u00e3o discrimina\u00e7\u00e3o: impossibilidade de realiza\u00e7\u00e3o do tratamento para fins discriminat\u00f3rios il\u00edcitos ou abusivos;<\/p>\n<p style=\"padding-left: 40px\">X &#8211; responsabiliza\u00e7\u00e3o e presta\u00e7\u00e3o de contas: demonstra\u00e7\u00e3o, pelo agente, da ado\u00e7\u00e3o de medidas eficazes e capazes de comprovar a observ\u00e2ncia e o cumprimento das normas de prote\u00e7\u00e3o de dados pessoais e, inclusive, da efic\u00e1cia dessas medidas.<\/p>\n<p>&nbsp;<\/p>\n<table style=\"width: 100%;border-collapse: collapse;background-color: #043ac2\">\n<tbody>\n<tr>\n<td style=\"width: 100%\"><span style=\"color: #ffffff\"><strong>3. FUNDAMENTOS<\/strong><\/span><\/td>\n<\/tr>\n<\/tbody>\n<\/table>\n<p>&nbsp;<\/p>\n<p>A <strong>LGPD<\/strong> estabelece que a disciplina da prote\u00e7\u00e3o de dados pessoais tem como fundamentos:<\/p>\n<p style=\"padding-left: 40px\">I &#8211; o respeito \u00e0 privacidade;<\/p>\n<p style=\"padding-left: 40px\">II &#8211; a autodetermina\u00e7\u00e3o informativa;<\/p>\n<p style=\"padding-left: 40px\">III &#8211; a liberdade de express\u00e3o, de informa\u00e7\u00e3o, de comunica\u00e7\u00e3o e de opini\u00e3o;<\/p>\n<p style=\"padding-left: 40px\">IV &#8211; a inviolabilidade da intimidade, da honra e da imagem;<\/p>\n<p style=\"padding-left: 40px\">V &#8211; o desenvolvimento econ\u00f4mico e tecnol\u00f3gico e a inova\u00e7\u00e3o;<\/p>\n<p style=\"padding-left: 40px\">VI &#8211; a livre iniciativa, a livre concorr\u00eancia e a defesa do consumidor; e<\/p>\n<p style=\"padding-left: 40px\">VII &#8211; os direitos humanos, o livre desenvolvimento da personalidade, a dignidade e o exerc\u00edcio da cidadania pelas pessoas naturais.<\/p>\n<p>&nbsp;<\/p>\n<table style=\"width: 100%;border-collapse: collapse;background-color: #043ac2\">\n<tbody>\n<tr>\n<td style=\"width: 100%\"><span style=\"color: #ffffff\"><strong>4. DIREITO DOS TITULARES<\/strong><\/span><\/td>\n<\/tr>\n<\/tbody>\n<\/table>\n<p>&nbsp;<\/p>\n<p>A <strong>LGPD<\/strong> assegura a toda pessoa natural a titularidade de seus dados pessoais, garantidos os direitos fundamentais de liberdade, de intimidade e de privacidade.<br \/>\nO titular dos dados pessoais tem direito a obter do controlador, em rela\u00e7\u00e3o aos dados do titular por ele tratados, a qualquer momento e mediante requisi\u00e7\u00e3o:<\/p>\n<p style=\"padding-left: 40px\">I &#8211; confirma\u00e7\u00e3o da exist\u00eancia de tratamento;<\/p>\n<p style=\"padding-left: 40px\">II &#8211; acesso aos dados;<\/p>\n<p style=\"padding-left: 40px\">III &#8211; corre\u00e7\u00e3o de dados incompletos, inexatos ou desatualizados;<\/p>\n<p style=\"padding-left: 40px\">IV &#8211; anonimiza\u00e7\u00e3o, bloqueio ou elimina\u00e7\u00e3o de dados desnecess\u00e1rios, excessivos ou tratados em desconformidade com a LGPD;<\/p>\n<p style=\"padding-left: 40px\">V &#8211; portabilidade dos dados a outro fornecedor de servi\u00e7o ou produto, mediante requisi\u00e7\u00e3o expressa;<\/p>\n<p style=\"padding-left: 40px\">VI &#8211; elimina\u00e7\u00e3o dos dados pessoais tratados com o consentimento do titular;<\/p>\n<p style=\"padding-left: 40px\">VII &#8211; informa\u00e7\u00e3o das entidades p\u00fablicas e privadas com as quais o controlador realizou uso compartilhado de dados;<\/p>\n<p style=\"padding-left: 40px\">VIII &#8211; informa\u00e7\u00e3o sobre a possibilidade de n\u00e3o fornecer consentimento e sobre as consequ\u00eancias da negativa;<\/p>\n<p style=\"padding-left: 40px\">IX &#8211; revoga\u00e7\u00e3o do consentimento.<\/p>\n<p>&nbsp;<\/p>\n<table style=\"width: 100%;border-collapse: collapse;background-color: #043ac2\">\n<tbody>\n<tr>\n<td style=\"width: 100%\"><span style=\"color: #ffffff\"><strong>5. CONTROLADOR E OPERADOR<\/strong><\/span><\/td>\n<\/tr>\n<\/tbody>\n<\/table>\n<p>&nbsp;<\/p>\n<p>No \u00e2mbito da <strong>LGPD<\/strong>, o tratamento dos dados pessoais pode ser realizado por dois \u201cagentes de tratamento\u201d, o Controlador e o Operador:<\/p>\n<ul>\n<li><strong>O Controlador<\/strong> \u00e9 a pessoa natural ou jur\u00eddica, de direito p\u00fablico ou privado, a quem competem as decis\u00f5es referentes ao tratamento de dados pessoais. No \u00e2mbito da Administra\u00e7\u00e3o P\u00fablica, o Controlador ser\u00e1 a pessoa jur\u00eddica do \u00f3rg\u00e3o ou entidade p\u00fablica sujeita \u00e0 Lei;<\/li>\n<li><strong>O Operador<\/strong> \u00e9 a pessoa natural ou jur\u00eddica, de direito p\u00fablico ou privado, que realiza o tratamento de dados pessoais em nome do controlador.<\/li>\n<\/ul>\n<p>&nbsp;<\/p>\n<table style=\"width: 100%;border-collapse: collapse;background-color: #043ac2\">\n<tbody>\n<tr>\n<td style=\"width: 100%\"><span style=\"color: #ffffff\"><strong>6. ENCARREGADO DE DADOS<\/strong><\/span><\/td>\n<\/tr>\n<\/tbody>\n<\/table>\n<p>&nbsp;<\/p>\n<p>O Encarregado \u00e9 a pessoa indicada pelo controlador e operador para atuar como canal de comunica\u00e7\u00e3o entre o controlador, o titular dos dados e a Autoridade Nacional de Prote\u00e7\u00e3o de Dados (ANPD). As atividades do encarregado consistem em:<\/p>\n<p style=\"padding-left: 40px\">I &#8211; aceitar reclama\u00e7\u00f5es e comunica\u00e7\u00f5es dos titulares, prestar esclarecimentos e adotar provid\u00eancias;<\/p>\n<p style=\"padding-left: 40px\">II &#8211; receber comunica\u00e7\u00f5es da autoridade nacional e adotar provid\u00eancias;<\/p>\n<p style=\"padding-left: 40px\">III &#8211; orientar os funcion\u00e1rios e os contratados da entidade a respeito das pr\u00e1ticas a serem tomadas em rela\u00e7\u00e3o \u00e0 prote\u00e7\u00e3o de dados pessoais; e<\/p>\n<p style=\"padding-left: 40px\">IV &#8211; executar as demais atribui\u00e7\u00f5es determinadas pelo controlador ou estabelecidas em normas complementares.<\/p>\n","protected":false},"excerpt":{"rendered":"<p>APRESENTA\u00c7\u00c3O &nbsp; 1. A LGPD &nbsp; A Lei Geral de Prote\u00e7\u00e3o de Dados Pessoais (LGPD \u2013 Lei n\u00ba 13.709, de 14 de agosto de 2018) disp\u00f5e sobre o tratamento de dados pessoais, dispostos em meios f\u00edsicos e digitais, por pessoa natural ou por pessoa jur\u00eddica de direito p\u00fablico ou privado, com o objetivo de proteger [&hellip;]<\/p>\n","protected":false},"author":6,"featured_media":0,"parent":0,"menu_order":0,"comment_status":"closed","ping_status":"closed","template":"page-templates\/front-page.php","meta":{"_exactmetrics_skip_tracking":false,"_exactmetrics_sitenote_active":false,"_exactmetrics_sitenote_note":"","_exactmetrics_sitenote_category":0,"footnotes":"","_links_to":"","_links_to_target":""},"class_list":["post-41","page","type-page","status-publish","hentry"],"_links":{"self":[{"href":"https:\/\/www3.unicentro.br\/lgpd\/wp-json\/wp\/v2\/pages\/41","targetHints":{"allow":["GET"]}}],"collection":[{"href":"https:\/\/www3.unicentro.br\/lgpd\/wp-json\/wp\/v2\/pages"}],"about":[{"href":"https:\/\/www3.unicentro.br\/lgpd\/wp-json\/wp\/v2\/types\/page"}],"author":[{"embeddable":true,"href":"https:\/\/www3.unicentro.br\/lgpd\/wp-json\/wp\/v2\/users\/6"}],"replies":[{"embeddable":true,"href":"https:\/\/www3.unicentro.br\/lgpd\/wp-json\/wp\/v2\/comments?post=41"}],"version-history":[{"count":2,"href":"https:\/\/www3.unicentro.br\/lgpd\/wp-json\/wp\/v2\/pages\/41\/revisions"}],"predecessor-version":[{"id":184,"href":"https:\/\/www3.unicentro.br\/lgpd\/wp-json\/wp\/v2\/pages\/41\/revisions\/184"}],"wp:attachment":[{"href":"https:\/\/www3.unicentro.br\/lgpd\/wp-json\/wp\/v2\/media?parent=41"}],"curies":[{"name":"wp","href":"https:\/\/api.w.org\/{rel}","templated":true}]}}