{"id":2,"date":"2017-06-06T07:50:48","date_gmt":"2017-06-06T10:50:48","guid":{"rendered":"http:\/\/www3.unicentro.br\/projetoblocoq\/?page_id=2"},"modified":"2024-04-18T08:47:20","modified_gmt":"2024-04-18T11:47:20","slug":"pagina-exemplo","status":"publish","type":"page","link":"https:\/\/www3.unicentro.br\/lgpd\/pagina-exemplo\/","title":{"rendered":"Canais de Comunica\u00e7\u00e3o"},"content":{"rendered":"<table style=\"width: 100%;border-collapse: collapse;background-color: #043ac2\">\n<tbody>\n<tr>\n<td style=\"width: 100%\"><span style=\"color: #ffffff\"><strong>TITULAR DE DADOS<\/strong><\/span><\/td>\n<\/tr>\n<\/tbody>\n<\/table>\n<p>&nbsp;<\/p>\n<p>As manifesta\u00e7\u00f5es do titular de dados ou seu representante legal ser\u00e3o atendidas eletronicamente, por meio do Sistema Integrado para Gest\u00e3o de Ouvidorias (Sigo), dispon\u00edvel no <a href=\"https:\/\/www3.unicentro.br\/ouvidoria\/\">Portal da Ouvidoria &#8211; Unicentro<\/a>, e presencialmente, junto ao Encarregado, no endere\u00e7o, Rua Salvatore Renna \u2013 Padre Salvador, 875 \u2013 Bloco D, T\u00e9rreo, Sala 141, CEP 85.015-430 \u2013 Guarapuava \u2013 PR, mediante a apresenta\u00e7\u00e3o de documentos oficiais que permitam a identifica\u00e7\u00e3o.<\/p>\n<p>&nbsp;<\/p>\n<table style=\"width: 100%;border-collapse: collapse;background-color: #043ac2\">\n<tbody>\n<tr>\n<td style=\"width: 100%\"><span style=\"color: #ffffff\"><strong>CONTROLADOR, OPERADORES E ANPD<\/strong><\/span><\/td>\n<\/tr>\n<\/tbody>\n<\/table>\n<p>&nbsp;<\/p>\n<p>Manter\u00e3o contato por meio do Encarregado de Dados , e-mail: <a href=\"mailto:encarregado.lgpd@unicentro.br\"><em>encarregado.lgpd@unicentro.br<\/em><\/a><\/p>\n","protected":false},"excerpt":{"rendered":"<p>TITULAR DE DADOS &nbsp; As manifesta\u00e7\u00f5es do titular de dados ou seu representante legal ser\u00e3o atendidas eletronicamente, por meio do Sistema Integrado para Gest\u00e3o de Ouvidorias (Sigo), dispon\u00edvel no Portal da Ouvidoria &#8211; Unicentro, e presencialmente, junto ao Encarregado, no endere\u00e7o, Rua Salvatore Renna \u2013 Padre Salvador, 875 \u2013 Bloco D, T\u00e9rreo, Sala 141, CEP [&hellip;]<\/p>\n","protected":false},"author":1,"featured_media":0,"parent":0,"menu_order":0,"comment_status":"closed","ping_status":"open","template":"","meta":{"_exactmetrics_skip_tracking":false,"_exactmetrics_sitenote_active":false,"_exactmetrics_sitenote_note":"","_exactmetrics_sitenote_category":0,"footnotes":"","_links_to":"","_links_to_target":""},"class_list":["post-2","page","type-page","status-publish","hentry"],"_links":{"self":[{"href":"https:\/\/www3.unicentro.br\/lgpd\/wp-json\/wp\/v2\/pages\/2","targetHints":{"allow":["GET"]}}],"collection":[{"href":"https:\/\/www3.unicentro.br\/lgpd\/wp-json\/wp\/v2\/pages"}],"about":[{"href":"https:\/\/www3.unicentro.br\/lgpd\/wp-json\/wp\/v2\/types\/page"}],"author":[{"embeddable":true,"href":"https:\/\/www3.unicentro.br\/lgpd\/wp-json\/wp\/v2\/users\/1"}],"replies":[{"embeddable":true,"href":"https:\/\/www3.unicentro.br\/lgpd\/wp-json\/wp\/v2\/comments?post=2"}],"version-history":[{"count":2,"href":"https:\/\/www3.unicentro.br\/lgpd\/wp-json\/wp\/v2\/pages\/2\/revisions"}],"predecessor-version":[{"id":171,"href":"https:\/\/www3.unicentro.br\/lgpd\/wp-json\/wp\/v2\/pages\/2\/revisions\/171"}],"wp:attachment":[{"href":"https:\/\/www3.unicentro.br\/lgpd\/wp-json\/wp\/v2\/media?parent=2"}],"curies":[{"name":"wp","href":"https:\/\/api.w.org\/{rel}","templated":true}]}}