{"id":31,"date":"2020-11-11T16:37:00","date_gmt":"2020-11-11T19:37:00","guid":{"rendered":"https:\/\/www3.unicentro.br\/lepur\/?page_id=31"},"modified":"2020-11-11T17:05:12","modified_gmt":"2020-11-11T20:05:12","slug":"publicacoes","status":"publish","type":"page","link":"https:\/\/www3.unicentro.br\/lepur\/publicacoes\/","title":{"rendered":"Publica\u00e7\u00f5es"},"content":{"rendered":"<div class=\"wpb-content-wrapper\"><p>[vc_row][vc_column][vc_tta_accordion style=&#8221;flat&#8221; shape=&#8221;square&#8221; gap=&#8221;1&#8243; active_section=&#8221;100&#8243; collapsible_all=&#8221;true&#8221;][vc_tta_section title=&#8221;Ebooks e Cap\u00edtulos de Livros&#8221; tab_id=&#8221;1605122454262-1a1f8ffc-f0f6&#8243;][vc_column_text]<\/p>\n<h4><strong>Cap\u00edtulo de livro publicado<\/strong><\/h4>\n<ul>\n<li><a href=\"http:\/\/www.observatoriodasmetropoles.net.br\/wp-content\/uploads\/2020\/10\/Pandemia-espaco-e-tempo_Reflexoes-Geograficas1.pdf\">Pandemia, espa\u00e7o e tempo: reflex\u00f5es geogr\u00e1ficas<\/a><\/li>\n<\/ul>\n<h4><strong>\u00a0<\/strong><strong>Cap\u00edtulo de livro\u00a0<\/strong><\/h4>\n<ul>\n<li><a href=\"http:\/\/campomourao.unespar.edu.br\/editora\/documentos\/estudos-urbanos.pdf\">Estudos urbanos: conceitos, defini\u00e7\u00f5es e debates<\/a><\/li>\n<\/ul>\n<h4><strong>Cap\u00edtulo de livro<\/strong><\/h4>\n<ul>\n<li><a href=\"http:\/\/www.pge.uem.br\/pge-editora\">Construindo o saber geogr\u00e1fico<\/a><\/li>\n<\/ul>\n<h4><strong>Organiza\u00e7\u00e3o de livro e cap\u00edtulo<\/strong><\/h4>\n<ul>\n<li><a href=\"https:\/\/issuu.com\/lisandrops\/docs\/livro_degeo_2013_geografia_s___sociedade_e_territ\">Geografia, sociedade e territ\u00f3rio<\/a><strong>\u00a0<\/strong><\/li>\n<\/ul>\n<h4><strong>Organiza\u00e7\u00e3o de livro e cap\u00edtulo<\/strong><\/h4>\n<ul>\n<li><a href=\"https:\/\/educapes.capes.gov.br\/handle\/capes\/177700?mode=full\">O Despertar para o Conhecimento Cient\u00edfico Extensionista<\/a><\/li>\n<\/ul>\n<h4><strong>Cap\u00edtulo de livro<\/strong><\/h4>\n<ul>\n<li><a href=\"https:\/\/books.google.com.br\/books?id=DEqfI3jAbRAC&amp;pg=PA51&amp;lpg=PA51&amp;dq=lisandro+pezzi+schmidt&amp;source=bl&amp;ots=cCZezXVlWN&amp;sig=ACfU3U1rkX2G64j_8aoN2YkoL5jU6U4CMA&amp;hl=pt-BR&amp;sa=X&amp;ved=2ahUKEwjV0bCfs8vsAhXgJ7kGHfuMCP44PBDoATADegQIARAC#v=onepage&amp;q=lisandro%20pezzi%20schmidt&amp;f=false\">Cidade, cultura e ambiente<\/a><strong>\u00a0<\/strong><\/li>\n<\/ul>\n<h4><strong>Cap\u00edtulo de livro<\/strong><\/h4>\n<ul>\n<li><a href=\"https:\/\/drive.google.com\/file\/d\/17jJxV80GnkXg5DsqAAQvk_sMQPJjxeAn\/view\">Construindo o saber geogr\u00e1fico<\/a><\/li>\n<\/ul>\n<p>[\/vc_column_text][\/vc_tta_section][vc_tta_section title=&#8221;Not\u00edcias&#8221; tab_id=&#8221;1605122454277-a68b0601-f332&#8243;][vc_column_text]<\/p>\n<ul>\n<li><a href=\"https:\/\/www3.unicentro.br\/noticias\/2019\/08\/26\/cidades-inteligentes-e-tema-de-palestra-no-campus-cedeteg\/\">https:\/\/www3.unicentro.br\/noticias\/2019\/08\/26\/cidades-inteligentes-e-tema-de-palestra-no-campus-cedeteg\/<\/a><\/li>\n<li><a href=\"http:\/\/patobranco.pr.gov.br\/noticias\/inventum\/corrida-maluca-movimentou-o-segundo-dia-da-inventum-2019\">http:\/\/patobranco.pr.gov.br\/noticias\/inventum\/corrida-maluca-movimentou-o-segundo-dia-da-inventum-2019<\/a><\/li>\n<li><a href=\"http:\/\/www.sulina.pr.gov.br\/noticia\/381\/apresentacao-inventario-da-oferta-turistica-de-sulina\">http:\/\/www.sulina.pr.gov.br\/noticia\/381\/apresentacao-inventario-da-oferta-turistica-de-sulina<\/a><\/li>\n<li><a href=\"https:\/\/www.folhadelondrina.com.br\/geral\/quase-40-dos-municipios-paranaenses-perdem-populacao-956848.html\">https:\/\/www.folhadelondrina.com.br\/geral\/quase-40-dos-municipios-paranaenses-perdem-populacao-956848.html<\/a><\/li>\n<li><a href=\"http:\/\/poloapucarana.blogspot.com\/2016\/10\/entrega-de-certificados_10.html\">http:\/\/poloapucarana.blogspot.com\/2016\/10\/entrega-de-certificados_10.html<\/a><\/li>\n<li><a href=\"http:\/\/polouabbeltrao.blogspot.com\/2015\/06\/visita-do-coordenador-professor-doutor.html\">http:\/\/polouabbeltrao.blogspot.com\/2015\/06\/visita-do-coordenador-professor-doutor.html<\/a><\/li>\n<li><a href=\"http:\/\/polouabbeltrao.blogspot.com\/2014\/05\/o-polo-de-apoio-presencial-de.html\">http:\/\/polouabbeltrao.blogspot.com\/2014\/05\/o-polo-de-apoio-presencial-de.html<\/a><\/li>\n<li><a href=\"https:\/\/passelivreguarapuava.wordpress.com\/2012\/11\/06\/cine-debate-pule-a-catraca-e-venha-ao-cinema\/\">https:\/\/passelivreguarapuava.wordpress.com\/2012\/11\/06\/cine-debate-pule-a-catraca-e-venha-ao-cinema\/<\/a><\/li>\n<\/ul>\n<p>[\/vc_column_text][\/vc_tta_section][vc_tta_section title=&#8221;Trabalhos de Campo \/ Visita T\u00e9cnica&#8221; tab_id=&#8221;1605124810315-1ae56e42-ddb2&#8243;][vc_column_text]<\/p>\n<ul>\n<li><a href=\"http:\/\/www.patobranco.pr.gov.br\/noticias\/inventum\/representantes-da-unicentro-visitam-pato-branco-para-tratar-de-participacao-na-inventum\/\">http:\/\/www.patobranco.pr.gov.br\/noticias\/inventum\/representantes-da-unicentro-visitam-pato-branco-para-tratar-de-participacao-na-inventum\/<\/a><\/li>\n<li><a href=\"http:\/\/www.patobranco.pr.gov.br\/noticias\/planejamento\/academicos-da-unicentro-visitam-pato-branco\/\">http:\/\/www.patobranco.pr.gov.br\/noticias\/planejamento\/academicos-da-unicentro-visitam-pato-branco\/<\/a><\/li>\n<li><a href=\"http:\/\/www1.londrina.pr.gov.br\/index.php?option=com_acymailing&amp;ctrl=archive&amp;task=view&amp;listid=10-imprensa&amp;mailid=16670-alunos-de-pos-grad\u2026\">http:\/\/www1.londrina.pr.gov.br\/index.php?option=com_acymailing&amp;ctrl=archive&amp;task=view&amp;listid=10-imprensa&amp;mailid=16670-alunos-de-pos-grad\u2026<\/a><\/li>\n<li><a href=\"https:\/\/diariodosudoeste.com.br\/noticia\/academicos-da-unicentro-visitam-pato-branco\">https:\/\/diariodosudoeste.com.br\/noticia\/academicos-da-unicentro-visitam-pato-branco<\/a><\/li>\n<li><a href=\"http:\/\/www.vejapatobranco.com\/leitura\/noticia\/id\/3757\/titulo\/Academicos-visitam-o-gabinete-da-Prefeitura-Municipal-de-Pato-Branco\">http:\/\/www.vejapatobranco.com\/leitura\/noticia\/id\/3757\/titulo\/Academicos-visitam-o-gabinete-da-Prefeitura-Municipal-de-Pato-Branco<\/a><\/li>\n<\/ul>\n<p>[\/vc_column_text][\/vc_tta_section][vc_tta_section title=&#8221;Projetos em Parceria \/ Produ\u00e7\u00f5es&#8221; tab_id=&#8221;1605124894003-291ef772-f673&#8243;][vc_column_text]<\/p>\n<ul>\n<li><a href=\"https:\/\/www3.unicentro.br\/noticias\/2019\/09\/03\/primeira-manha-de-ciencias-do-campus-cedeteg-e-um-sucesso\/\">https:\/\/www3.unicentro.br\/noticias\/2019\/09\/03\/primeira-manha-de-ciencias-do-campus-cedeteg-e-um-sucesso\/<\/a><\/li>\n<li><a href=\"http:\/\/www.patobranco.pr.gov.br\/noticias\/inventum\/pato-branco-realiza-lancamento-da-inventum-em-guarapuava\/\">http:\/\/www.patobranco.pr.gov.br\/noticias\/inventum\/pato-branco-realiza-lancamento-da-inventum-em-guarapuava\/<\/a><\/li>\n<li><a href=\"https:\/\/www3.unicentro.br\/noticias\/2019\/02\/25\/parceria-unicentro-prefeitura-de-sulina-avalia-potencialidades-turisticas-do-municipio\/\">https:\/\/www3.unicentro.br\/noticias\/2019\/02\/25\/parceria-unicentro-prefeitura-de-sulina-avalia-potencialidades-turisticas-do-municipio\/<\/a><\/li>\n<li><a href=\"https:\/\/extraguarapuava.com.br\/cidades\/parceria-unicentro-e-prefeitura-avaliam-potencialidades-turisticas-em-sulina\">https:\/\/extraguarapuava.com.br\/cidades\/parceria-unicentro-e-prefeitura-avaliam-potencialidades-turisticas-em-sulina<\/a><\/li>\n<li><a href=\"http:\/\/www.alencarsouza.com\/2014\/09\/inventario-turistico-comeca-ser.html#.XGcB7FVKjlV\">http:\/\/www.alencarsouza.com\/2014\/09\/inventario-turistico-comeca-ser.html#.XGcB7FVKjlV<\/a><\/li>\n<li><a href=\"https:\/\/olhoabertopr.blogspot.com\/2014\/09\/reserva-do-iguacuinventario-turistico.html\">https:\/\/olhoabertopr.blogspot.com\/2014\/09\/reserva-do-iguacuinventario-turistico.html<\/a><\/li>\n<li><a href=\"http:\/\/www.sesipr.org.br\/industria-e-sociedade\/reserva-do-iguacu-recebe-inventario-turistico-1-27056-286645.shtml\">http:\/\/www.sesipr.org.br\/industria-e-sociedade\/reserva-do-iguacu-recebe-inventario-turistico-1-27056-286645.shtml<\/a><\/li>\n<li><a href=\"https:\/\/portalcantu.com.br\/reserva-do-iguacu\/item\/23066-municipio-ganha-inventario-turistico\">https:\/\/portalcantu.com.br\/reserva-do-iguacu\/item\/23066-municipio-ganha-inventario-turistico<\/a><\/li>\n<li><a href=\"http:\/\/www.alencarsouza.com\/2015\/06\/prefeito-neri-quatrin-participa-de.html#.XGcBVIVKjIV\">http:\/\/www.alencarsouza.com\/2015\/06\/prefeito-neri-quatrin-participa-de.html#.XGcBVIVKjIV<\/a><\/li>\n<li><a href=\"https:\/\/jornalfatos.com.br\/inventario-turistico-esta-finalizado\/\">https:\/\/jornalfatos.com.br\/inventario-turistico-esta-finalizado\/<\/a><\/li>\n<li><a href=\"http:\/\/www.sulina.pr.gov.br\/noticia\/386\/apresentacao-do-inventario-da-oferta-turistica-de-sulina\">http:\/\/www.sulina.pr.gov.br\/noticia\/386\/apresentacao-do-inventario-da-oferta-turistica-de-sulina<\/a><\/li>\n<\/ul>\n<p>[\/vc_column_text][\/vc_tta_section][\/vc_tta_accordion][\/vc_column][\/vc_row]<\/p>\n<\/div>","protected":false},"excerpt":{"rendered":"<p>[vc_row][vc_column][vc_tta_accordion style=&#8221;flat&#8221; shape=&#8221;square&#8221; gap=&#8221;1&#8243; active_section=&#8221;100&#8243; collapsible_all=&#8221;true&#8221;][vc_tta_section title=&#8221;Ebooks e Cap\u00edtulos de Livros&#8221; tab_id=&#8221;1605122454262-1a1f8ffc-f0f6&#8243;][vc_column_text] Cap\u00edtulo de livro publicado Pandemia, espa\u00e7o e tempo: reflex\u00f5es geogr\u00e1ficas \u00a0Cap\u00edtulo de livro\u00a0 Estudos urbanos: conceitos, defini\u00e7\u00f5es e debates Cap\u00edtulo de livro Construindo o saber geogr\u00e1fico Organiza\u00e7\u00e3o de livro e cap\u00edtulo Geografia, sociedade e territ\u00f3rio\u00a0 Organiza\u00e7\u00e3o de livro e cap\u00edtulo O Despertar para [&hellip;]<\/p>\n","protected":false},"author":3,"featured_media":0,"parent":0,"menu_order":0,"comment_status":"closed","ping_status":"closed","template":"","meta":{"_exactmetrics_skip_tracking":false,"_exactmetrics_sitenote_active":false,"_exactmetrics_sitenote_note":"","_exactmetrics_sitenote_category":0,"footnotes":"","_links_to":"","_links_to_target":""},"class_list":["post-31","page","type-page","status-publish","hentry"],"_links":{"self":[{"href":"https:\/\/www3.unicentro.br\/lepur\/wp-json\/wp\/v2\/pages\/31","targetHints":{"allow":["GET"]}}],"collection":[{"href":"https:\/\/www3.unicentro.br\/lepur\/wp-json\/wp\/v2\/pages"}],"about":[{"href":"https:\/\/www3.unicentro.br\/lepur\/wp-json\/wp\/v2\/types\/page"}],"author":[{"embeddable":true,"href":"https:\/\/www3.unicentro.br\/lepur\/wp-json\/wp\/v2\/users\/3"}],"replies":[{"embeddable":true,"href":"https:\/\/www3.unicentro.br\/lepur\/wp-json\/wp\/v2\/comments?post=31"}],"version-history":[{"count":0,"href":"https:\/\/www3.unicentro.br\/lepur\/wp-json\/wp\/v2\/pages\/31\/revisions"}],"wp:attachment":[{"href":"https:\/\/www3.unicentro.br\/lepur\/wp-json\/wp\/v2\/media?parent=31"}],"curies":[{"name":"wp","href":"https:\/\/api.w.org\/{rel}","templated":true}]}}