{"id":27,"date":"2020-11-11T16:15:02","date_gmt":"2020-11-11T19:15:02","guid":{"rendered":"https:\/\/www3.unicentro.br\/lepur\/?page_id=27"},"modified":"2020-11-11T16:15:02","modified_gmt":"2020-11-11T19:15:02","slug":"projeto-de-pesquisa","status":"publish","type":"page","link":"https:\/\/www3.unicentro.br\/lepur\/projeto-de-pesquisa\/","title":{"rendered":"Projeto de Pesquisa"},"content":{"rendered":"<p class=\"Standard\" style=\"text-align: justify\"><b><span style=\"font-family: 'Arial',sans-serif;color: black\">T\u00edtulo: Din\u00e2mica da produ\u00e7\u00e3o do espa\u00e7o urbano e pol\u00edticas p\u00fablicas de planejamento urbano<\/span><\/b><\/p>\n<p class=\"Standard\" style=\"text-align: justify\"><b><span style=\"font-family: 'Arial',sans-serif;color: black\">Descri\u00e7\u00e3o:<br \/>\n<\/span><\/b><span style=\"font-family: 'Arial',sans-serif;color: black\">O conjunto das atividades de pesquisa desenvolvidas na Pesquisa Continuada se caracteriza como pesquisa e aplicada, em particular, a din\u00e2mica da produ\u00e7\u00e3o do espa\u00e7o urbano e as pol\u00edticas p\u00fablicas de planejamento urbano. Nessa dire\u00e7\u00e3o, tem como foco os processos socioespaciais e especificidades em cidades m\u00e9dias e pequenas e, consequentemente, o estudo comparativo e relacional dos processos praticados pelos agentes produtores e de suas estrat\u00e9gias. A investiga\u00e7\u00e3o gera conhecimentos que se relacionam aos interesses da pol\u00edtica p\u00fablica de interesse social. A pesquisa, al\u00e9m de produzir informa\u00e7\u00f5es emp\u00edricas, busca integra\u00e7\u00e3o com outros grupos de pesquisa de outras institui\u00e7\u00f5es de ensino superior, ao produzir conhecimento te\u00f3rico e pr\u00e1tico no intuito de construir tend\u00eancias recentes para gest\u00e3o do territ\u00f3rio. Justifica-se a Pesquisa Continuada para a investiga\u00e7\u00e3o das constantes muta\u00e7\u00f5es e conte\u00fados da urbaniza\u00e7\u00e3o paranaense, bem como pelas demais peculiaridades das atividades que est\u00e3o envolvidas como orienta\u00e7\u00e3o da Inicia\u00e7\u00e3o Cient\u00edfica, Trabalhos de Conclus\u00e3o de curso, Lato e Stricto Sensu em Geografia da Unicentro. As atividades de pesquisa contribuem para o conhecimento da urbaniza\u00e7\u00e3o das cidades m\u00e9dias e pequenas, produz novas refer\u00eancias bibliogr\u00e1ficas para a Geografia Urbana do estado do Paran\u00e1 e emprega os resultados da pesquisa em atividades did\u00e1ticas, procurando integrar a pesquisa aos m\u00faltiplos interesses institucionais.<\/span><\/p>\n","protected":false},"excerpt":{"rendered":"<p>T\u00edtulo: Din\u00e2mica da produ\u00e7\u00e3o do espa\u00e7o urbano e pol\u00edticas p\u00fablicas de planejamento urbano Descri\u00e7\u00e3o: O conjunto das atividades de pesquisa desenvolvidas na Pesquisa Continuada se caracteriza como pesquisa e aplicada, em particular, a din\u00e2mica da produ\u00e7\u00e3o do espa\u00e7o urbano e as pol\u00edticas p\u00fablicas de planejamento urbano. Nessa dire\u00e7\u00e3o, tem como foco os processos socioespaciais e [&hellip;]<\/p>\n","protected":false},"author":3,"featured_media":0,"parent":0,"menu_order":0,"comment_status":"closed","ping_status":"closed","template":"","meta":{"_exactmetrics_skip_tracking":false,"_exactmetrics_sitenote_active":false,"_exactmetrics_sitenote_note":"","_exactmetrics_sitenote_category":0,"footnotes":"","_links_to":"","_links_to_target":""},"class_list":["post-27","page","type-page","status-publish","hentry"],"_links":{"self":[{"href":"https:\/\/www3.unicentro.br\/lepur\/wp-json\/wp\/v2\/pages\/27","targetHints":{"allow":["GET"]}}],"collection":[{"href":"https:\/\/www3.unicentro.br\/lepur\/wp-json\/wp\/v2\/pages"}],"about":[{"href":"https:\/\/www3.unicentro.br\/lepur\/wp-json\/wp\/v2\/types\/page"}],"author":[{"embeddable":true,"href":"https:\/\/www3.unicentro.br\/lepur\/wp-json\/wp\/v2\/users\/3"}],"replies":[{"embeddable":true,"href":"https:\/\/www3.unicentro.br\/lepur\/wp-json\/wp\/v2\/comments?post=27"}],"version-history":[{"count":0,"href":"https:\/\/www3.unicentro.br\/lepur\/wp-json\/wp\/v2\/pages\/27\/revisions"}],"wp:attachment":[{"href":"https:\/\/www3.unicentro.br\/lepur\/wp-json\/wp\/v2\/media?parent=27"}],"curies":[{"name":"wp","href":"https:\/\/api.w.org\/{rel}","templated":true}]}}