{"id":26,"date":"2020-10-23T09:02:36","date_gmt":"2020-10-23T12:02:36","guid":{"rendered":"https:\/\/www3.unicentro.br\/lehis\/?page_id=26"},"modified":"2021-07-21T10:12:45","modified_gmt":"2021-07-21T13:12:45","slug":"estagio-supervisionado","status":"publish","type":"page","link":"https:\/\/www3.unicentro.br\/lehis\/estagio-supervisionado\/","title":{"rendered":"Est\u00e1gio Supervisionado"},"content":{"rendered":"<p><span style=\"font-family: 'times new roman', times, serif;font-size: 14pt\"><strong>DOCUMENTOS<\/strong><\/span><\/p>\n<hr \/>\n<p><span style=\"font-family: 'times new roman', times, serif;font-size: 14pt\">Regulamento de Est\u00e1gio do Curso de <\/span><span style=\"font-family: 'times new roman', times, serif;font-size: 14pt\">Hist\u00f3ria\u00a0<\/span><\/p>\n<p><a href=\"https:\/\/www3.unicentro.br\/lehis\/wp-content\/uploads\/sites\/103\/2020\/10\/Carta_de_Apresentacao.doc\"><span style=\"font-family: 'times new roman', times, serif;font-size: 14pt\">Carta de Apresenta\u00e7\u00e3o\u00a0<\/span><\/a><\/p>\n<p><a href=\"https:\/\/www3.unicentro.br\/lehis\/wp-content\/uploads\/sites\/103\/2020\/10\/PLANO_DE_ATIVIDADES_DE_ESTAGIO.doc\"><span style=\"font-family: 'times new roman', times, serif;font-size: 14pt\">Plano de Atividades\u00a0<\/span><\/a><\/p>\n<p><a href=\"https:\/\/www3.unicentro.br\/lehis\/wp-content\/uploads\/sites\/103\/2020\/10\/3-FICHA-DE-FREQUENCIA-2014.doc\"><span style=\"font-family: 'times new roman', times, serif;font-size: 14pt\">Ficha de Frequ\u00eancia<\/span><\/a><\/p>\n<p><a href=\"https:\/\/www3.unicentro.br\/lehis\/wp-content\/uploads\/sites\/103\/2020\/10\/Relatorio_Observacao.docx\"><span style=\"font-family: 'times new roman', times, serif;font-size: 14pt\">Relat\u00f3rio de Observa\u00e7\u00e3o<\/span><\/a><\/p>\n<p><a href=\"https:\/\/www3.unicentro.br\/lehis\/wp-content\/uploads\/sites\/103\/2020\/10\/DECLARACAO.doc\"><span style=\"font-family: 'times new roman', times, serif;font-size: 14pt\">Modelo de Declara\u00e7\u00e3o\u00a0<\/span><\/a><\/p>\n<p><a href=\"https:\/\/www3.unicentro.br\/lehis\/wp-content\/uploads\/sites\/103\/2020\/10\/MODELO-PLANO-DE-AULA-HISTORIA.docx\"><span style=\"font-family: 'times new roman', times, serif;font-size: 14pt\">Modelo de Plano de Aula\u00a0<\/span><\/a><\/p>\n<p><a href=\"https:\/\/www3.unicentro.br\/lehis\/wp-content\/uploads\/sites\/103\/2020\/10\/RELATORIO_ESTAGIO_FINAL-.docx\"><span style=\"font-family: 'times new roman', times, serif;font-size: 14pt\">Relat\u00f3rio Final\u00a0\u00a0<\/span><\/a><\/p>\n","protected":false},"excerpt":{"rendered":"<p>DOCUMENTOS Regulamento de Est\u00e1gio do Curso de Hist\u00f3ria\u00a0 Carta de Apresenta\u00e7\u00e3o\u00a0 Plano de Atividades\u00a0 Ficha de Frequ\u00eancia Relat\u00f3rio de Observa\u00e7\u00e3o Modelo de Declara\u00e7\u00e3o\u00a0 Modelo de Plano de Aula\u00a0 Relat\u00f3rio Final\u00a0\u00a0<\/p>\n","protected":false},"author":3,"featured_media":0,"parent":0,"menu_order":0,"comment_status":"closed","ping_status":"closed","template":"","meta":{"_exactmetrics_skip_tracking":false,"_exactmetrics_sitenote_active":false,"_exactmetrics_sitenote_note":"","_exactmetrics_sitenote_category":0,"footnotes":"","_links_to":"","_links_to_target":""},"class_list":["post-26","page","type-page","status-publish","hentry"],"_links":{"self":[{"href":"https:\/\/www3.unicentro.br\/lehis\/wp-json\/wp\/v2\/pages\/26","targetHints":{"allow":["GET"]}}],"collection":[{"href":"https:\/\/www3.unicentro.br\/lehis\/wp-json\/wp\/v2\/pages"}],"about":[{"href":"https:\/\/www3.unicentro.br\/lehis\/wp-json\/wp\/v2\/types\/page"}],"author":[{"embeddable":true,"href":"https:\/\/www3.unicentro.br\/lehis\/wp-json\/wp\/v2\/users\/3"}],"replies":[{"embeddable":true,"href":"https:\/\/www3.unicentro.br\/lehis\/wp-json\/wp\/v2\/comments?post=26"}],"version-history":[{"count":0,"href":"https:\/\/www3.unicentro.br\/lehis\/wp-json\/wp\/v2\/pages\/26\/revisions"}],"wp:attachment":[{"href":"https:\/\/www3.unicentro.br\/lehis\/wp-json\/wp\/v2\/media?parent=26"}],"curies":[{"name":"wp","href":"https:\/\/api.w.org\/{rel}","templated":true}]}}