{"id":22,"date":"2020-10-23T09:01:57","date_gmt":"2020-10-23T12:01:57","guid":{"rendered":"https:\/\/www3.unicentro.br\/lehis\/?page_id=22"},"modified":"2020-10-24T16:00:25","modified_gmt":"2020-10-24T19:00:25","slug":"objetivos","status":"publish","type":"page","link":"https:\/\/www3.unicentro.br\/lehis\/objetivos\/","title":{"rendered":"Objetivos"},"content":{"rendered":"<ul>\n<li style=\"text-align: justify\"><span style=\"font-family: 'times new roman', times, serif;font-size: 14pt\">Promover a\u00e7\u00f5es adequadas \u00e0 integra\u00e7\u00e3o teoria e pr\u00e1tica durante o processo de forma\u00e7\u00e3o dos acad\u00eamicos do curso de Hist\u00f3ria \u2013 DEHIS\/I, visando \u00e0 capacita\u00e7\u00e3o e qualifica\u00e7\u00e3o dos licenciandos para uma atua\u00e7\u00e3o din\u00e2mica e reflexiva frente ao ato educativo e frente \u00e0s m\u00faltiplas realidades de trabalho docente encontradas.<\/span><\/li>\n<li style=\"text-align: justify\"><span style=\"font-family: 'times new roman', times, serif;font-size: 14pt\">Sistematizar princ\u00edpios metodol\u00f3gicos para a forma\u00e7\u00e3o de professores de hist\u00f3ria, considerando as perspectivas te\u00f3rico-metodol\u00f3gicas orientadoras do conhecimento hist\u00f3rico\/cient\u00edfico, reconhecendo o contexto educativo e sociocultural regional.<\/span><\/li>\n<li style=\"text-align: justify\"><span style=\"font-family: 'times new roman', times, serif;font-size: 14pt\">Constituir um banco de dados sobre o ensino de hist\u00f3ria na regi\u00e3o de abrang\u00eancia da Unicentro, com vistas a fortalecer a interlocu\u00e7\u00e3o entre a institui\u00e7\u00e3o formadora e as institui\u00e7\u00f5es de educa\u00e7\u00e3o b\u00e1sica.<\/span><\/li>\n<li style=\"text-align: justify\"><span style=\"font-family: 'times new roman', times, serif;font-size: 14pt\">Estabelecer v\u00ednculos a partir de projetos de forma\u00e7\u00e3o compartilhada e continuada entre o curso de Hist\u00f3ria e as redes de educa\u00e7\u00e3o b\u00e1sica da regi\u00e3o.<\/span><\/li>\n<li style=\"text-align: justify\"><span style=\"font-family: 'times new roman', times, serif;font-size: 14pt\">Proporcionar campo de est\u00e1gio aos estudantes da Unicentro, assim como prestar assessorias, consultorias e propor parcerias e conv\u00eanios com institui\u00e7\u00f5es p\u00fablicas e privadas, desde que n\u00e3o sejam contr\u00e1rios aos objetivos do LEHIS e dentro das possibilidades do laborat\u00f3rio e do efetivo de seu pessoal;<\/span><\/li>\n<li style=\"text-align: justify\"><span style=\"font-family: 'times new roman', times, serif;font-size: 14pt\">Fomentar e assessorar pr\u00e1ticas pedag\u00f3gicas qualificadas no ensino da hist\u00f3ria, dinamizando experi\u00eancias com linguagens alternativas, levando em conta as tend\u00eancias atuais do debate historiogr\u00e1fico e educacional.<\/span><\/li>\n<\/ul>\n<p>&nbsp;<\/p>\n<p>&nbsp;<\/p>\n","protected":false},"excerpt":{"rendered":"<p>Promover a\u00e7\u00f5es adequadas \u00e0 integra\u00e7\u00e3o teoria e pr\u00e1tica durante o processo de forma\u00e7\u00e3o dos acad\u00eamicos do curso de Hist\u00f3ria \u2013 DEHIS\/I, visando \u00e0 capacita\u00e7\u00e3o e qualifica\u00e7\u00e3o dos licenciandos para uma atua\u00e7\u00e3o din\u00e2mica e reflexiva frente ao ato educativo e frente \u00e0s m\u00faltiplas realidades de trabalho docente encontradas. Sistematizar princ\u00edpios metodol\u00f3gicos para a forma\u00e7\u00e3o de professores [&hellip;]<\/p>\n","protected":false},"author":3,"featured_media":0,"parent":0,"menu_order":0,"comment_status":"closed","ping_status":"closed","template":"","meta":{"_exactmetrics_skip_tracking":false,"_exactmetrics_sitenote_active":false,"_exactmetrics_sitenote_note":"","_exactmetrics_sitenote_category":0,"footnotes":"","_links_to":"","_links_to_target":""},"class_list":["post-22","page","type-page","status-publish","hentry"],"_links":{"self":[{"href":"https:\/\/www3.unicentro.br\/lehis\/wp-json\/wp\/v2\/pages\/22","targetHints":{"allow":["GET"]}}],"collection":[{"href":"https:\/\/www3.unicentro.br\/lehis\/wp-json\/wp\/v2\/pages"}],"about":[{"href":"https:\/\/www3.unicentro.br\/lehis\/wp-json\/wp\/v2\/types\/page"}],"author":[{"embeddable":true,"href":"https:\/\/www3.unicentro.br\/lehis\/wp-json\/wp\/v2\/users\/3"}],"replies":[{"embeddable":true,"href":"https:\/\/www3.unicentro.br\/lehis\/wp-json\/wp\/v2\/comments?post=22"}],"version-history":[{"count":0,"href":"https:\/\/www3.unicentro.br\/lehis\/wp-json\/wp\/v2\/pages\/22\/revisions"}],"wp:attachment":[{"href":"https:\/\/www3.unicentro.br\/lehis\/wp-json\/wp\/v2\/media?parent=22"}],"curies":[{"name":"wp","href":"https:\/\/api.w.org\/{rel}","templated":true}]}}