{"id":20,"date":"2020-10-23T09:01:38","date_gmt":"2020-10-23T12:01:38","guid":{"rendered":"https:\/\/www3.unicentro.br\/lehis\/?page_id=20"},"modified":"2020-10-24T16:20:41","modified_gmt":"2020-10-24T19:20:41","slug":"historico","status":"publish","type":"page","link":"https:\/\/www3.unicentro.br\/lehis\/historico\/","title":{"rendered":"HIst\u00f3rico"},"content":{"rendered":"<div class=\"wpb-content-wrapper\"><p>[vc_row][vc_column][vc_column_text]<\/p>\n<p class=\"font_8\" style=\"text-align: justify\"><span style=\"font-size: 14pt;font-family: 'times new roman', times, serif\">Criado em 2011, o Laborat\u00f3rio de Ensino de Hist\u00f3ria, denominado LEHIS define-se como espa\u00e7o ensino, pesquisa e extens\u00e3o das rela\u00e7\u00f5es did\u00e1ticas estabelecidas no processo de forma\u00e7\u00e3o dos licenciandos ligados ao Departamento de Hist\u00f3ria, do campus universit\u00e1rio de Irati, formado por docentes, coordena\u00e7\u00e3o e acad\u00eamicos da Universidade Estadual do Centro-Oeste (UNICENTRO), bem como demais interessados em pesquisar as rela\u00e7\u00f5es do ensino de Hist\u00f3ria.<\/span><\/p>\n<p class=\"font_8\" style=\"text-align: justify\"><span style=\"font-size: 14pt;font-family: 'times new roman', times, serif\">O LEHIS encontra-se instalado no campus de Irati, nas depend\u00eancias das salas destinadas como laborat\u00f3rio ao Departamento de Hist\u00f3ria, e segue ao Estatuto da UNICENTRO e todas normas concernentes \u00e0s pol\u00edticas de pesquisa, extens\u00e3o e ensino do pa\u00eds e, daquelas Institui\u00e7\u00f5es e Entidades, nacionais e internacionais, a que se conveniar.<\/span><\/p>\n<p>[\/vc_column_text][\/vc_column][\/vc_row]<\/p>\n<\/div>","protected":false},"excerpt":{"rendered":"<p>[vc_row][vc_column][vc_column_text] Criado em 2011, o Laborat\u00f3rio de Ensino de Hist\u00f3ria, denominado LEHIS define-se como espa\u00e7o ensino, pesquisa e extens\u00e3o das rela\u00e7\u00f5es did\u00e1ticas estabelecidas no processo de forma\u00e7\u00e3o dos licenciandos ligados ao Departamento de Hist\u00f3ria, do campus universit\u00e1rio de Irati, formado por docentes, coordena\u00e7\u00e3o e acad\u00eamicos da Universidade Estadual do Centro-Oeste (UNICENTRO), bem como demais interessados [&hellip;]<\/p>\n","protected":false},"author":3,"featured_media":83,"parent":0,"menu_order":0,"comment_status":"closed","ping_status":"closed","template":"","meta":{"_exactmetrics_skip_tracking":false,"_exactmetrics_sitenote_active":false,"_exactmetrics_sitenote_note":"","_exactmetrics_sitenote_category":0,"footnotes":"","_links_to":"","_links_to_target":""},"class_list":["post-20","page","type-page","status-publish","has-post-thumbnail","hentry"],"_links":{"self":[{"href":"https:\/\/www3.unicentro.br\/lehis\/wp-json\/wp\/v2\/pages\/20","targetHints":{"allow":["GET"]}}],"collection":[{"href":"https:\/\/www3.unicentro.br\/lehis\/wp-json\/wp\/v2\/pages"}],"about":[{"href":"https:\/\/www3.unicentro.br\/lehis\/wp-json\/wp\/v2\/types\/page"}],"author":[{"embeddable":true,"href":"https:\/\/www3.unicentro.br\/lehis\/wp-json\/wp\/v2\/users\/3"}],"replies":[{"embeddable":true,"href":"https:\/\/www3.unicentro.br\/lehis\/wp-json\/wp\/v2\/comments?post=20"}],"version-history":[{"count":0,"href":"https:\/\/www3.unicentro.br\/lehis\/wp-json\/wp\/v2\/pages\/20\/revisions"}],"wp:featuredmedia":[{"embeddable":true,"href":"https:\/\/www3.unicentro.br\/lehis\/wp-json\/wp\/v2\/media\/83"}],"wp:attachment":[{"href":"https:\/\/www3.unicentro.br\/lehis\/wp-json\/wp\/v2\/media?parent=20"}],"curies":[{"name":"wp","href":"https:\/\/api.w.org\/{rel}","templated":true}]}}