{"id":527,"date":"2023-02-07T11:04:56","date_gmt":"2023-02-07T14:04:56","guid":{"rendered":"https:\/\/www3.unicentro.br\/labhidro\/?page_id=527"},"modified":"2025-09-25T14:56:47","modified_gmt":"2025-09-25T17:56:47","slug":"links-3","status":"publish","type":"page","link":"https:\/\/www3.unicentro.br\/labhidro\/en\/links-3\/","title":{"rendered":"Links"},"content":{"rendered":"<div class=\"wpb-content-wrapper\"><p>[vc_row][vc_column][vc_column_text css_animation=&#8221;fadeIn&#8221; css=&#8221;&#8221;]<\/p>\n<h3><em><span style=\"color: #3366ff;font-family: arial, helvetica, sans-serif\">Brazilian National Agencies and Institutions<\/span><\/em><\/h3>\n<p><span style=\"color: #000000\">\ud83d\udcc4\u00a0<a style=\"color: #000000\" href=\"https:\/\/www.ana.gov.br\/\" target=\"_blank\" rel=\"noopener\">ANA \u2013 Ag\u00eancia Nacional de \u00c1guas (National Water Agency)<\/a><\/span><br \/>\n<span style=\"color: #000000\">\ud83d\udcc4\u00a0<a style=\"color: #000000\" href=\"https:\/\/www.gov.br\/cemaden\/pt-br\" target=\"_blank\" rel=\"noopener\">CEMADEN \u2013 Centro Nacional de Monitoramento e Alerta de Desastres Naturais (National Center for Monitoring and Early Warning of Natural Disasters)<\/a><\/span><br \/>\n<span style=\"color: #000000\">\ud83d\udcc4\u00a0<a href=\"https:\/\/www.defesacivil.pr.gov.br\/\" target=\"_blank\" rel=\"noopener\">Coordenadoria Estadual de Prote\u00e7\u00e3o e Defesa Civil do Paran\u00e1 (State Coordination for Protection and Civil Defense of Paran\u00e1)<\/a><\/span><br \/>\n<span style=\"color: #000000\">\ud83d\udcc4\u00a0<a style=\"color: #000000\" href=\"https:\/\/concidade.guarapuava.pr.gov.br\/concidade\/pages\/\" target=\"_blank\" rel=\"noopener\">Concidade \u2013 Guarapuava<\/a><\/span><\/p>\n<h3><span style=\"font-family: arial, helvetica, sans-serif\"><em><span style=\"color: #3366ff\">Meteorological Stations and Data<\/span><\/em><\/span><\/h3>\n<p>\ud83c\udf21\ufe0f <span style=\"color: #000000\"><a style=\"color: #000000\" href=\"https:\/\/www.wunderground.com\/dashboard\/pws\/IGUARA89\" target=\"_blank\" rel=\"noopener\">Weather Station \u2013 LabHidro-Trianon<\/a><\/span><br \/>\n<span style=\"color: #000000\">\ud83c\udf21\ufe0f\u00a0<a style=\"color: #000000\" href=\"http:\/\/www.snirh.gov.br\/hidroweb\/publico\/mapa_hidroweb.jsf\" target=\"_blank\" rel=\"noopener\">HIDROWEB \u2013 Rede Hidrometeorol\u00f3gica Nacional (National Hydrometeorological Network)<\/a><\/span><br \/>\n<span style=\"color: #000000\">\ud83c\udf21\ufe0f\u00a0<a style=\"color: #000000\" href=\"https:\/\/www.idrparana.pr.gov.br\/Pagina\/Dados-Meteorologicos-Historicos-e-Atuais\" target=\"_blank\" rel=\"noopener\">IAPAR \u2013 M\u00e9dias Hist\u00f3ricas em Esta\u00e7\u00f5es do Paran\u00e1 (Historical Station Data for Paran\u00e1)<\/a><\/span><br \/>\n<span style=\"color: #000000\">\ud83c\udf21\ufe0f\u00a0<a style=\"color: #000000\" href=\"https:\/\/www.iat.pr.gov.br\/Pagina\/Sistema-de-Informacoes-Hidrologicas\" target=\"_blank\" rel=\"noopener\">Instituto \u00c1gua e Terra \u2013 Sistema de Informa\u00e7\u00f5es Hidrol\u00f3gicas (Hydrological Information System)<\/a><\/span><\/p>\n<h3><span style=\"font-family: arial, helvetica, sans-serif\"><em><span style=\"color: #3366ff\">Statistical and Hydrological Data<\/span><\/em><\/span><\/h3>\n<p>\ud83d\udcca<span style=\"color: #000000\">\u00a0<a style=\"color: #000000\" href=\"https:\/\/sidra.ibge.gov.br\/home\/pimpfbr\/brasil\" target=\"_blank\" rel=\"noopener\">SIDRA \u2013 Sistema IBGE de Recupera\u00e7\u00e3o Autom\u00e1tica<\/a><\/span><br \/>\n<span style=\"color: #000000\">\ud83d\udcca\u00a0<a style=\"color: #000000\" href=\"https:\/\/waterdata.usgs.gov\/nwis\" target=\"_blank\" rel=\"noopener\">USGS \u2013 National Water Information System<\/a><\/span><br \/>\n<span style=\"color: #000000\">\ud83d\udcca <a style=\"color: #000000\" href=\"http:\/\/meteoniardo.altervista.org\/portale-dei-dati-idrologici-italiani.html\" target=\"_blank\" rel=\"noopener\">Italian Hydrological Data Portal <\/a><\/span><\/p>\n<h3><span style=\"font-family: arial, helvetica, sans-serif;color: #3366ff\"><em>International Glossaries and References<\/em><\/span><\/h3>\n<p><span style=\"color: #000000\">\ud83d\udcd6\u00a0<a style=\"color: #000000\" href=\"https:\/\/biblioteca.ibge.gov.br\/visualizacao\/livros\/liv101626_v1.pdf\" target=\"_blank\" rel=\"noopener\">Glossary of Generic Terms of Geographic Names <\/a><\/span><br \/>\n<span style=\"color: #000000\">\ud83d\udcd6\u00a0<a style=\"color: #000000\" href=\"http:\/\/unesdoc.unesco.org\/images\/0022\/002218\/221862M.pdf\" target=\"_blank\" rel=\"noopener\">Unesco \u2013 International Hydrology Glossary<\/a><\/span><br \/>\n<span style=\"color: #000000\">\ud83d\udcd6\u00a0<a style=\"color: #000000\" href=\"https:\/\/en.unesco.org\/themes\/water-security\/hydrology\" target=\"_blank\" rel=\"noopener\">Unesco \u2013 Hydrology (International Hydrological Programme \u2013 IHP)<\/a><\/span><br \/>\n<span style=\"color: #000000\">\ud83d\udcd6 <a style=\"color: #000000\" href=\"http:\/\/www.sii-ihs.it\/index.php\" target=\"_blank\" rel=\"noopener\">Italian Hydrological Society<\/a><\/span>[\/vc_column_text][\/vc_column][\/vc_row]<\/p>\n<\/div>","protected":false},"excerpt":{"rendered":"<p>[vc_row][vc_column][vc_column_text css_animation=&#8221;fadeIn&#8221; css=&#8221;&#8221;] Brazilian National Agencies and Institutions \ud83d\udcc4\u00a0ANA \u2013 Ag\u00eancia Nacional de \u00c1guas (National Water Agency) \ud83d\udcc4\u00a0CEMADEN \u2013 Centro Nacional de Monitoramento e Alerta de Desastres Naturais (National Center for Monitoring and Early Warning of Natural Disasters) \ud83d\udcc4\u00a0Coordenadoria Estadual de Prote\u00e7\u00e3o e Defesa Civil do Paran\u00e1 (State Coordination for Protection and Civil Defense of [&hellip;]<\/p>\n","protected":false},"author":305,"featured_media":0,"parent":0,"menu_order":0,"comment_status":"closed","ping_status":"closed","template":"","meta":{"_exactmetrics_skip_tracking":false,"_exactmetrics_sitenote_active":false,"_exactmetrics_sitenote_note":"","_exactmetrics_sitenote_category":0,"footnotes":"","_links_to":"","_links_to_target":""},"class_list":["post-527","page","type-page","status-publish","hentry"],"_links":{"self":[{"href":"https:\/\/www3.unicentro.br\/labhidro\/wp-json\/wp\/v2\/pages\/527","targetHints":{"allow":["GET"]}}],"collection":[{"href":"https:\/\/www3.unicentro.br\/labhidro\/wp-json\/wp\/v2\/pages"}],"about":[{"href":"https:\/\/www3.unicentro.br\/labhidro\/wp-json\/wp\/v2\/types\/page"}],"author":[{"embeddable":true,"href":"https:\/\/www3.unicentro.br\/labhidro\/wp-json\/wp\/v2\/users\/305"}],"replies":[{"embeddable":true,"href":"https:\/\/www3.unicentro.br\/labhidro\/wp-json\/wp\/v2\/comments?post=527"}],"version-history":[{"count":2,"href":"https:\/\/www3.unicentro.br\/labhidro\/wp-json\/wp\/v2\/pages\/527\/revisions"}],"predecessor-version":[{"id":1413,"href":"https:\/\/www3.unicentro.br\/labhidro\/wp-json\/wp\/v2\/pages\/527\/revisions\/1413"}],"wp:attachment":[{"href":"https:\/\/www3.unicentro.br\/labhidro\/wp-json\/wp\/v2\/media?parent=527"}],"curies":[{"name":"wp","href":"https:\/\/api.w.org\/{rel}","templated":true}]}}