{"id":44,"date":"2018-11-01T00:00:00","date_gmt":"2018-11-01T03:00:00","guid":{"rendered":"https:\/\/www3.unicentro.br\/labhidro\/links\/"},"modified":"2025-09-25T14:57:48","modified_gmt":"2025-09-25T17:57:48","slug":"links","status":"publish","type":"page","link":"https:\/\/www3.unicentro.br\/labhidro\/links\/","title":{"rendered":"Links"},"content":{"rendered":"<div class=\"wpb-content-wrapper\"><p>[vc_row][vc_column][vc_column_text css_animation=&#8221;fadeIn&#8221; css=&#8221;&#8221;]<\/p>\n<h3><em><span style=\"color: #3366ff;font-family: arial, helvetica, sans-serif\">Ag\u00eancias e Institui\u00e7\u00f5es Nacionais<\/span><\/em><\/h3>\n<p><span style=\"color: #000000\">\ud83d\udcc4\u00a0<a style=\"color: #000000\" href=\"https:\/\/www.ana.gov.br\/\" target=\"_blank\" rel=\"noopener\">ANA \u2013 Ag\u00eancia Nacional de \u00c1guas<\/a><\/span><br \/>\n<span style=\"color: #000000\">\ud83d\udcc4\u00a0<a style=\"color: #000000\" href=\"https:\/\/www.gov.br\/cemaden\/pt-br\" target=\"_blank\" rel=\"noopener\">CEMADEN \u2013 Centro Nacional de Monitoramento e Alerta de Desastres Naturais<\/a><\/span><br \/>\n<span style=\"color: #000000\">\ud83d\udcc4\u00a0<a href=\"https:\/\/www.defesacivil.pr.gov.br\/\" target=\"_blank\" rel=\"noopener\">Coordenadoria Estadual de Prote\u00e7\u00e3o e Defesa Civil do Paran\u00e1<\/a><\/span><br \/>\n<span style=\"color: #000000\">\ud83d\udcc4\u00a0<a style=\"color: #000000\" href=\"https:\/\/concidade.guarapuava.pr.gov.br\/concidade\/pages\/\" target=\"_blank\" rel=\"noopener\">Concidade \u2013 Guarapuava<\/a><\/span><\/p>\n<h3><span style=\"font-family: arial, helvetica, sans-serif\"><em><span style=\"color: #3366ff\">E<\/span><span style=\"color: #3366ff\">sta\u00e7\u00f5es e Dados Meteorol\u00f3gicos<\/span><\/em><\/span><\/h3>\n<p>\ud83c\udf21\ufe0f\u00a0<span style=\"color: #000000\"><a style=\"color: #000000\" href=\"https:\/\/www.wunderground.com\/dashboard\/pws\/IGUARA89\" target=\"_blank\" rel=\"noopener\">Esta\u00e7\u00e3o meteorol\u00f3gica \u2013 LabHidro-Trianon<\/a><\/span><br \/>\n<span style=\"color: #000000\">\ud83c\udf21\ufe0f\u00a0<a style=\"color: #000000\" href=\"http:\/\/www.snirh.gov.br\/hidroweb\/publico\/mapa_hidroweb.jsf\" target=\"_blank\" rel=\"noopener\">HIDROWEB \u2013 Rede Hidrometeorol\u00f3gica Nacional<\/a><\/span><br \/>\n<span style=\"color: #000000\">\ud83c\udf21\ufe0f\u00a0<a style=\"color: #000000\" href=\"https:\/\/www.idrparana.pr.gov.br\/Pagina\/Dados-Meteorologicos-Historicos-e-Atuais\" target=\"_blank\" rel=\"noopener\">IAPAR \u2013 M\u00e9dias Hist\u00f3ricas em Esta\u00e7\u00f5es do Paran\u00e1<\/a><\/span><br \/>\n<span style=\"color: #000000\">\ud83c\udf21\ufe0f\u00a0<a style=\"color: #000000\" href=\"https:\/\/www.iat.pr.gov.br\/Pagina\/Sistema-de-Informacoes-Hidrologicas\" target=\"_blank\" rel=\"noopener\">Instituto \u00c1gua e Terra \u2013 Sistema de Informa\u00e7\u00f5es Hidrol\u00f3gicas<\/a><\/span><\/p>\n<h3><span style=\"font-family: arial, helvetica, sans-serif\"><em><span style=\"color: #3366ff\">Dados Estat\u00edsticos e Hidrol\u00f3gicos<\/span><\/em><\/span><\/h3>\n<p>\ud83d\udcca<span style=\"color: #000000\">\u00a0<a style=\"color: #000000\" href=\"https:\/\/sidra.ibge.gov.br\/home\/pimpfbr\/brasil\" target=\"_blank\" rel=\"noopener\">SIDRA \u2013 Sistema IBGE de Recupera\u00e7\u00e3o Autom\u00e1tica<\/a><\/span><br \/>\n<span style=\"color: #000000\">\ud83d\udcca\u00a0<a style=\"color: #000000\" href=\"https:\/\/waterdata.usgs.gov\/nwis\" target=\"_blank\" rel=\"noopener\">USGS \u2013 National Water Information System<\/a><\/span><br \/>\n<span style=\"color: #000000\">\ud83d\udcca\u00a0<a style=\"color: #000000\" href=\"http:\/\/meteoniardo.altervista.org\/portale-dei-dati-idrologici-italiani.html\" target=\"_blank\" rel=\"noopener\">Portal italiano de dados hidrol\u00f3gicos<\/a><\/span><\/p>\n<h3><span style=\"font-family: arial, helvetica, sans-serif;color: #3366ff\"><em>Gloss\u00e1rios e Refer\u00eancias Internacionais<\/em><\/span><\/h3>\n<p><span style=\"color: #000000\">\ud83d\udcd6\u00a0<a style=\"color: #000000\" href=\"https:\/\/biblioteca.ibge.gov.br\/visualizacao\/livros\/liv101626_v1.pdf\" target=\"_blank\" rel=\"noopener\">Gloss\u00e1rio dos Termos Gen\u00e9ricos dos Nomes Geogr\u00e1ficos<\/a><\/span><br \/>\n<span style=\"color: #000000\">\ud83d\udcd6\u00a0<a style=\"color: #000000\" href=\"http:\/\/unesdoc.unesco.org\/images\/0022\/002218\/221862M.pdf\" target=\"_blank\" rel=\"noopener\">Unesco \u2013 Gloss\u00e1rio Internacional de Hidrologia<\/a><\/span><br \/>\n<span style=\"color: #000000\">\ud83d\udcd6\u00a0<a style=\"color: #000000\" href=\"https:\/\/en.unesco.org\/themes\/water-security\/hydrology\" target=\"_blank\" rel=\"noopener\">Unesco \u2013 Hydrology (International Hydrological Programme \u2013 IHP)<\/a><\/span><br \/>\n<span style=\"color: #000000\">\ud83d\udcd6\u00a0<a style=\"color: #000000\" href=\"http:\/\/www.sii-ihs.it\/index.php\" target=\"_blank\" rel=\"noopener\">Sociedade Hidrol\u00f3gica Italiana<\/a><\/span>[\/vc_column_text][\/vc_column][\/vc_row]<\/p>\n<\/div>","protected":false},"excerpt":{"rendered":"<p>[vc_row][vc_column][vc_column_text css_animation=&#8221;fadeIn&#8221; css=&#8221;&#8221;] Ag\u00eancias e Institui\u00e7\u00f5es Nacionais \ud83d\udcc4\u00a0ANA \u2013 Ag\u00eancia Nacional de \u00c1guas \ud83d\udcc4\u00a0CEMADEN \u2013 Centro Nacional de Monitoramento e Alerta de Desastres Naturais \ud83d\udcc4\u00a0Coordenadoria Estadual de Prote\u00e7\u00e3o e Defesa Civil do Paran\u00e1 \ud83d\udcc4\u00a0Concidade \u2013 Guarapuava Esta\u00e7\u00f5es e Dados Meteorol\u00f3gicos \ud83c\udf21\ufe0f\u00a0Esta\u00e7\u00e3o meteorol\u00f3gica \u2013 LabHidro-Trianon \ud83c\udf21\ufe0f\u00a0HIDROWEB \u2013 Rede Hidrometeorol\u00f3gica Nacional \ud83c\udf21\ufe0f\u00a0IAPAR \u2013 M\u00e9dias Hist\u00f3ricas em Esta\u00e7\u00f5es [&hellip;]<\/p>\n","protected":false},"author":3,"featured_media":0,"parent":0,"menu_order":0,"comment_status":"closed","ping_status":"closed","template":"","meta":{"_exactmetrics_skip_tracking":false,"_exactmetrics_sitenote_active":false,"_exactmetrics_sitenote_note":"","_exactmetrics_sitenote_category":0,"footnotes":"","_links_to":"","_links_to_target":""},"class_list":["post-44","page","type-page","status-publish","hentry"],"_links":{"self":[{"href":"https:\/\/www3.unicentro.br\/labhidro\/wp-json\/wp\/v2\/pages\/44","targetHints":{"allow":["GET"]}}],"collection":[{"href":"https:\/\/www3.unicentro.br\/labhidro\/wp-json\/wp\/v2\/pages"}],"about":[{"href":"https:\/\/www3.unicentro.br\/labhidro\/wp-json\/wp\/v2\/types\/page"}],"author":[{"embeddable":true,"href":"https:\/\/www3.unicentro.br\/labhidro\/wp-json\/wp\/v2\/users\/3"}],"replies":[{"embeddable":true,"href":"https:\/\/www3.unicentro.br\/labhidro\/wp-json\/wp\/v2\/comments?post=44"}],"version-history":[{"count":2,"href":"https:\/\/www3.unicentro.br\/labhidro\/wp-json\/wp\/v2\/pages\/44\/revisions"}],"predecessor-version":[{"id":1410,"href":"https:\/\/www3.unicentro.br\/labhidro\/wp-json\/wp\/v2\/pages\/44\/revisions\/1410"}],"wp:attachment":[{"href":"https:\/\/www3.unicentro.br\/labhidro\/wp-json\/wp\/v2\/media?parent=44"}],"curies":[{"name":"wp","href":"https:\/\/api.w.org\/{rel}","templated":true}]}}