{"id":42,"date":"2018-11-01T00:00:00","date_gmt":"2018-11-01T03:00:00","guid":{"rendered":"https:\/\/www3.unicentro.br\/labhidro\/projetos\/"},"modified":"2023-09-25T15:44:01","modified_gmt":"2023-09-25T18:44:01","slug":"projetos","status":"publish","type":"page","link":"https:\/\/www3.unicentro.br\/labhidro\/projetos\/","title":{"rendered":"Projetos"},"content":{"rendered":"<div class=\"wpb-content-wrapper\"><p>[vc_row][vc_column][vc_custom_heading text=&#8221;Jovens Protagonistas no Enfrentamento da Emerg\u00eancia Clim\u00e1tica: A\u00e7\u00f5es locais voltadas para a COP 2030&#8243; font_container=&#8221;tag:h4|text_align:left&#8221; use_theme_fonts=&#8221;yes&#8221; css_animation=&#8221;fadeIn&#8221; link=&#8221;url:https%3A%2F%2Fwww.globalyouthclimatepact.org%2F|target:_blank&#8221;][\/vc_column][\/vc_row][vc_row][vc_column][vc_column_text css_animation=&#8221;fadeIn&#8221;]<\/p>\n<div class=\"wp-block-image\">\n<div class=\"wp-block-image\"><img loading=\"lazy\" decoding=\"async\" class=\"alignleft\" src=\"https:\/\/www3.unicentro.br\/labhidro\/wp-content\/uploads\/sites\/105\/2023\/09\/CYCP.jpg\" alt=\"\" width=\"300\" height=\"191\" \/><\/div>\n<p>&nbsp;<\/p>\n<p>O projeto de integra\u00e7\u00e3o ensino, pesquisa e extens\u00e3o, PIEPEx, tem como objetivo principal estimular o protagonismo jovem frente a Emerg\u00eancia Clim\u00e1tica, a partir do seu contexto e suas experi\u00eancias de vida. Os principais objetivos s\u00e3o: a) conhecer como jovens percebem a Emerg\u00eancia Clim\u00e1tica, suas consequ\u00eancias, em especial, no aumento do risco a desastres; b) subsidiar te\u00f3rica e metodologicamente jovens sobre os impactos das mudan\u00e7as clim\u00e1ticas na din\u00e2mica hidrol\u00f3gica local; c) contribuir com jovens na elabora\u00e7\u00e3o de alternativas de enfrentamento para reduzir os riscos; e d) promover a participa\u00e7\u00e3o de jovens em eventos cient\u00edficos ligados \u00e0 tem\u00e1tica e produ\u00e7\u00f5es cient\u00edficas.<\/p>\n<p>Per\u00edodo de desenvolvimento: 2023 \u2013 2025<\/p>\n<\/div>\n<p>[\/vc_column_text][\/vc_column][\/vc_row][vc_row][vc_column][vc_separator css_animation=&#8221;fadeIn&#8221;][\/vc_column][\/vc_row][vc_row][vc_column][vc_custom_heading text=&#8221;Mapeamento e avalia\u00e7\u00e3o do risco de inunda\u00e7\u00e3o&#8221; font_container=&#8221;tag:h4|text_align:left&#8221; use_theme_fonts=&#8221;yes&#8221; css_animation=&#8221;fadeIn&#8221;][\/vc_column][\/vc_row][vc_row][vc_column][vc_column_text css_animation=&#8221;fadeIn&#8221;]<\/p>\n<div class=\"wp-block-image\">\n<div class=\"wp-block-image\"><img loading=\"lazy\" decoding=\"async\" class=\"size-medium wp-image-312 alignleft\" src=\"https:\/\/www3.unicentro.br\/labhidro\/wp-content\/uploads\/sites\/105\/2022\/10\/Flooding-Guarapuava2-300x212.jpg\" alt=\"\" width=\"300\" height=\"212\" srcset=\"https:\/\/www3.unicentro.br\/labhidro\/wp-content\/uploads\/sites\/105\/2022\/10\/Flooding-Guarapuava2-300x212.jpg 300w, https:\/\/www3.unicentro.br\/labhidro\/wp-content\/uploads\/sites\/105\/2022\/10\/Flooding-Guarapuava2-1024x723.jpg 1024w, https:\/\/www3.unicentro.br\/labhidro\/wp-content\/uploads\/sites\/105\/2022\/10\/Flooding-Guarapuava2-768x542.jpg 768w, https:\/\/www3.unicentro.br\/labhidro\/wp-content\/uploads\/sites\/105\/2022\/10\/Flooding-Guarapuava2-255x180.jpg 255w, https:\/\/www3.unicentro.br\/labhidro\/wp-content\/uploads\/sites\/105\/2022\/10\/Flooding-Guarapuava2.jpg 1123w\" sizes=\"auto, (max-width: 300px) 100vw, 300px\" \/><\/div>\n<p>&nbsp;<\/p>\n<p>O objetivo desse projeto \u00e9 desenvolver uma metodologia para o ordenamento territorial que considere o risco de ocorr\u00eancia de desastres associado a inunda\u00e7\u00f5es, para cidade de pequeno e m\u00e9dio porte com car\u00eancia de dados hidrol\u00f3gicos, a partir da identifica\u00e7\u00e3o e an\u00e1lise das caracter\u00edsticas hidrol\u00f3gicas geradoras de eventos de inunda\u00e7\u00e3o.<\/p>\n<p>Per\u00edodo de desenvolvimento: 2022 \u2013 2026<\/p>\n<\/div>\n<p>[\/vc_column_text][\/vc_column][\/vc_row][vc_row][vc_column][vc_separator css_animation=&#8221;fadeIn&#8221;][\/vc_column][\/vc_row][vc_row][vc_column][vc_custom_heading text=&#8221;Escoamento pelo tronco e as ep\u00edfitas no processo de intercepta\u00e7\u00e3o florestal&#8221; font_container=&#8221;tag:h4|text_align:left&#8221; use_theme_fonts=&#8221;yes&#8221; css_animation=&#8221;fadeIn&#8221;][\/vc_column][\/vc_row][vc_row][vc_column][vc_column_text css_animation=&#8221;fadeIn&#8221;]<\/p>\n<div class=\"wp-block-image\"><img loading=\"lazy\" decoding=\"async\" class=\"size-medium wp-image-509 alignleft\" src=\"https:\/\/www3.unicentro.br\/labhidro\/wp-content\/uploads\/sites\/105\/2023\/02\/WhatsApp-Image-2023-02-07-at-09.20.30-300x225.jpeg\" alt=\"\" width=\"300\" height=\"225\" srcset=\"https:\/\/www3.unicentro.br\/labhidro\/wp-content\/uploads\/sites\/105\/2023\/02\/WhatsApp-Image-2023-02-07-at-09.20.30-300x225.jpeg 300w, https:\/\/www3.unicentro.br\/labhidro\/wp-content\/uploads\/sites\/105\/2023\/02\/WhatsApp-Image-2023-02-07-at-09.20.30-1024x766.jpeg 1024w, https:\/\/www3.unicentro.br\/labhidro\/wp-content\/uploads\/sites\/105\/2023\/02\/WhatsApp-Image-2023-02-07-at-09.20.30-768x575.jpeg 768w, https:\/\/www3.unicentro.br\/labhidro\/wp-content\/uploads\/sites\/105\/2023\/02\/WhatsApp-Image-2023-02-07-at-09.20.30-255x191.jpeg 255w, https:\/\/www3.unicentro.br\/labhidro\/wp-content\/uploads\/sites\/105\/2023\/02\/WhatsApp-Image-2023-02-07-at-09.20.30.jpeg 1280w\" sizes=\"auto, (max-width: 300px) 100vw, 300px\" \/><\/div>\n<p>&nbsp;<\/p>\n<p>O objetivo desse estudo \u00e9 investigar o papel das ep\u00edfitas no ciclo microhidrol\u00f3gico em Floresta Ombr\u00f3fila Mista a fim de fornecer uma avalia\u00e7\u00e3o das taxas de intercepta\u00e7\u00e3o direta por ep\u00edfitas, a partir de diferentes esp\u00e9cies arb\u00f3reas geradoras de escoamento pelo tronco e de prover com evid\u00eancias de que a arquitetura ep\u00edfitica pode condicionar tra\u00e7os espec\u00edficos nas esp\u00e9cies bem como na distribui\u00e7\u00e3o de \u00e1gua no solo e no fluxo de nutrientes oriunda do escoamento pelo tronco.<\/p>\n<p>Per\u00edodo de desenvolvimento:\u00a0 2021 \u2013 2025[\/vc_column_text][\/vc_column][\/vc_row][vc_row][vc_column][vc_separator css_animation=&#8221;fadeIn&#8221;][\/vc_column][\/vc_row][vc_row][vc_column][vc_custom_heading text=&#8221;Estudo hidrogeomorfol\u00f3gico de conflu\u00eancias fluviais rochosas com diferentes \u00e2ngulos de jun\u00e7\u00e3o&#8221; font_container=&#8221;tag:h4|text_align:left&#8221; use_theme_fonts=&#8221;yes&#8221; css_animation=&#8221;fadeIn&#8221;][\/vc_column][\/vc_row][vc_row][vc_column][vc_column_text css_animation=&#8221;fadeIn&#8221;]<\/p>\n<div class=\"wp-block-image\"><img loading=\"lazy\" decoding=\"async\" class=\"size-medium wp-image-550 alignleft\" src=\"https:\/\/www3.unicentro.br\/labhidro\/wp-content\/uploads\/sites\/105\/2023\/02\/WhatsApp-Image-2023-02-07-at-20.28.52-300x225.jpeg\" alt=\"\" width=\"300\" height=\"225\" srcset=\"https:\/\/www3.unicentro.br\/labhidro\/wp-content\/uploads\/sites\/105\/2023\/02\/WhatsApp-Image-2023-02-07-at-20.28.52-300x225.jpeg 300w, https:\/\/www3.unicentro.br\/labhidro\/wp-content\/uploads\/sites\/105\/2023\/02\/WhatsApp-Image-2023-02-07-at-20.28.52-1024x768.jpeg 1024w, https:\/\/www3.unicentro.br\/labhidro\/wp-content\/uploads\/sites\/105\/2023\/02\/WhatsApp-Image-2023-02-07-at-20.28.52-768x576.jpeg 768w, https:\/\/www3.unicentro.br\/labhidro\/wp-content\/uploads\/sites\/105\/2023\/02\/WhatsApp-Image-2023-02-07-at-20.28.52-1536x1152.jpeg 1536w, https:\/\/www3.unicentro.br\/labhidro\/wp-content\/uploads\/sites\/105\/2023\/02\/WhatsApp-Image-2023-02-07-at-20.28.52-255x191.jpeg 255w, https:\/\/www3.unicentro.br\/labhidro\/wp-content\/uploads\/sites\/105\/2023\/02\/WhatsApp-Image-2023-02-07-at-20.28.52.jpeg 1600w\" sizes=\"auto, (max-width: 300px) 100vw, 300px\" \/><\/div>\n<p>&nbsp;<\/p>\n<p>O objetivo \u00e9 investigar a morfologia e a distribui\u00e7\u00e3o dos sedimentos em leito de conflu\u00eancias fluviais rochosas com diferentes \u00e2ngulos de jun\u00e7\u00e3o. Para isso, dados de campo est\u00e3o sendo obtidos, como da morfologia (largura, declividade, profundidade), da geologia (litotipos do leito) e sedimentar (amostras de sedimento do leito), assim como uso de ve\u00edculo a\u00e9reo n\u00e3o tripulado &#8211; VANT para registros fotogr\u00e1ficos das \u00e1reas de conflu\u00eancias.<\/p>\n<p>Per\u00edodo de desenvolvimento: 2021 \u2013 2025[\/vc_column_text][\/vc_column][\/vc_row][vc_row][vc_column][vc_separator css_animation=&#8221;fadeIn&#8221;][\/vc_column][\/vc_row][vc_row][vc_column][vc_custom_heading text=&#8221;Estudo da qualidade da \u00e1gua e da distribui\u00e7\u00e3o de macroinvertebrados em conflu\u00eancias fluviais inseridas em diferentes tipos de usos da terra&#8221; font_container=&#8221;tag:h4|text_align:left&#8221; use_theme_fonts=&#8221;yes&#8221; css_animation=&#8221;fadeIn&#8221;][\/vc_column][\/vc_row][vc_row][vc_column][vc_column_text css_animation=&#8221;fadeIn&#8221;]<\/p>\n<div class=\"wp-block-image\"><img loading=\"lazy\" decoding=\"async\" class=\"size-medium wp-image-556 alignleft\" src=\"https:\/\/www3.unicentro.br\/labhidro\/wp-content\/uploads\/sites\/105\/2023\/02\/Pesquisa-campo-300x225.jpeg\" alt=\"\" width=\"300\" height=\"225\" srcset=\"https:\/\/www3.unicentro.br\/labhidro\/wp-content\/uploads\/sites\/105\/2023\/02\/Pesquisa-campo-300x225.jpeg 300w, https:\/\/www3.unicentro.br\/labhidro\/wp-content\/uploads\/sites\/105\/2023\/02\/Pesquisa-campo-1024x768.jpeg 1024w, https:\/\/www3.unicentro.br\/labhidro\/wp-content\/uploads\/sites\/105\/2023\/02\/Pesquisa-campo-768x576.jpeg 768w, https:\/\/www3.unicentro.br\/labhidro\/wp-content\/uploads\/sites\/105\/2023\/02\/Pesquisa-campo-1536x1152.jpeg 1536w, https:\/\/www3.unicentro.br\/labhidro\/wp-content\/uploads\/sites\/105\/2023\/02\/Pesquisa-campo-255x191.jpeg 255w, https:\/\/www3.unicentro.br\/labhidro\/wp-content\/uploads\/sites\/105\/2023\/02\/Pesquisa-campo.jpeg 1600w\" sizes=\"auto, (max-width: 300px) 100vw, 300px\" \/><\/div>\n<p>&nbsp;<\/p>\n<p>O objetivo desse projeto \u00e9 avaliar a presen\u00e7a e a estrutura das comunidades de macroinvertebrados bent\u00f4nicos em conflu\u00eancias fluviais em fun\u00e7\u00e3o do tipo de uso e ocupa\u00e7\u00e3o do solo e da din\u00e2mica fluvial.<\/p>\n<p>Per\u00edodo de desenvolvimento: 2022 \u2013 2024[\/vc_column_text][\/vc_column][\/vc_row][vc_row][vc_column][vc_separator css_animation=&#8221;fadeIn&#8221;][\/vc_column][\/vc_row][vc_row][vc_column][vc_custom_heading text=&#8221;Monitoramento e modelagem hidrossedimentol\u00f3gica da bacia do rio Cascavel, regi\u00e3o Centro-Sul do Paran\u00e1&#8221; font_container=&#8221;tag:h4|text_align:left&#8221; use_theme_fonts=&#8221;yes&#8221; css_animation=&#8221;fadeIn&#8221;][\/vc_column][\/vc_row][vc_row][vc_column][vc_column_text css_animation=&#8221;fadeIn&#8221;]<\/p>\n<div class=\"wp-block-image\"><img loading=\"lazy\" decoding=\"async\" class=\"size-medium wp-image-327 alignleft\" src=\"https:\/\/www3.unicentro.br\/labhidro\/wp-content\/uploads\/sites\/105\/2022\/12\/Pablo_Video2020-_2-300x225.gif\" alt=\"\" width=\"300\" height=\"225\" srcset=\"https:\/\/www3.unicentro.br\/labhidro\/wp-content\/uploads\/sites\/105\/2022\/12\/Pablo_Video2020-_2-300x225.gif 300w, https:\/\/www3.unicentro.br\/labhidro\/wp-content\/uploads\/sites\/105\/2022\/12\/Pablo_Video2020-_2-768x576.gif 768w, https:\/\/www3.unicentro.br\/labhidro\/wp-content\/uploads\/sites\/105\/2022\/12\/Pablo_Video2020-_2-255x191.gif 255w\" sizes=\"auto, (max-width: 300px) 100vw, 300px\" \/><\/div>\n<p>&nbsp;<\/p>\n<p>O presente trabalho teve como objetivo geral monitorar e modelar a din\u00e2mica hidrol\u00f3gica e hidrossedimentol\u00f3gica na bacia do Rio Cascavel, Guarapuava, regi\u00e3o Centro-Sul do Estado do Paran\u00e1, com a finalidade de subsidiar a\u00e7\u00f5es pr\u00e1ticas via pol\u00edticas p\u00fablicas no sentido de prevenir e mitigar a ocorr\u00eancia de problemas socioambientais. Os modelos hidrol\u00f3gicos TOPMODEL (TOPography-based hydrological MODEL) e TREX (Two-dimensional Runoff, Erosion, and eXport model) ser\u00e3o calibrados e validados para eventos pluviogr\u00e1ficos na bacia hidrogr\u00e1fica do Cascavel.<\/p>\n<p>Per\u00edodo de desenvolvimento: 2013 \u2013 2020[\/vc_column_text][\/vc_column][\/vc_row]<\/p>\n<\/div>","protected":false},"excerpt":{"rendered":"<p>[vc_row][vc_column][vc_custom_heading text=&#8221;Jovens Protagonistas no Enfrentamento da Emerg\u00eancia Clim\u00e1tica: A\u00e7\u00f5es locais voltadas para a COP 2030&#8243; font_container=&#8221;tag:h4|text_align:left&#8221; use_theme_fonts=&#8221;yes&#8221; css_animation=&#8221;fadeIn&#8221; link=&#8221;url:https%3A%2F%2Fwww.globalyouthclimatepact.org%2F|target:_blank&#8221;][\/vc_column][\/vc_row][vc_row][vc_column][vc_column_text css_animation=&#8221;fadeIn&#8221;] &nbsp; O projeto de integra\u00e7\u00e3o ensino, pesquisa e extens\u00e3o, PIEPEx, tem como objetivo principal estimular o protagonismo jovem frente a Emerg\u00eancia Clim\u00e1tica, a partir do seu contexto e suas experi\u00eancias de vida. Os principais objetivos [&hellip;]<\/p>\n","protected":false},"author":3,"featured_media":0,"parent":0,"menu_order":0,"comment_status":"closed","ping_status":"closed","template":"","meta":{"_exactmetrics_skip_tracking":false,"_exactmetrics_sitenote_active":false,"_exactmetrics_sitenote_note":"","_exactmetrics_sitenote_category":0,"footnotes":"","_links_to":"","_links_to_target":""},"class_list":["post-42","page","type-page","status-publish","hentry"],"_links":{"self":[{"href":"https:\/\/www3.unicentro.br\/labhidro\/wp-json\/wp\/v2\/pages\/42","targetHints":{"allow":["GET"]}}],"collection":[{"href":"https:\/\/www3.unicentro.br\/labhidro\/wp-json\/wp\/v2\/pages"}],"about":[{"href":"https:\/\/www3.unicentro.br\/labhidro\/wp-json\/wp\/v2\/types\/page"}],"author":[{"embeddable":true,"href":"https:\/\/www3.unicentro.br\/labhidro\/wp-json\/wp\/v2\/users\/3"}],"replies":[{"embeddable":true,"href":"https:\/\/www3.unicentro.br\/labhidro\/wp-json\/wp\/v2\/comments?post=42"}],"version-history":[{"count":2,"href":"https:\/\/www3.unicentro.br\/labhidro\/wp-json\/wp\/v2\/pages\/42\/revisions"}],"predecessor-version":[{"id":982,"href":"https:\/\/www3.unicentro.br\/labhidro\/wp-json\/wp\/v2\/pages\/42\/revisions\/982"}],"wp:attachment":[{"href":"https:\/\/www3.unicentro.br\/labhidro\/wp-json\/wp\/v2\/media?parent=42"}],"curies":[{"name":"wp","href":"https:\/\/api.w.org\/{rel}","templated":true}]}}