{"id":41,"date":"2018-11-01T00:00:00","date_gmt":"2018-11-01T03:00:00","guid":{"rendered":"https:\/\/www3.unicentro.br\/labhidro\/equipe\/"},"modified":"2026-02-05T10:52:07","modified_gmt":"2026-02-05T13:52:07","slug":"equipe","status":"publish","type":"page","link":"https:\/\/www3.unicentro.br\/labhidro\/equipe\/","title":{"rendered":"Equipe"},"content":{"rendered":"<div class=\"wpb-content-wrapper\"><p>[vc_row][vc_column][vc_column_text]<em><span style=\"color: #0000ff;font-size: 14pt\">Professores<\/span><\/em>[\/vc_column_text][\/vc_column][\/vc_row][vc_row][vc_column width=&#8221;1\/4&#8243;][vc_single_image image=&#8221;760&#8243; img_size=&#8221;755&#215;1051&#8243; alignment=&#8221;center&#8221; style=&#8221;vc_box_circle_2&#8243;][vc_custom_heading text=&#8221;Prof. Dr. Leandro Redin Vestena&#8221; font_container=&#8221;tag:h4|font_size:16|text_align:center&#8221; use_theme_fonts=&#8221;yes&#8221; css=&#8221;&#8221; link=&#8221;url:https%3A%2F%2Fdrive.google.com%2Ffile%2Fd%2F1ZEoaQQbe8HL_z3_XTb3audo8L9_ejTFz%2Fview%3Fusp%3Dsharing|title:Curriculum%20vitae|target:_blank&#8221;][vc_column_text]<\/p>\n<p style=\"text-align: center\"><strong><span style=\"font-size: 13.3333px\">Pesquisador<\/span><\/strong><\/p>\n<p>[\/vc_column_text][vc_column_text css_animation=&#8221;fadeIn&#8221;]<\/p>\n<p style=\"text-align: center\"><span style=\"font-size: 10pt\">Possui gradua\u00e7\u00e3o em Geografia pela Universidade Federal do Paran\u00e1 (1997), Mestrado em Geografia pela Universidade Federal do Paran\u00e1 (2002), Doutorado em Engenharia Ambiental pela Universidade Federal de Santa Catarina (2008) e P\u00f3s-doutorado na Durham University no Institute of Hazard, Risk and Resilience &#8211; Inglaterra (2017).<br \/>\nAtualmente \u00e9 docente permanente da Universidade Estadual do Centro-Oeste UNICENTRO.<\/span><\/p>\n<p>[\/vc_column_text][\/vc_column][vc_column width=&#8221;1\/4&#8243;][vc_single_image image=&#8221;103&#8243; img_size=&#8221;full&#8221; alignment=&#8221;center&#8221; style=&#8221;vc_box_circle_2&#8243;][vc_custom_heading text=&#8221;Prof. Dr. Glauco Nonose Negr\u00e3o&#8221; font_container=&#8221;tag:h4|font_size:16|text_align:center&#8221; use_theme_fonts=&#8221;yes&#8221; link=&#8221;url:http%3A%2F%2Fbuscatextual.cnpq.br%2Fbuscatextual%2Fvisualizacv.do%3Fid%3DK4506352Y3%26tokenCaptchar%3D03AIIukziFaiyXIJF75RWhbNpce9BqpFRv6-6PTTgj_LAPoIBgaq_O85Snd_Ozi31o9QkoZpnKnxDUjKoZNMA2Ps9ZRuehbSShSn8cqv7YKEXjEBRNp0NuaGBVwHQcMz72e_k0W6YFEtrAMpbO5k9tmrkL_aMCF_tKrCCqYv6gdcFafQpmNqUHN5E3Nb5jAy2VC0obDjSeAPJjIUsdh_E8-gmwDi4BRCoPkdRzKxiq_WZbe_2reYPYk-LsweqZCKqrGWNgYZeV-g3J4y-AokNbYxBiAdkPmgPbaSWokCJffQlIQsNj-rWYw3LjvTHxqvCjVJTmR6zNt1L2sTkV9zDqDszVt3jyJHf1nXCV6KcPB8u7eKATaifThOBswYSNSX&#8211;qNMZnAEwfPz-QW1WZwdVYSlTQSbHXAQAOGderaDVGgoVkq2VottZPdqAh_8unCi6ljUH1hiXhRAhHTJ5ho7G8xp1ZAv4BtOOfiUpl3FSMzrJqs_INQ-I0DfvjbxjONJq1fklmmWl6On4|title:Curr%C3%ADculo%20Lattes|target:_blank&#8221;][vc_column_text]<\/p>\n<p style=\"text-align: center\"><strong><span style=\"font-size: 13.3333px\">Pesquisador<\/span><\/strong><\/p>\n<p>[\/vc_column_text][vc_column_text css_animation=&#8221;fadeIn&#8221;]<\/p>\n<p style=\"text-align: center\"><span style=\"font-size: 10pt\">Possui gradua\u00e7\u00e3o em Geografia pela Universidade Estadual de Maring\u00e1 (2005), gradua\u00e7\u00e3o em Biologia na Universidade Paranaense (2005), Mestrado em Geografia pela Universidade Estadual de Maring\u00e1 (2009), Doutorado em Geografia pela Universidade Estadual de Maring\u00e1 (2013) e P\u00f3s-doutorado na Universidade Estadual do Centro-Oeste (2013). Atualmente \u00e9 docente adjunto n\u00edvel C e chefe do Departamento de Geografia da Universidade Estadual do Centro-Oeste UNICENTRO.<\/span><\/p>\n<p>[\/vc_column_text][\/vc_column][\/vc_row][vc_row][vc_column][vc_separator css_animation=&#8221;fadeIn&#8221;][\/vc_column][\/vc_row][vc_row][vc_column][vc_column_text]<em><span style=\"color: #0000ff;font-size: 14pt\">Doutorandos<\/span><\/em>[\/vc_column_text][\/vc_column][\/vc_row][vc_row][vc_column width=&#8221;1\/4&#8243;][vc_single_image image=&#8221;161&#8243; img_size=&#8221;full&#8221; alignment=&#8221;center&#8221; style=&#8221;vc_box_circle_2&#8243;][vc_custom_heading text=&#8221;M.Sc. Ezequias Rodrigues dos Santos&#8221; font_container=&#8221;tag:h4|text_align:center&#8221; use_theme_fonts=&#8221;yes&#8221; css=&#8221;&#8221; link=&#8221;url:http%3A%2F%2Fbuscatextual.cnpq.br%2Fbuscatextual%2Fvisualizacv.do%3Fid%3DK8273624P3%26tokenCaptchar%3D03AIIukzjiu-Ym1i8l8FeQccaUCgjV0e00gOdXykvG9gkqOHbfINSO0WYBpub9caAHLEHoWk2qwGMtxvCVj_GR43XL1ELKjQGUBp-F6SykElkdWdFdpJN_zOd6qynHk-UoEztPMlqWW1hAZbCPXD51OegOdsikAU8iDQUY1jdZP8HShSQ-U4ov1Zzzro7e_lfRdzJaYXke-p8hRrdYjmpa09XdmokVznj4DxLRRMjTrZxjaCNaJXQcHU0qHTrNer6dW6sLStMUXyp1lCYp0QVakGSKmiXwSO7q1UEwKNxbRQe9qtW_GukqTnvdiKCN0-7hFmn-k99QCt9fl7GVKdo9P6BvHWn_TptCILbtbUz_WTZPgV8amujjpw_qSF75lheRJed-Qq-pQZQ2yVCOADvlwb_3fRbJWq7N2ZAsFhMP7evlu2RIt2dFnFFbRlSxG2wTkLJSb_oyDTPmwacumhWlcKxvAqRY-dE3nbbgYKeSw4i4EczXTEMiEUEEa9rhgZASv0Alv59_uv7a|title:Curr%C3%ADculo%20Lattes|target:_blank&#8221;][vc_column_text css_animation=&#8221;fadeIn&#8221;]<\/p>\n<p style=\"text-align: center\">ezequiasrses@gmail.com<br \/>\nDoutorado: 2021 &#8211; presente<br \/>\nMestrado: 2019 &#8211; 2021<\/p>\n<p>[\/vc_column_text][\/vc_column][vc_column width=&#8221;1\/4&#8243;][vc_single_image image=&#8221;111&#8243; img_size=&#8221;full&#8221; alignment=&#8221;center&#8221; style=&#8221;vc_box_circle_2&#8243;][vc_custom_heading text=&#8221;M.Sc. Fabiula Eurich Machado&#8221; font_container=&#8221;tag:h4|text_align:center&#8221; use_theme_fonts=&#8221;yes&#8221; css=&#8221;&#8221; link=&#8221;url:http%3A%2F%2Fbuscatextual.cnpq.br%2Fbuscatextual%2Fvisualizacv.do%3Fid%3DK4498573D0%26tokenCaptchar%3D03AIIukziY1mmU8P8y0oAzVcHFF9UsR7A1a4hpMjeGb61_qiIfARRgr74Xja-jSfUOJoZP6gkq4QWReHh5N9rs_aSFbbuKSbKeir1SKSdtDL2AEhZGiRRwztZZ9M-chHmZZT3QDpnI2GAZuB6QTm0UUJoSnElKj9NljYTI2PQfERn8fhb8-UPz79jsDwnxbv4Ipt_5rmUKzHx6uLFW2mRNcX-w_sln_qEPWofTdDF9jBSABUAzpxSly3a2&#8211;x4k8EF3faO9BgwwvhgBYD8zwH6wxEbe2402SAyrZE9HFYFowyqSL8ADXrDzhOiXRjUqIHtIotEahcsYB7Tozvu4LxWhC92O9JTZ04FPhnePv72wRwZxSS0c506w35l4oPHh4d8NE7VsNMaVLr-cuMnCwVZ5KevTI3U0QBi7Ee5OakVpmCMe8bRsXK-_6uIRWJl13QJeKQr098nWfEHWAueYoWHuCwEiybDjj1J1U9J8S43PmL9JJnYwuBKDBJBLWgOzie73S82VijDtsAi|title:Curr%C3%ADculo%20Lattes|target:_blank&#8221;][vc_column_text css_animation=&#8221;fadeIn&#8221;]<\/p>\n<p style=\"text-align: center\"><span style=\"font-size: 10pt\">fabiula.eurich@gmail.com<\/span><br \/>\n<span style=\"font-size: 10pt\">Doutorado: 2022 &#8211; presente<\/span><br \/>\n<span style=\"font-size: 10pt\">Mestrado: 2014 &#8211; 2016<\/span><\/p>\n<p>[\/vc_column_text][\/vc_column][vc_column width=&#8221;1\/4&#8243;][vc_single_image image=&#8221;923&#8243; img_size=&#8221;full&#8221; alignment=&#8221;center&#8221; style=&#8221;vc_box_circle_2&#8243;][vc_custom_heading text=&#8221;M.Sc. Pedro Almeida&#8221; font_container=&#8221;tag:h4|text_align:center&#8221; use_theme_fonts=&#8221;yes&#8221; css=&#8221;&#8221; link=&#8221;url:https%3A%2F%2Fbuscatextual.cnpq.br%2Fbuscatextual%2Fvisualizacv.do%3Fid%3DK8205230J3%26tokenCaptchar%3D03ADUVZwCUAxOPvj_U_Kmz5ypWlOzmH1sIxhz6LeLpMEUn2JgLGoNYmJprcBtWKa97yuEiHn5dBB6xvTSrD1tOG4kZAiwi7YYnFOxVtsM4CPKJMOZymdHsWveOK4ORC0N9uuKyHAJHywqXxFbjicUxSLq1QeyNZKn_bGVZM4jpurkDpehe8afKCA_uDblE50LVaCmEPmdzdyr5TGxHyLHZn5D6C9urSrJcpJHf16iCz-iOYiV_MHEHFLBMgL_RjVLgfb0qfsxwPaMxnyNKkIaZF1k8vmgxSIVmO-BOrmGvFg5i8WMO1qdxT2PG4P5_Qr5fOTGwJDsOStFq4kLje_GhVbW_GaQLyjS2bjOOtgT4sWSjpA_kBY7KrbkRF1Nigj01YE7yOMdX8McpibZweHkI93SYDyuHvzqffPoW6Vj2Lz5LO2KnIFDNCI3qqoqeynuRY3en016akwdJqSxYZWSyW6vv5eqU41dFjQqrOkYVdL1uLP3m1Q-98xYk1uwNDhZUTLuRnb_nnriEqI-F52TlG14RxuDAkkrkAYlTC-UD-FXOM32i6Vf6hn8|title:Curr%C3%ADculo%20Lattes|target:_blank&#8221;][vc_column_text css_animation=&#8221;fadeIn&#8221;]<\/p>\n<p style=\"text-align: center\"><span style=\"font-size: 10pt\">rebx1197@gmail.com<\/span><br \/>\n<span style=\"font-size: 10pt\">Doutorado: 2023 &#8211; presente<\/span><br \/>\n<span style=\"font-size: 10pt\">Mestrado: 2020 &#8211; 2022<\/span><\/p>\n<p>[\/vc_column_text][\/vc_column][vc_column width=&#8221;1\/4&#8243;][vc_single_image image=&#8221;1115&#8243; img_size=&#8221;full&#8221; alignment=&#8221;center&#8221; style=&#8221;vc_box_circle_2&#8243;][vc_custom_heading text=&#8221;M.Sc. Gabriel Menon de Lima&#8221; font_container=&#8221;tag:h4|text_align:center&#8221; use_theme_fonts=&#8221;yes&#8221; css=&#8221;&#8221; link=&#8221;url:http%3A%2F%2Flattes.cnpq.br%2F8636241888100030|title:Curr%C3%ADculo%20Lattes|target:_blank&#8221;][vc_column_text css_animation=&#8221;fadeIn&#8221;]<\/p>\n<p style=\"text-align: center\"><span class=\"il\">gabriel.menon@gmail.com<br \/>\nDoutorado: 2024 &#8211; presente<br \/>\nMestrado: 2019 &#8211; 2022<\/span><\/p>\n<p>[\/vc_column_text][\/vc_column][\/vc_row][vc_row][vc_column width=&#8221;1\/4&#8243;][vc_single_image image=&#8221;1230&#8243; img_size=&#8221;full&#8221; alignment=&#8221;center&#8221; style=&#8221;vc_box_circle_2&#8243; css=&#8221;&#8221;][vc_custom_heading text=&#8221;M.Sc.Nathan Ulian de Souza&#8221; font_container=&#8221;tag:h4|text_align:center&#8221; use_theme_fonts=&#8221;yes&#8221; css=&#8221;&#8221; link=&#8221;url:http%3A%2F%2Fbuscatextual.cnpq.br%2Fbuscatextual%2Fvisualizacv.do%3Fid%3DK2741564E8%26tokenCaptchar%3D03AIIukzg-VNVzldMCkxtOPUMorwJO3AYVSeReiHTsmKNgHlNodceck27C8W644cb0tyBvGAIPub2B8fjpkyOk4l3134gUKvNIbZXNarSQ8kuYI0hTz9tfHKhr58-qS-KpSAdRpAh7MFx72R9OcSt5sAekDbTaIyKGguohQSa7INkk7FoexzYhgfekQgBE7Kv2NBdSS30UgR96DRTXA9fvg5PcYozs8hTkH5hEOzabCRNDWf_dIdoOhKBKko9eh5p1qTaUBw1qUNNLvCYeFb_dLurwb9FPsFt-KMM3elBgb-XIIFSPq64UUUC1MP2z4BfFMHmArM5qzARFGSO72zKlk9QvFqshQPvivK-XQcoEboxZJXGzFILNTE_1xiHlwgEBaOOel2M5tA97XE3TovBEV3Ix6LfBSurg2s9sa66cdPIJRVLe06DrR2bBbcWRVvV5KDyw7kg3whBnaw_uFLRF2QHqNNH7Y0a-CLiQH-BPmf2sv9I4pc5cWd5zS-CfOuqRCkbsMgBZXRjw|title:Curr%C3%ADculo%20Lattes|target:_blank&#8221;][vc_column_text css_animation=&#8221;fadeIn&#8221; css=&#8221;&#8221;]<\/p>\n<p style=\"text-align: center\"><span style=\"font-size: 10pt\">nathan.u.souza@gmail.com<br \/>\nDoutorado: 2025 &#8211; presente<\/span><br \/>\n<span style=\"font-size: 10pt\">Mestrado: 2022 &#8211; 2024<\/span><\/p>\n<p>[\/vc_column_text][\/vc_column][\/vc_row][vc_row][vc_column][vc_separator css_animation=&#8221;fadeIn&#8221;][\/vc_column][\/vc_row][vc_row][vc_column][vc_column_text]<em><span style=\"color: #0000ff;font-size: 14pt\">Mestrandos<\/span><\/em>[\/vc_column_text][\/vc_column][\/vc_row][vc_row][vc_column width=&#8221;1\/4&#8243;][vc_single_image image=&#8221;341&#8243; img_size=&#8221;full&#8221; alignment=&#8221;center&#8221; style=&#8221;vc_box_circle_2&#8243;][vc_custom_heading text=&#8221;Bruno dos Santos Lemes&#8221; font_container=&#8221;tag:h4|text_align:center&#8221; use_theme_fonts=&#8221;yes&#8221; link=&#8221;url:http%3A%2F%2Flattes.cnpq.br%2F3125282569217764|title:Curr%C3%ADculo%20Lattes|target:_blank&#8221;][vc_column_text css_animation=&#8221;fadeIn&#8221;]<\/p>\n<p style=\"text-align: center\">brunollemmes@gmail.com<br \/>\nMestrado: 2024 &#8211; presente<\/p>\n<p>[\/vc_column_text][\/vc_column][vc_column width=&#8221;1\/4&#8243;][vc_single_image image=&#8221;1316&#8243; img_size=&#8221;full&#8221; alignment=&#8221;center&#8221; style=&#8221;vc_box_circle_2&#8243; css=&#8221;&#8221;][vc_custom_heading text=&#8221;Guilherme Henrique Bender Tereza&#8221; font_container=&#8221;tag:h4|text_align:center&#8221; use_theme_fonts=&#8221;yes&#8221; css=&#8221;&#8221; link=&#8221;url:http%3A%2F%2Flattes.cnpq.br%2F2768548948340501|title:Curr%C3%ADculo%20Lattes|target:_blank&#8221;][vc_column_text css_animation=&#8221;fadeIn&#8221; css=&#8221;&#8221;]<\/p>\n<p style=\"text-align: center\">guilhermebender1830@gmail.com<br \/>\nMestrado: 2025 &#8211; presente<\/p>\n<p>[\/vc_column_text][\/vc_column][\/vc_row][vc_row][vc_column][vc_column_text css=&#8221;&#8221;]<em><span style=\"color: #0000ff;font-size: 14pt\">Inicia\u00e7\u00e3o <i>cient\u00edfica<\/i><\/span><\/em>[\/vc_column_text][\/vc_column][\/vc_row][vc_row][vc_column width=&#8221;1\/4&#8243;][vc_single_image image=&#8221;1373&#8243; img_size=&#8221;full&#8221; alignment=&#8221;center&#8221; style=&#8221;vc_box_circle_2&#8243; css=&#8221;&#8221;][vc_custom_heading text=&#8221;Marize Goreth Correa&#8221; font_container=&#8221;tag:h4|text_align:center&#8221; use_theme_fonts=&#8221;yes&#8221; css=&#8221;&#8221; link=&#8221;url:http%3A%2F%2Flattes.cnpq.br%2F6724402859539451|title:Curr%C3%ADculo%20Lattes|target:_blank&#8221;][vc_column_text css_animation=&#8221;fadeIn&#8221; css=&#8221;&#8221;][\/vc_column_text][\/vc_column][\/vc_row][vc_row][vc_column][vc_column_text css=&#8221;&#8221;]<em><span style=\"color: #0000ff;font-size: 14pt\">Egressos<\/span><\/em>[\/vc_column_text][\/vc_column][\/vc_row][vc_row][vc_column width=&#8221;1\/4&#8243;][vc_single_image image=&#8221;112&#8243; img_size=&#8221;full&#8221; alignment=&#8221;center&#8221; style=&#8221;vc_box_circle_2&#8243;][vc_custom_heading text=&#8221;Dr. Alessandro Kominecki&#8221; font_container=&#8221;tag:h4|text_align:center&#8221; use_theme_fonts=&#8221;yes&#8221; css=&#8221;&#8221; link=&#8221;url:http%3A%2F%2Fbuscatextual.cnpq.br%2Fbuscatextual%2Fvisualizacv.do%3Fid%3DK4363112J8%26tokenCaptchar%3D03AIIukzg_nODdsjwJDvU_KDTx-ZHalRPLhHiLVcpkK6IwhogfEBNsmhTQ_gJOdVaR3QTZx3VLRid9ufxAT6hg-8gqA_7IiaAqxldtITaFzs6UShtWzIVi-HAvDh_mHZZRMjJnnh7_UfUFdrIB8_98qIr7nAf5Ss1HVr_eywIh4H71rn9vTADb-HQWSFNNndy5FZJM3vbHTolW1edwyi5mdd2YVIUoKJxrjY_hIPM1zpNPLbKMo_hF_wc-PJ62kORPjQ08cM2rvsc5G_DroVizVhiFuRBOmvkBxN7ym2Hl2BXcCuSi4mt544vu9A8_UYvkH_OK_Ac1jHeJ1N6QaCax67KUL8t-tBD1HvUOBlESN6PKK2dwBAeXQukqJJKH-5t0LptPmj6xTcFWeyrwES2wT3kJjSXcmtEYt-RepIc3cc0SzfhLKb6WZ8IhdtGAOI-Suxz4NBiMndwsykO6zD5eDbwe0fXSGMPjWpGAVMex1dUFcYD8XtNLbqW_14cJNIRxBhP3wkCAbdYD|title:Curr%C3%ADculo%20Lattes|target:_blank&#8221;][\/vc_column][vc_column width=&#8221;1\/4&#8243;][vc_single_image image=&#8221;218&#8243; img_size=&#8221;full&#8221; alignment=&#8221;center&#8221; style=&#8221;vc_box_circle_2&#8243; css=&#8221;&#8221;][vc_custom_heading text=&#8221;M.Sc. Jos\u00e9 Rafael de Oliveira&#8221; font_container=&#8221;tag:h4|text_align:center&#8221; use_theme_fonts=&#8221;yes&#8221; css=&#8221;&#8221; link=&#8221;url:http%3A%2F%2Flattes.cnpq.br%2F6077908846855980|title:Curr%C3%ADculo%20Lattes|target:_blank&#8221;][\/vc_column][vc_column width=&#8221;1\/4&#8243;][vc_single_image image=&#8221;113&#8243; img_size=&#8221;full&#8221; alignment=&#8221;center&#8221; style=&#8221;vc_box_circle_2&#8243;][vc_custom_heading text=&#8221;M.Sc. Junior Juliano Carneiro&#8221; font_container=&#8221;tag:h4|text_align:center&#8221; use_theme_fonts=&#8221;yes&#8221; css=&#8221;&#8221; link=&#8221;url:http%3A%2F%2Fbuscatextual.cnpq.br%2Fbuscatextual%2Fvisualizacv.do%3Fid%3DK4861844E1%26tokenCaptchar%3D03AIIukzgIpt4vpduz8M0khMyv_9Xkzlk77oiq06wrrYAi-kJVV157XMMa7CDvK5ts-PjbzZeC8zrScUTXr7resVS1jnm6678_7YSpbvPdRESBpe4JFJZxdmswuXpI-sGN9k4YLeZSidoA3SOqDS2W00zGnLLBxZHawvTG2AiXf3ZbgS6WEfnqc9im___CAc0RYQbIlsQM8SgRqPpQ9kGd6BrCyEgmrjeW5-dLNHDjOiDZwg15MJEfL58XZC3jQ-JYcOPUu5lqxT75VuHT_NYd_bB2sIukN_BeTeV2iQhIlFgQQVHGYehR9SSvcxoWCxxQMsAQUGbCZWPHttRPBFpaE-RmrT89hb_tc14kzrfjD9902G33YmCj5a2i37X-_94C34FEQo1YBOJzFlzS4CvK8Atjw4yYNboqHZstNTAAjELOmM3hgGTX8jope0GLg2lObOmCFfOaUhj8amKuMgcv56LImEkdbZ8e97v7GK3sz_Jb-2o4AxOCXxFymyYaFyGAW_LpfV9XpMHB|title:Curr%C3%ADculo%20Lattes|target:_blank&#8221;][\/vc_column][vc_column width=&#8221;1\/4&#8243;][vc_single_image image=&#8221;153&#8243; img_size=&#8221;full&#8221; alignment=&#8221;center&#8221; style=&#8221;vc_box_circle_2&#8243;][vc_custom_heading text=&#8221;M.Sc. Everton Fernando Ribeiro Schroeder&#8221; font_container=&#8221;tag:h4|text_align:center&#8221; use_theme_fonts=&#8221;yes&#8221; css=&#8221;&#8221; link=&#8221;url:http%3A%2F%2Fbuscatextual.cnpq.br%2Fbuscatextual%2Fvisualizacv.do%3Fid%3DK4245125H2%26tokenCaptchar%3D03AIIukzjaO-_03cHJYLZXekHu9rgsQsA0lRUl1xEt9yU8KoxSu-rr5NZ0sYqb85b5NYgyFGPdhQMJ8r2Hj-pWEiYKKRhgq2RfN2zWL9n_fUGwZDN4fOtqcDDMbapQKZQZn-4pNeiUk-2GKsVX2McbNxlT0NRHfAYTDn1wI4xvPpzMH1cMSrZCVnMMG_G73-FJpo3YAJQy5Iz3xAr0R0iJ2a-nxTyIl53ldff6JmqGMpf8fXfjsrxgBspxMGqVxv9XTF7XfAWQUbGbYjLt8NiBOwPgdgYDocd4vY5ekBDBk9-WOStllcQIA4GpeEIW0opzLc7h3ZVGZJCq2X_SzKKAKSiIjGpyw-LvSIKa1WNJr_fWMhP5pCAHqosrQ_pPEO70pSmKkyYDIbO-D4sgnKl2I8bQHfGG_KT0XXk0JRyJZGj-vYaByRPWppH-yCaM9dweK_mhS6BjiVVxg9dtVdozyCSXPh1JnxLt5_YFk48HRn5ZIOXk_vT12-qmwRB26cXaptaPesQfRxgY|title:Curr%C3%ADculo%20Lattes|target:_blank&#8221;][\/vc_column][\/vc_row][vc_row][vc_column width=&#8221;1\/4&#8243;][vc_single_image image=&#8221;115&#8243; img_size=&#8221;full&#8221; alignment=&#8221;center&#8221; style=&#8221;vc_box_circle_2&#8243;][vc_custom_heading text=&#8221;M.Sc. Allan Matheus Andrade&#8221; font_container=&#8221;tag:h4|text_align:center&#8221; use_theme_fonts=&#8221;yes&#8221; css=&#8221;&#8221; link=&#8221;url:http%3A%2F%2Fbuscatextual.cnpq.br%2Fbuscatextual%2Fvisualizacv.do%3Fid%3DK8050877D3%26tokenCaptchar%3D03AIIukzgVE_0BzH79bLaCu48XLldXXjY7DiEl2E-syDsCFGUowmVkwhYhb3btLMrpNArUIE0C2AS6iNZWfxClyoFMidJlxtKOdybF2Ky9J5iwJusynt0eKHhZ2wND2RrmcqqEeTYn9wpuf0ZdpseY26vMcpKo2M6mqLq-pQ34GReR8R41KT_B0jpn3BAtSy6wWacM7XPNlJihtxxExcYpwMIoPAjs-L2o3O-y5QzB4WRE2xU4SUOnS-ONlzKSSIt4qdF2rcuD_PXrvIZauVjBnvT3V2IWsYfzwll97C1bhfD38_0E2buqTisuXAKD_quS55ricOLlJuVBw-MCa-OdhHK3pr1uHQHNg0I5h7YGkQNc0RNAAnHOmOyvynw59Nq-lYTNnCAU6idLBMVOrRYWJS-9N1Q1c6Zd9tZ9QPJCRh85xPHqvGW3xtpR2rWQ-ixATc8pSKtnWHPTCW-1oRAegNoMzIF0m32dudN_RHamKsYAQJuX72W6bCZdKc7I1CPajZcEUCTPJMeN|title:Curr%C3%ADculo%20Lattes|target:_blank&#8221;][\/vc_column][vc_column width=&#8221;1\/4&#8243;][vc_single_image image=&#8221;116&#8243; img_size=&#8221;full&#8221; alignment=&#8221;center&#8221; style=&#8221;vc_box_circle_2&#8243;][vc_custom_heading text=&#8221;M.Sc. Breno Henrique Marcondes de Oliveira&#8221; font_container=&#8221;tag:h4|text_align:center&#8221; use_theme_fonts=&#8221;yes&#8221; css=&#8221;&#8221; link=&#8221;url:http%3A%2F%2Fbuscatextual.cnpq.br%2Fbuscatextual%2Fvisualizacv.do%3Fid%3DK8869133Z3%26tokenCaptchar%3D03AIIukzipDMHAkeCSoO0qtNNhmfrBmHeFvWfr6WeGLJZSY1IaSpIRMdviW_cNnNIjgNybwwOLQIRQCwbQiv3CJ4uyRFoSHINe68TDwBUs540fbuw0-cvAZ9NcsdJwJzcgT_9aFWI06TnvQsz5lBCQxPOyZHjJyW8NaQ0jYBRRaeI40sA0D2Ix_OCoSXjKYQtn3ipIqI6-A7BgjEPOuAiENjUun300lrEGw6_c_kdE4c1ZEXhmWCGwacHTK350bHtipIW3r51Aqdi1gr0tJupPyOlxboQJLepY6Gre_pyubPgr8oA9g8bJpk42qhAW4oB0yz3QAXSmSsekPY1tl9OvKjKT-Z8Oqij_BcX2hij1ih0FolEwhyt3LdExodDswKdbcXcsX5c2ZeAEcMo4nmIP5icuWPuJFQ47zVQwDwfgJLzm78BBYTp6zqsXnrnrplDWDf409sHpGSH2D1n-rgErmjhV_GNEWyoxUbTkMzqQnxWRFQTGz3jG-9J6elfn-y-IeT4qh8ioaW9W|title:Curr%C3%ADculo%20Lattes|target:_blank&#8221;][\/vc_column][vc_column width=&#8221;1\/4&#8243;][vc_single_image image=&#8221;1380&#8243; img_size=&#8221;full&#8221; alignment=&#8221;center&#8221; style=&#8221;vc_box_circle_2&#8243; css=&#8221;&#8221;][vc_custom_heading text=&#8221;M.Sc. Pablo Tom\u00e1s Stehli&#8221; font_container=&#8221;tag:h4|text_align:center&#8221; use_theme_fonts=&#8221;yes&#8221; css=&#8221;&#8221; link=&#8221;url:https%3A%2F%2Fwww.researchgate.net%2Fprofile%2FPablo-Stehli|target:_blank&#8221;][\/vc_column][vc_column width=&#8221;1\/4&#8243;][vc_single_image image=&#8221;1380&#8243; img_size=&#8221;full&#8221; alignment=&#8221;center&#8221; style=&#8221;vc_box_circle_2&#8243; css=&#8221;&#8221;][vc_custom_heading text=&#8221;M.Sc. Thais Meia Casa&#8221; font_container=&#8221;tag:h4|text_align:center&#8221; use_theme_fonts=&#8221;yes&#8221; css=&#8221;&#8221; link=&#8221;url:http%3A%2F%2Flattes.cnpq.br%2F6417042338290898|title:Curr%C3%ADculo%20Lattes|target:_blank&#8221;][\/vc_column][\/vc_row][vc_row][vc_column width=&#8221;1\/4&#8243;][vc_single_image image=&#8221;1380&#8243; img_size=&#8221;full&#8221; alignment=&#8221;center&#8221; style=&#8221;vc_box_circle_2&#8243; css=&#8221;&#8221;][vc_custom_heading text=&#8221;M.Sc. Suellen Chemim De Almeida&#8221; font_container=&#8221;tag:h4|text_align:center&#8221; use_theme_fonts=&#8221;yes&#8221; css=&#8221;&#8221; link=&#8221;url:http%3A%2F%2Flattes.cnpq.br%2F9349662024123500|title:Curr%C3%ADculo%20Lattes|target:_blank&#8221;][\/vc_column][vc_column width=&#8221;1\/4&#8243;][vc_single_image image=&#8221;1380&#8243; img_size=&#8221;full&#8221; alignment=&#8221;center&#8221; style=&#8221;vc_box_circle_2&#8243; css=&#8221;&#8221;][vc_custom_heading text=&#8221;M.Sc. Emerson de Souza Gomes&#8221; font_container=&#8221;tag:h4|text_align:center&#8221; use_theme_fonts=&#8221;yes&#8221; css=&#8221;&#8221; link=&#8221;url:http%3A%2F%2Flattes.cnpq.br%2F1988762452271693|title:Curr%C3%ADculo%20Lattes|target:_blank&#8221;][\/vc_column][vc_column width=&#8221;1\/4&#8243;][vc_single_image image=&#8221;1375&#8243; img_size=&#8221;full&#8221; alignment=&#8221;center&#8221; style=&#8221;vc_box_circle_2&#8243; css=&#8221;&#8221;][vc_custom_heading text=&#8221;M.Sc. Ederson Dias de Oliveira&#8221; font_container=&#8221;tag:h4|text_align:center&#8221; use_theme_fonts=&#8221;yes&#8221; css=&#8221;&#8221; link=&#8221;url:http%3A%2F%2Flattes.cnpq.br%2F2673867907169964|title:Curr%C3%ADculo%20Lattes|target:_blank&#8221;][\/vc_column][vc_column width=&#8221;1\/4&#8243;][\/vc_column][\/vc_row]<\/p>\n<\/div>","protected":false},"excerpt":{"rendered":"<p>[vc_row][vc_column][vc_column_text]Professores[\/vc_column_text][\/vc_column][\/vc_row][vc_row][vc_column width=&#8221;1\/4&#8243;][vc_single_image image=&#8221;760&#8243; img_size=&#8221;755&#215;1051&#8243; alignment=&#8221;center&#8221; style=&#8221;vc_box_circle_2&#8243;][vc_custom_heading text=&#8221;Prof. Dr. Leandro Redin Vestena&#8221; font_container=&#8221;tag:h4|font_size:16|text_align:center&#8221; use_theme_fonts=&#8221;yes&#8221; css=&#8221;&#8221; link=&#8221;url:https%3A%2F%2Fdrive.google.com%2Ffile%2Fd%2F1ZEoaQQbe8HL_z3_XTb3audo8L9_ejTFz%2Fview%3Fusp%3Dsharing|title:Curriculum%20vitae|target:_blank&#8221;][vc_column_text] Pesquisador [\/vc_column_text][vc_column_text css_animation=&#8221;fadeIn&#8221;] Possui gradua\u00e7\u00e3o em Geografia pela Universidade Federal do Paran\u00e1 (1997), Mestrado em Geografia pela Universidade Federal do Paran\u00e1 (2002), Doutorado em Engenharia Ambiental pela Universidade Federal de Santa Catarina (2008) e P\u00f3s-doutorado na Durham University no Institute [&hellip;]<\/p>\n","protected":false},"author":3,"featured_media":0,"parent":0,"menu_order":0,"comment_status":"closed","ping_status":"closed","template":"","meta":{"_exactmetrics_skip_tracking":false,"_exactmetrics_sitenote_active":false,"_exactmetrics_sitenote_note":"","_exactmetrics_sitenote_category":0,"footnotes":"","_links_to":"","_links_to_target":""},"class_list":["post-41","page","type-page","status-publish","hentry"],"_links":{"self":[{"href":"https:\/\/www3.unicentro.br\/labhidro\/wp-json\/wp\/v2\/pages\/41","targetHints":{"allow":["GET"]}}],"collection":[{"href":"https:\/\/www3.unicentro.br\/labhidro\/wp-json\/wp\/v2\/pages"}],"about":[{"href":"https:\/\/www3.unicentro.br\/labhidro\/wp-json\/wp\/v2\/types\/page"}],"author":[{"embeddable":true,"href":"https:\/\/www3.unicentro.br\/labhidro\/wp-json\/wp\/v2\/users\/3"}],"replies":[{"embeddable":true,"href":"https:\/\/www3.unicentro.br\/labhidro\/wp-json\/wp\/v2\/comments?post=41"}],"version-history":[{"count":2,"href":"https:\/\/www3.unicentro.br\/labhidro\/wp-json\/wp\/v2\/pages\/41\/revisions"}],"predecessor-version":[{"id":1433,"href":"https:\/\/www3.unicentro.br\/labhidro\/wp-json\/wp\/v2\/pages\/41\/revisions\/1433"}],"wp:attachment":[{"href":"https:\/\/www3.unicentro.br\/labhidro\/wp-json\/wp\/v2\/media?parent=41"}],"curies":[{"name":"wp","href":"https:\/\/api.w.org\/{rel}","templated":true}]}}