{"id":40,"date":"2018-11-01T00:00:00","date_gmt":"2018-11-01T03:00:00","guid":{"rendered":"https:\/\/www3.unicentro.br\/labhidro\/grupo-de-pesquisa-hidrogeomorfologia\/"},"modified":"2023-08-29T15:33:56","modified_gmt":"2023-08-29T18:33:56","slug":"grupo-de-pesquisa-hidrogeomorfologia","status":"publish","type":"page","link":"https:\/\/www3.unicentro.br\/labhidro\/grupo-de-pesquisa-hidrogeomorfologia\/","title":{"rendered":"Hidrogeomorfologia"},"content":{"rendered":"<div class=\"wpb-content-wrapper\"><p>[vc_row][vc_column][vc_column_text css_animation=&#8221;fadeIn&#8221;]<\/p>\n<p style=\"text-align: justify\">O grupo de pesquisa em HIDROGEOmorfologia \u2013 HIDROGEO tem por objetivo:<\/p>\n<ol>\n<li style=\"text-align: justify\">integrar pesquisadores e estudantes, contribuindo na forma\u00e7\u00e3o acad\u00eamica e t\u00e9cnica em Geografia e \u00e1reas afins;<\/li>\n<li style=\"text-align: justify\">gerar conhecimento em Hidrologia, Geomorfologia, Biogeografia, Climatologia e a\u00e7\u00f5es que promovam o uso racional de solo e \u00e1gua no \u00e2mbito de bacias de drenagem;<\/li>\n<li style=\"text-align: justify\">aprofundar conhecimentos sobre a din\u00e2mica das paisagens subtropicais \u00famidas.<\/li>\n<\/ol>\n<p>[\/vc_column_text][\/vc_column][\/vc_row][vc_row][vc_column][vc_column_text css_animation=&#8221;fadeIn&#8221;]<\/p>\n<p style=\"text-align: justify\">O Grupo iniciou suas atividades em 2002, a partir de investiga\u00e7\u00f5es que subsidiaram a elabora\u00e7\u00e3o do Plano de Gest\u00e3o e Manejo do Manancial do Rio das Pedras, Guarapuava, PR. A partir de 2005 o grupo expandiu suas a\u00e7\u00f5es de pesquisa e consolida\u00e7\u00e3o cient\u00edfica comprovadas por:<\/p>\n<ol style=\"list-style-type: lower-alpha\">\n<li>aprova\u00e7\u00e3o de projetos em ag\u00eancias de fomentos;<\/li>\n<li>publica\u00e7\u00f5es internacionais de impacto;<\/li>\n<li>estabelecimento dos Laborat\u00f3rios de: Hidrologia e Climatologia Geogr\u00e1fica;<\/li>\n<li>pesquisas com parceiros estrangeiros.<\/li>\n<\/ol>\n<p>[\/vc_column_text][\/vc_column][\/vc_row][vc_row][vc_column][vc_column_text css_animation=&#8221;fadeIn&#8221;]Link para acesso ao <span style=\"color: #0000ff\"><a style=\"color: #0000ff\" href=\"http:\/\/dgp.cnpq.br\/dgp\/espelhogrupo\/9897013796823303\" target=\"_blank\" rel=\"noopener\">Grupo de Pesquisa Hidrogeomorfologia<\/a><\/span>[\/vc_column_text][\/vc_column][\/vc_row]<\/p>\n<\/div>","protected":false},"excerpt":{"rendered":"<p>[vc_row][vc_column][vc_column_text css_animation=&#8221;fadeIn&#8221;] O grupo de pesquisa em HIDROGEOmorfologia \u2013 HIDROGEO tem por objetivo: integrar pesquisadores e estudantes, contribuindo na forma\u00e7\u00e3o acad\u00eamica e t\u00e9cnica em Geografia e \u00e1reas afins; gerar conhecimento em Hidrologia, Geomorfologia, Biogeografia, Climatologia e a\u00e7\u00f5es que promovam o uso racional de solo e \u00e1gua no \u00e2mbito de bacias de drenagem; aprofundar conhecimentos sobre [&hellip;]<\/p>\n","protected":false},"author":3,"featured_media":0,"parent":0,"menu_order":0,"comment_status":"closed","ping_status":"closed","template":"","meta":{"_exactmetrics_skip_tracking":false,"_exactmetrics_sitenote_active":false,"_exactmetrics_sitenote_note":"","_exactmetrics_sitenote_category":0,"footnotes":"","_links_to":"","_links_to_target":""},"class_list":["post-40","page","type-page","status-publish","hentry"],"_links":{"self":[{"href":"https:\/\/www3.unicentro.br\/labhidro\/wp-json\/wp\/v2\/pages\/40","targetHints":{"allow":["GET"]}}],"collection":[{"href":"https:\/\/www3.unicentro.br\/labhidro\/wp-json\/wp\/v2\/pages"}],"about":[{"href":"https:\/\/www3.unicentro.br\/labhidro\/wp-json\/wp\/v2\/types\/page"}],"author":[{"embeddable":true,"href":"https:\/\/www3.unicentro.br\/labhidro\/wp-json\/wp\/v2\/users\/3"}],"replies":[{"embeddable":true,"href":"https:\/\/www3.unicentro.br\/labhidro\/wp-json\/wp\/v2\/comments?post=40"}],"version-history":[{"count":1,"href":"https:\/\/www3.unicentro.br\/labhidro\/wp-json\/wp\/v2\/pages\/40\/revisions"}],"predecessor-version":[{"id":921,"href":"https:\/\/www3.unicentro.br\/labhidro\/wp-json\/wp\/v2\/pages\/40\/revisions\/921"}],"wp:attachment":[{"href":"https:\/\/www3.unicentro.br\/labhidro\/wp-json\/wp\/v2\/media?parent=40"}],"curies":[{"name":"wp","href":"https:\/\/api.w.org\/{rel}","templated":true}]}}