{"id":32,"date":"2014-06-27T00:00:00","date_gmt":"2014-06-27T03:00:00","guid":{"rendered":"https:\/\/www3.unicentro.br\/labhidro\/localizacao\/"},"modified":"2026-02-18T08:51:35","modified_gmt":"2026-02-18T11:51:35","slug":"download","status":"publish","type":"page","link":"https:\/\/www3.unicentro.br\/labhidro\/download\/","title":{"rendered":"Download"},"content":{"rendered":"<div class=\"wpb-content-wrapper\"><p>[vc_row][vc_column][vc_tta_tour][vc_tta_section i_icon_fontawesome=&#8221;fab fa-windows&#8221; add_icon=&#8221;true&#8221; title=&#8221;CoRain&#8221; tab_id=&#8221;1732535820258-b760de1a-ccca&#8221;][vc_column_text css_animation=&#8221;fadeIn&#8221; css=&#8221;&#8221;]Preenchimento de falha de chuva &#8211; Compara\u00e7\u00e3o entre esta\u00e7\u00f5es pluviom\u00e9tricas<\/p>\n<ul>\n<li><a href=\"https:\/\/www3.unicentro.br\/labhidro\/wp-content\/uploads\/sites\/105\/2024\/11\/TEORIA1.pdf\" target=\"_blank\" rel=\"noopener\"><span style=\"text-decoration: underline\">Teoria<\/span> &#8211; Acquaotta, F.; Fratiannia, S. ; Venemac, V. Assessment of parallel precipitation measurements networks in Piedmont, Italy. <strong>Internation Journal of\u00a0 Climatology<\/strong>, Vol. 36 p.3963\u20133974, 2016.<\/a><\/li>\n<li><a href=\"https:\/\/www3.unicentro.br\/labhidro\/wp-content\/uploads\/sites\/105\/2024\/11\/PRATIC1.pdf\" target=\"_blank\" rel=\"noopener\"><span style=\"text-decoration: underline\">Pr\u00e1tica<\/span>: Guenzi, D.; Acquaotta, F.; Garzena, D.; Fratianni, S. CoRain: A free and open source software for rain series comparison. <strong>Earth Sci Inform<\/strong>. Vol. 10, p. 405-416, 2017.<\/a><\/li>\n<li><a href=\"https:\/\/www3.unicentro.br\/labhidro\/wp-content\/uploads\/sites\/105\/2024\/11\/CoRain-master-Software.zip\" target=\"_blank\" rel=\"noopener\">CoRain-master Software<\/a><\/li>\n<\/ul>\n<p>[\/vc_column_text][\/vc_tta_section][vc_tta_section i_icon_fontawesome=&#8221;fas fa-dice&#8221; add_icon=&#8221;true&#8221; title=&#8221;Jogos Did\u00e1ticos&#8221; tab_id=&#8221;1679588319148-3a60d510-d6ce&#8221;][vc_column_text css_animation=&#8221;fadeIn&#8221; css=&#8221;&#8221;]<a href=\"https:\/\/www3.unicentro.br\/labhidro\/wp-content\/uploads\/sites\/105\/2023\/05\/Tabuleiro-Hidrico-Jogo-Didatico.pptx\">\u00a0 \u00a0 \u00a0 \u00a0 \u00a0Tabuleiro H\u00eddrico &#8211; Jogo Did\u00e1tico<\/a><\/p>\n<div class=\"wp-block-image\"><img loading=\"lazy\" decoding=\"async\" class=\"alignnone size-medium wp-image-703\" src=\"https:\/\/www3.unicentro.br\/labhidro\/wp-content\/uploads\/sites\/105\/2023\/02\/Tabuleiro-Hidrico-Jogo-Didatico_1-300x169.jpg\" alt=\"\" width=\"300\" height=\"169\" srcset=\"https:\/\/www3.unicentro.br\/labhidro\/wp-content\/uploads\/sites\/105\/2023\/02\/Tabuleiro-Hidrico-Jogo-Didatico_1-300x169.jpg 300w, https:\/\/www3.unicentro.br\/labhidro\/wp-content\/uploads\/sites\/105\/2023\/02\/Tabuleiro-Hidrico-Jogo-Didatico_1-1024x576.jpg 1024w, https:\/\/www3.unicentro.br\/labhidro\/wp-content\/uploads\/sites\/105\/2023\/02\/Tabuleiro-Hidrico-Jogo-Didatico_1-768x432.jpg 768w, https:\/\/www3.unicentro.br\/labhidro\/wp-content\/uploads\/sites\/105\/2023\/02\/Tabuleiro-Hidrico-Jogo-Didatico_1-255x143.jpg 255w, https:\/\/www3.unicentro.br\/labhidro\/wp-content\/uploads\/sites\/105\/2023\/02\/Tabuleiro-Hidrico-Jogo-Didatico_1.jpg 1413w\" sizes=\"auto, (max-width: 300px) 100vw, 300px\" \/><\/div>\n<div>\n<hr \/>\n<\/div>\n<div><\/div>\n<div><a href=\"https:\/\/drive.google.com\/file\/d\/1jMSgD27oPv0_bNb_juXnEv1cbGIsQPJW\/view?usp=sharing\" target=\"_blank\" rel=\"noopener\">\u00a0 \u00a0 \u00a0 \u00a0 \u00a0 \u00a0BINGO HIDRO &#8211; Jogo Did\u00e1tico<\/a><\/div>\n<div><img loading=\"lazy\" decoding=\"async\" class=\"\" src=\"https:\/\/www3.unicentro.br\/labhidro\/wp-content\/uploads\/sites\/105\/2026\/02\/BingoHidro.jpg\" alt=\"\" width=\"307\" height=\"307\" \/><\/div>\n<div><\/div>\n<div><\/div>\n<p>[\/vc_column_text][\/vc_tta_section][\/vc_tta_tour][\/vc_column][\/vc_row]<\/p>\n<\/div>","protected":false},"excerpt":{"rendered":"<p>[vc_row][vc_column][vc_tta_tour][vc_tta_section i_icon_fontawesome=&#8221;fab fa-windows&#8221; add_icon=&#8221;true&#8221; title=&#8221;CoRain&#8221; tab_id=&#8221;1732535820258-b760de1a-ccca&#8221;][vc_column_text css_animation=&#8221;fadeIn&#8221; css=&#8221;&#8221;]Preenchimento de falha de chuva &#8211; Compara\u00e7\u00e3o entre esta\u00e7\u00f5es pluviom\u00e9tricas Teoria &#8211; Acquaotta, F.; Fratiannia, S. ; Venemac, V. Assessment of parallel precipitation measurements networks in Piedmont, Italy. Internation Journal of\u00a0 Climatology, Vol. 36 p.3963\u20133974, 2016. Pr\u00e1tica: Guenzi, D.; Acquaotta, F.; Garzena, D.; Fratianni, S. CoRain: A free [&hellip;]<\/p>\n","protected":false},"author":3,"featured_media":0,"parent":0,"menu_order":0,"comment_status":"closed","ping_status":"closed","template":"","meta":{"_exactmetrics_skip_tracking":false,"_exactmetrics_sitenote_active":false,"_exactmetrics_sitenote_note":"","_exactmetrics_sitenote_category":0,"footnotes":"","_links_to":"","_links_to_target":""},"class_list":["post-32","page","type-page","status-publish","hentry"],"_links":{"self":[{"href":"https:\/\/www3.unicentro.br\/labhidro\/wp-json\/wp\/v2\/pages\/32","targetHints":{"allow":["GET"]}}],"collection":[{"href":"https:\/\/www3.unicentro.br\/labhidro\/wp-json\/wp\/v2\/pages"}],"about":[{"href":"https:\/\/www3.unicentro.br\/labhidro\/wp-json\/wp\/v2\/types\/page"}],"author":[{"embeddable":true,"href":"https:\/\/www3.unicentro.br\/labhidro\/wp-json\/wp\/v2\/users\/3"}],"replies":[{"embeddable":true,"href":"https:\/\/www3.unicentro.br\/labhidro\/wp-json\/wp\/v2\/comments?post=32"}],"version-history":[{"count":2,"href":"https:\/\/www3.unicentro.br\/labhidro\/wp-json\/wp\/v2\/pages\/32\/revisions"}],"predecessor-version":[{"id":1437,"href":"https:\/\/www3.unicentro.br\/labhidro\/wp-json\/wp\/v2\/pages\/32\/revisions\/1437"}],"wp:attachment":[{"href":"https:\/\/www3.unicentro.br\/labhidro\/wp-json\/wp\/v2\/media?parent=32"}],"curies":[{"name":"wp","href":"https:\/\/api.w.org\/{rel}","templated":true}]}}