{"id":30,"date":"2014-06-27T00:00:00","date_gmt":"2014-06-27T03:00:00","guid":{"rendered":"https:\/\/www3.unicentro.br\/labhidro\/nucleo-de-estudo-das-aguas\/"},"modified":"2022-12-07T16:13:54","modified_gmt":"2022-12-07T19:13:54","slug":"nucleo-de-estudo-das-aguas","status":"publish","type":"page","link":"https:\/\/www3.unicentro.br\/labhidro\/nucleo-de-estudo-das-aguas\/","title":{"rendered":"N\u00facleo de Estudo das \u00c1guas"},"content":{"rendered":"<div class=\"wpb-content-wrapper\"><p>[vc_row][vc_column][vc_wp_text]<img loading=\"lazy\" decoding=\"async\" class=\"alignleft\" src=\"https:\/\/www3.unicentro.br\/labhidro\/wp-content\/uploads\/sites\/105\/2022\/12\/NEA.png\" alt=\"\" width=\"136\" height=\"136\" \/><\/p>\n<p>&nbsp;<\/p>\n<p><span style=\"color: #0000ff\">N\u00facleo de Estudo das \u00c1guas<\/span><br \/>\nO NEA\u00a0 surgiu em 2013 com a finalidade de congregar e promover a troca de experi\u00eancia entre investigadores de diferentes n\u00edveis e \u00e1reas do conhecimento interessados em discutir a \u00e1gua, bem como sua rela\u00e7\u00e3o com o meio ambiente, incluindo sua rela\u00e7\u00e3o com a vida.<\/p>\n<p>&nbsp;<\/p>\n<p>[\/vc_wp_text][\/vc_column][\/vc_row]<\/p>\n<\/div>","protected":false},"excerpt":{"rendered":"<p>[vc_row][vc_column][vc_wp_text] &nbsp; N\u00facleo de Estudo das \u00c1guas O NEA\u00a0 surgiu em 2013 com a finalidade de congregar e promover a troca de experi\u00eancia entre investigadores de diferentes n\u00edveis e \u00e1reas do conhecimento interessados em discutir a \u00e1gua, bem como sua rela\u00e7\u00e3o com o meio ambiente, incluindo sua rela\u00e7\u00e3o com a vida. &nbsp; [\/vc_wp_text][\/vc_column][\/vc_row]<\/p>\n","protected":false},"author":3,"featured_media":0,"parent":0,"menu_order":0,"comment_status":"closed","ping_status":"closed","template":"","meta":{"_exactmetrics_skip_tracking":false,"_exactmetrics_sitenote_active":false,"_exactmetrics_sitenote_note":"","_exactmetrics_sitenote_category":0,"footnotes":"","_links_to":"","_links_to_target":""},"class_list":["post-30","page","type-page","status-publish","hentry"],"_links":{"self":[{"href":"https:\/\/www3.unicentro.br\/labhidro\/wp-json\/wp\/v2\/pages\/30","targetHints":{"allow":["GET"]}}],"collection":[{"href":"https:\/\/www3.unicentro.br\/labhidro\/wp-json\/wp\/v2\/pages"}],"about":[{"href":"https:\/\/www3.unicentro.br\/labhidro\/wp-json\/wp\/v2\/types\/page"}],"author":[{"embeddable":true,"href":"https:\/\/www3.unicentro.br\/labhidro\/wp-json\/wp\/v2\/users\/3"}],"replies":[{"embeddable":true,"href":"https:\/\/www3.unicentro.br\/labhidro\/wp-json\/wp\/v2\/comments?post=30"}],"version-history":[{"count":0,"href":"https:\/\/www3.unicentro.br\/labhidro\/wp-json\/wp\/v2\/pages\/30\/revisions"}],"wp:attachment":[{"href":"https:\/\/www3.unicentro.br\/labhidro\/wp-json\/wp\/v2\/media?parent=30"}],"curies":[{"name":"wp","href":"https:\/\/api.w.org\/{rel}","templated":true}]}}