{"id":28,"date":"2014-06-27T00:00:00","date_gmt":"2014-06-27T03:00:00","guid":{"rendered":"https:\/\/www3.unicentro.br\/labhidro\/inicial\/"},"modified":"2026-04-02T11:19:25","modified_gmt":"2026-04-02T14:19:25","slug":"inicial","status":"publish","type":"page","link":"https:\/\/www3.unicentro.br\/labhidro\/","title":{"rendered":"Inicial"},"content":{"rendered":"<div class=\"wpb-content-wrapper\"><p>[vc_row][vc_column][vc_column_text css_animation=&#8221;fadeIn&#8221; css=&#8221;&#8221;]<\/p>\n<p style=\"text-align: right\"><div class=\"post-views content-post post-28 entry-meta load-static\">\r\n\t\t\t\t<span class=\"post-views-icon dashicons dashicons-chart-bar\"><\/span> <span class=\"post-views-label\">Visualiza\u00e7\u00f5es da p\u00e1gina:<\/span> <span class=\"post-views-count\">1.683<\/span>\r\n\t\t\t<\/div>\n<p>[\/vc_column_text][\/vc_column][\/vc_row][vc_row][vc_column width=&#8221;2\/3&#8243;][vc_custom_heading text=&#8221;&#8221; font_container=&#8221;tag:h1|text_align:left&#8221; use_theme_fonts=&#8221;yes&#8221;][vc_column_text css_animation=&#8221;fadeIn&#8221; css=&#8221;&#8221;]<\/p>\n<p style=\"text-align: center\"><span style=\"font-size: 18pt\"><strong>Bem vindos ao Laborat\u00f3rio de Hidrologia &#8211; LabHidro!<\/strong><\/span><\/p>\n<p style=\"text-align: justify\">O Laborat\u00f3rio de Hidrologia tem como finalidade dar suporte a realiza\u00e7\u00e3o de estudos hidrol\u00f3gicos, no monitoramento de vari\u00e1veis hidrol\u00f3gicas (chuva, escoamento, intercepta\u00e7\u00e3o, infiltra\u00e7\u00e3o e evapotranspira\u00e7\u00e3o) e sedimentol\u00f3gicas (eros\u00e3o h\u00eddrica e transporte de sedimentos) e na modelagem ambiental de processos hidrogeomorfol\u00f3gicos.<\/p>\n<p style=\"text-align: justify\">O objetivo principal \u00e9 compreender as intera\u00e7\u00f5es entre os processos hidrol\u00f3gicos, geomorfol\u00f3gicos e biol\u00f3gicos em bacias hidrogr\u00e1ficas.<\/p>\n<p style=\"text-align: justify\">\u00c1rea de atua\u00e7\u00e3o: An\u00e1lise e Gest\u00e3o Ambiental, Desastres &#8216;Naturais&#8217;, Hidrologiade Superf\u00edcie, Geobiohidrologia, Hidrossedimentologia e Hidrogeomorfologia.<\/p>\n<p>[\/vc_column_text][\/vc_column][vc_column width=&#8221;1\/3&#8243;][vc_row_inner][vc_column_inner][vc_custom_heading text=&#8221;Dados em tempo real&#8221; font_container=&#8221;tag:h4|text_align:center&#8221; use_theme_fonts=&#8221;yes&#8221; css_animation=&#8221;fadeIn&#8221;][\/vc_column_inner][\/vc_row_inner][vc_single_image image=&#8221;552&#8243; img_size=&#8221;full&#8221; alignment=&#8221;center&#8221; style=&#8221;vc_box_outline_circle_2&#8243; onclick=&#8221;custom_link&#8221; img_link_target=&#8221;_blank&#8221; css_animation=&#8221;fadeIn&#8221; css=&#8221;&#8221; link=&#8221;https:\/\/www.wunderground.com\/dashboard\/pws\/IGUARA89&#8243;][vc_separator][\/vc_column][\/vc_row][vc_row][vc_column][vc_separator][\/vc_column][\/vc_row][vc_row][vc_column][vc_custom_heading text=&#8221;Destaques&#8221; font_container=&#8221;tag:h1|font_size:35|text_align:left|color:%231E73BE&#8221; use_theme_fonts=&#8221;yes&#8221; css_animation=&#8221;fadeIn&#8221; css=&#8221;&#8221;][vc_column_text css=&#8221;&#8221;][\/vc_column_text][vc_column_text css=&#8221;&#8221;][\/vc_column_text][\/vc_column][\/vc_row][vc_row][vc_column width=&#8221;1\/3&#8243;][vc_custom_heading text=&#8221;\ud83d\udcc4 Publica\u00e7\u00e3o em peri\u00f3dico internacional&#8221; font_container=&#8221;tag:h3|text_align:left&#8221; use_theme_fonts=&#8221;yes&#8221; css_animation=&#8221;fadeIn&#8221; css=&#8221;&#8221;][vc_column_text css_animation=&#8221;fadeIn&#8221; css=&#8221;&#8221;]Nova publica\u00e7\u00e3o cient\u00edfica do LabHidro contribui para o entendimento dos processos hidrossedimentares em conflu\u00eancias de rios[\/vc_column_text][vc_single_image image=&#8221;1455&#8243; img_size=&#8221;large&#8221; css_animation=&#8221;fadeIn&#8221; css=&#8221;&#8221;][vc_btn title=&#8221;Leia mais&#8221; style=&#8221;flat&#8221; shape=&#8221;round&#8221; color=&#8221;peacoc&#8221; css_animation=&#8221;fadeIn&#8221; css=&#8221;&#8221; link=&#8221;url:https%3A%2F%2Fwww.sciencedirect.com%2Fscience%2Farticle%2Fpii%2FS0169555X26001509%3Fvia%253Dihub|target:_blank&#8221;][\/vc_column][vc_column width=&#8221;1\/3&#8243;][vc_custom_heading text=&#8221;\ud83d\udcc4 Publica\u00e7\u00e3o em peri\u00f3dico internacional&#8221; font_container=&#8221;tag:h3|text_align:left&#8221; use_theme_fonts=&#8221;yes&#8221; css_animation=&#8221;fadeIn&#8221; css=&#8221;&#8221;][vc_column_text css_animation=&#8221;fadeIn&#8221; css=&#8221;&#8221;]Artigo publicado na revista Earth Systems and Environment:\u00a0 <em data-start=\"231\" data-end=\"343\">\u201cBeyond Intensity: How Rainfall Accumulation Patterns Drive Flood Disaster Characteristics in Southern Brazil\u201d, <\/em>resultado de colabora\u00e7\u00e3o cient\u00edfica entre o LabHidro e a Universidade de Torino.[\/vc_column_text][vc_single_image image=&#8221;1447&#8243; img_size=&#8221;large&#8221; css_animation=&#8221;fadeIn&#8221; css=&#8221;&#8221;][vc_btn title=&#8221;Leia mais&#8221; style=&#8221;flat&#8221; shape=&#8221;round&#8221; color=&#8221;peacoc&#8221; css_animation=&#8221;fadeIn&#8221; css=&#8221;&#8221; link=&#8221;url:https%3A%2F%2Flink.springer.com%2Fepdf%2F10.1007%2Fs41748-026-01111-9%3Fsharing_token%3DRXaBJdIDXLg59FRfus9_hPe4RwlQNchNByi7wbcMAY4Plt568ToDK0MYoi84nESR2_usqqySOfL1cgIAD5Uhj7AvyIwh8eIteC9LpHHct0zgx0rtF4265nQBJtmdUYflTvxkAo6H7ZXeR9-yQgscSmdVm89mngg1VLE3gidG3Fo%253D|target:_blank&#8221;][\/vc_column][vc_column width=&#8221;1\/3&#8243;][vc_custom_heading text=&#8221;\ud83d\udca7 Mesa Redonda Especial&#8221; font_container=&#8221;tag:h3|text_align:left&#8221; use_theme_fonts=&#8221;yes&#8221; css_animation=&#8221;fadeIn&#8221; css=&#8221;&#8221;][vc_column_text css_animation=&#8221;fadeIn&#8221; css=&#8221;&#8221;]Com destaque para a fala do Prof. Dr. Leandro Redin Vestena: <em data-start=\"346\" data-end=\"466\">\u201c\u00c1gua 2075: Estrat\u00e9gias de Gest\u00e3o entre a Realidade dos Extremos, o Equil\u00edbrio Hidrobiol\u00f3gico e a Incerteza Clim\u00e1tica\u201d<\/em>.[\/vc_column_text][vc_single_image image=&#8221;1446&#8243; img_size=&#8221;large&#8221; css_animation=&#8221;fadeIn&#8221; css=&#8221;&#8221;][vc_btn title=&#8221;Leia mais&#8221; style=&#8221;flat&#8221; shape=&#8221;round&#8221; color=&#8221;peacoc&#8221; css_animation=&#8221;fadeIn&#8221; css=&#8221;&#8221; link=&#8221;url:https%3A%2F%2Fdocs.google.com%2Fforms%2Fd%2Fe%2F1FAIpQLSdr0UaWhWJ_tbbAO6mBJ5RzeHew-ejTeEmUEq6wTWP_kne_pw%2Fviewform|target:_blank&#8221;][\/vc_column][\/vc_row][vc_row][vc_column width=&#8221;1\/3&#8243;][vc_custom_heading text=&#8221;\ud83c\udf93 Parab\u00e9ns!&#8221; font_container=&#8221;tag:h3|text_align:left&#8221; use_theme_fonts=&#8221;yes&#8221; css_animation=&#8221;fadeIn&#8221; css=&#8221;&#8221;][vc_column_text css_animation=&#8221;fadeIn&#8221; css=&#8221;&#8221;]O LabHidro\u00a0parabeniza nosso colega Ezequias Rodrigues dos Santos pela defesa de doutorado intitulada <em data-start=\"348\" data-end=\"474\">\u201cInflu\u00eancia das ep\u00edfitas no escoamento pelo tronco e na ciclagem de nutrientes em floresta ombr\u00f3fila mista no Sul do Brasil\u201d.\u00a0<\/em>[\/vc_column_text][vc_single_image image=&#8221;1384&#8243; img_size=&#8221;large&#8221; css_animation=&#8221;fadeIn&#8221; css=&#8221;&#8221;][vc_btn title=&#8221;Leia mais&#8221; style=&#8221;flat&#8221; shape=&#8221;round&#8221; color=&#8221;peacoc&#8221; css_animation=&#8221;fadeIn&#8221; css=&#8221;&#8221; link=&#8221;url:https%3A%2F%2Fscholar.google.com.br%2Fcitations%3Fuser%3DhUeOavkAAAAJ%26hl%3Dpt-BR|target:_blank&#8221;][\/vc_column][vc_column width=&#8221;1\/3&#8243;][vc_custom_heading text=&#8221;\ud83c\udfc6 Destaque no LabHidro!&#8221; font_container=&#8221;tag:h3|text_align:left&#8221; use_theme_fonts=&#8221;yes&#8221; css_animation=&#8221;fadeIn&#8221; css=&#8221;&#8221;][vc_column_text css_animation=&#8221;fadeIn&#8221; css=&#8221;&#8221;]Parabenizamos o Dr. Alessandro Kominecki pela indica\u00e7\u00e3o ao Pr\u00eamio de Melhor Tese em Geografia F\u00edsica da ANPEGE com o trabalho <em data-start=\"330\" data-end=\"433\">\u201cSedimentos de Leito e Morfologia de Conflu\u00eancias Fluviais Rochosas com Diferentes \u00c2ngulos de Jun\u00e7\u00e3o\u201d<\/em>.<\/p>\n<p>[\/vc_column_text][vc_single_image image=&#8221;1386&#8243; img_size=&#8221;large&#8221; css_animation=&#8221;fadeIn&#8221; css=&#8221;&#8221;][vc_btn title=&#8221;Leia mais&#8221; style=&#8221;flat&#8221; shape=&#8221;round&#8221; color=&#8221;peacoc&#8221; css_animation=&#8221;fadeIn&#8221; css=&#8221;&#8221; link=&#8221;url:https%3A%2F%2Fwww.instagram.com%2Fp%2FDIjgxxExbKY%2F%3Futm_source%3Dig_web_copy_link%26igsh%3DMzRlODBiNWFlZA%253D%253D|target:_blank&#8221;][\/vc_column][vc_column width=&#8221;1\/3&#8243;][vc_custom_heading text=&#8221;\ud83d\udcf0 Novas Publica\u00e7\u00f5es no LabHidro!&#8221; font_container=&#8221;tag:h3|text_align:left&#8221; use_theme_fonts=&#8221;yes&#8221; css_animation=&#8221;fadeIn&#8221; css=&#8221;&#8221;][vc_column_text css_animation=&#8221;fadeIn&#8221; css=&#8221;&#8221;]Confira as novas publica\u00e7\u00f5es do LabHidro na aba \u201cpublica\u00e7\u00f5es\u201d ou clique em \u201cLeia mais\u201d!<\/p>\n<p>&nbsp;<\/p>\n<p>[\/vc_column_text][vc_single_image image=&#8221;1359&#8243; img_size=&#8221;large&#8221; css_animation=&#8221;fadeIn&#8221; css=&#8221;&#8221;][vc_btn title=&#8221;Leia mais&#8221; style=&#8221;flat&#8221; shape=&#8221;round&#8221; color=&#8221;peacoc&#8221; css_animation=&#8221;fadeIn&#8221; css=&#8221;&#8221; link=&#8221;url:https%3A%2F%2Fwww3.unicentro.br%2Flabhidro%2Fpublicacoes%2F|target:_blank&#8221;][\/vc_column][\/vc_row][vc_row][vc_column][vc_separator][\/vc_column][\/vc_row][vc_row][vc_column width=&#8221;1\/2&#8243;][vc_gallery interval=&#8221;5&#8243; images=&#8221;187,334,601,1325&#8243; img_size=&#8221;full&#8221; css_animation=&#8221;fadeIn&#8221; css=&#8221;&#8221;][\/vc_column][vc_column width=&#8221;1\/2&#8243;][vc_gallery interval=&#8221;5&#8243; images=&#8221;556,198,246,1324&#8243; img_size=&#8221;full&#8221; css_animation=&#8221;fadeIn&#8221; css=&#8221;&#8221;][\/vc_column][\/vc_row]<\/p>\n<\/div>","protected":false},"excerpt":{"rendered":"<p>[vc_row][vc_column][vc_column_text css_animation=&#8221;fadeIn&#8221; css=&#8221;&#8221;] [\/vc_column_text][\/vc_column][\/vc_row][vc_row][vc_column width=&#8221;2\/3&#8243;][vc_custom_heading text=&#8221;&#8221; font_container=&#8221;tag:h1|text_align:left&#8221; use_theme_fonts=&#8221;yes&#8221;][vc_column_text css_animation=&#8221;fadeIn&#8221; css=&#8221;&#8221;] Bem vindos ao Laborat\u00f3rio de Hidrologia &#8211; LabHidro! O Laborat\u00f3rio de Hidrologia tem como finalidade dar suporte a realiza\u00e7\u00e3o de estudos hidrol\u00f3gicos, no monitoramento de vari\u00e1veis hidrol\u00f3gicas (chuva, escoamento, intercepta\u00e7\u00e3o, infiltra\u00e7\u00e3o e evapotranspira\u00e7\u00e3o) e sedimentol\u00f3gicas (eros\u00e3o h\u00eddrica e transporte de sedimentos) e na modelagem ambiental [&hellip;]<\/p>\n","protected":false},"author":3,"featured_media":0,"parent":0,"menu_order":0,"comment_status":"closed","ping_status":"closed","template":"page-templates\/front-page.php","meta":{"_exactmetrics_skip_tracking":false,"_exactmetrics_sitenote_active":false,"_exactmetrics_sitenote_note":"","_exactmetrics_sitenote_category":0,"footnotes":"","_links_to":"","_links_to_target":""},"class_list":["post-28","page","type-page","status-publish","hentry"],"_links":{"self":[{"href":"https:\/\/www3.unicentro.br\/labhidro\/wp-json\/wp\/v2\/pages\/28","targetHints":{"allow":["GET"]}}],"collection":[{"href":"https:\/\/www3.unicentro.br\/labhidro\/wp-json\/wp\/v2\/pages"}],"about":[{"href":"https:\/\/www3.unicentro.br\/labhidro\/wp-json\/wp\/v2\/types\/page"}],"author":[{"embeddable":true,"href":"https:\/\/www3.unicentro.br\/labhidro\/wp-json\/wp\/v2\/users\/3"}],"replies":[{"embeddable":true,"href":"https:\/\/www3.unicentro.br\/labhidro\/wp-json\/wp\/v2\/comments?post=28"}],"version-history":[{"count":4,"href":"https:\/\/www3.unicentro.br\/labhidro\/wp-json\/wp\/v2\/pages\/28\/revisions"}],"predecessor-version":[{"id":1456,"href":"https:\/\/www3.unicentro.br\/labhidro\/wp-json\/wp\/v2\/pages\/28\/revisions\/1456"}],"wp:attachment":[{"href":"https:\/\/www3.unicentro.br\/labhidro\/wp-json\/wp\/v2\/media?parent=28"}],"curies":[{"name":"wp","href":"https:\/\/api.w.org\/{rel}","templated":true}]}}