{"id":88,"date":"2024-08-29T17:00:49","date_gmt":"2024-08-29T20:00:49","guid":{"rendered":"https:\/\/www3.unicentro.br\/labdebentos\/?page_id=88"},"modified":"2025-10-13T22:12:05","modified_gmt":"2025-10-14T01:12:05","slug":"materiais","status":"publish","type":"page","link":"https:\/\/www3.unicentro.br\/labdebentos\/materiais\/","title":{"rendered":"Materiais"},"content":{"rendered":"<div class=\"wpb-content-wrapper\"><p>[vc_row][vc_column][vc_column_text css=&#8221;&#8221;][\/vc_column_text][vc_column_text css=&#8221;&#8221;]<\/p>\n<p style=\"text-align: center\"><span style=\"font-size: 18pt\"><strong>Biodiversidade bent\u00f4nica das Esta\u00e7\u00f5es Ecol\u00f3gicas Felippe Paulo Rickli e Capivara<\/strong><\/span><\/p>\n<p>\u00a0[\/vc_column_text][vc_raw_js]JTNDZGl2JTIwc3R5bGUlM0QlMjJ3aWR0aCUzQSUyMDEwMCUyNSUzQiUyMiUzRSUzQ2RpdiUyMHN0eWxlJTNEJTIycG9zaXRpb24lM0ElMjByZWxhdGl2ZSUzQiUyMHBhZGRpbmctYm90dG9tJTNBJTIwNTYuMjUlMjUlM0IlMjBwYWRkaW5nLXRvcCUzQSUyMDAlM0IlMjBoZWlnaHQlM0ElMjAwJTNCJTIyJTNFJTNDaWZyYW1lJTIwdGl0bGUlM0QlMjJFc3RhJUMzJUE3JUMzJUEzbyUyMEVjb2wlQzMlQjNnaWNhJTIwRmVsaXBwZSUyMFBhdWxvJTIwUmlja2xpJTIwLSUyMFR1cnZvJTIyJTIwZnJhbWVib3JkZXIlM0QlMjIwJTIyJTIwd2lkdGglM0QlMjIxMjAwcHglMjIlMjBoZWlnaHQlM0QlMjI2NzVweCUyMiUyMHN0eWxlJTNEJTIycG9zaXRpb24lM0ElMjBhYnNvbHV0ZSUzQiUyMHRvcCUzQSUyMDAlM0IlMjBsZWZ0JTNBJTIwMCUzQiUyMHdpZHRoJTNBJTIwMTAwJTI1JTNCJTIwaGVpZ2h0JTNBJTIwMTAwJTI1JTNCJTIyJTIwc3JjJTNEJTIyaHR0cHMlM0ElMkYlMkZ2aWV3LmdlbmlhbGx5LmNvbSUyRjY4ZDg4MzY4ODc1OGMyOTRiNTRjZTg3NiUyMiUyMHR5cGUlM0QlMjJ0ZXh0JTJGaHRtbCUyMiUyMGFsbG93c2NyaXB0YWNjZXNzJTNEJTIyYWx3YXlzJTIyJTIwYWxsb3dmdWxsc2NyZWVuJTNEJTIydHJ1ZSUyMiUyMHNjcm9sbGluZyUzRCUyMnllcyUyMiUyMGFsbG93bmV0d29ya2luZyUzRCUyMmFsbCUyMiUzRSUzQyUyRmlmcmFtZSUzRSUyMCUzQyUyRmRpdiUzRSUyMCUzQyUyRmRpdiUzRQ==[\/vc_raw_js][vc_raw_js]JTNDZGl2JTIwc3R5bGUlM0QlMjJ3aWR0aCUzQSUyMDEwMCUyNSUzQiUyMiUzRSUzQ2RpdiUyMHN0eWxlJTNEJTIycG9zaXRpb24lM0ElMjByZWxhdGl2ZSUzQiUyMHBhZGRpbmctYm90dG9tJTNBJTIwNTYuMjUlMjUlM0IlMjBwYWRkaW5nLXRvcCUzQSUyMDAlM0IlMjBoZWlnaHQlM0ElMjAwJTNCJTIyJTNFJTNDaWZyYW1lJTIwdGl0bGUlM0QlMjJFc3RhJUMzJUE3JUMzJUEzbyUyMEVjb2wlQzMlQjNnaWNhJTIwQ2FwaXZhcmElMjAtJTIwQ2FtcGluYSUyMGRvJTIwU2ltJUMzJUEzbyUyMiUyMGZyYW1lYm9yZGVyJTNEJTIyMCUyMiUyMHdpZHRoJTNEJTIyMTIwMHB4JTIyJTIwaGVpZ2h0JTNEJTIyNjc1cHglMjIlMjBzdHlsZSUzRCUyMnBvc2l0aW9uJTNBJTIwYWJzb2x1dGUlM0IlMjB0b3AlM0ElMjAwJTNCJTIwbGVmdCUzQSUyMDAlM0IlMjB3aWR0aCUzQSUyMDEwMCUyNSUzQiUyMGhlaWdodCUzQSUyMDEwMCUyNSUzQiUyMiUyMHNyYyUzRCUyMmh0dHBzJTNBJTJGJTJGdmlldy5nZW5pYWxseS5jb20lMkY2ODZlOTY0MDQ5Yjk1YzZlMzZlMmFhYjAlMjIlMjB0eXBlJTNEJTIydGV4dCUyRmh0bWwlMjIlMjBhbGxvd3NjcmlwdGFjY2VzcyUzRCUyMmFsd2F5cyUyMiUyMGFsbG93ZnVsbHNjcmVlbiUzRCUyMnRydWUlMjIlMjBzY3JvbGxpbmclM0QlMjJ5ZXMlMjIlMjBhbGxvd25ldHdvcmtpbmclM0QlMjJhbGwlMjIlM0UlM0MlMkZpZnJhbWUlM0UlMjAlM0MlMkZkaXYlM0UlMjAlM0MlMkZkaXYlM0U=[\/vc_raw_js][\/vc_column][\/vc_row][vc_row][vc_column][vc_column_text]<span style=\"font-size: 18pt\"><strong>Infogr\u00e1ficos e Ilustra\u00e7\u00f5es<\/strong><\/span><\/p>\n<p><strong>Materiais Educativos sobre os Bentos (Gadonski; Suriani- Affonso, 2021)<\/strong><\/p>\n\n\t\t<style type=\"text\/css\">\n\t\t\t#gallery-1 {\n\t\t\t\tmargin: auto;\n\t\t\t}\n\t\t\t#gallery-1 .gallery-item {\n\t\t\t\tfloat: left;\n\t\t\t\tmargin-top: 10px;\n\t\t\t\ttext-align: center;\n\t\t\t\twidth: 16%;\n\t\t\t}\n\t\t\t#gallery-1 img {\n\t\t\t\tborder: 2px solid #cfcfcf;\n\t\t\t}\n\t\t\t#gallery-1 .gallery-caption {\n\t\t\t\tmargin-left: 0;\n\t\t\t}\n\t\t\t\/* see gallery_shortcode() in wp-includes\/media.php *\/\n\t\t<\/style>\n\t\t<div id='gallery-1' class='gallery galleryid-88 gallery-columns-6 gallery-size-medium'><dl class='gallery-item'>\n\t\t\t<dt class='gallery-icon portrait'>\n\t\t\t\t<a href='https:\/\/www3.unicentro.br\/labdebentos\/materiais\/whatsapp-image-2024-09-27-at-10-18-17\/'><img loading=\"lazy\" decoding=\"async\" width=\"848\" height=\"1200\" src=\"https:\/\/www3.unicentro.br\/labdebentos\/wp-content\/uploads\/sites\/170\/2024\/10\/WhatsApp-Image-2024-09-27-at-10.18.17.jpeg\" class=\"attachment-medium size-medium\" alt=\"\" srcset=\"https:\/\/www3.unicentro.br\/labdebentos\/wp-content\/uploads\/sites\/170\/2024\/10\/WhatsApp-Image-2024-09-27-at-10.18.17.jpeg 848w, https:\/\/www3.unicentro.br\/labdebentos\/wp-content\/uploads\/sites\/170\/2024\/10\/WhatsApp-Image-2024-09-27-at-10.18.17-768x1087.jpeg 768w, https:\/\/www3.unicentro.br\/labdebentos\/wp-content\/uploads\/sites\/170\/2024\/10\/WhatsApp-Image-2024-09-27-at-10.18.17-255x361.jpeg 255w\" sizes=\"auto, (max-width: 848px) 100vw, 848px\" \/><\/a>\n\t\t\t<\/dt><\/dl><dl class='gallery-item'>\n\t\t\t<dt class='gallery-icon portrait'>\n\t\t\t\t<a href='https:\/\/www3.unicentro.br\/labdebentos\/materiais\/whatsapp-image-2024-09-27-at-10-18-19\/'><img loading=\"lazy\" decoding=\"async\" width=\"848\" height=\"1200\" src=\"https:\/\/www3.unicentro.br\/labdebentos\/wp-content\/uploads\/sites\/170\/2024\/10\/WhatsApp-Image-2024-09-27-at-10.18.19.jpeg\" class=\"attachment-medium size-medium\" alt=\"\" srcset=\"https:\/\/www3.unicentro.br\/labdebentos\/wp-content\/uploads\/sites\/170\/2024\/10\/WhatsApp-Image-2024-09-27-at-10.18.19.jpeg 848w, https:\/\/www3.unicentro.br\/labdebentos\/wp-content\/uploads\/sites\/170\/2024\/10\/WhatsApp-Image-2024-09-27-at-10.18.19-768x1087.jpeg 768w, https:\/\/www3.unicentro.br\/labdebentos\/wp-content\/uploads\/sites\/170\/2024\/10\/WhatsApp-Image-2024-09-27-at-10.18.19-255x361.jpeg 255w\" sizes=\"auto, (max-width: 848px) 100vw, 848px\" \/><\/a>\n\t\t\t<\/dt><\/dl><dl class='gallery-item'>\n\t\t\t<dt class='gallery-icon portrait'>\n\t\t\t\t<a href='https:\/\/www3.unicentro.br\/labdebentos\/materiais\/whatsapp-image-2024-09-27-at-10-18-18\/'><img loading=\"lazy\" decoding=\"async\" width=\"848\" height=\"1200\" src=\"https:\/\/www3.unicentro.br\/labdebentos\/wp-content\/uploads\/sites\/170\/2024\/10\/WhatsApp-Image-2024-09-27-at-10.18.18.jpeg\" class=\"attachment-medium size-medium\" alt=\"\" srcset=\"https:\/\/www3.unicentro.br\/labdebentos\/wp-content\/uploads\/sites\/170\/2024\/10\/WhatsApp-Image-2024-09-27-at-10.18.18.jpeg 848w, https:\/\/www3.unicentro.br\/labdebentos\/wp-content\/uploads\/sites\/170\/2024\/10\/WhatsApp-Image-2024-09-27-at-10.18.18-768x1087.jpeg 768w, https:\/\/www3.unicentro.br\/labdebentos\/wp-content\/uploads\/sites\/170\/2024\/10\/WhatsApp-Image-2024-09-27-at-10.18.18-255x361.jpeg 255w\" sizes=\"auto, (max-width: 848px) 100vw, 848px\" \/><\/a>\n\t\t\t<\/dt><\/dl><dl class='gallery-item'>\n\t\t\t<dt class='gallery-icon portrait'>\n\t\t\t\t<a href='https:\/\/www3.unicentro.br\/labdebentos\/materiais\/whatsapp-image-2024-09-27-at-10-18-18-1\/'><img loading=\"lazy\" decoding=\"async\" width=\"848\" height=\"1200\" src=\"https:\/\/www3.unicentro.br\/labdebentos\/wp-content\/uploads\/sites\/170\/2024\/10\/WhatsApp-Image-2024-09-27-at-10.18.18-1.jpeg\" class=\"attachment-medium size-medium\" alt=\"\" srcset=\"https:\/\/www3.unicentro.br\/labdebentos\/wp-content\/uploads\/sites\/170\/2024\/10\/WhatsApp-Image-2024-09-27-at-10.18.18-1.jpeg 848w, https:\/\/www3.unicentro.br\/labdebentos\/wp-content\/uploads\/sites\/170\/2024\/10\/WhatsApp-Image-2024-09-27-at-10.18.18-1-768x1087.jpeg 768w, https:\/\/www3.unicentro.br\/labdebentos\/wp-content\/uploads\/sites\/170\/2024\/10\/WhatsApp-Image-2024-09-27-at-10.18.18-1-255x361.jpeg 255w\" sizes=\"auto, (max-width: 848px) 100vw, 848px\" \/><\/a>\n\t\t\t<\/dt><\/dl><dl class='gallery-item'>\n\t\t\t<dt class='gallery-icon portrait'>\n\t\t\t\t<a href='https:\/\/www3.unicentro.br\/labdebentos\/materiais\/whatsapp-image-2024-09-27-at-10-18-20\/'><img loading=\"lazy\" decoding=\"async\" width=\"848\" height=\"1200\" src=\"https:\/\/www3.unicentro.br\/labdebentos\/wp-content\/uploads\/sites\/170\/2024\/10\/WhatsApp-Image-2024-09-27-at-10.18.20.jpeg\" class=\"attachment-medium size-medium\" alt=\"\" srcset=\"https:\/\/www3.unicentro.br\/labdebentos\/wp-content\/uploads\/sites\/170\/2024\/10\/WhatsApp-Image-2024-09-27-at-10.18.20.jpeg 848w, https:\/\/www3.unicentro.br\/labdebentos\/wp-content\/uploads\/sites\/170\/2024\/10\/WhatsApp-Image-2024-09-27-at-10.18.20-768x1087.jpeg 768w, https:\/\/www3.unicentro.br\/labdebentos\/wp-content\/uploads\/sites\/170\/2024\/10\/WhatsApp-Image-2024-09-27-at-10.18.20-255x361.jpeg 255w\" sizes=\"auto, (max-width: 848px) 100vw, 848px\" \/><\/a>\n\t\t\t<\/dt><\/dl><dl class='gallery-item'>\n\t\t\t<dt class='gallery-icon portrait'>\n\t\t\t\t<a href='https:\/\/www3.unicentro.br\/labdebentos\/materiais\/whatsapp-image-2024-09-27-at-10-18-16\/'><img loading=\"lazy\" decoding=\"async\" width=\"848\" height=\"1200\" src=\"https:\/\/www3.unicentro.br\/labdebentos\/wp-content\/uploads\/sites\/170\/2024\/10\/WhatsApp-Image-2024-09-27-at-10.18.16.jpeg\" class=\"attachment-medium size-medium\" alt=\"\" srcset=\"https:\/\/www3.unicentro.br\/labdebentos\/wp-content\/uploads\/sites\/170\/2024\/10\/WhatsApp-Image-2024-09-27-at-10.18.16.jpeg 848w, https:\/\/www3.unicentro.br\/labdebentos\/wp-content\/uploads\/sites\/170\/2024\/10\/WhatsApp-Image-2024-09-27-at-10.18.16-768x1087.jpeg 768w, https:\/\/www3.unicentro.br\/labdebentos\/wp-content\/uploads\/sites\/170\/2024\/10\/WhatsApp-Image-2024-09-27-at-10.18.16-255x361.jpeg 255w\" sizes=\"auto, (max-width: 848px) 100vw, 848px\" \/><\/a>\n\t\t\t<\/dt><\/dl><br style=\"clear: both\" \/>\n\t\t<\/div>\n\n<hr \/>\n<p><strong>Infogr\u00e1ficos da Esta\u00e7\u00e3o Ecol\u00f3gica Rio Bonito (Esteves; Suriani Affonso, 2022)<\/strong><\/p>\n\n\t\t<style type=\"text\/css\">\n\t\t\t#gallery-2 {\n\t\t\t\tmargin: auto;\n\t\t\t}\n\t\t\t#gallery-2 .gallery-item {\n\t\t\t\tfloat: left;\n\t\t\t\tmargin-top: 10px;\n\t\t\t\ttext-align: center;\n\t\t\t\twidth: 50%;\n\t\t\t}\n\t\t\t#gallery-2 img {\n\t\t\t\tborder: 2px solid #cfcfcf;\n\t\t\t}\n\t\t\t#gallery-2 .gallery-caption {\n\t\t\t\tmargin-left: 0;\n\t\t\t}\n\t\t\t\/* see gallery_shortcode() in wp-includes\/media.php *\/\n\t\t<\/style>\n\t\t<div id='gallery-2' class='gallery galleryid-88 gallery-columns-2 gallery-size-medium'><dl class='gallery-item'>\n\t\t\t<dt class='gallery-icon landscape'>\n\t\t\t\t<a href='https:\/\/www3.unicentro.br\/labdebentos\/materiais\/potencialidades-e-fragil-rio-bonito\/'><img loading=\"lazy\" decoding=\"async\" width=\"1280\" height=\"720\" src=\"https:\/\/www3.unicentro.br\/labdebentos\/wp-content\/uploads\/sites\/170\/2024\/10\/Potencialidades-e-fragil-Rio-Bonito.jpeg\" class=\"attachment-medium size-medium\" alt=\"\" srcset=\"https:\/\/www3.unicentro.br\/labdebentos\/wp-content\/uploads\/sites\/170\/2024\/10\/Potencialidades-e-fragil-Rio-Bonito.jpeg 1280w, https:\/\/www3.unicentro.br\/labdebentos\/wp-content\/uploads\/sites\/170\/2024\/10\/Potencialidades-e-fragil-Rio-Bonito-768x432.jpeg 768w, https:\/\/www3.unicentro.br\/labdebentos\/wp-content\/uploads\/sites\/170\/2024\/10\/Potencialidades-e-fragil-Rio-Bonito-255x143.jpeg 255w\" sizes=\"auto, (max-width: 1280px) 100vw, 1280px\" \/><\/a>\n\t\t\t<\/dt><\/dl><dl class='gallery-item'>\n\t\t\t<dt class='gallery-icon landscape'>\n\t\t\t\t<a href='https:\/\/www3.unicentro.br\/labdebentos\/materiais\/problemas-socioambientais-e-os-bentos-qualidade-da-agua\/'><img loading=\"lazy\" decoding=\"async\" width=\"1280\" height=\"720\" src=\"https:\/\/www3.unicentro.br\/labdebentos\/wp-content\/uploads\/sites\/170\/2024\/10\/Problemas-socioambientais-e-os-bentos-qualidade-da-agua.jpeg\" class=\"attachment-medium size-medium\" alt=\"\" srcset=\"https:\/\/www3.unicentro.br\/labdebentos\/wp-content\/uploads\/sites\/170\/2024\/10\/Problemas-socioambientais-e-os-bentos-qualidade-da-agua.jpeg 1280w, https:\/\/www3.unicentro.br\/labdebentos\/wp-content\/uploads\/sites\/170\/2024\/10\/Problemas-socioambientais-e-os-bentos-qualidade-da-agua-768x432.jpeg 768w, https:\/\/www3.unicentro.br\/labdebentos\/wp-content\/uploads\/sites\/170\/2024\/10\/Problemas-socioambientais-e-os-bentos-qualidade-da-agua-255x143.jpeg 255w\" sizes=\"auto, (max-width: 1280px) 100vw, 1280px\" \/><\/a>\n\t\t\t<\/dt><\/dl><br style=\"clear: both\" \/>\n\t\t<\/div>\n\n<hr \/>\n<p><strong>Zoobentos Esta\u00e7\u00f5es Ecol\u00f3gicas Turvo e Campina do Sim\u00e3o<\/strong><\/p>\n<p>&nbsp;<\/p>\n<div class=\"wp-block-image\"><img loading=\"lazy\" decoding=\"async\" class=\"wpa-warning wpa-image-missing-alt alignnone size-full wp-image-244\" src=\"https:\/\/www3.unicentro.br\/labdebentos\/wp-content\/uploads\/sites\/170\/2024\/10\/Zoobentos-Estacoes-Ecologicas-Turvo-e-Campina-do-Simao.jpg\" alt=\"\" width=\"1280\" height=\"720\" data-warning=\"Missing alt text\" srcset=\"https:\/\/www3.unicentro.br\/labdebentos\/wp-content\/uploads\/sites\/170\/2024\/10\/Zoobentos-Estacoes-Ecologicas-Turvo-e-Campina-do-Simao.jpg 1280w, https:\/\/www3.unicentro.br\/labdebentos\/wp-content\/uploads\/sites\/170\/2024\/10\/Zoobentos-Estacoes-Ecologicas-Turvo-e-Campina-do-Simao-768x432.jpg 768w, https:\/\/www3.unicentro.br\/labdebentos\/wp-content\/uploads\/sites\/170\/2024\/10\/Zoobentos-Estacoes-Ecologicas-Turvo-e-Campina-do-Simao-255x143.jpg 255w\" sizes=\"auto, (max-width: 1280px) 100vw, 1280px\" \/><\/div>\n<div><\/div>\n<hr \/>\n<p><strong>Hist\u00f3ria em Quadrinhos sobre os Bentos (Gadonski; Suriani- Affonso, 2021)<\/strong><\/p>\n<div class=\"wp-block-image\">\n\n\t\t<style type=\"text\/css\">\n\t\t\t#gallery-3 {\n\t\t\t\tmargin: auto;\n\t\t\t}\n\t\t\t#gallery-3 .gallery-item {\n\t\t\t\tfloat: left;\n\t\t\t\tmargin-top: 10px;\n\t\t\t\ttext-align: center;\n\t\t\t\twidth: 50%;\n\t\t\t}\n\t\t\t#gallery-3 img {\n\t\t\t\tborder: 2px solid #cfcfcf;\n\t\t\t}\n\t\t\t#gallery-3 .gallery-caption {\n\t\t\t\tmargin-left: 0;\n\t\t\t}\n\t\t\t\/* see gallery_shortcode() in wp-includes\/media.php *\/\n\t\t<\/style>\n\t\t<div id='gallery-3' class='gallery galleryid-88 gallery-columns-2 gallery-size-large'><dl class='gallery-item'>\n\t\t\t<dt class='gallery-icon portrait'>\n\t\t\t\t<a href='https:\/\/www3.unicentro.br\/labdebentos\/materiais\/9f31bc85-2636-4aa3-8970-46b1386ea576\/'><img loading=\"lazy\" decoding=\"async\" width=\"848\" height=\"1200\" src=\"https:\/\/www3.unicentro.br\/labdebentos\/wp-content\/uploads\/sites\/170\/2024\/10\/9f31bc85-2636-4aa3-8970-46b1386ea576.jpeg\" class=\"attachment-large size-large\" alt=\"\" srcset=\"https:\/\/www3.unicentro.br\/labdebentos\/wp-content\/uploads\/sites\/170\/2024\/10\/9f31bc85-2636-4aa3-8970-46b1386ea576.jpeg 848w, https:\/\/www3.unicentro.br\/labdebentos\/wp-content\/uploads\/sites\/170\/2024\/10\/9f31bc85-2636-4aa3-8970-46b1386ea576-768x1087.jpeg 768w, https:\/\/www3.unicentro.br\/labdebentos\/wp-content\/uploads\/sites\/170\/2024\/10\/9f31bc85-2636-4aa3-8970-46b1386ea576-255x361.jpeg 255w\" sizes=\"auto, (max-width: 848px) 100vw, 848px\" \/><\/a>\n\t\t\t<\/dt><\/dl><dl class='gallery-item'>\n\t\t\t<dt class='gallery-icon portrait'>\n\t\t\t\t<a href='https:\/\/www3.unicentro.br\/labdebentos\/materiais\/80093486-6a6c-4db8-b41f-265adba8ed23\/'><img loading=\"lazy\" decoding=\"async\" width=\"848\" height=\"1200\" src=\"https:\/\/www3.unicentro.br\/labdebentos\/wp-content\/uploads\/sites\/170\/2024\/10\/80093486-6a6c-4db8-b41f-265adba8ed23.jpeg\" class=\"attachment-large size-large\" alt=\"\" srcset=\"https:\/\/www3.unicentro.br\/labdebentos\/wp-content\/uploads\/sites\/170\/2024\/10\/80093486-6a6c-4db8-b41f-265adba8ed23.jpeg 848w, https:\/\/www3.unicentro.br\/labdebentos\/wp-content\/uploads\/sites\/170\/2024\/10\/80093486-6a6c-4db8-b41f-265adba8ed23-768x1087.jpeg 768w, https:\/\/www3.unicentro.br\/labdebentos\/wp-content\/uploads\/sites\/170\/2024\/10\/80093486-6a6c-4db8-b41f-265adba8ed23-255x361.jpeg 255w\" sizes=\"auto, (max-width: 848px) 100vw, 848px\" \/><\/a>\n\t\t\t<\/dt><\/dl><br style=\"clear: both\" \/>\n\t\t<\/div>\n\n<\/div>\n<hr \/>\n<p><strong>Infogr\u00e1ficos das Esta\u00e7\u00f5es Ecol\u00f3gicas Felippe Paulo Rickli e\u00a0 Capivara I\/II (Esteves; Suriani- Affonso, 2021)<\/strong><\/p>\n\n\t\t<style type=\"text\/css\">\n\t\t\t#gallery-4 {\n\t\t\t\tmargin: auto;\n\t\t\t}\n\t\t\t#gallery-4 .gallery-item {\n\t\t\t\tfloat: left;\n\t\t\t\tmargin-top: 10px;\n\t\t\t\ttext-align: center;\n\t\t\t\twidth: 50%;\n\t\t\t}\n\t\t\t#gallery-4 img {\n\t\t\t\tborder: 2px solid #cfcfcf;\n\t\t\t}\n\t\t\t#gallery-4 .gallery-caption {\n\t\t\t\tmargin-left: 0;\n\t\t\t}\n\t\t\t\/* see gallery_shortcode() in wp-includes\/media.php *\/\n\t\t<\/style>\n\t\t<div id='gallery-4' class='gallery galleryid-88 gallery-columns-2 gallery-size-medium'><dl class='gallery-item'>\n\t\t\t<dt class='gallery-icon landscape'>\n\t\t\t\t<a href='https:\/\/www3.unicentro.br\/labdebentos\/materiais\/fprturvo\/'><img loading=\"lazy\" decoding=\"async\" width=\"1697\" height=\"1200\" src=\"https:\/\/www3.unicentro.br\/labdebentos\/wp-content\/uploads\/sites\/170\/2024\/10\/fprturvo.jpeg\" class=\"attachment-medium size-medium\" alt=\"\" srcset=\"https:\/\/www3.unicentro.br\/labdebentos\/wp-content\/uploads\/sites\/170\/2024\/10\/fprturvo.jpeg 1697w, https:\/\/www3.unicentro.br\/labdebentos\/wp-content\/uploads\/sites\/170\/2024\/10\/fprturvo-768x543.jpeg 768w, https:\/\/www3.unicentro.br\/labdebentos\/wp-content\/uploads\/sites\/170\/2024\/10\/fprturvo-1536x1086.jpeg 1536w, https:\/\/www3.unicentro.br\/labdebentos\/wp-content\/uploads\/sites\/170\/2024\/10\/fprturvo-255x180.jpeg 255w\" sizes=\"auto, (max-width: 1697px) 100vw, 1697px\" \/><\/a>\n\t\t\t<\/dt><\/dl><dl class='gallery-item'>\n\t\t\t<dt class='gallery-icon landscape'>\n\t\t\t\t<a href='https:\/\/www3.unicentro.br\/labdebentos\/materiais\/capivara\/'><img loading=\"lazy\" decoding=\"async\" width=\"1697\" height=\"1200\" src=\"https:\/\/www3.unicentro.br\/labdebentos\/wp-content\/uploads\/sites\/170\/2024\/10\/capivara.jpeg\" class=\"attachment-medium size-medium\" alt=\"\" srcset=\"https:\/\/www3.unicentro.br\/labdebentos\/wp-content\/uploads\/sites\/170\/2024\/10\/capivara.jpeg 1697w, https:\/\/www3.unicentro.br\/labdebentos\/wp-content\/uploads\/sites\/170\/2024\/10\/capivara-768x543.jpeg 768w, https:\/\/www3.unicentro.br\/labdebentos\/wp-content\/uploads\/sites\/170\/2024\/10\/capivara-1536x1086.jpeg 1536w, https:\/\/www3.unicentro.br\/labdebentos\/wp-content\/uploads\/sites\/170\/2024\/10\/capivara-255x180.jpeg 255w\" sizes=\"auto, (max-width: 1697px) 100vw, 1697px\" \/><\/a>\n\t\t\t<\/dt><\/dl><br style=\"clear: both\" \/>\n\t\t<\/div>\n\n<p>&nbsp;<\/p>\n<p><span style=\"font-size: 18pt\"><strong>Materiais em PDFs<\/strong><\/span><\/p>\n<p><strong><a href=\"https:\/\/www3.unicentro.br\/labdebentos\/wp-content\/uploads\/sites\/170\/2024\/10\/GuiaprticoparaestudosdemacroinvertebradosaquticosdaregiodeGuarapuava-PR.pdf\">Guia Pr\u00e1tico de Estudo de Macroinvertebrados Aqu\u00e1ticos<\/a><\/strong><\/p>\n<hr \/>\n<p><strong><a href=\"https:\/\/www3.unicentro.br\/labdebentos\/wp-content\/uploads\/sites\/170\/2024\/10\/Folder-Turvo-pags-1-2-e-3.pdf\">Folder da Esta\u00e7\u00e3o Ecol\u00f3gica Turvo<\/a><\/strong><\/p>\n<p>&nbsp;<\/p>\n<p><span style=\"font-size: 18pt\"><strong>Links<\/strong><\/span><\/p>\n<p><strong><a href=\"http:\/\/macroinvertebrates.org\/\">http:\/\/macroinvertebrates.org\/<\/a><\/strong>[\/vc_column_text][\/vc_column][vc_column][\/vc_column][\/vc_row]<\/p>\n<\/div>","protected":false},"excerpt":{"rendered":"<p>[vc_row][vc_column][vc_column_text css=&#8221;&#8221;][\/vc_column_text][vc_column_text css=&#8221;&#8221;] Biodiversidade bent\u00f4nica das Esta\u00e7\u00f5es Ecol\u00f3gicas Felippe Paulo Rickli e Capivara \u00a0[\/vc_column_text][vc_raw_js]JTNDZGl2JTIwc3R5bGUlM0QlMjJ3aWR0aCUzQSUyMDEwMCUyNSUzQiUyMiUzRSUzQ2RpdiUyMHN0eWxlJTNEJTIycG9zaXRpb24lM0ElMjByZWxhdGl2ZSUzQiUyMHBhZGRpbmctYm90dG9tJTNBJTIwNTYuMjUlMjUlM0IlMjBwYWRkaW5nLXRvcCUzQSUyMDAlM0IlMjBoZWlnaHQlM0ElMjAwJTNCJTIyJTNFJTNDaWZyYW1lJTIwdGl0bGUlM0QlMjJFc3RhJUMzJUE3JUMzJUEzbyUyMEVjb2wlQzMlQjNnaWNhJTIwRmVsaXBwZSUyMFBhdWxvJTIwUmlja2xpJTIwLSUyMFR1cnZvJTIyJTIwZnJhbWVib3JkZXIlM0QlMjIwJTIyJTIwd2lkdGglM0QlMjIxMjAwcHglMjIlMjBoZWlnaHQlM0QlMjI2NzVweCUyMiUyMHN0eWxlJTNEJTIycG9zaXRpb24lM0ElMjBhYnNvbHV0ZSUzQiUyMHRvcCUzQSUyMDAlM0IlMjBsZWZ0JTNBJTIwMCUzQiUyMHdpZHRoJTNBJTIwMTAwJTI1JTNCJTIwaGVpZ2h0JTNBJTIwMTAwJTI1JTNCJTIyJTIwc3JjJTNEJTIyaHR0cHMlM0ElMkYlMkZ2aWV3LmdlbmlhbGx5LmNvbSUyRjY4ZDg4MzY4ODc1OGMyOTRiNTRjZTg3NiUyMiUyMHR5cGUlM0QlMjJ0ZXh0JTJGaHRtbCUyMiUyMGFsbG93c2NyaXB0YWNjZXNzJTNEJTIyYWx3YXlzJTIyJTIwYWxsb3dmdWxsc2NyZWVuJTNEJTIydHJ1ZSUyMiUyMHNjcm9sbGluZyUzRCUyMnllcyUyMiUyMGFsbG93bmV0d29ya2luZyUzRCUyMmFsbCUyMiUzRSUzQyUyRmlmcmFtZSUzRSUyMCUzQyUyRmRpdiUzRSUyMCUzQyUyRmRpdiUzRQ==[\/vc_raw_js][vc_raw_js]JTNDZGl2JTIwc3R5bGUlM0QlMjJ3aWR0aCUzQSUyMDEwMCUyNSUzQiUyMiUzRSUzQ2RpdiUyMHN0eWxlJTNEJTIycG9zaXRpb24lM0ElMjByZWxhdGl2ZSUzQiUyMHBhZGRpbmctYm90dG9tJTNBJTIwNTYuMjUlMjUlM0IlMjBwYWRkaW5nLXRvcCUzQSUyMDAlM0IlMjBoZWlnaHQlM0ElMjAwJTNCJTIyJTNFJTNDaWZyYW1lJTIwdGl0bGUlM0QlMjJFc3RhJUMzJUE3JUMzJUEzbyUyMEVjb2wlQzMlQjNnaWNhJTIwQ2FwaXZhcmElMjAtJTIwQ2FtcGluYSUyMGRvJTIwU2ltJUMzJUEzbyUyMiUyMGZyYW1lYm9yZGVyJTNEJTIyMCUyMiUyMHdpZHRoJTNEJTIyMTIwMHB4JTIyJTIwaGVpZ2h0JTNEJTIyNjc1cHglMjIlMjBzdHlsZSUzRCUyMnBvc2l0aW9uJTNBJTIwYWJzb2x1dGUlM0IlMjB0b3AlM0ElMjAwJTNCJTIwbGVmdCUzQSUyMDAlM0IlMjB3aWR0aCUzQSUyMDEwMCUyNSUzQiUyMGhlaWdodCUzQSUyMDEwMCUyNSUzQiUyMiUyMHNyYyUzRCUyMmh0dHBzJTNBJTJGJTJGdmlldy5nZW5pYWxseS5jb20lMkY2ODZlOTY0MDQ5Yjk1YzZlMzZlMmFhYjAlMjIlMjB0eXBlJTNEJTIydGV4dCUyRmh0bWwlMjIlMjBhbGxvd3NjcmlwdGFjY2VzcyUzRCUyMmFsd2F5cyUyMiUyMGFsbG93ZnVsbHNjcmVlbiUzRCUyMnRydWUlMjIlMjBzY3JvbGxpbmclM0QlMjJ5ZXMlMjIlMjBhbGxvd25ldHdvcmtpbmclM0QlMjJhbGwlMjIlM0UlM0MlMkZpZnJhbWUlM0UlMjAlM0MlMkZkaXYlM0UlMjAlM0MlMkZkaXYlM0U=[\/vc_raw_js][\/vc_column][\/vc_row][vc_row][vc_column][vc_column_text]Infogr\u00e1ficos e Ilustra\u00e7\u00f5es Materiais Educativos sobre os Bentos (Gadonski; Suriani- Affonso, 2021) Infogr\u00e1ficos da Esta\u00e7\u00e3o Ecol\u00f3gica Rio Bonito (Esteves; Suriani Affonso, 2022) Zoobentos Esta\u00e7\u00f5es Ecol\u00f3gicas Turvo e Campina do Sim\u00e3o &nbsp; Hist\u00f3ria em Quadrinhos sobre os Bentos (Gadonski; Suriani- Affonso, 2021) Infogr\u00e1ficos [&hellip;]<\/p>\n","protected":false},"author":3,"featured_media":0,"parent":0,"menu_order":0,"comment_status":"closed","ping_status":"closed","template":"","meta":{"_exactmetrics_skip_tracking":false,"_exactmetrics_sitenote_active":false,"_exactmetrics_sitenote_note":"","_exactmetrics_sitenote_category":0,"footnotes":"","_links_to":"","_links_to_target":""},"class_list":["post-88","page","type-page","status-publish","hentry"],"_links":{"self":[{"href":"https:\/\/www3.unicentro.br\/labdebentos\/wp-json\/wp\/v2\/pages\/88","targetHints":{"allow":["GET"]}}],"collection":[{"href":"https:\/\/www3.unicentro.br\/labdebentos\/wp-json\/wp\/v2\/pages"}],"about":[{"href":"https:\/\/www3.unicentro.br\/labdebentos\/wp-json\/wp\/v2\/types\/page"}],"author":[{"embeddable":true,"href":"https:\/\/www3.unicentro.br\/labdebentos\/wp-json\/wp\/v2\/users\/3"}],"replies":[{"embeddable":true,"href":"https:\/\/www3.unicentro.br\/labdebentos\/wp-json\/wp\/v2\/comments?post=88"}],"version-history":[{"count":2,"href":"https:\/\/www3.unicentro.br\/labdebentos\/wp-json\/wp\/v2\/pages\/88\/revisions"}],"predecessor-version":[{"id":414,"href":"https:\/\/www3.unicentro.br\/labdebentos\/wp-json\/wp\/v2\/pages\/88\/revisions\/414"}],"wp:attachment":[{"href":"https:\/\/www3.unicentro.br\/labdebentos\/wp-json\/wp\/v2\/media?parent=88"}],"curies":[{"name":"wp","href":"https:\/\/api.w.org\/{rel}","templated":true}]}}