{"id":86,"date":"2024-08-29T17:00:33","date_gmt":"2024-08-29T20:00:33","guid":{"rendered":"https:\/\/www3.unicentro.br\/labdebentos\/?page_id=86"},"modified":"2024-10-01T16:42:22","modified_gmt":"2024-10-01T19:42:22","slug":"livros-e-capitulos-de-livros","status":"publish","type":"page","link":"https:\/\/www3.unicentro.br\/labdebentos\/publicacoes\/livros-e-capitulos-de-livros\/","title":{"rendered":"Livros e Cap\u00edtulos de Livros"},"content":{"rendered":"<p><span style=\"font-weight: 400\">MOSER, A. S. ; KATAOKA, A. M. ; SURIANI, A. L. ou SURIANI-AFFONSO, A. L. . Guia pr\u00e1tico para estudos dos macroinvertebrados aqu\u00e1ticos da regi\u00e3o de Guarapuava-PR. 1. ed. Guarapuava: independente, 2018. v. 1. 73p .<\/span><\/p>\n<p><span style=\"font-weight: 400\">MOSER, A. S. ; SURIANI, A. L. ou SURIANI-AFFONSO, A. L. ; MORAIS, M. M. . Cole\u00e7\u00f5es biol\u00f3gicas a partir de bioindicadores ambientais uma proposta para inser\u00e7\u00e3o da educa\u00e7\u00e3o ambiental cr\u00edtica no ensino. In: Adriana Massa\u00ea Kataoka; Ana Lucia Suriani Affonso; Daniel Mazureck; Maristela Procidonio Ferreira. (Org.). O fazer educa\u00e7\u00e3o ambiental reflex\u00f5es necess\u00e1rias. 1ed.Guarapuava: Editora Unicentro, 2021, v. 1, p. 38-51.<\/span><\/p>\n<p><span style=\"font-weight: 400\">MOSER, A. S. ; SURIANI, A. L. ou SURIANI-AFFONSO, A. L. ; MORAIS, M. M. . Cole\u00e7\u00f5es biol\u00f3gicas a partir de bioindicadores ambientais uma proposta para a inser\u00e7\u00e3o da educa\u00e7\u00e3o ambiental cr\u00edtica no ensino. In: Adriana Mass\u00ea Kataoka; Ana Lucia Suriani Affonso; Daniel Mazurek; Maristela Pocidonio Ferreira. (Org.). O fazer educa\u00e7\u00e3o ambiental reflex\u00f5es necess\u00e1rias. 1ed.GUARAPUAVA: Editora UNICENTRO, 2021, v. 1, p. 61-84.<\/span><\/p>\n<p><a href=\"http:\/\/lattes.cnpq.br\/2830201419839855\"><span style=\"font-weight: 400\">SURIANI, A. L. ou SURIANI-AFFONSO, A. L.<\/span><\/a><span style=\"font-weight: 400\">; <\/span><a href=\"http:\/\/lattes.cnpq.br\/4266497939215469\"><span style=\"font-weight: 400\">FRANCA, R. S.<\/span><\/a><span style=\"font-weight: 400\"> ; <\/span><a href=\"http:\/\/lattes.cnpq.br\/3788906209075387\"><span style=\"font-weight: 400\">LUCCA, J. V.<\/span><\/a><span style=\"font-weight: 400\"> ; <\/span><a href=\"http:\/\/lattes.cnpq.br\/7577441794992601\"><span style=\"font-weight: 400\">ROCHA, O.<\/span><\/a><span style=\"font-weight: 400\"> . A invas\u00e3o de represas do M\u00e9dio Rio Tiet\u00ea (SP) por moluscos ex\u00f3ticos. In: Odete Rocha, Evaldo Luiz Gaeta Esp\u00edndola, Nelsy Fenerich Verani, Jos\u00e9 Roberto Verani e Arnola Cec\u00edlia Rietzler. (Org.). Esp\u00e9cies invasoras em \u00e1guas doces. Estudos de caso e propostas de manejo. S\u00e3o Carlos: , 2005, v. 1, p. 293-304.<\/span><\/p>\n<p><a href=\"http:\/\/lattes.cnpq.br\/4266497939215469\"><span style=\"font-weight: 400\">FRANCA, R. S.<\/span><\/a><span style=\"font-weight: 400\"> ; <\/span><a href=\"http:\/\/lattes.cnpq.br\/2830201419839855\"><span style=\"font-weight: 400\">SURIANI, A. L. ou SURIANI-AFFONSO, A. L.<\/span><\/a><span style=\"font-weight: 400\"> ; <\/span><a href=\"http:\/\/lattes.cnpq.br\/3788906209075387\"><span style=\"font-weight: 400\">LUCCA, J. V.<\/span><\/a><span style=\"font-weight: 400\"> ; <\/span><a href=\"http:\/\/lattes.cnpq.br\/7577441794992601\"><span style=\"font-weight: 400\">ROCHA, O.<\/span><\/a><span style=\"font-weight: 400\"> . A invas\u00e3o dos reservat\u00f3rios do Baixo Rio Tiet\u00ea (SP) pelas esp\u00e9cies ex\u00f3ticas Melanoides tuberculata e Corbicula fluminea e o impacto destes sobre os moluscos nativos. In: Odete Rocha, Evaldo Luiz Gaeta Esp\u00edndola, Nelsy Fenerich Verani, Jos\u00e9 Roberto Verani e Arnola Cec\u00edlia Rietzler. (Org.). Esp\u00e9cies invasoras em \u00e1guas doces. Estudos de caso e propostas de manejo. S\u00e3o Carlos: , 2005, v. 1, p. 305-316.<\/span><\/p>\n","protected":false},"excerpt":{"rendered":"<p>MOSER, A. S. ; KATAOKA, A. M. ; SURIANI, A. L. ou SURIANI-AFFONSO, A. L. . Guia pr\u00e1tico para estudos dos macroinvertebrados aqu\u00e1ticos da regi\u00e3o de Guarapuava-PR. 1. ed. Guarapuava: independente, 2018. v. 1. 73p . MOSER, A. S. ; SURIANI, A. L. ou SURIANI-AFFONSO, A. L. ; MORAIS, M. M. . Cole\u00e7\u00f5es biol\u00f3gicas a [&hellip;]<\/p>\n","protected":false},"author":3,"featured_media":0,"parent":78,"menu_order":0,"comment_status":"closed","ping_status":"closed","template":"","meta":{"_exactmetrics_skip_tracking":false,"_exactmetrics_sitenote_active":false,"_exactmetrics_sitenote_note":"","_exactmetrics_sitenote_category":0,"footnotes":"","_links_to":"","_links_to_target":""},"class_list":["post-86","page","type-page","status-publish","hentry"],"_links":{"self":[{"href":"https:\/\/www3.unicentro.br\/labdebentos\/wp-json\/wp\/v2\/pages\/86","targetHints":{"allow":["GET"]}}],"collection":[{"href":"https:\/\/www3.unicentro.br\/labdebentos\/wp-json\/wp\/v2\/pages"}],"about":[{"href":"https:\/\/www3.unicentro.br\/labdebentos\/wp-json\/wp\/v2\/types\/page"}],"author":[{"embeddable":true,"href":"https:\/\/www3.unicentro.br\/labdebentos\/wp-json\/wp\/v2\/users\/3"}],"replies":[{"embeddable":true,"href":"https:\/\/www3.unicentro.br\/labdebentos\/wp-json\/wp\/v2\/comments?post=86"}],"version-history":[{"count":1,"href":"https:\/\/www3.unicentro.br\/labdebentos\/wp-json\/wp\/v2\/pages\/86\/revisions"}],"predecessor-version":[{"id":155,"href":"https:\/\/www3.unicentro.br\/labdebentos\/wp-json\/wp\/v2\/pages\/86\/revisions\/155"}],"up":[{"embeddable":true,"href":"https:\/\/www3.unicentro.br\/labdebentos\/wp-json\/wp\/v2\/pages\/78"}],"wp:attachment":[{"href":"https:\/\/www3.unicentro.br\/labdebentos\/wp-json\/wp\/v2\/media?parent=86"}],"curies":[{"name":"wp","href":"https:\/\/api.w.org\/{rel}","templated":true}]}}