{"id":82,"date":"2024-08-29T16:59:46","date_gmt":"2024-08-29T19:59:46","guid":{"rendered":"https:\/\/www3.unicentro.br\/labdebentos\/?page_id=82"},"modified":"2024-10-01T16:43:43","modified_gmt":"2024-10-01T19:43:43","slug":"teses-e-dissertacoes","status":"publish","type":"page","link":"https:\/\/www3.unicentro.br\/labdebentos\/publicacoes\/teses-e-dissertacoes\/","title":{"rendered":"Teses, Disserta\u00e7\u00f5es e TCCs"},"content":{"rendered":"<p><span style=\"font-weight: 400\">Nathan Ulian de Souza. Estudo da qualidade da \u00e1gua e da din\u00e2mica fluvial por meio de bioindicadores em conflu\u00eancias fluviais. In\u00edcio: 2023. Disserta\u00e7\u00e3o (Mestrado em Programa de P\u00f3s Gradua\u00e7\u00e3o em Geografia) &#8211; Universidade Estadual do Centro-Oeste, Coordena\u00e7\u00e3o de Aperfei\u00e7oamento de Pessoal de N\u00edvel Superior. (Coorientador).<\/span><\/p>\n<p><span style=\"font-weight: 400\">Catarina Trevisan Gon\u00e7alves. Respostas dos macroinvertebados bent\u00f4nicos ao processo de autodepur\u00e7\u00e3o das \u00e1guas. 2024. Trabalho de Conclus\u00e3o de Curso. (Gradua\u00e7\u00e3o em Ci\u00eancias Biol\u00f3gicas) &#8211; Universidade Estadual do Centro Oeste. Orientador: Ana Lucia Suriani Affonso.<\/span><\/p>\n<p><span style=\"font-weight: 400\">Nathaly Gadonski. An\u00e1lise comparativa de invertebrados associados a fitotelmata de Bromeliaceae. 2023. Trabalho de Conclus\u00e3o de Curso. (Gradua\u00e7\u00e3o em Ci\u00eancias Biol\u00f3gicas) &#8211; Universidade Estadual do Centro-Oeste. Orientador: Ana Lucia Suriani Affonso.<\/span><\/p>\n<p><span style=\"font-weight: 400\">Isaque Ferreira Mazzucatto. M\u00e9trica ecol\u00f3gica para avalia\u00e7\u00e3o de ecossistemas aqu\u00e1ticos em Floresta Ombr\u00f3fila Mista, utilizando-se os macroinvertebrados bent\u00f4nicos. 2023. Trabalho de Conclus\u00e3o de Curso. (Gradua\u00e7\u00e3o em Ci\u00eancias Biol\u00f3gicas) &#8211; Universidade Estadual do Centro-Oeste. Orientador: Ana Lucia Suriani Affonso.<\/span><\/p>\n<p><span style=\"font-weight: 400\">Luiz Felipe Ribeiro. Caracteriza\u00e7\u00e3o da estrutura de Chironomidae em riachos de Floresta Ombr\u00f3fila Mista. 2022. Trabalho de Conclus\u00e3o de Curso. (Gradua\u00e7\u00e3o em Ci\u00eancias Biol\u00f3gicas) &#8211; Universidade Estadual do Centro-Oeste. Orientador: Ana Lucia Suriani Affonso.<\/span><\/p>\n<p><span style=\"font-weight: 400\">Nat\u00e1lia Valendolf Pires. Macroinvertebrados bent\u00f4nicos como indicadores ambientais de duas nascentes (Laranjeiras do Sul, Paran\u00e1). 2018. Trabalho de Conclus\u00e3o de Curso. (Gradua\u00e7\u00e3o em Ci\u00eancias Biol\u00f3gicas) &#8211; Universidade Estadual do Centro-Oeste. Orientador: Ana Lucia Suriani Affonso.<\/span><\/p>\n<p><span style=\"font-weight: 400\">H\u00e9rica Roz\u00e1rio. Avalia\u00e7\u00e3o da qualidade ambiental de c\u00f3rregos urbanos (Guarapuava, Paran\u00e1), com \u00eanfase no estudo da comunidade de macroinvertebrados bent\u00f4nicos. 2018. Trabalho de Conclus\u00e3o de Curso. (Gradua\u00e7\u00e3o em Ci\u00eancias Biol\u00f3gicas) &#8211; Universidade Estadual do Centro-Oeste. Orientador: Ana Lucia Suriani Affonso.<\/span><\/p>\n<p><span style=\"font-weight: 400\">Raul Fernando de Paula Faria Junior. Composi\u00e7\u00e3o e Diversidade de Imaturos de Chironomidae (Diptera) em dois c\u00f3rregos urbanos de Guarapuava-PR. 2018. Trabalho de Conclus\u00e3o de Curso. (Gradua\u00e7\u00e3o em Ci\u00eancias Biol\u00f3gicas) &#8211; Universidade Estadual do Centro-Oeste. Orientador: Ana Lucia Suriani Affonso.<\/span><\/p>\n<p><span style=\"font-weight: 400\">L\u00edvia Andrade de Oliveira Pontes. Invent\u00e1rio da diversidade de macroinvertebrados bent\u00f4nicos presentes no rio Capivara, Campina do Sim\u00e3o, PR.. 2018. Trabalho de Conclus\u00e3o de Curso. (Gradua\u00e7\u00e3o em Ci\u00eancias Biol\u00f3gicas) &#8211; Universidade Estadual do Centro-Oeste. Orientador: Ana Lucia Suriani Affonso.<\/span><\/p>\n<p><span style=\"font-weight: 400\">Luiz Gabriel do Prado Ludwig. Macroinvertebrados bent\u00f4nicos como indicadores biol\u00f3gicos de uma nascente (Campina do Sim\u00e3o, Paran\u00e1). 2018. Trabalho de Conclus\u00e3o de Curso. (Gradua\u00e7\u00e3o em Ci\u00eancias Biol\u00f3gicas) &#8211; Universidade Estadual do Centro Oeste. Orientador: Ana Lucia Suriani Affonso.<\/span><\/p>\n<p><span style=\"font-weight: 400\">M\u00f4nica Bonanato Couto. Macroinvertebrados bent\u00f4nicos como bioindicadores ambientais de um rio subtropical de um fragmento de floresta ombr\u00f3fila mista (Campina do Sim\u00e3o, PR).. 2018. Trabalho de Conclus\u00e3o de Curso. (Gradua\u00e7\u00e3o em Ci\u00eancias Biol\u00f3gicas) &#8211; Universidade Estadual do Centro-Oeste. Orientador: Ana Lucia Suriani Affonso.<\/span><\/p>\n<p><span style=\"font-weight: 400\">Anderson de Souza Moser. Uso de macroinvertebrados bent\u00f4nicos Como indicadores da qualidade ambiental de rios e lagos da regi\u00e3o Centro-Sul do Paran\u00e1. 2017. Trabalho de Conclus\u00e3o de Curso. (Gradua\u00e7\u00e3o em Ci\u00eancias Biol\u00f3gicas) &#8211; Universidade Estadual do Centro-Oeste. Orientador: Ana Lucia Suriani Affonso.<\/span><\/p>\n<p><span style=\"font-weight: 400\">Beatriz Gurgel Matakas. Macroinvertebrados bent\u00f4nicos como indicadores de qualidade ambiental de c\u00f3rregos urbanos de Guarapuava, Paran\u00e1. 2017. Trabalho de Conclus\u00e3o de Curso. (Gradua\u00e7\u00e3o em Ci\u00eancias Biol\u00f3gicas) &#8211; Universidade Estadual do Centro-Oeste. Orientador: Ana Lucia Suriani Affonso.<\/span><\/p>\n<p><span style=\"font-weight: 400\">Yuri Kataoka Silva. Macroinvertebrados associados a fitotelmatas em fragmentos de Mata Atl\u00e2ntica (Paran\u00e1, Brasil). 2017. Trabalho de Conclus\u00e3o de Curso. (Gradua\u00e7\u00e3o em Ci\u00eancias Biol\u00f3gicas) &#8211; Universidade Estadual do Centro-Oeste. Orientador: Ana Lucia Suriani Affonso.<\/span><\/p>\n<p><span style=\"font-weight: 400\">Fabiana de F\u00e1tima Sturmer. Macroinvertebrados bent\u00f4nicos como bioindicadores da qualidade da \u00e1gua do Rio das Pedras (Guarapuava, Paran\u00e1). 2016. Trabalho de Conclus\u00e3o de Curso. (Gradua\u00e7\u00e3o em Ci\u00eancias Biol\u00f3gicas) &#8211; Universidade Estadual do Centro-Oeste. Orientador: Ana Lucia Suriani Affonso.<\/span><\/p>\n<p><span style=\"font-weight: 400\">Aline Rukhaber. Fauna de macroinvertebrados aqu\u00e1ticos associada \u00e0 Aechmea Recurvata (Bromeliaceae) em Floresta Ombr\u00f3fila Mista (Guarapuava, Paran\u00e1, Brasil). 2016. Trabalho de Conclus\u00e3o de Curso. (Gradua\u00e7\u00e3o em Ci\u00eancias Biol\u00f3gicas) &#8211; Universidade Estadual do Centro-Oeste. Orientador: Ana Lucia Suriani Affonso.<\/span><\/p>\n<p><span style=\"font-weight: 400\">Bruno Lima Santos. Coloniza\u00e7\u00e3o de macroinvertebrados bent\u00f4nicos em substrato artificial na Lagoa do campus Cedeteg, Unicentro (Guarapuava, PR). 2016. Trabalho de Conclus\u00e3o de Curso. (Gradua\u00e7\u00e3o em Ci\u00eancias Biol\u00f3gicas) &#8211; Universidade Estadual do Centro-Oeste. Orientador: Ana Lucia Suriani Affonso.<\/span><\/p>\n<p><span style=\"font-weight: 400\">Geovana Bastos Paluski. O uso de Chironomidae (Diptera, Insecta) como bioindicador ambiental do Rio das Pedras (Guarapuava, Paran\u00e1). 2016. Trabalho de Conclus\u00e3o de Curso. (Gradua\u00e7\u00e3o em Ci\u00eancias Biol\u00f3gicas) &#8211; Universidade Estadual do Centro-Oeste. Orientador: Ana Lucia Suriani Affonso.<\/span><\/p>\n<p><span style=\"font-weight: 400\">Thaysa Cristina Max. Coloniza\u00e7\u00e3o por macroinvertebrados bent\u00f4nicos em substrato artificial e natural no Rio Jord\u00e3o, Guarapuava, Paran\u00e1, Brasil. 2015. Trabalho de Conclus\u00e3o de Curso. (Gradua\u00e7\u00e3o em Ci\u00eancias Biol\u00f3gicas) &#8211; Universidade Estadual do Centro-Oeste. Orientador: Ana Lucia Suriani Affonso.<\/span><\/p>\n<p><span style=\"font-weight: 400\">Juliana Mara Antonio. Macroinvertebrados associados \u00e0 Salvinia sp, presentes em uma lagoa de Guarapuava, Paran\u00e1. 2015. Trabalho de Conclus\u00e3o de Curso. (Gradua\u00e7\u00e3o em Ci\u00eancias Biol\u00f3gicas) &#8211; Universidade Estadual do Centro-Oeste. Orientador: Ana Lucia Suriani Affonso.<\/span><\/p>\n<p><span style=\"font-weight: 400\">Dieli de Paula Slompo. Diversidade de macroinvertebrados bent\u00f4nicos presentes em dois afluentes do rio Coutunho, Palmeirinha, Guarapuava &#8211; PR.. 2015. Trabalho de Conclus\u00e3o de Curso. (Gradua\u00e7\u00e3o em Ci\u00eancias Biol\u00f3gicas) &#8211; Universidade Estadual do Centro-Oeste. Orientador: Ana Lucia Suriani Affonso.<\/span><\/p>\n<p><span style=\"font-weight: 400\">Sharonn M. G. Hartmann. Avalia\u00e7\u00e3o dos impactos de efluentes industriais sobre a comunidade bent\u00f4nica do Rio Coutinho, Guarapuava, PR. 2014. Trabalho de Conclus\u00e3o de Curso. (Gradua\u00e7\u00e3o em Ci\u00eancias Biol\u00f3gicas) &#8211; Universidade Estadual do Centro-Oeste. Orientador: Ana Lucia Suriani Affonso.<\/span><\/p>\n<p><span style=\"font-weight: 400\">Danielly de Castro Schupchek. Utiliza\u00e7\u00e3o de larvas Chironomidae (Diptera, Insecta) na avalia\u00e7\u00e3o da qualidade ambiental do Rio Coutinho, Guarapuava, PR. 2014. Trabalho de Conclus\u00e3o de Curso. (Gradua\u00e7\u00e3o em Ci\u00eancias Biol\u00f3gicas) &#8211; Universidade Estadual do Centro-Oeste. Orientador: Ana Lucia Suriani Affonso.<\/span><\/p>\n<p><span style=\"font-weight: 400\">Mariane Dal Comune. An\u00e1lise da arboriza\u00e7\u00e3o urbana em tr\u00eas pra\u00e7as do munic\u00edpio de Guarapuava, PR.. 2013. Trabalho de Conclus\u00e3o de Curso. (Gradua\u00e7\u00e3o em Licenciatura em Ci\u00eancias Biol\u00f3gicas) &#8211; Universidade Estadual do Centro-Oeste. Orientador: Ana Lucia Suriani Affonso.<\/span><\/p>\n<p><span style=\"font-weight: 400\">Larissa Dal Molin Kruger. Composi\u00e7\u00e3o, distribui\u00e7\u00e3o e abund\u00e2ncia de Chironomidae no Rio Jord\u00e3o, Guarapuava, PR.. 2013. Trabalho de Conclus\u00e3o de Curso. (Gradua\u00e7\u00e3o em Licenciatura em Ci\u00eancias Biol\u00f3gicas) &#8211; Universidade Estadual do Centro-Oeste. Orientador: Ana Lucia Suriani Affonso.<\/span><\/p>\n<p><span style=\"font-weight: 400\">Celina Maria Klosovski Likes. Composi\u00e7\u00e3o taxon\u00f4mica de Chironomidae presente em dois c\u00f3rregos de Guarapuava ? PR.. 2012. Trabalho de Conclus\u00e3o de Curso. (Gradua\u00e7\u00e3o em Licenciatura em Ci\u00eancias Biol\u00f3gicas) &#8211; Universidade Estadual do Centro-Oeste. Orientador: Ana Lucia Suriani Affonso.<\/span><\/p>\n<p><span style=\"font-weight: 400\">Gabriela Cebulski. Estrutura da comunidade de macroinvertebrados bent\u00f4nicos presentes em dois rios de Guarapuava ? PR.. 2012. Trabalho de Conclus\u00e3o de Curso. (Gradua\u00e7\u00e3o em Licenciatura em Ci\u00eancias Biol\u00f3gicas) &#8211; Universidade Estadual do Centro-Oeste. Orientador: Ana Lucia Suriani Affonso.<\/span><\/p>\n<p><span style=\"font-weight: 400\">J\u00falia La\u00eds Yokota Campos. Macroinvertebrados bent\u00f4nicos como bioindicadores na avalia\u00e7\u00e3o ambiental de Fragmentos de Floresta Ombr\u00f3fila Mista. 2010. Trabalho de Conclus\u00e3o de Curso. (Gradua\u00e7\u00e3o em Ci\u00eancias Biol\u00f3gicas) &#8211; Universidade Estadual do Centro-Oeste. Orientador: Ana Lucia Suriani Affonso.<\/span><\/p>\n","protected":false},"excerpt":{"rendered":"<p>Nathan Ulian de Souza. Estudo da qualidade da \u00e1gua e da din\u00e2mica fluvial por meio de bioindicadores em conflu\u00eancias fluviais. In\u00edcio: 2023. Disserta\u00e7\u00e3o (Mestrado em Programa de P\u00f3s Gradua\u00e7\u00e3o em Geografia) &#8211; Universidade Estadual do Centro-Oeste, Coordena\u00e7\u00e3o de Aperfei\u00e7oamento de Pessoal de N\u00edvel Superior. (Coorientador). Catarina Trevisan Gon\u00e7alves. Respostas dos macroinvertebados bent\u00f4nicos ao processo de [&hellip;]<\/p>\n","protected":false},"author":3,"featured_media":0,"parent":78,"menu_order":0,"comment_status":"closed","ping_status":"closed","template":"","meta":{"_exactmetrics_skip_tracking":false,"_exactmetrics_sitenote_active":false,"_exactmetrics_sitenote_note":"","_exactmetrics_sitenote_category":0,"footnotes":"","_links_to":"","_links_to_target":""},"class_list":["post-82","page","type-page","status-publish","hentry"],"_links":{"self":[{"href":"https:\/\/www3.unicentro.br\/labdebentos\/wp-json\/wp\/v2\/pages\/82","targetHints":{"allow":["GET"]}}],"collection":[{"href":"https:\/\/www3.unicentro.br\/labdebentos\/wp-json\/wp\/v2\/pages"}],"about":[{"href":"https:\/\/www3.unicentro.br\/labdebentos\/wp-json\/wp\/v2\/types\/page"}],"author":[{"embeddable":true,"href":"https:\/\/www3.unicentro.br\/labdebentos\/wp-json\/wp\/v2\/users\/3"}],"replies":[{"embeddable":true,"href":"https:\/\/www3.unicentro.br\/labdebentos\/wp-json\/wp\/v2\/comments?post=82"}],"version-history":[{"count":1,"href":"https:\/\/www3.unicentro.br\/labdebentos\/wp-json\/wp\/v2\/pages\/82\/revisions"}],"predecessor-version":[{"id":157,"href":"https:\/\/www3.unicentro.br\/labdebentos\/wp-json\/wp\/v2\/pages\/82\/revisions\/157"}],"up":[{"embeddable":true,"href":"https:\/\/www3.unicentro.br\/labdebentos\/wp-json\/wp\/v2\/pages\/78"}],"wp:attachment":[{"href":"https:\/\/www3.unicentro.br\/labdebentos\/wp-json\/wp\/v2\/media?parent=82"}],"curies":[{"name":"wp","href":"https:\/\/api.w.org\/{rel}","templated":true}]}}