{"id":76,"date":"2024-08-29T16:52:29","date_gmt":"2024-08-29T19:52:29","guid":{"rendered":"https:\/\/www3.unicentro.br\/labdebentos\/?page_id=76"},"modified":"2024-10-16T20:21:39","modified_gmt":"2024-10-16T23:21:39","slug":"parcerias","status":"publish","type":"page","link":"https:\/\/www3.unicentro.br\/labdebentos\/parcerias\/","title":{"rendered":"Parcerias"},"content":{"rendered":"<div class=\"wp-block-image\">\n<p><img loading=\"lazy\" decoding=\"async\" class=\"wpa-warning wpa-image-missing-alt alignnone wp-image-158 aligncenter\" src=\"https:\/\/www3.unicentro.br\/labdebentos\/wp-content\/uploads\/sites\/170\/2024\/10\/campina.jpeg\" alt=\"\" width=\"113\" height=\"120\" data-warning=\"Missing alt text\" srcset=\"https:\/\/www3.unicentro.br\/labdebentos\/wp-content\/uploads\/sites\/170\/2024\/10\/campina.jpeg 397w, https:\/\/www3.unicentro.br\/labdebentos\/wp-content\/uploads\/sites\/170\/2024\/10\/campina-255x270.jpeg 255w\" sizes=\"auto, (max-width: 113px) 100vw, 113px\" \/><\/p>\n<p style=\"text-align: center\">Prefeitura de Campina\u00a0 do Sim\u00e3o<\/p>\n<hr \/>\n<p style=\"text-align: center\"><img loading=\"lazy\" decoding=\"async\" class=\"wpa-warning wpa-image-missing-alt alignnone wp-image-162 aligncenter\" src=\"https:\/\/www3.unicentro.br\/labdebentos\/wp-content\/uploads\/sites\/170\/2024\/10\/turvo.jpg\" alt=\"\" width=\"139\" height=\"185\" data-warning=\"Missing alt text\" srcset=\"https:\/\/www3.unicentro.br\/labdebentos\/wp-content\/uploads\/sites\/170\/2024\/10\/turvo.jpg 375w, https:\/\/www3.unicentro.br\/labdebentos\/wp-content\/uploads\/sites\/170\/2024\/10\/turvo-255x340.jpg 255w\" sizes=\"auto, (max-width: 139px) 100vw, 139px\" \/><\/p>\n<p style=\"text-align: center\">Prefeitura de Turvo<\/p>\n<hr \/>\n<div class=\"wp-block-image\">\n<div class=\"wp-block-image\">\n<div class=\"wp-block-image\">\n<div><\/div>\n<div class=\"wp-block-image\"><img loading=\"lazy\" decoding=\"async\" class=\"wpa-warning wpa-image-missing-alt alignnone wp-image-160 aligncenter\" src=\"https:\/\/www3.unicentro.br\/labdebentos\/wp-content\/uploads\/sites\/170\/2024\/10\/labdeea.jpg\" alt=\"\" width=\"172\" height=\"172\" data-warning=\"Missing alt text\" srcset=\"https:\/\/www3.unicentro.br\/labdebentos\/wp-content\/uploads\/sites\/170\/2024\/10\/labdeea.jpg 1024w, https:\/\/www3.unicentro.br\/labdebentos\/wp-content\/uploads\/sites\/170\/2024\/10\/labdeea-768x768.jpg 768w, https:\/\/www3.unicentro.br\/labdebentos\/wp-content\/uploads\/sites\/170\/2024\/10\/labdeea-50x50.jpg 50w, https:\/\/www3.unicentro.br\/labdebentos\/wp-content\/uploads\/sites\/170\/2024\/10\/labdeea-80x80.jpg 80w, https:\/\/www3.unicentro.br\/labdebentos\/wp-content\/uploads\/sites\/170\/2024\/10\/labdeea-263x263.jpg 263w, https:\/\/www3.unicentro.br\/labdebentos\/wp-content\/uploads\/sites\/170\/2024\/10\/labdeea-100x100.jpg 100w, https:\/\/www3.unicentro.br\/labdebentos\/wp-content\/uploads\/sites\/170\/2024\/10\/labdeea-526x526.jpg 526w, https:\/\/www3.unicentro.br\/labdebentos\/wp-content\/uploads\/sites\/170\/2024\/10\/labdeea-255x255.jpg 255w\" sizes=\"auto, (max-width: 172px) 100vw, 172px\" \/><\/div>\n<\/div>\n<\/div>\n<\/div>\n<\/div>\n<div style=\"text-align: center\"><\/div>\n<div style=\"text-align: center\">Laborat\u00f3rio de Educa\u00e7\u00e3o Ambiental<\/div>\n<div><\/div>\n<hr \/>\n<div class=\"wp-block-image\"><img loading=\"lazy\" decoding=\"async\" class=\"wpa-warning wpa-image-missing-alt wp-image-352 aligncenter\" src=\"https:\/\/www3.unicentro.br\/labdebentos\/wp-content\/uploads\/sites\/170\/2024\/10\/logo_lab_1.png\" alt=\"\" width=\"222\" height=\"93\" data-warning=\"Missing alt text\" srcset=\"https:\/\/www3.unicentro.br\/labdebentos\/wp-content\/uploads\/sites\/170\/2024\/10\/logo_lab_1.png 1014w, https:\/\/www3.unicentro.br\/labdebentos\/wp-content\/uploads\/sites\/170\/2024\/10\/logo_lab_1-768x322.png 768w, https:\/\/www3.unicentro.br\/labdebentos\/wp-content\/uploads\/sites\/170\/2024\/10\/logo_lab_1-255x107.png 255w\" sizes=\"auto, (max-width: 222px) 100vw, 222px\" \/><\/div>\n<p style=\"text-align: center\">Laborat\u00f3rio de Ecotoxologia<\/p>\n<hr \/>\n<div class=\"wp-block-image\"><img loading=\"lazy\" decoding=\"async\" class=\"wpa-warning wpa-image-missing-alt wp-image-289 aligncenter\" src=\"https:\/\/www3.unicentro.br\/labdebentos\/wp-content\/uploads\/sites\/170\/2024\/10\/logo-grande.jpg\" alt=\"\" width=\"211\" height=\"89\" data-warning=\"Missing alt text\" srcset=\"https:\/\/www3.unicentro.br\/labdebentos\/wp-content\/uploads\/sites\/170\/2024\/10\/logo-grande.jpg 1444w, https:\/\/www3.unicentro.br\/labdebentos\/wp-content\/uploads\/sites\/170\/2024\/10\/logo-grande-768x324.jpg 768w, https:\/\/www3.unicentro.br\/labdebentos\/wp-content\/uploads\/sites\/170\/2024\/10\/logo-grande-255x108.jpg 255w\" sizes=\"auto, (max-width: 211px) 100vw, 211px\" \/><\/div>\n<p style=\"text-align: center\">Laborat\u00f3rio de Biologia Aqu\u00e1tica<\/p>\n<hr \/>\n<div class=\"wp-block-image\"><img loading=\"lazy\" decoding=\"async\" class=\"wpa-warning wpa-image-missing-alt alignnone wp-image-283 aligncenter\" src=\"https:\/\/www3.unicentro.br\/labdebentos\/wp-content\/uploads\/sites\/170\/2024\/10\/Logo-LabHidro.jpeg\" alt=\"\" width=\"177\" height=\"142\" data-warning=\"Missing alt text\" srcset=\"https:\/\/www3.unicentro.br\/labdebentos\/wp-content\/uploads\/sites\/170\/2024\/10\/Logo-LabHidro.jpeg 1215w, https:\/\/www3.unicentro.br\/labdebentos\/wp-content\/uploads\/sites\/170\/2024\/10\/Logo-LabHidro-768x616.jpeg 768w, https:\/\/www3.unicentro.br\/labdebentos\/wp-content\/uploads\/sites\/170\/2024\/10\/Logo-LabHidro-255x205.jpeg 255w\" sizes=\"auto, (max-width: 177px) 100vw, 177px\" \/><\/div>\n<p style=\"text-align: center\">Laborat\u00f3rio de Hidrologia<\/p>\n<p>&nbsp;<\/p>\n<p><!--more--><\/p>\n","protected":false},"excerpt":{"rendered":"<p>Prefeitura de Campina\u00a0 do Sim\u00e3o Prefeitura de Turvo Laborat\u00f3rio de Educa\u00e7\u00e3o Ambiental Laborat\u00f3rio de Ecotoxologia Laborat\u00f3rio de Biologia Aqu\u00e1tica Laborat\u00f3rio de Hidrologia &nbsp;<\/p>\n","protected":false},"author":3,"featured_media":0,"parent":0,"menu_order":0,"comment_status":"closed","ping_status":"closed","template":"","meta":{"_exactmetrics_skip_tracking":false,"_exactmetrics_sitenote_active":false,"_exactmetrics_sitenote_note":"","_exactmetrics_sitenote_category":0,"footnotes":"","_links_to":"","_links_to_target":""},"class_list":["post-76","page","type-page","status-publish","hentry"],"_links":{"self":[{"href":"https:\/\/www3.unicentro.br\/labdebentos\/wp-json\/wp\/v2\/pages\/76","targetHints":{"allow":["GET"]}}],"collection":[{"href":"https:\/\/www3.unicentro.br\/labdebentos\/wp-json\/wp\/v2\/pages"}],"about":[{"href":"https:\/\/www3.unicentro.br\/labdebentos\/wp-json\/wp\/v2\/types\/page"}],"author":[{"embeddable":true,"href":"https:\/\/www3.unicentro.br\/labdebentos\/wp-json\/wp\/v2\/users\/3"}],"replies":[{"embeddable":true,"href":"https:\/\/www3.unicentro.br\/labdebentos\/wp-json\/wp\/v2\/comments?post=76"}],"version-history":[{"count":2,"href":"https:\/\/www3.unicentro.br\/labdebentos\/wp-json\/wp\/v2\/pages\/76\/revisions"}],"predecessor-version":[{"id":354,"href":"https:\/\/www3.unicentro.br\/labdebentos\/wp-json\/wp\/v2\/pages\/76\/revisions\/354"}],"wp:attachment":[{"href":"https:\/\/www3.unicentro.br\/labdebentos\/wp-json\/wp\/v2\/media?parent=76"}],"curies":[{"name":"wp","href":"https:\/\/api.w.org\/{rel}","templated":true}]}}