{"id":69,"date":"2024-08-29T16:50:54","date_gmt":"2024-08-29T19:50:54","guid":{"rendered":"https:\/\/www3.unicentro.br\/labdebentos\/?page_id=69"},"modified":"2024-10-01T18:01:38","modified_gmt":"2024-10-01T21:01:38","slug":"projetos","status":"publish","type":"page","link":"https:\/\/www3.unicentro.br\/labdebentos\/projetos\/","title":{"rendered":"Projetos"},"content":{"rendered":"<div class=\"wpb-content-wrapper\"><p>[vc_row equal_height=&#8221;yes&#8221; content_placement=&#8221;middle&#8221; u_row_style=&#8221;0&#8243; u_row_paralax=&#8221;0&#8243; u_row_scheme=&#8221;0&#8243; css=&#8221;.vc_custom_1724963265334{margin-bottom: 15px !important;background-color: #F4EFE8 !important;border-radius: 5px !important;}&#8221;][vc_column width=&#8221;1\/4&#8243;][vc_single_image image=&#8221;71&#8243; img_size=&#8221;full&#8221; alignment=&#8221;center&#8221; css=&#8221;&#8221;][\/vc_column][vc_column width=&#8221;3\/4&#8243;][vc_column_text css=&#8221;&#8221;]<b>Uso da Comunidade Bent\u00f4nica no Diagn\u00f3stico da Qualidade das \u00c1guas em Guarapuava (PR)<\/b><\/p>\n<p style=\"text-align: justify\"><span style=\"font-weight: 400\">A qualidade da \u00e1gua \u00e9 um fator essencial para a sa\u00fade dos ecossistemas aqu\u00e1ticos e humanos. Comunidades bent\u00f4nicas, compostas por organismos que vivem no substrato de ambientes aqu\u00e1ticos, s\u00e3o excelentes bioindicadores de qualidade da \u00e1gua devido \u00e0 sua sensibilidade a altera\u00e7\u00f5es ambientais.<\/span><\/p>\n<p style=\"text-align: justify\"><span style=\"font-weight: 400\">Per\u00edodo de desenvolvimento: 2024 \u2013 2025<\/span><\/p>\n<p>[\/vc_column_text][\/vc_column][\/vc_row][vc_row equal_height=&#8221;yes&#8221; content_placement=&#8221;middle&#8221; u_row_style=&#8221;0&#8243; u_row_paralax=&#8221;0&#8243; u_row_scheme=&#8221;0&#8243; css=&#8221;.vc_custom_1724963265334{margin-bottom: 15px !important;background-color: #F4EFE8 !important;border-radius: 5px !important;}&#8221;][vc_column width=&#8221;1\/4&#8243;][vc_single_image image=&#8221;111&#8243; img_size=&#8221;full&#8221; alignment=&#8221;center&#8221; css=&#8221;&#8221;][\/vc_column][vc_column width=&#8221;3\/4&#8243;][vc_column_text css=&#8221;&#8221;]<b>DataBase do Lab de Bentos<\/b><\/p>\n<p><span style=\"font-weight: 400\">Um database (ou base de dados) \u00e9 fundamental para o registro biol\u00f3gico e ambiental de macroinvertebrados bent\u00f4nicos. Esses organismos s\u00e3o importantes bioindicadores da qualidade da \u00e1gua e da sa\u00fade do ecossistema aqu\u00e1tico. Com um banco de dados bem organizado, \u00e9 poss\u00edvel monitorar a diversidade e a abund\u00e2ncia desses organismos ao longo do tempo, identificar mudan\u00e7as e avaliar a efic\u00e1cia de medidas de conserva\u00e7\u00e3o e gest\u00e3o ambiental. O Lab de Bentos vem devolvendo esse banco de dados, a fim de buscar solu\u00e7\u00f5es tecnol\u00f3gicas e de produ\u00e7\u00f5es cient\u00edficas.\u00a0\u00a0<\/span><span style=\"font-weight: 400\"><br \/>\n<\/span><\/p>\n<p><span style=\"font-weight: 400\">Per\u00edodo de desenvolvimento: 2024 \u2013 2025<\/span>[\/vc_column_text][\/vc_column][\/vc_row][vc_row equal_height=&#8221;yes&#8221; content_placement=&#8221;middle&#8221; u_row_style=&#8221;0&#8243; u_row_paralax=&#8221;0&#8243; u_row_scheme=&#8221;0&#8243; css=&#8221;.vc_custom_1724963265334{margin-bottom: 15px !important;background-color: #F4EFE8 !important;border-radius: 5px !important;}&#8221;][vc_column width=&#8221;1\/4&#8243;][vc_single_image image=&#8221;112&#8243; img_size=&#8221;full&#8221; alignment=&#8221;center&#8221; css=&#8221;&#8221;][\/vc_column][vc_column width=&#8221;3\/4&#8243;][vc_column_text css=&#8221;&#8221;]<b>Invertebrados Associados a Brom\u00e9lias de Fragmentos de Floresta Ombr\u00f3fila Mista<\/b><b><br \/>\n<\/b><\/p>\n<p><span style=\"font-weight: 400\">Brom\u00e9lias s\u00e3o plantas ep\u00edfitas que formam micro-habitats importantes em ecossistemas florestais, abrigando uma grande diversidade de invertebrados. Esses organismos desempenham papeis ecol\u00f3gicos cruciais, como a decomposi\u00e7\u00e3o de mat\u00e9ria org\u00e2nica e a poliniza\u00e7\u00e3o.<\/span><\/p>\n<p><span style=\"font-weight: 400\"><br \/>\n<\/span><span style=\"font-weight: 400\">Per\u00edodo de desenvolvimento: 2024 \u2013 2025<\/span>[\/vc_column_text][\/vc_column][\/vc_row][vc_row equal_height=&#8221;yes&#8221; content_placement=&#8221;middle&#8221; u_row_style=&#8221;0&#8243; u_row_paralax=&#8221;0&#8243; u_row_scheme=&#8221;0&#8243; css=&#8221;.vc_custom_1724963265334{margin-bottom: 15px !important;background-color: #F4EFE8 !important;border-radius: 5px !important;}&#8221;][vc_column width=&#8221;1\/4&#8243;][vc_single_image image=&#8221;177&#8243; img_size=&#8221;full&#8221; alignment=&#8221;center&#8221; css=&#8221;&#8221;][\/vc_column][vc_column width=&#8221;3\/4&#8243;][vc_column_text css=&#8221;&#8221;]<b>Efeito de efluentes de abatedouro na comunidade bent\u00f4nica de um c\u00f3rrego urbano da regi\u00e3o Centro-Sul do Paran\u00e1<\/b><\/p>\n<p><span style=\"font-weight: 400\">Os macroinvertebrados bent\u00f4nicos s\u00e3o organismos considerados bioindicadores ambientais, amplamente utilizados em pesquisas biol\u00f3gicas de avalia\u00e7\u00e3o de qualidade de \u00e1gua. A pesquisa visa avaliar a sa\u00fade de um ecossistema aqu\u00e1tico, localizado em Guarapuava\/PR, que sofre interfer\u00eancias antr\u00f3picas, como a libera\u00e7\u00e3o de efluentes l\u00edquidos produzidos em um abatedouro, utilizando-se os macroinvertebrados bent\u00f4nicos como bioindicadores das condi\u00e7\u00f5es ambientais. Ser\u00e3o amostrados tr\u00eas pontos amostrais no c\u00f3rrego, com aux\u00edlio do Surber. Al\u00e9m disso, ser\u00e3o analisados alguns par\u00e2metros f\u00edsicos e qu\u00edmicos da \u00e1gua, como temperatura, pH, turbidez e oxig\u00eanio dissolvido. A partir dos resultados obtidos, pretende-se verificar se a libera\u00e7\u00e3o de efluentes l\u00edquidos tratados em um c\u00f3rrego urbano interfere na estrutura da comunidade bent\u00f4nica e, consequentemente, na sa\u00fade do ecossistema aqu\u00e1tico.<\/span><\/p>\n<p><span style=\"font-weight: 400\"><br \/>\n<\/span><span style=\"font-weight: 400\">Per\u00edodo de desenvolvimento: 2024<\/span>[\/vc_column_text][\/vc_column][\/vc_row][vc_row equal_height=&#8221;yes&#8221; content_placement=&#8221;middle&#8221; u_row_style=&#8221;0&#8243; u_row_paralax=&#8221;0&#8243; u_row_scheme=&#8221;0&#8243; css=&#8221;.vc_custom_1724963265334{margin-bottom: 15px !important;background-color: #F4EFE8 !important;border-radius: 5px !important;}&#8221;][vc_column width=&#8221;1\/4&#8243;][vc_single_image image=&#8221;171&#8243; img_size=&#8221;full&#8221; alignment=&#8221;center&#8221; css=&#8221;&#8221;][\/vc_column][vc_column width=&#8221;3\/4&#8243;][vc_column_text css=&#8221;&#8221;]<b>Macroinvertebrados bent\u00f4nicos como indicadores de ecossistemas aqu\u00e1ticos frente \u00e0s altera\u00e7\u00f5es naturais e antr\u00f3picas do ambiente<\/b><\/p>\n<p><span style=\"font-weight: 400\">\u00a0Os macroinvertebrados bent\u00f4nicos s\u00e3o invertebrados aqu\u00e1ticos, que habitam parte ou todo o seu ciclo de vida nos substratos de corpos h\u00eddricos, sendo considerados bioindicadores da sa\u00fade desses ambientes. Essa macrofauna pode habitar tanto os ecossistemas preservados (como um riacho interceptado por obst\u00e1culo natural) quanto os impactados (como um trecho de rio que recebe o esgoto dom\u00e9stico), visto que esses organismos apresentam sensibilidade ou toler\u00e2ncia \u00e0s perturba\u00e7\u00f5es de origem antr\u00f3pica e natural. Dessa forma, este projeto objetiva avaliar se existem mudan\u00e7as na composi\u00e7\u00e3o dos organismos bent\u00f4nicos frente \u00e0s perturba\u00e7\u00f5es naturais (presen\u00e7a de uma cachoeira) e antr\u00f3picas (lan\u00e7amento de efluente dom\u00e9stico) em ecossistemas aqu\u00e1ticos presentes fora e dentro de Esta\u00e7\u00f5es Ecol\u00f3gicas (ESECs), localizadas nos munic\u00edpios de Campina do Sim\u00e3o e Turvo, Paran\u00e1. A partir dos resultados obtidos, pretende-se ampliar o conhecimento referente \u00e0 macrofauna de invertebrados bent\u00f4nicos presentes nessas regi\u00f5es, para que haja uma melhor compreens\u00e3o da estrutura destas comunidades.<\/span><\/p>\n<p><span style=\"font-weight: 400\"><br \/>\n<\/span><span style=\"font-weight: 400\">Per\u00edodo de desenvolvimento: 2022-2024<\/span>[\/vc_column_text][\/vc_column][\/vc_row][vc_row equal_height=&#8221;yes&#8221; content_placement=&#8221;middle&#8221; u_row_style=&#8221;0&#8243; u_row_paralax=&#8221;0&#8243; u_row_scheme=&#8221;0&#8243; css=&#8221;.vc_custom_1724963265334{margin-bottom: 15px !important;background-color: #F4EFE8 !important;border-radius: 5px !important;}&#8221;][vc_column width=&#8221;1\/4&#8243;][vc_single_image image=&#8221;184&#8243; img_size=&#8221;full&#8221; alignment=&#8221;center&#8221; css=&#8221;&#8221;][\/vc_column][vc_column width=&#8221;3\/4&#8243;][vc_column_text css=&#8221;&#8221;]<strong>A influ\u00eancia do lan\u00e7amento de esgoto dom\u00e9stico na comunidade bent\u00f4nica de ecossistemas aqu\u00e1ticos.<\/strong><\/p>\n<p>Nas \u00faltimas d\u00e9cadas, a crise h\u00eddrica tem sido agravada principalmente pela intensa urbaniza\u00e7\u00e3o e pelo lan\u00e7amento inadequado de esgoto nos ecossistemas aqu\u00e1ticos. No Brasil, cerca de 36,8% dos domic\u00edlios n\u00e3o possuem tratamento de esgoto, fato esse que evidencia a degrada\u00e7\u00e3o e a m\u00e1 qualidade das \u00e1guas. Dentre as comunidades que habitam esses ecossistemas, destacam-se a comunidade de macroinvertebrados bent\u00f4nicos, composta por t\u00e1xons que possuem diferentes sensibilidades \u00e0 qualidade da \u00e1gua. Nesse contexto, esta pesquisa objetivou avaliar o impacto do lan\u00e7amento de esgoto dom\u00e9stico in natura em tr\u00eas pontos amostrais (P1, P2 e P3) do Rio Capivara, Campina do Sim\u00e3o \u2013 PR, por meio de par\u00e2metros f\u00edsicos, qu\u00edmicos e biol\u00f3gicos. As amostragens ocorreram em abril e agosto de 2023, sendo o P1 o ponto que recebe o esgoto n\u00e3o tratado do munic\u00edpio; o P2 e o P3 pontos inseridos dentro das Esta\u00e7\u00f5es Ecol\u00f3gicas (ESECs) Capivara I e II. O P1 apresentou redu\u00e7\u00e3o na riqueza taxon\u00f4mica e no n\u00famero de indiv\u00edduos, enquanto os pontos localizados nas ESECs (P2 e P3) demonstraram um aumento dessas m\u00e9tricas ecol\u00f3gicas. A presen\u00e7a de t\u00e1xons tolerantes, como Polypedilum e Oligochaeta no P1, indicou uma poss\u00edvel polui\u00e7\u00e3o org\u00e2nica, enquanto a predomin\u00e2ncia de Elmidae e Baetidae nos pontos P2 e P3 sugeriu uma melhor qualidade das \u00e1guas nesse trecho do rio. Esses resultados refletem a import\u00e2ncia de tratamentos adequados de esgoto e da conserva\u00e7\u00e3o e preserva\u00e7\u00e3o de ESECs para a manuten\u00e7\u00e3o da qualidade das \u00e1guas.<\/p>\n<p><span style=\"font-weight: 400\"><br \/>\n<\/span><span style=\"font-weight: 400\">Per\u00edodo de desenvolvimento: 2023-2024<\/span>[\/vc_column_text][\/vc_column][\/vc_row][vc_row equal_height=&#8221;yes&#8221; content_placement=&#8221;middle&#8221; u_row_style=&#8221;0&#8243; u_row_paralax=&#8221;0&#8243; u_row_scheme=&#8221;0&#8243; css=&#8221;.vc_custom_1724963265334{margin-bottom: 15px !important;background-color: #F4EFE8 !important;border-radius: 5px !important;}&#8221;][vc_column width=&#8221;1\/4&#8243;][vc_single_image image=&#8221;175&#8243; img_size=&#8221;full&#8221; alignment=&#8221;center&#8221; css=&#8221;&#8221;][\/vc_column][vc_column width=&#8221;3\/4&#8243;][vc_column_text css=&#8221;&#8221;]<strong>Aplica\u00e7\u00e3o de \u00edndices biol\u00f3gicos de qualidade de \u00e1gua para avalia\u00e7\u00e3o de riachos em fragmentos de Floresta Ombr\u00f3fila Mista (FOM).<\/strong><\/p>\n<p><span style=\"font-weight: 400\">Per\u00edodo de desenvolvimento: 2024-2025<\/span>[\/vc_column_text][\/vc_column][\/vc_row]<\/p>\n<\/div>","protected":false},"excerpt":{"rendered":"<p>[vc_row equal_height=&#8221;yes&#8221; content_placement=&#8221;middle&#8221; u_row_style=&#8221;0&#8243; u_row_paralax=&#8221;0&#8243; u_row_scheme=&#8221;0&#8243; css=&#8221;.vc_custom_1724963265334{margin-bottom: 15px !important;background-color: #F4EFE8 !important;border-radius: 5px !important;}&#8221;][vc_column width=&#8221;1\/4&#8243;][vc_single_image image=&#8221;71&#8243; img_size=&#8221;full&#8221; alignment=&#8221;center&#8221; css=&#8221;&#8221;][\/vc_column][vc_column width=&#8221;3\/4&#8243;][vc_column_text css=&#8221;&#8221;]Uso da Comunidade Bent\u00f4nica no Diagn\u00f3stico da Qualidade das \u00c1guas em Guarapuava (PR) A qualidade da \u00e1gua \u00e9 um fator essencial para a sa\u00fade dos ecossistemas aqu\u00e1ticos e humanos. Comunidades bent\u00f4nicas, compostas por organismos que vivem [&hellip;]<\/p>\n","protected":false},"author":3,"featured_media":0,"parent":0,"menu_order":0,"comment_status":"closed","ping_status":"closed","template":"","meta":{"_exactmetrics_skip_tracking":false,"_exactmetrics_sitenote_active":false,"_exactmetrics_sitenote_note":"","_exactmetrics_sitenote_category":0,"footnotes":"","_links_to":"","_links_to_target":""},"class_list":["post-69","page","type-page","status-publish","hentry"],"_links":{"self":[{"href":"https:\/\/www3.unicentro.br\/labdebentos\/wp-json\/wp\/v2\/pages\/69","targetHints":{"allow":["GET"]}}],"collection":[{"href":"https:\/\/www3.unicentro.br\/labdebentos\/wp-json\/wp\/v2\/pages"}],"about":[{"href":"https:\/\/www3.unicentro.br\/labdebentos\/wp-json\/wp\/v2\/types\/page"}],"author":[{"embeddable":true,"href":"https:\/\/www3.unicentro.br\/labdebentos\/wp-json\/wp\/v2\/users\/3"}],"replies":[{"embeddable":true,"href":"https:\/\/www3.unicentro.br\/labdebentos\/wp-json\/wp\/v2\/comments?post=69"}],"version-history":[{"count":3,"href":"https:\/\/www3.unicentro.br\/labdebentos\/wp-json\/wp\/v2\/pages\/69\/revisions"}],"predecessor-version":[{"id":185,"href":"https:\/\/www3.unicentro.br\/labdebentos\/wp-json\/wp\/v2\/pages\/69\/revisions\/185"}],"wp:attachment":[{"href":"https:\/\/www3.unicentro.br\/labdebentos\/wp-json\/wp\/v2\/media?parent=69"}],"curies":[{"name":"wp","href":"https:\/\/api.w.org\/{rel}","templated":true}]}}