{"id":133,"date":"2024-10-01T16:04:32","date_gmt":"2024-10-01T19:04:32","guid":{"rendered":"https:\/\/www3.unicentro.br\/labdebentos\/?page_id=133"},"modified":"2025-10-13T22:14:24","modified_gmt":"2025-10-14T01:14:24","slug":"chave-de-identificacao","status":"publish","type":"page","link":"https:\/\/www3.unicentro.br\/labdebentos\/chave-de-identificacao\/","title":{"rendered":"Chave de identifica\u00e7\u00e3o"},"content":{"rendered":"<div class=\"wpb-content-wrapper\"><p>[vc_row][vc_column][vc_column_text]O Laborat\u00f3rio de Ecologia de Bentos da Unicentro elaborou uma chave de identifica\u00e7\u00e3o de macroinvertebrados para a regi\u00e3o de Centro-Sul do Paran\u00e1.<\/p>\n<p><span style=\"color: #993300\"><strong><a style=\"color: #993300\" href=\"https:\/\/www.figma.com\/proto\/abIx52M9GzJdbRi31EFJi3\/Chave-de-Identifica%C3%A7%C3%A3o-para-Macroinvertebrados-Bent%C3%B4nicos-de-Fragmentos-de-Floresta-Ombr%C3%B3fila-Mista-(Community)?node-id=6-82&amp;node-type=canvas&amp;t=bXA7hc3FkNtBe6Sw-1&amp;scaling=contain&amp;content-scaling=fixed&amp;page-id=0%3A1&amp;starting-point-node-id=6%3A82\">Acesse a chave de identifica\u00e7\u00e3o de Nascimento e Suriani-Affonso (2022).<\/a><\/strong><\/span>[\/vc_column_text][vc_raw_js]JTNDaWZyYW1lJTIwc3R5bGUlM0QlMjJib3JkZXIlM0ElMjAxcHglMjBzb2xpZCUyMHJnYmElMjgwJTJDJTIwMCUyQyUyMDAlMkMlMjAwLjElMjklM0IlMjIlMjB3aWR0aCUzRCUyMjgwMCUyMiUyMGhlaWdodCUzRCUyMjQ1MCUyMiUyMHNyYyUzRCUyMmh0dHBzJTNBJTJGJTJGZW1iZWQuZmlnbWEuY29tJTJGcHJvdG8lMkZhYkl4NTJNOUd6SmRiUmkzMUVGSmkzJTJGQ2hhdmUtZGUtSWRlbnRpZmljYSUyNUMzJTI1QTclMjVDMyUyNUEzby1wYXJhLU1hY3JvaW52ZXJ0ZWJyYWRvcy1CZW50JTI1QzMlMjVCNG5pY29zLWRlLUZyYWdtZW50b3MtZGUtRmxvcmVzdGEtT21iciUyNUMzJTI1QjNmaWxhLU1pc3RhLS1Db21tdW5pdHktJTNGbm9kZS1pZCUzRDYtODIlMjZub2RlLXR5cGUlM0RjYW52YXMlMjZzY2FsaW5nJTNEY29udGFpbiUyNmNvbnRlbnQtc2NhbGluZyUzRGZpeGVkJTI2cGFnZS1pZCUzRDAlMjUzQTElMjZzdGFydGluZy1wb2ludC1ub2RlLWlkJTNENiUyNTNBODIlMjZlbWJlZC1ob3N0JTNEc2hhcmUlMjIlMjBhbGxvd2Z1bGxzY3JlZW4lM0UlM0MlMkZpZnJhbWUlM0U=[\/vc_raw_js][\/vc_column][\/vc_row]<\/p>\n<\/div>","protected":false},"excerpt":{"rendered":"<p>[vc_row][vc_column][vc_column_text]O Laborat\u00f3rio de Ecologia de Bentos da Unicentro elaborou uma chave de identifica\u00e7\u00e3o de macroinvertebrados para a regi\u00e3o de Centro-Sul do Paran\u00e1. Acesse a chave de identifica\u00e7\u00e3o de Nascimento e Suriani-Affonso (2022).[\/vc_column_text][vc_raw_js]JTNDaWZyYW1lJTIwc3R5bGUlM0QlMjJib3JkZXIlM0ElMjAxcHglMjBzb2xpZCUyMHJnYmElMjgwJTJDJTIwMCUyQyUyMDAlMkMlMjAwLjElMjklM0IlMjIlMjB3aWR0aCUzRCUyMjgwMCUyMiUyMGhlaWdodCUzRCUyMjQ1MCUyMiUyMHNyYyUzRCUyMmh0dHBzJTNBJTJGJTJGZW1iZWQuZmlnbWEuY29tJTJGcHJvdG8lMkZhYkl4NTJNOUd6SmRiUmkzMUVGSmkzJTJGQ2hhdmUtZGUtSWRlbnRpZmljYSUyNUMzJTI1QTclMjVDMyUyNUEzby1wYXJhLU1hY3JvaW52ZXJ0ZWJyYWRvcy1CZW50JTI1QzMlMjVCNG5pY29zLWRlLUZyYWdtZW50b3MtZGUtRmxvcmVzdGEtT21iciUyNUMzJTI1QjNmaWxhLU1pc3RhLS1Db21tdW5pdHktJTNGbm9kZS1pZCUzRDYtODIlMjZub2RlLXR5cGUlM0RjYW52YXMlMjZzY2FsaW5nJTNEY29udGFpbiUyNmNvbnRlbnQtc2NhbGluZyUzRGZpeGVkJTI2cGFnZS1pZCUzRDAlMjUzQTElMjZzdGFydGluZy1wb2ludC1ub2RlLWlkJTNENiUyNTNBODIlMjZlbWJlZC1ob3N0JTNEc2hhcmUlMjIlMjBhbGxvd2Z1bGxzY3JlZW4lM0UlM0MlMkZpZnJhbWUlM0U=[\/vc_raw_js][\/vc_column][\/vc_row]<\/p>\n","protected":false},"author":767,"featured_media":0,"parent":0,"menu_order":0,"comment_status":"closed","ping_status":"closed","template":"","meta":{"_exactmetrics_skip_tracking":false,"_exactmetrics_sitenote_active":false,"_exactmetrics_sitenote_note":"","_exactmetrics_sitenote_category":0,"footnotes":"","_links_to":"","_links_to_target":""},"class_list":["post-133","page","type-page","status-publish","hentry"],"_links":{"self":[{"href":"https:\/\/www3.unicentro.br\/labdebentos\/wp-json\/wp\/v2\/pages\/133","targetHints":{"allow":["GET"]}}],"collection":[{"href":"https:\/\/www3.unicentro.br\/labdebentos\/wp-json\/wp\/v2\/pages"}],"about":[{"href":"https:\/\/www3.unicentro.br\/labdebentos\/wp-json\/wp\/v2\/types\/page"}],"author":[{"embeddable":true,"href":"https:\/\/www3.unicentro.br\/labdebentos\/wp-json\/wp\/v2\/users\/767"}],"replies":[{"embeddable":true,"href":"https:\/\/www3.unicentro.br\/labdebentos\/wp-json\/wp\/v2\/comments?post=133"}],"version-history":[{"count":2,"href":"https:\/\/www3.unicentro.br\/labdebentos\/wp-json\/wp\/v2\/pages\/133\/revisions"}],"predecessor-version":[{"id":415,"href":"https:\/\/www3.unicentro.br\/labdebentos\/wp-json\/wp\/v2\/pages\/133\/revisions\/415"}],"wp:attachment":[{"href":"https:\/\/www3.unicentro.br\/labdebentos\/wp-json\/wp\/v2\/media?parent=133"}],"curies":[{"name":"wp","href":"https:\/\/api.w.org\/{rel}","templated":true}]}}