{"id":77,"date":"2020-06-02T00:00:00","date_gmt":"2020-06-02T03:00:00","guid":{"rendered":"https:\/\/www3.unicentro.br\/irati\/doutorado\/"},"modified":"2020-06-02T21:53:59","modified_gmt":"2020-06-03T00:53:59","slug":"doutorado","status":"publish","type":"page","link":"https:\/\/www3.unicentro.br\/irati\/doutorado\/","title":{"rendered":"Doutorado"},"content":{"rendered":"<p><strong>Setor de Ci\u00eancias Agr\u00e1rias e Ambientais (Seaa)\u00a0<\/strong><br \/>&#8211;\u00a0<a href=\"http:\/\/www2.unicentro.br\/ppgf\" target=\"_blank\" rel=\"noopener noreferrer\">Ci\u00eancias Florestais<\/a><\/p>\r\n<p><strong>Setor de Ci\u00eancias Humanas, Letras e Artes (Sehla)\u00a0<\/strong><br \/>&#8211;\u00a0<a href=\"http:\/\/www2.unicentro.br\/ppge\" target=\"_blank\" rel=\"noopener noreferrer\">Educa\u00e7\u00e3o<\/a><\/p>\r\n<p><strong>Setor de Ci\u00eancias da Sa\u00fade (SES)\u00a0<\/strong><br \/>&#8211; <a href=\"https:\/\/www2.unicentro.br\/ppgdc\/\" target=\"_blank\" rel=\"noopener noreferrer\">Interdisciplinar em Desenvolvimento Comunit\u00e1rio<\/a><\/p>\r\n\r\n<p>&nbsp;<\/p>\r\n","protected":false},"excerpt":{"rendered":"<p>Setor de Ci\u00eancias Agr\u00e1rias e Ambientais (Seaa)\u00a0&#8211;\u00a0Ci\u00eancias Florestais Setor de Ci\u00eancias Humanas, Letras e Artes (Sehla)\u00a0&#8211;\u00a0Educa\u00e7\u00e3o Setor de Ci\u00eancias da Sa\u00fade (SES)\u00a0&#8211; Interdisciplinar em Desenvolvimento Comunit\u00e1rio &nbsp;<\/p>\n","protected":false},"author":3,"featured_media":0,"parent":0,"menu_order":0,"comment_status":"closed","ping_status":"closed","template":"","meta":{"_exactmetrics_skip_tracking":false,"_exactmetrics_sitenote_active":false,"_exactmetrics_sitenote_note":"","_exactmetrics_sitenote_category":0,"footnotes":"","_links_to":"","_links_to_target":""},"class_list":["post-77","page","type-page","status-publish","hentry"],"_links":{"self":[{"href":"https:\/\/www3.unicentro.br\/irati\/wp-json\/wp\/v2\/pages\/77","targetHints":{"allow":["GET"]}}],"collection":[{"href":"https:\/\/www3.unicentro.br\/irati\/wp-json\/wp\/v2\/pages"}],"about":[{"href":"https:\/\/www3.unicentro.br\/irati\/wp-json\/wp\/v2\/types\/page"}],"author":[{"embeddable":true,"href":"https:\/\/www3.unicentro.br\/irati\/wp-json\/wp\/v2\/users\/3"}],"replies":[{"embeddable":true,"href":"https:\/\/www3.unicentro.br\/irati\/wp-json\/wp\/v2\/comments?post=77"}],"version-history":[{"count":0,"href":"https:\/\/www3.unicentro.br\/irati\/wp-json\/wp\/v2\/pages\/77\/revisions"}],"wp:attachment":[{"href":"https:\/\/www3.unicentro.br\/irati\/wp-json\/wp\/v2\/media?parent=77"}],"curies":[{"name":"wp","href":"https:\/\/api.w.org\/{rel}","templated":true}]}}