{"id":71,"date":"2020-06-02T00:00:00","date_gmt":"2020-06-02T03:00:00","guid":{"rendered":"https:\/\/www3.unicentro.br\/irati\/mestrado\/"},"modified":"2020-06-02T00:00:00","modified_gmt":"2020-06-02T03:00:00","slug":"mestrado","status":"publish","type":"page","link":"https:\/\/www3.unicentro.br\/irati\/mestrado\/","title":{"rendered":"Mestrado"},"content":{"rendered":"<p><strong>Setor de Ci\u00eancias Agr\u00e1rias e Ambientais (Seaa)\u00a0<\/strong><br \/>\n&#8211;\u00a0<a href=\"http:\/\/www2.unicentro.br\/ppgf\" target=\"_blank\" rel=\"noopener noreferrer\">Ci\u00eancias Florestais<br \/>\n<\/a>&#8211;\u00a0<a href=\"https:\/\/www3.unicentro.br\/ppgesa\/\" target=\"_blank\" rel=\"noopener noreferrer\">Mestrado em Engenharia Sanit\u00e1ria e Ambiental<\/a><a href=\"http:\/\/unicentrocienciasflorestais.com\/site\/\" target=\"_blank\" rel=\"noopener noreferrer\">\u00a0<\/a><\/p>\n<p><strong>Setor de Ci\u00eancias Humanas, Letras e Artes (Sehla)\u00a0<\/strong><br \/>\n&#8211; <a title=\"Mestrado em Hist\u00f3ria\" href=\"http:\/\/www.unicentro.br\/posgraduacao\/mestrado\/historia\" target=\"_blank\" rel=\"noopener noreferrer\">Hist\u00f3ria<br \/>\n<\/a>&#8211; <a title=\"Mestrado em Educa\u00e7\u00e3o\" href=\"http:\/\/www.unicentro.br\/posgraduacao\/mestrado\/educacao\" target=\"_blank\" rel=\"noopener noreferrer\">Educa\u00e7\u00e3o<\/a><\/p>\n<p><strong>Setor de Ci\u00eancias da Sa\u00fade (SES)<\/strong><br \/>\n&#8211;\u00a0<a href=\"https:\/\/www2.unicentro.br\/ppgdc\/\" target=\"_blank\" rel=\"noopener noreferrer\">Mestrado Interdisciplinar em Desenvolvimento Comunit\u00e1rio (SES)<\/a><\/p>\n","protected":false},"excerpt":{"rendered":"<p>Setor de Ci\u00eancias Agr\u00e1rias e Ambientais (Seaa)\u00a0 &#8211;\u00a0Ci\u00eancias Florestais &#8211;\u00a0Mestrado em Engenharia Sanit\u00e1ria e Ambiental\u00a0 Setor de Ci\u00eancias Humanas, Letras e Artes (Sehla)\u00a0 &#8211; Hist\u00f3ria &#8211; Educa\u00e7\u00e3o Setor de Ci\u00eancias da Sa\u00fade (SES) &#8211;\u00a0Mestrado Interdisciplinar em Desenvolvimento Comunit\u00e1rio (SES)<\/p>\n","protected":false},"author":3,"featured_media":0,"parent":0,"menu_order":0,"comment_status":"closed","ping_status":"closed","template":"","meta":{"_exactmetrics_skip_tracking":false,"_exactmetrics_sitenote_active":false,"_exactmetrics_sitenote_note":"","_exactmetrics_sitenote_category":0,"footnotes":"","_links_to":"","_links_to_target":""},"class_list":["post-71","page","type-page","status-publish","hentry"],"_links":{"self":[{"href":"https:\/\/www3.unicentro.br\/irati\/wp-json\/wp\/v2\/pages\/71","targetHints":{"allow":["GET"]}}],"collection":[{"href":"https:\/\/www3.unicentro.br\/irati\/wp-json\/wp\/v2\/pages"}],"about":[{"href":"https:\/\/www3.unicentro.br\/irati\/wp-json\/wp\/v2\/types\/page"}],"author":[{"embeddable":true,"href":"https:\/\/www3.unicentro.br\/irati\/wp-json\/wp\/v2\/users\/3"}],"replies":[{"embeddable":true,"href":"https:\/\/www3.unicentro.br\/irati\/wp-json\/wp\/v2\/comments?post=71"}],"version-history":[{"count":0,"href":"https:\/\/www3.unicentro.br\/irati\/wp-json\/wp\/v2\/pages\/71\/revisions"}],"wp:attachment":[{"href":"https:\/\/www3.unicentro.br\/irati\/wp-json\/wp\/v2\/media?parent=71"}],"curies":[{"name":"wp","href":"https:\/\/api.w.org\/{rel}","templated":true}]}}