{"id":70,"date":"2020-06-02T00:00:00","date_gmt":"2020-06-02T03:00:00","guid":{"rendered":"https:\/\/www3.unicentro.br\/irati\/graduacao\/"},"modified":"2020-06-02T00:00:00","modified_gmt":"2020-06-02T03:00:00","slug":"graduacao","status":"publish","type":"page","link":"https:\/\/www3.unicentro.br\/irati\/graduacao\/","title":{"rendered":"Gradua\u00e7\u00e3o"},"content":{"rendered":"<p><strong>Setor de Ci\u00eancias Agr\u00e1rias e Ambientais (SEAA)\u00a0<\/strong><br \/>\n&#8211;\u00a0<a href=\"https:\/\/www3.unicentro.br\/cursos\/engenharia-ambiental\/\" target=\"_blank\" rel=\"noopener noreferrer\">Engenharia Ambiental<\/a><br \/>\n&#8211;\u00a0<a href=\"https:\/\/www3.unicentro.br\/cursos\/engenharia-florestal\/\" target=\"_blank\" rel=\"noopener noreferrer\">Engenharia Florestal<\/a><br \/>\n&#8211;\u00a0<a href=\"https:\/\/www3.unicentro.br\/cursos\/geografia-irati\/\" target=\"_blank\" rel=\"noopener noreferrer\">Geografia\u00a0<\/a><br \/>\n&#8211;\u00a0<a href=\"https:\/\/www3.unicentro.br\/cursos\/matematica-irati\/\" target=\"_blank\" rel=\"noopener noreferrer\">Matem\u00e1tica\u00a0<\/a><\/p>\n<p><strong>Setor de Ci\u00eancias Humanas, Letras e Artes (SEHLA)\u00a0<\/strong><br \/>\n&#8211;\u00a0<a href=\"https:\/\/www3.unicentro.br\/cursos\/historia-irati\/\" target=\"_blank\" rel=\"noopener noreferrer\">Hist\u00f3ria\u00a0<\/a><br \/>\n&#8211;\u00a0<a href=\"https:\/\/www3.unicentro.br\/cursos\/letras-irati\/\" target=\"_blank\" rel=\"noopener noreferrer\">Letras Portugu\u00eas, Ingl\u00eas ou Espanhol<\/a><br \/>\n&#8211;\u00a0<a href=\"https:\/\/www3.unicentro.br\/cursos\/pedagogia-irati\/\" target=\"_blank\" rel=\"noopener noreferrer\">Pedagogia\u00a0<\/a><\/p>\n<p><strong>Setor de Ci\u00eancias Sociais Aplicadas (SESA)\u00a0<\/strong><br \/>\n&#8211;\u00a0<a href=\"https:\/\/www3.unicentro.br\/cursos\/administracao-irati\/\" target=\"_blank\" rel=\"noopener noreferrer\">Administra\u00e7\u00e3o\u00a0<\/a><br \/>\n&#8211;\u00a0<a href=\"https:\/\/www3.unicentro.br\/cursos\/ciencias-contabeis-irati\/\" target=\"_blank\" rel=\"noopener noreferrer\">Ci\u00eancias Cont\u00e1beis<\/a><br \/>\n&#8211;\u00a0<a href=\"https:\/\/www3.unicentro.br\/cursos\/turismo\/\" target=\"_blank\" rel=\"noopener noreferrer\">Turismo\u00a0<\/a><\/p>\n<p><strong>Setor de Ci\u00eancias da Sa\u00fade (SES)\u00a0<\/strong><br \/>\n&#8211;\u00a0<a href=\"https:\/\/www3.unicentro.br\/cursos\/educacao-fisica-irati\/\" target=\"_blank\" rel=\"noopener noreferrer\">Educa\u00e7\u00e3o F\u00edsica<\/a><br \/>\n&#8211;\u00a0<a href=\"https:\/\/www3.unicentro.br\/cursos\/fonoaudiologia\/\" target=\"_blank\" rel=\"noopener noreferrer\">Fonoaudiologia<\/a><br \/>\n&#8211;\u00a0<a href=\"https:\/\/www3.unicentro.br\/cursos\/psicologia\/\" target=\"_blank\" rel=\"noopener noreferrer\">Psicologia<\/a><\/p>\n","protected":false},"excerpt":{"rendered":"<p>Setor de Ci\u00eancias Agr\u00e1rias e Ambientais (SEAA)\u00a0 &#8211;\u00a0Engenharia Ambiental &#8211;\u00a0Engenharia Florestal &#8211;\u00a0Geografia\u00a0 &#8211;\u00a0Matem\u00e1tica\u00a0 Setor de Ci\u00eancias Humanas, Letras e Artes (SEHLA)\u00a0 &#8211;\u00a0Hist\u00f3ria\u00a0 &#8211;\u00a0Letras Portugu\u00eas, Ingl\u00eas ou Espanhol &#8211;\u00a0Pedagogia\u00a0 Setor de Ci\u00eancias Sociais Aplicadas (SESA)\u00a0 &#8211;\u00a0Administra\u00e7\u00e3o\u00a0 &#8211;\u00a0Ci\u00eancias Cont\u00e1beis &#8211;\u00a0Turismo\u00a0 Setor de Ci\u00eancias da Sa\u00fade (SES)\u00a0 &#8211;\u00a0Educa\u00e7\u00e3o F\u00edsica &#8211;\u00a0Fonoaudiologia &#8211;\u00a0Psicologia<\/p>\n","protected":false},"author":3,"featured_media":0,"parent":0,"menu_order":0,"comment_status":"closed","ping_status":"open","template":"","meta":{"_exactmetrics_skip_tracking":false,"_exactmetrics_sitenote_active":false,"_exactmetrics_sitenote_note":"","_exactmetrics_sitenote_category":0,"footnotes":"","_links_to":"","_links_to_target":""},"class_list":["post-70","page","type-page","status-publish","hentry"],"_links":{"self":[{"href":"https:\/\/www3.unicentro.br\/irati\/wp-json\/wp\/v2\/pages\/70","targetHints":{"allow":["GET"]}}],"collection":[{"href":"https:\/\/www3.unicentro.br\/irati\/wp-json\/wp\/v2\/pages"}],"about":[{"href":"https:\/\/www3.unicentro.br\/irati\/wp-json\/wp\/v2\/types\/page"}],"author":[{"embeddable":true,"href":"https:\/\/www3.unicentro.br\/irati\/wp-json\/wp\/v2\/users\/3"}],"replies":[{"embeddable":true,"href":"https:\/\/www3.unicentro.br\/irati\/wp-json\/wp\/v2\/comments?post=70"}],"version-history":[{"count":0,"href":"https:\/\/www3.unicentro.br\/irati\/wp-json\/wp\/v2\/pages\/70\/revisions"}],"wp:attachment":[{"href":"https:\/\/www3.unicentro.br\/irati\/wp-json\/wp\/v2\/media?parent=70"}],"curies":[{"name":"wp","href":"https:\/\/api.w.org\/{rel}","templated":true}]}}