{"id":68,"date":"2020-06-02T00:00:00","date_gmt":"2020-06-02T03:00:00","guid":{"rendered":"https:\/\/www3.unicentro.br\/irati\/sobre-o-campus\/"},"modified":"2020-06-02T00:00:00","modified_gmt":"2020-06-02T03:00:00","slug":"sobre-o-campus","status":"publish","type":"page","link":"https:\/\/www3.unicentro.br\/irati\/sobre-o-campus\/","title":{"rendered":"Sobre o Campus"},"content":{"rendered":"<p align=\"justify\"><span style=\"font-family: Arial,sans-serif;\"><span style=\"font-size: small;\">A Universidade Estadual do Centro-Oeste, UNICENTRO <\/span><\/span><span style=\"font-family: Arial,sans-serif;\"><span style=\"font-size: small;\">\u00e9 uma das mais jovens Universidades do Estado do Paran\u00e1, (criada pelo Artigo 57 do Ato das Disposi\u00e7\u00f5es Transit\u00f3rias da Constitui\u00e7\u00e3o do Estado do Paran\u00e1, de 5 de outubro de 1989 e instalada em 1990, pela Lei n\u00ba 3.286). Ela surgiu da fus\u00e3o de duas Faculdades: a Faculdade de Filosofia, Ci\u00eancias e Letras de Guarapuava e a Faculdade de Educa\u00e7\u00e3o, Ci\u00eancias e Letras de Irati.<\/span><\/span><\/p>\n<p align=\"justify\"><span style=\"font-family: Arial,sans-serif;\"><span style=\"font-size: small;\">Instalada na regi\u00e3o Central do Estado, a UNICENTRO conta com mais de cinquenta munic\u00edpios em sua regi\u00e3o de abrang\u00eancia, compreendendo uma popula\u00e7\u00e3o de mais de 1 milh\u00e3o de habitantes, para os quais oferece, al\u00e9m das oportunidades de forma\u00e7\u00e3o superior, cursos de Gradua\u00e7\u00e3o, Sequenciais e de Especializa\u00e7\u00e3o, e uma variada gama de servi\u00e7os que propiciam maior desenvolvimento regional.<\/span><\/span><\/p>\n<p align=\"justify\"><span style=\"color: #000000;\"><span style=\"font-family: Arial,sans-serif;\"><span style=\"font-size: small;\">O processo de consolida\u00e7\u00e3o da UNICENTRO est\u00e1 em pleno desenvolvimento, o que se evidencia tanto pelo reconhecimento da comunidade que a procura, como pelo reconhecimento dos \u00f3rg\u00e3os oficiais encarregados da gest\u00e3o das pol\u00edticas de Ensino Superior no Pa\u00eds.<\/span><\/span><\/span><\/p>\n<p align=\"justify\"><strong><span style=\"color: #000000;\"><span style=\"font-family: Arial,sans-serif;\"><span style=\"font-size: small;\">Unicentro, 29 anos &#8211; <em>Nosso desafio \u00e9 fazer sempre melhor<\/em><\/span><\/span><\/span><\/strong><\/p>\n","protected":false},"excerpt":{"rendered":"<p>A Universidade Estadual do Centro-Oeste, UNICENTRO \u00e9 uma das mais jovens Universidades do Estado do Paran\u00e1, (criada pelo Artigo 57 do Ato das Disposi\u00e7\u00f5es Transit\u00f3rias da Constitui\u00e7\u00e3o do Estado do Paran\u00e1, de 5 de outubro de 1989 e instalada em 1990, pela Lei n\u00ba 3.286). Ela surgiu da fus\u00e3o de duas Faculdades: a Faculdade de [&hellip;]<\/p>\n","protected":false},"author":3,"featured_media":0,"parent":0,"menu_order":0,"comment_status":"closed","ping_status":"closed","template":"","meta":{"_exactmetrics_skip_tracking":false,"_exactmetrics_sitenote_active":false,"_exactmetrics_sitenote_note":"","_exactmetrics_sitenote_category":0,"footnotes":"","_links_to":"","_links_to_target":""},"class_list":["post-68","page","type-page","status-publish","hentry"],"_links":{"self":[{"href":"https:\/\/www3.unicentro.br\/irati\/wp-json\/wp\/v2\/pages\/68","targetHints":{"allow":["GET"]}}],"collection":[{"href":"https:\/\/www3.unicentro.br\/irati\/wp-json\/wp\/v2\/pages"}],"about":[{"href":"https:\/\/www3.unicentro.br\/irati\/wp-json\/wp\/v2\/types\/page"}],"author":[{"embeddable":true,"href":"https:\/\/www3.unicentro.br\/irati\/wp-json\/wp\/v2\/users\/3"}],"replies":[{"embeddable":true,"href":"https:\/\/www3.unicentro.br\/irati\/wp-json\/wp\/v2\/comments?post=68"}],"version-history":[{"count":0,"href":"https:\/\/www3.unicentro.br\/irati\/wp-json\/wp\/v2\/pages\/68\/revisions"}],"wp:attachment":[{"href":"https:\/\/www3.unicentro.br\/irati\/wp-json\/wp\/v2\/media?parent=68"}],"curies":[{"name":"wp","href":"https:\/\/api.w.org\/{rel}","templated":true}]}}