{"id":99,"date":"2025-03-31T16:49:33","date_gmt":"2025-03-31T19:49:33","guid":{"rendered":"https:\/\/www3.unicentro.br\/inovalab\/?page_id=99"},"modified":"2025-05-02T16:21:39","modified_gmt":"2025-05-02T19:21:39","slug":"inovalab-na-midia","status":"publish","type":"page","link":"https:\/\/www3.unicentro.br\/inovalab\/inovalab-na-midia\/","title":{"rendered":"InovaLab na M\u00eddia"},"content":{"rendered":"<h3>Site da Unicentro<\/h3>\n<blockquote class=\"wp-embedded-content\" data-secret=\"BG4BF5ipR4\"><p><a href=\"https:\/\/www3.unicentro.br\/noticias\/2025\/04\/08\/inovalab-promove-conversa-sobre-inovacao-com-alunos-do-ensino-medio-do-colegio-mahatma-gandhi\/\">InovaLab promove conversa sobre inova\u00e7\u00e3o com alunos do ensino m\u00e9dio do Col\u00e9gio Mahatma Gandhi<\/a><\/p><\/blockquote>\n<p><iframe loading=\"lazy\" class=\"wp-embedded-content\" sandbox=\"allow-scripts\" security=\"restricted\" style=\"position: absolute; visibility: hidden;\" title=\"&#8220;InovaLab promove conversa sobre inova\u00e7\u00e3o com alunos do ensino m\u00e9dio do Col\u00e9gio Mahatma Gandhi&#8221; &#8212; Central de Not\u00edcias\" src=\"https:\/\/www3.unicentro.br\/noticias\/2025\/04\/08\/inovalab-promove-conversa-sobre-inovacao-com-alunos-do-ensino-medio-do-colegio-mahatma-gandhi\/embed\/#?secret=GOMa0lXDfg#?secret=BG4BF5ipR4\" data-secret=\"BG4BF5ipR4\" width=\"600\" height=\"338\" frameborder=\"0\" marginwidth=\"0\" marginheight=\"0\" scrolling=\"no\"><\/iframe><\/p>\n<blockquote class=\"wp-embedded-content\" data-secret=\"SnekQlo9cO\"><p><a href=\"https:\/\/www3.unicentro.br\/noticias\/2025\/04\/08\/censo-empresarial-do-inovalab-visita-mais-de-350-negocios-do-turvo\/\">Censo empresarial do InovaLab visita mais de 350 neg\u00f3cios em Turvo<\/a><\/p><\/blockquote>\n<p><iframe loading=\"lazy\" class=\"wp-embedded-content\" sandbox=\"allow-scripts\" security=\"restricted\" style=\"position: absolute; visibility: hidden;\" title=\"&#8220;Censo empresarial do InovaLab visita mais de 350 neg\u00f3cios em Turvo&#8221; &#8212; Central de Not\u00edcias\" src=\"https:\/\/www3.unicentro.br\/noticias\/2025\/04\/08\/censo-empresarial-do-inovalab-visita-mais-de-350-negocios-do-turvo\/embed\/#?secret=GaDAaJt16s#?secret=SnekQlo9cO\" data-secret=\"SnekQlo9cO\" width=\"600\" height=\"338\" frameborder=\"0\" marginwidth=\"0\" marginheight=\"0\" scrolling=\"no\"><\/iframe><\/p>\n<blockquote class=\"wp-embedded-content\" data-secret=\"tVV8CnDXEO\"><p><a href=\"https:\/\/www3.unicentro.br\/noticias\/2025\/03\/27\/projeto-do-inovalab-esta-com-inscricoes-abertas-para-curso-de-empreendedorismo-feminino-em-reserva-do-iguacu\/\">Projeto do InovaLab est\u00e1 com inscri\u00e7\u00f5es abertas para curso de empreendedorismo feminino em Reserva do Igua\u00e7u<\/a><\/p><\/blockquote>\n<p><iframe loading=\"lazy\" class=\"wp-embedded-content\" sandbox=\"allow-scripts\" security=\"restricted\" style=\"position: absolute; visibility: hidden;\" title=\"&#8220;Projeto do InovaLab est\u00e1 com inscri\u00e7\u00f5es abertas para curso de empreendedorismo feminino em Reserva do Igua\u00e7u&#8221; &#8212; Central de Not\u00edcias\" src=\"https:\/\/www3.unicentro.br\/noticias\/2025\/03\/27\/projeto-do-inovalab-esta-com-inscricoes-abertas-para-curso-de-empreendedorismo-feminino-em-reserva-do-iguacu\/embed\/#?secret=eammfUERph#?secret=tVV8CnDXEO\" data-secret=\"tVV8CnDXEO\" width=\"600\" height=\"338\" frameborder=\"0\" marginwidth=\"0\" marginheight=\"0\" scrolling=\"no\"><\/iframe><\/p>\n<blockquote class=\"wp-embedded-content\" data-secret=\"60e6uo3LWM\"><p><a href=\"https:\/\/www3.unicentro.br\/noticias\/2023\/11\/13\/inovalab-da-unicentro-e-celeiro-da-inovacao-realizam-etapa-final-do-circuito-de-inovacao\/\">Inovalab da Unicentro e Celeiro de Inova\u00e7\u00e3o realizam etapa final do Circuito de Inova\u00e7\u00e3o<\/a><\/p><\/blockquote>\n<p><iframe loading=\"lazy\" class=\"wp-embedded-content\" sandbox=\"allow-scripts\" security=\"restricted\" style=\"position: absolute; visibility: hidden;\" title=\"&#8220;Inovalab da Unicentro e Celeiro de Inova\u00e7\u00e3o realizam etapa final do Circuito de Inova\u00e7\u00e3o&#8221; &#8212; Central de Not\u00edcias\" src=\"https:\/\/www3.unicentro.br\/noticias\/2023\/11\/13\/inovalab-da-unicentro-e-celeiro-da-inovacao-realizam-etapa-final-do-circuito-de-inovacao\/embed\/#?secret=eMfdovql5S#?secret=60e6uo3LWM\" data-secret=\"60e6uo3LWM\" width=\"600\" height=\"338\" frameborder=\"0\" marginwidth=\"0\" marginheight=\"0\" scrolling=\"no\"><\/iframe><\/p>\n<h3><\/h3>\n<p>&nbsp;<\/p>\n<h3><a href=\"https:\/\/redesuldenoticias.com.br\/noticias\/censo-vai-tracar-o-perfil-empresarial-no-municipio-de-turvo\/https:\/\/redesuldenoticias.com.br\/noticias\/curso-gratuito-de-empreendedorismo-incentiva-mulheres-de-reserva-do-iguacu\/\" target=\"_blank\" rel=\"noopener\">RSN &#8211; Censo vai tra\u00e7ar o perfil empresarial no munic\u00edpio de Turvo<\/a><\/h3>\n<h3><a href=\"https:\/\/redesuldenoticias.com.br\/noticias\/estudantes-de-candido-de-abreu-participam-de-circuito-de-inovacao-com-jogos-e-debates\/\" target=\"_blank\" rel=\"noopener\">RSN &#8211; Estudantes de C\u00e2ndido de Abreu participam de circuito de inova\u00e7\u00e3o com jogos e debates<\/a><\/h3>\n<h3><a href=\"https:\/\/redesuldenoticias.com.br\/noticias\/unicentro-e-turvo-fecham-parceria-em-projeto-de-empreendedorismo\/\" target=\"_blank\" rel=\"noopener\">RSN &#8211; Unicentro e Turvo fecham parceria em projeto de empreendedorismo<\/a><\/h3>\n<h3><a href=\"https:\/\/redesuldenoticias.com.br\/noticias\/unicentro-e-a-segunda-universidade-mais-inovadora-do-parana\/\" target=\"_blank\" rel=\"noopener\">RSN &#8211; Unicentro \u00e9 a segunda universidade mais inovadora do Paran\u00e1<\/a><\/h3>\n<h3><\/h3>\n<h3><a href=\"https:\/\/gmaisnoticias.com\/inovalab-realiza-oficina-de-marketing-para-mulheres-turvenses\" target=\"_blank\" rel=\"noopener\">GMAIS NOT\u00cdCIAS &#8211; Inovalab realiza oficina de marketing para mulheres<\/a><a href=\"https:\/\/gmaisnoticias.com\/inovalab-realiza-oficina-de-marketing-para-mulheres-turvenses\" target=\"_blank\" rel=\"noopener\"> t<\/a><a href=\"https:\/\/gmaisnoticias.com\/inovalab-realiza-oficina-de-marketing-para-mulheres-turvenses\" target=\"_blank\" rel=\"noopener\">urvenses<\/a><\/h3>\n<h3><a href=\"https:\/\/gmaisnoticias.com\/inovalab-inicia-circuito-de-inovacao-para-estudantes-de-candido-de-abreu\" target=\"_blank\" rel=\"noopener\">GMAIS NOT\u00cdCIAS &#8211; Inovalab inicia Circuito de Inova\u00e7\u00e3o para estudantes de C\u00e2ndido de Abreu<\/a><\/h3>\n<h3><a href=\"https:\/\/www.gmaisnoticias.com\/censo-empresarial-do-inovalab-visita-mais-de-350-negocios-em-turvo\" target=\"_blank\" rel=\"noopener\">GMAIS NOT\u00cdCIAS &#8211; Censo Empresarial do Inovalab visita mais de 350 neg\u00f3cios em Turvo<\/a><\/h3>\n<h3><a href=\"https:\/\/www.gmaisnoticias.com\/inovalab-inicia-circuito-de-inovacao-para-estudantes-de-candido-de-abreu\" target=\"_blank\" rel=\"noopener\">GMAIS NOT\u00cdCIAS &#8211; Inovalab inicia circuito de inova\u00e7\u00e3o para estudantes de C\u00e2ndido de Abreu<\/a><\/h3>\n<h3><a href=\"https:\/\/gmaisnoticias.com\/inovalab-promove-final-do-circuito-de-inovacao-com-alunos-da-rede-publica-de-ensino-de-guarapuava\" target=\"_blank\" rel=\"noopener\">GMAIS NOT\u00cdCIAS &#8211; Inovalab promove final do circuito de inova\u00e7\u00e3o com alunos da rede p\u00fablica de ensino de Guarapuava<\/a><\/h3>\n<h3><a href=\"https:\/\/gmaisnoticias.com\/inovalab-promove-conversa-sobre-inovacao-com-alunos-do-ensino-medio-do-colegio-mahatma-gandhi-em-guarapuava\" target=\"_blank\" rel=\"noopener\">GMAIS NOT\u00cdCIAS &#8211; Inovalab promove conversa com alunos do ensino m\u00e9dio do Col\u00e9gio Mahatma Gandhi em Guarapuava<\/a><\/h3>\n<h3><a href=\"https:\/\/gmaisnoticias.com\/unicentro-realiza-parceria-com-turvo-em-novo-projeto\" target=\"_blank\" rel=\"noopener\">GMAIS NOT\u00cdCIAS &#8211; Unicentro realiza parceria com Turvo em novo projeto<\/a><\/h3>\n<h3><\/h3>\n<p>&nbsp;<\/p>\n<h3><a href=\"https:\/\/ctp.org.br\/blog\/circuito-de-inovacao-parceria-entre-o-celeiro-de-inovacao-e-unicentro-estimula-empreendedorismo-entre-adolescentes\/\" target=\"_blank\" rel=\"noopener\">CTP &#8211; Circuito de Inova\u00e7\u00e3o: parceria entre o Celeiro de Inova\u00e7\u00e3o e Unicentro estimula empreendedorismo entre adolescentes<\/a><\/h3>\n<h3><\/h3>\n<h3><a href=\"https:\/\/culturanews.net\/cotidiano\/censo-empresarial-visita-mais-de-350-negocios-do-turvo\/\" target=\"_blank\" rel=\"noopener\">CULTURA NEWS &#8211; Censo Empresarial visita mais de 350 neg\u00f3cios do Turvo<\/a><\/h3>\n<h3><\/h3>\n<p>&nbsp;<\/p>\n<h3><a href=\"https:\/\/www.extraguarapuava.com.br\/cidades\/inovalab-realiza-censo-empresarial-no-municipio-do-turvo\/\" target=\"_blank\" rel=\"noopener\">EXTRA GUARAPUAVA &#8211; Inovalab realiza Censo Empresarial no munic\u00edpio do Turvo\u00a0<\/a><\/h3>\n<h3><a href=\"https:\/\/www.extraguarapuava.com.br\/geral\/unicentro-realiza-parceria-com-turvo-em-novo-projeto-de-empreendedorismo\/\" target=\"_blank\" rel=\"noopener\">EXTRA GUARAPUAVA &#8211; Unicentro realiza parceria com Turvo em novo projeto de empreendedorismo<\/a><\/h3>\n<h3><a href=\"https:\/\/www.extraguarapuava.com.br\/ultimas-noticias\/unicentro-e-a-segunda-universidade-publica-mais-inovadora-do-parana\/\" target=\"_blank\" rel=\"noopener\">EXTRA GUARAPUAVA &#8211; Unicentro \u00e9 a segunda universidade mais inovadora do Paran\u00e1<\/a><\/h3>\n","protected":false},"excerpt":{"rendered":"<p>Site da Unicentro InovaLab promove conversa sobre inova\u00e7\u00e3o com alunos do ensino m\u00e9dio do Col\u00e9gio Mahatma Gandhi Censo empresarial do InovaLab visita mais de 350 neg\u00f3cios em Turvo Projeto do InovaLab est\u00e1 com inscri\u00e7\u00f5es abertas para curso de empreendedorismo feminino em Reserva do Igua\u00e7u Inovalab da Unicentro e Celeiro de Inova\u00e7\u00e3o realizam etapa final do [&hellip;]<\/p>\n","protected":false},"author":28,"featured_media":0,"parent":0,"menu_order":0,"comment_status":"closed","ping_status":"closed","template":"","meta":{"_exactmetrics_skip_tracking":false,"_exactmetrics_sitenote_active":false,"_exactmetrics_sitenote_note":"","_exactmetrics_sitenote_category":0,"footnotes":"","_links_to":"","_links_to_target":""},"class_list":["post-99","page","type-page","status-publish","hentry"],"_links":{"self":[{"href":"https:\/\/www3.unicentro.br\/inovalab\/wp-json\/wp\/v2\/pages\/99","targetHints":{"allow":["GET"]}}],"collection":[{"href":"https:\/\/www3.unicentro.br\/inovalab\/wp-json\/wp\/v2\/pages"}],"about":[{"href":"https:\/\/www3.unicentro.br\/inovalab\/wp-json\/wp\/v2\/types\/page"}],"author":[{"embeddable":true,"href":"https:\/\/www3.unicentro.br\/inovalab\/wp-json\/wp\/v2\/users\/28"}],"replies":[{"embeddable":true,"href":"https:\/\/www3.unicentro.br\/inovalab\/wp-json\/wp\/v2\/comments?post=99"}],"version-history":[{"count":2,"href":"https:\/\/www3.unicentro.br\/inovalab\/wp-json\/wp\/v2\/pages\/99\/revisions"}],"predecessor-version":[{"id":305,"href":"https:\/\/www3.unicentro.br\/inovalab\/wp-json\/wp\/v2\/pages\/99\/revisions\/305"}],"wp:attachment":[{"href":"https:\/\/www3.unicentro.br\/inovalab\/wp-json\/wp\/v2\/media?parent=99"}],"curies":[{"name":"wp","href":"https:\/\/api.w.org\/{rel}","templated":true}]}}