{"id":46,"date":"2025-03-14T11:14:49","date_gmt":"2025-03-14T14:14:49","guid":{"rendered":"https:\/\/www3.unicentro.br\/inovalab\/?page_id=46"},"modified":"2025-06-17T14:31:04","modified_gmt":"2025-06-17T17:31:04","slug":"editais","status":"publish","type":"page","link":"https:\/\/www3.unicentro.br\/inovalab\/editais\/","title":{"rendered":"Editais"},"content":{"rendered":"<div class=\"wpb-content-wrapper\"><h3 class=\"p1\">Credenciamento de volunt\u00e1rios, na modalidade de estudante de gradua\u00e7\u00e3o, para atuar no projeto <strong>\u201cConsultoria J\u00fanior\u201d<\/strong> do InovaLab<\/h3>\n<h4><a href=\"https:\/\/drive.google.com\/file\/d\/1-5UjMPYwl5KY23kOh_11fU39oGnT1x86\/view?usp=sharing\" target=\"_blank\" rel=\"noopener\">CLIQUE AQUI<\/a><\/h4>\n<h3><\/h3>\n<p>&nbsp;<\/p>\n<h3>Vaga Rec\u00e9m-Formado(a) no projeto \u201c<b>Circuito de Inova\u00e7\u00e3o: Projeto de Capta\u00e7\u00e3o de Ideias Inovadoras de Alunos do Ensino M\u00e9dio do <\/b><b>Munic\u00edpio de C\u00e2ndido de Abreu &#8211; PR<\/b>\u201d<\/h3>\n<h4><a href=\"https:\/\/www3.unicentro.br\/proec\/wp-content\/uploads\/sites\/73\/2025\/04\/Edital_2025_072_USF_UNICENTRO_abertura_circuito_de_inovacao.docx_signed.pdf\">ENCERRADO<\/a><\/h4>\n<p>&nbsp;<\/p>\n<p>[vc_row][vc_column]<aside class=\"ul-custom-css-inline\">\t\t\t\t\t\t\t\t\t\t\r\n\t\t\t\t\t\t\t\t\t\t<link rel=\"stylesheet\" id=\"ul-google-fonts-css\" href=\"https:\/\/fonts.googleapis.com\/css?family=Open+Sans%7COpen+Sans%7COpen+Sans%7COpen+Sans%7COpen+Sans%7COpen+Sans\" type=\"text\/css\" media=\"all\" \/><style type=\"text\/css\">#ul15706.ultimate-layouts-container h3.ultimate-layouts-title, \r\n\t\t\t\t\t\t\t\t\t#ul15706.ultimate-layouts-container h3.ultimate-layouts-title a{font-family:\"Open Sans\" !important;font-size:13px !important;}.ul_quickview_p_ul15706.ul-quick-view-style h3.ultimate-layouts-title,\r\n\t\t\t\t\t\t\t\t\t\t.ul_quickview_p_ul15706.ul-quick-view-style h3.ultimate-layouts-title a{font-family:\"Open Sans\" !important;}#ul15706.ultimate-layouts-container .ul-cb-style-listing h3.ultimate-layouts-title, \r\n\t\t\t\t\t\t\t\t\t\t#ul15706.ultimate-layouts-container .ul-cb-style-listing h3.ultimate-layouts-title a{\r\n\t\t\t\t\t\t\t\t\t\t\tfont-size:calc(13px * 0.78) !important;\r\n\t\t\t\t\t\t\t\t\t\t\tfont-size:-webkit-calc(13px * 0.78) !important;\r\n\t\t\t\t\t\t\t\t\t\t\tfont-size:-moz-calc(13px * 0.78) !important;\r\n\t\t\t\t\t\t\t\t\t\t\tfont-size:-ms-calc(13px * 0.78) !important;\r\n\t\t\t\t\t\t\t\t\t\t\tfont-size:-o-calc(13px * 0.78) !important;\r\n\t\t\t\t\t\t\t\t\t\t}#ul15706.ultimate-layouts-container .ultimate-layouts-excerpt,#ul15706.ultimate-layouts-container .ultimate-layouts-excerpt p,\r\n\t\t\t\t\t\t\t\t\t.ul_quickview_p_ul15706.ul-quick-view-style .ul-quick-view-content .ul-quick-view-body .ul-single-post-content,\r\n\t\t\t\t\t\t\t\t\t.ul_quickview_p_ul15706.ul-quick-view-style .ul-quick-view-content .ul-quick-view-body .ul-single-post-content p{font-family:\"Open Sans\" !important;font-size:14px !important;}#ul15706.ultimate-layouts-container .ultimate-layouts-metas>.ultimate-layouts-metas-wrap>*, \r\n\t\t\t\t\t\t\t\t\t#ul15706.ultimate-layouts-container .ultimate-layouts-metas-st2>.ultimate-layouts-metas-wrap>*,\r\n\t\t\t\t\t\t\t\t\t#ul15706.ultimate-layouts-container .ultimate-layouts-metas a, \r\n\t\t\t\t\t\t\t\t\t#ul15706.ultimate-layouts-container .ultimate-layouts-metas-st2 a,\r\n\t\t\t\t\t\t\t\t\t#ul15706.ultimate-layouts-container .ultimate-layouts-categories>a,\r\n\t\t\t\t\t\t\t\t\t#ul15706.ultimate-layouts-container .ultimate-layouts-metas>.ultimate-layouts-metas-wrap>* .ldc-ul_cont span, \r\n\t\t\t\t\t\t\t\t\t#ul15706.ultimate-layouts-container .ultimate-layouts-metas-st2>.ultimate-layouts-metas-wrap>* .ldc-ul_cont span,\r\n\t\t\t\t\t\t\t\t\t.ul_quickview_p_ul15706.ul-quick-view-style .ultimate-layouts-metas>.ultimate-layouts-metas-wrap>*,\r\n\t\t\t\t\t\t\t\t\t.ul_quickview_p_ul15706.ul-quick-view-style .ultimate-layouts-metas a,\r\n\t\t\t\t\t\t\t\t\t.ul_quickview_p_ul15706.ul-quick-view-style .ultimate-layouts-categories>a,\r\n\t\t\t\t\t\t\t\t\t.ul_quickview_p_ul15706.ul-quick-view-style .ultimate-layouts-metas>.ultimate-layouts-metas-wrap>* .ldc-ul_cont span,\r\n\t\t\t\t\t\t\t\t\t.ul_quickview_p_ul15706.ul-quick-view-style .ultimate-layouts-metas-st2>.ultimate-layouts-metas-wrap>* .ldc-ul_cont span{font-family:\"Open Sans\" !important;font-size:10px !important;}#ul15706.ultimate-layouts-container .ultimate-layouts-metas-st2>.ultimate-layouts-metas-wrap>* i.fa,\r\n\t\t\t\t\t\t\t\t\t\t#ul15706.ultimate-layouts-container .ultimate-layouts-metas>.ultimate-layouts-metas-wrap>* .ldc-ul_cont span:before, \r\n\t\t\t\t\t\t\t\t\t\t#ul15706.ultimate-layouts-container .ultimate-layouts-metas-st2>.ultimate-layouts-metas-wrap>* .ldc-ul_cont span:before,\r\n\t\t\t\t\t\t\t\t\t\t.ul_quickview_p_ul15706.ul-quick-view-style .ultimate-layouts-metas-st2>.ultimate-layouts-metas-wrap>* i.fa,\r\n\t\t\t\t\t\t\t\t\t\t.ul_quickview_p_ul15706.ul-quick-view-style .ultimate-layouts-metas>.ultimate-layouts-metas-wrap>* .ldc-ul_cont span:before,\r\n\t\t\t\t\t\t\t\t\t\t.ul_quickview_p_ul15706.ul-quick-view-style .ultimate-layouts-metas-st2>.ultimate-layouts-metas-wrap>* .ldc-ul_cont span:before{\r\n\t\t\t\t\t\t\t\t\t\t\tfont-size:10px !important;\r\n\t\t\t\t\t\t\t\t\t\t}#ul15706.ultimate-layouts-container .ultimate-layouts-filter-container .ultimate-layouts-sc-filter-container .ultimate-layouts-filter-item{font-family:\"Open Sans\" !important;}#ul15706.ultimate-layouts-container .ultimate-layouts-filter-container .ul-smart-tab-filter .ul-smart-tab-title-wrap .ul-smart-tab-title{font-family:\"Open Sans\" !important;}#ul15706.ultimate-layouts-container .ul-pagination-wrap .ul-loadmore-style,\r\n\t\t\t\t\t\t\t\t\t\t#ul15706.ultimate-layouts-container .ul-pagination-wrap .ul-page-numbers .paginationjs .paginationjs-pages ul li>a {font-family:\"Open Sans\" !important;}<\/style><style type=\"text\/css\">#ul15706.ultimate-layouts-container .ultimate-layouts-metas > .ultimate-layouts-metas-wrap > *,#ul15706.ultimate-layouts-container .ultimate-layouts-metas > .ultimate-layouts-metas-wrap > * .kodex_like_button,#ul15706.ultimate-layouts-container .ultimate-layouts-metas a:not(:hover){color:#707070 !important;}#ul15706.ultimate-layouts-container .ultimate-layouts-metas .ultimate-layouts-social-share .ultimate-layouts-share-item a{color:#FFF !important;}#ul15706.ultimate-layouts-container .ultimate-layouts-excerpt,#ul15706.ultimate-layouts-container .ultimate-layouts-excerpt p,#ul15706.ultimate-layouts-container{color:#707070 !important;}#ul15706.ultimate-layouts-container .ultimate-layouts-item .ultimate-layouts-entry-wrapper{background-color:#e5e5e5 !important;}#ul15706.ultimate-layouts-container .ultimate-layouts-listing-wrap .ultimate-layouts-filter-overlay{background-color:rgba(46,135,17,0.09) !important;}#ul15706.ultimate-layouts-container .ultimate-layouts-filter-container .ul-s-dropdown-filter .ultimate-layouts-sc-filter-container .filter-dropdown-wrapper:not(.active-dropdown) .ul-default-dd-filter\r\n\t\t\t\t\t\t\t{background-color:#000000 !important;}#ul15706.ultimate-layouts-container .ultimate-layouts-filter-container .ultimate-layouts-sc-filter-container:not([data-display-type=\"1\"]) .ul-filter-action:not(.active-elm):hover,#ul15706.ultimate-layouts-container .ultimate-layouts-filter-container .ul-smart-tab-filter .ul-filter-elements-wrap .ul-filter-action.active-elm\r\n\t\t\t\t\t\t\t{color:#000000 !important;}#ul15706.ultimate-layouts-container .ultimate-layouts-filter-container .ultimate-layouts-sc-filter-container[data-display-type=\"2\"] .nav__dropdown .ul-filter-action:not(.active-elm):hover,#ul15706.ultimate-layouts-container .ultimate-layouts-filter-container .ul-smart-tab-filter .ul-filter-elements-wrap .nav__dropdown .ul-filter-action.active-elm\r\n\t\t\t\t\t\t\t{color:#FFFFFF !important;}#ul15706.ultimate-layouts-container .ultimate-layouts-filter-container .ul-smart-tab-filter{border-bottom-color:#000000 !important;}#ul15706.ultimate-layouts-container .ultimate-layouts-filter-container .ul-smart-tab-filter .ul-smart-tab-title-wrap .ul-smart-tab-title{background-color:#000000 !important;}<\/style>\r\n\t\t\t\t\t\t\t\t\t\t<h6>h6<\/h6>\r\n\t\t\t\t\t\t\t\t\t<\/aside>[\/vc_column][\/vc_row]<\/p>\n<\/div>","protected":false},"excerpt":{"rendered":"<p>Credenciamento de volunt\u00e1rios, na modalidade de estudante de gradua\u00e7\u00e3o, para atuar no projeto \u201cConsultoria J\u00fanior\u201d do InovaLab CLIQUE AQUI &nbsp; Vaga Rec\u00e9m-Formado(a) no projeto \u201cCircuito de Inova\u00e7\u00e3o: Projeto de Capta\u00e7\u00e3o de Ideias Inovadoras de Alunos do Ensino M\u00e9dio do Munic\u00edpio de C\u00e2ndido de Abreu &#8211; PR\u201d ENCERRADO &nbsp; [vc_row][vc_column][\/vc_column][\/vc_row]<\/p>\n","protected":false},"author":3,"featured_media":0,"parent":0,"menu_order":0,"comment_status":"closed","ping_status":"closed","template":"","meta":{"_exactmetrics_skip_tracking":false,"_exactmetrics_sitenote_active":false,"_exactmetrics_sitenote_note":"","_exactmetrics_sitenote_category":0,"footnotes":"","_links_to":"","_links_to_target":""},"class_list":["post-46","page","type-page","status-publish","hentry"],"_links":{"self":[{"href":"https:\/\/www3.unicentro.br\/inovalab\/wp-json\/wp\/v2\/pages\/46","targetHints":{"allow":["GET"]}}],"collection":[{"href":"https:\/\/www3.unicentro.br\/inovalab\/wp-json\/wp\/v2\/pages"}],"about":[{"href":"https:\/\/www3.unicentro.br\/inovalab\/wp-json\/wp\/v2\/types\/page"}],"author":[{"embeddable":true,"href":"https:\/\/www3.unicentro.br\/inovalab\/wp-json\/wp\/v2\/users\/3"}],"replies":[{"embeddable":true,"href":"https:\/\/www3.unicentro.br\/inovalab\/wp-json\/wp\/v2\/comments?post=46"}],"version-history":[{"count":3,"href":"https:\/\/www3.unicentro.br\/inovalab\/wp-json\/wp\/v2\/pages\/46\/revisions"}],"predecessor-version":[{"id":401,"href":"https:\/\/www3.unicentro.br\/inovalab\/wp-json\/wp\/v2\/pages\/46\/revisions\/401"}],"wp:attachment":[{"href":"https:\/\/www3.unicentro.br\/inovalab\/wp-json\/wp\/v2\/media?parent=46"}],"curies":[{"name":"wp","href":"https:\/\/api.w.org\/{rel}","templated":true}]}}