{"id":42,"date":"2025-03-14T11:14:18","date_gmt":"2025-03-14T14:14:18","guid":{"rendered":"https:\/\/www3.unicentro.br\/inovalab\/?page_id=42"},"modified":"2025-04-11T14:19:44","modified_gmt":"2025-04-11T17:19:44","slug":"servicos","status":"publish","type":"page","link":"https:\/\/www3.unicentro.br\/inovalab\/servicos\/","title":{"rendered":"Servi\u00e7os"},"content":{"rendered":"<h1><img loading=\"lazy\" decoding=\"async\" class=\" wp-image-78 alignright\" src=\"https:\/\/www3.unicentro.br\/inovalab\/wp-content\/uploads\/sites\/181\/2025\/03\/Inovalab-1-e1744391722981.jpg\" alt=\"Inovalab\" width=\"571\" height=\"386\" \/><\/h1>\n<p><span style=\"font-size: 14pt\">O <strong>InovaLab<\/strong> \u00e9 um espa\u00e7o colaborativo e multidisciplinar de <strong>inova\u00e7\u00e3o <\/strong>e <strong>criatividade<\/strong> da Unicentro, com foco na transforma\u00e7\u00e3o de ideias em realidade.<\/span><\/p>\n<h1><\/h1>\n<p>&nbsp;<\/p>\n<h1>Aqui trabalhamos com tr\u00eas grandes eixos:<\/h1>\n<ul style=\"list-style-type: square\">\n<li><span style=\"font-size: 14pt\">Projetos de extens\u00e3o; Continuidade de ideias a partir \u00a0 \u00a0 \u00a0do TCC; Laborat\u00f3rio para todas as \u00e1reas;<\/span><\/li>\n<li><span style=\"font-size: 14pt\">Consultoria Empresarial; An\u00e1lises de viabilidades de novos neg\u00f3cios; Desenvolvimento de modelos de gest\u00e3o; Intermedia\u00e7\u00e3o com grupos de est\u00e1gio para an\u00e1lise e desenvolvimento das empresas;<\/span><\/li>\n<li><span style=\"font-size: 14pt\">Integra\u00e7\u00e3o do estudante do Ensino M\u00e9dio com a Universidade P\u00fablica; Intermedia\u00e7\u00e3o para capta\u00e7\u00e3o de recursos a partir de editais oficiais; Desenvolvimento de novos prot\u00f3tipos.<\/span><\/li>\n<\/ul>\n<p>&nbsp;<\/p>\n","protected":false},"excerpt":{"rendered":"<p>O InovaLab \u00e9 um espa\u00e7o colaborativo e multidisciplinar de inova\u00e7\u00e3o e criatividade da Unicentro, com foco na transforma\u00e7\u00e3o de ideias em realidade. &nbsp; Aqui trabalhamos com tr\u00eas grandes eixos: Projetos de extens\u00e3o; Continuidade de ideias a partir \u00a0 \u00a0 \u00a0do TCC; Laborat\u00f3rio para todas as \u00e1reas; Consultoria Empresarial; An\u00e1lises de viabilidades de novos neg\u00f3cios; Desenvolvimento [&hellip;]<\/p>\n","protected":false},"author":3,"featured_media":0,"parent":0,"menu_order":0,"comment_status":"closed","ping_status":"closed","template":"","meta":{"_exactmetrics_skip_tracking":false,"_exactmetrics_sitenote_active":false,"_exactmetrics_sitenote_note":"","_exactmetrics_sitenote_category":0,"footnotes":"","_links_to":"","_links_to_target":""},"class_list":["post-42","page","type-page","status-publish","hentry"],"_links":{"self":[{"href":"https:\/\/www3.unicentro.br\/inovalab\/wp-json\/wp\/v2\/pages\/42","targetHints":{"allow":["GET"]}}],"collection":[{"href":"https:\/\/www3.unicentro.br\/inovalab\/wp-json\/wp\/v2\/pages"}],"about":[{"href":"https:\/\/www3.unicentro.br\/inovalab\/wp-json\/wp\/v2\/types\/page"}],"author":[{"embeddable":true,"href":"https:\/\/www3.unicentro.br\/inovalab\/wp-json\/wp\/v2\/users\/3"}],"replies":[{"embeddable":true,"href":"https:\/\/www3.unicentro.br\/inovalab\/wp-json\/wp\/v2\/comments?post=42"}],"version-history":[{"count":2,"href":"https:\/\/www3.unicentro.br\/inovalab\/wp-json\/wp\/v2\/pages\/42\/revisions"}],"predecessor-version":[{"id":235,"href":"https:\/\/www3.unicentro.br\/inovalab\/wp-json\/wp\/v2\/pages\/42\/revisions\/235"}],"wp:attachment":[{"href":"https:\/\/www3.unicentro.br\/inovalab\/wp-json\/wp\/v2\/media?parent=42"}],"curies":[{"name":"wp","href":"https:\/\/api.w.org\/{rel}","templated":true}]}}