{"id":40,"date":"2025-03-14T11:14:03","date_gmt":"2025-03-14T14:14:03","guid":{"rendered":"https:\/\/www3.unicentro.br\/inovalab\/?page_id=40"},"modified":"2025-06-03T16:20:06","modified_gmt":"2025-06-03T19:20:06","slug":"sobre-nos","status":"publish","type":"page","link":"https:\/\/www3.unicentro.br\/inovalab\/sobre-nos\/","title":{"rendered":"Sobre n\u00f3s"},"content":{"rendered":"<div class=\"wp-block-image\"><img loading=\"lazy\" decoding=\"async\" class=\"wpa-warning wpa-image-missing-alt wp-image-94 alignleft\" src=\"https:\/\/www3.unicentro.br\/inovalab\/wp-content\/uploads\/sites\/181\/2025\/03\/DSC_0019-e1744392682665.jpg\" alt=\"\" width=\"656\" height=\"436\" data-warning=\"Missing alt text\" \/><\/div>\n<p>&nbsp;<\/p>\n<p>&nbsp;<\/p>\n<p style=\"text-align: justify\"><span style=\"font-size: 14pt\">O <strong>Laborat\u00f3rio de Inova\u00e7\u00e3o da Unicentro<\/strong> apoia iniciativas inovadoras da comunidade universit\u00e1ria e externa, contribuindo para o desenvolvimento do ecossistema de inova\u00e7\u00e3o em Guarapuava e regi\u00e3o. O Inovalab foi criado no ano de 2022 e, desde ent\u00e3o, segue estimulando a criatividade, o empreendedorismo e a troca de conhecimentos entre estudantes, pesquisadores, empresas e outros atores locais.<\/span><\/p>\n<p>&nbsp;<\/p>\n<p>&nbsp;<\/p>\n<h2 style=\"text-align: center\">Miss\u00e3o<\/h2>\n<p style=\"text-align: center\"><span style=\"font-size: 14pt\">Prestar assessoria e consultorias para projetos p\u00fablicos e privados, por meio de estudo e apoio no desenvolvimento de ideias inovadoras.<\/span><\/p>\n<p>&nbsp;<\/p>\n<h2 style=\"text-align: center\">Vis\u00e3o<\/h2>\n<p style=\"text-align: center\"><span style=\"font-size: 14pt\">Ser refer\u00eancia na comunidade como um projeto e inova\u00e7\u00e3o e de desenvolvimento de novas ideias.<\/span><\/p>\n<p>&nbsp;<\/p>\n<h2 style=\"text-align: center\">Valores<\/h2>\n<p style=\"text-align: center\"><strong><span style=\"font-size: 14pt\">Inova\u00e7\u00e3o<\/span><\/strong><\/p>\n<p style=\"text-align: center\"><strong><span style=\"font-size: 14pt\">Acessibilidade<\/span><\/strong><\/p>\n<p style=\"text-align: center\"><strong><span style=\"font-size: 14pt\">Intera\u00e7\u00e3o<\/span><\/strong><\/p>\n<p style=\"text-align: center\"><strong><span style=\"font-size: 14pt\">Agilidade<\/span><\/strong><\/p>\n<p style=\"text-align: center\"><strong><span style=\"font-size: 14pt\">Satisfa\u00e7\u00e3o do cliente<\/span><\/strong><\/p>\n<p>&nbsp;<\/p>\n<h2 style=\"text-align: center\">Equipe<\/h2>\n<p style=\"text-align: center\"><span style=\"font-size: 14pt\"><strong>Ademir Juracy Fanfa Ribas<\/strong> &#8211; Coordenador Geral<\/span><\/p>\n<p style=\"text-align: center\"><span style=\"font-size: 14pt\"><strong>Cleverson Fernando Salache<\/strong> &#8211; Coordenador Geral<\/span><\/p>\n<p style=\"text-align: center\"><span style=\"font-size: 14pt\"><strong>Meiri Ferras<\/strong> &#8211; Professora Coordenadora<\/span><\/p>\n<p style=\"text-align: center\"><span style=\"font-size: 14pt\"><strong>Andr\u00e9 Justus<\/strong> &#8211; Professor Coordenador<\/span><\/p>\n<p style=\"text-align: center\"><span style=\"font-size: 14pt\"><strong>Taline Emanuely da Silva Dzulinski<\/strong>\u00a0&#8211; T\u00e9cnica Administrativa<br \/>\n<\/span><\/p>\n<p style=\"text-align: center\"><span style=\"font-size: 14pt\"><strong>Amanda Alves<\/strong> &#8211; Bolsista Graduada<\/span><\/p>\n<p style=\"text-align: center\"><span style=\"font-size: 14pt\"><strong>Amanda Borges<\/strong> &#8211; Bolsista Estudante<\/span><\/p>\n<p style=\"text-align: center\"><span style=\"font-size: 14pt\"><strong>Igor Guerra<\/strong> &#8211; Bolsista Estudante<\/span><\/p>\n<p style=\"text-align: center\"><span style=\"font-size: 14pt\"><strong>Mila Moraes<\/strong> &#8211; Bolsista Estudante<\/span><\/p>\n<p>&nbsp;<\/p>\n","protected":false},"excerpt":{"rendered":"<p>&nbsp; &nbsp; O Laborat\u00f3rio de Inova\u00e7\u00e3o da Unicentro apoia iniciativas inovadoras da comunidade universit\u00e1ria e externa, contribuindo para o desenvolvimento do ecossistema de inova\u00e7\u00e3o em Guarapuava e regi\u00e3o. O Inovalab foi criado no ano de 2022 e, desde ent\u00e3o, segue estimulando a criatividade, o empreendedorismo e a troca de conhecimentos entre estudantes, pesquisadores, empresas e [&hellip;]<\/p>\n","protected":false},"author":3,"featured_media":0,"parent":0,"menu_order":0,"comment_status":"closed","ping_status":"closed","template":"","meta":{"_exactmetrics_skip_tracking":false,"_exactmetrics_sitenote_active":false,"_exactmetrics_sitenote_note":"","_exactmetrics_sitenote_category":0,"footnotes":"","_links_to":"","_links_to_target":""},"class_list":["post-40","page","type-page","status-publish","hentry"],"_links":{"self":[{"href":"https:\/\/www3.unicentro.br\/inovalab\/wp-json\/wp\/v2\/pages\/40","targetHints":{"allow":["GET"]}}],"collection":[{"href":"https:\/\/www3.unicentro.br\/inovalab\/wp-json\/wp\/v2\/pages"}],"about":[{"href":"https:\/\/www3.unicentro.br\/inovalab\/wp-json\/wp\/v2\/types\/page"}],"author":[{"embeddable":true,"href":"https:\/\/www3.unicentro.br\/inovalab\/wp-json\/wp\/v2\/users\/3"}],"replies":[{"embeddable":true,"href":"https:\/\/www3.unicentro.br\/inovalab\/wp-json\/wp\/v2\/comments?post=40"}],"version-history":[{"count":2,"href":"https:\/\/www3.unicentro.br\/inovalab\/wp-json\/wp\/v2\/pages\/40\/revisions"}],"predecessor-version":[{"id":396,"href":"https:\/\/www3.unicentro.br\/inovalab\/wp-json\/wp\/v2\/pages\/40\/revisions\/396"}],"wp:attachment":[{"href":"https:\/\/www3.unicentro.br\/inovalab\/wp-json\/wp\/v2\/media?parent=40"}],"curies":[{"name":"wp","href":"https:\/\/api.w.org\/{rel}","templated":true}]}}