{"id":109,"date":"2025-03-31T16:54:27","date_gmt":"2025-03-31T19:54:27","guid":{"rendered":"https:\/\/www3.unicentro.br\/inovalab\/?page_id=109"},"modified":"2025-04-15T16:34:45","modified_gmt":"2025-04-15T19:34:45","slug":"rede-prospera-mulheres-empreendedoras","status":"publish","type":"page","link":"https:\/\/www3.unicentro.br\/inovalab\/rede-prospera-mulheres-empreendedoras\/","title":{"rendered":"Rede Pr\u00f3spera Mulheres Empreendedoras"},"content":{"rendered":"<div class=\"wp-block-image\"><img loading=\"lazy\" decoding=\"async\" class=\"wpa-warning wpa-image-missing-alt wp-image-158 alignright\" src=\"https:\/\/www3.unicentro.br\/inovalab\/wp-content\/uploads\/sites\/181\/2025\/04\/Rede2-e1744156220636.png\" alt=\"\" width=\"426\" height=\"426\" data-warning=\"Missing alt text\" \/><\/div>\n<h2 style=\"text-align: justify\">O Projeto<\/h2>\n<p style=\"text-align: justify\"><span style=\"font-size: 14pt\">O <strong>Rede Pr\u00f3spera Mulheres Empreendedoras<\/strong>, projeto vinculado ao Laborat\u00f3rio de Inova\u00e7\u00e3o da Unicentro (Inovalab), tem como objetivo capacitar mulheres no munic\u00edpio de Reserva do Igua\u00e7u (PR). Com pilares centrais voltados para a equidade e o empreendedorismo, o projeto atualmente oferece o curso \u201cEmpreenda com Confian\u00e7a\u201d. <\/span><\/p>\n<p style=\"text-align: justify\"><span style=\"font-size: 14pt\">Este curso \u00e9 estruturado em uma s\u00e9rie de m\u00f3dulos que abordam temas essenciais, como Precifica\u00e7\u00e3o, Marketing Digital e Microempreendedor Individual (MEI). Al\u00e9m disso, ser\u00e3o realizadas oficinas de qualifica\u00e7\u00e3o voltadas para mulheres que desejam empreender, proporcionando tamb\u00e9m mentorias personalizadas para atender \u00e0s necessidades espec\u00edficas do p\u00fablico feminino.<\/span><\/p>\n<p>&nbsp;<\/p>\n<h2>Coordena\u00e7\u00e3o<\/h2>\n<p><span style=\"font-size: 14pt\">M\u00e1rcio Ronaldo Santos Fernandes<\/span><\/p>\n<p>&nbsp;<\/p>\n<h2>Orienta\u00e7\u00e3o<\/h2>\n<p><span style=\"font-size: 14pt\">S\u00e9rgio Marilson Kulak<\/span><\/p>\n<p>&nbsp;<\/p>\n<h2>Bolsistas<\/h2>\n<p><span style=\"font-size: 14pt\">Ruan Gustavo Gaspareto<\/span><br \/>\n<span style=\"font-size: 14pt\">Eliezer Kailer<br \/>\nElaine Ilencio<\/span><br \/>\n<span style=\"font-size: 14pt\">Helena de Julio Dutra<\/span><br \/>\n<span style=\"font-size: 14pt\">Vittor Guimar\u00e3es<\/span><\/p>\n<p>&nbsp;<\/p>\n<h2>Redes Sociais<\/h2>\n<div class=\"wp-block-image\"><a href=\"https:\/\/www.instagram.com\/redeprosperainovalab\"><img loading=\"lazy\" decoding=\"async\" class=\"wpa-warning wpa-image-missing-alt alignnone size-full wp-image-164\" src=\"https:\/\/www3.unicentro.br\/inovalab\/wp-content\/uploads\/sites\/181\/2025\/04\/Inovalab-Instagram-e1744155874618.png\" alt=\"\" width=\"100\" height=\"99\" data-warning=\"Missing alt text\" \/>\u00a0<\/a> \u00a0 \u00a0 \u00a0 <a href=\"https:\/\/www.facebook.com\/share\/1BTfLWoqZK\/\" target=\"_blank\" rel=\"noopener\"><img loading=\"lazy\" decoding=\"async\" class=\"wpa-warning wpa-image-missing-alt alignnone size-full wp-image-163\" src=\"https:\/\/www3.unicentro.br\/inovalab\/wp-content\/uploads\/sites\/181\/2025\/04\/Inovalab-Facebook-e1744156266685.png\" alt=\"\" width=\"100\" height=\"100\" data-warning=\"Missing alt text\" \/><\/a><\/div>\n","protected":false},"excerpt":{"rendered":"<p>O Projeto O Rede Pr\u00f3spera Mulheres Empreendedoras, projeto vinculado ao Laborat\u00f3rio de Inova\u00e7\u00e3o da Unicentro (Inovalab), tem como objetivo capacitar mulheres no munic\u00edpio de Reserva do Igua\u00e7u (PR). Com pilares centrais voltados para a equidade e o empreendedorismo, o projeto atualmente oferece o curso \u201cEmpreenda com Confian\u00e7a\u201d. Este curso \u00e9 estruturado em uma s\u00e9rie de [&hellip;]<\/p>\n","protected":false},"author":28,"featured_media":0,"parent":0,"menu_order":0,"comment_status":"closed","ping_status":"closed","template":"","meta":{"_exactmetrics_skip_tracking":false,"_exactmetrics_sitenote_active":false,"_exactmetrics_sitenote_note":"","_exactmetrics_sitenote_category":0,"footnotes":"","_links_to":"","_links_to_target":""},"class_list":["post-109","page","type-page","status-publish","hentry"],"_links":{"self":[{"href":"https:\/\/www3.unicentro.br\/inovalab\/wp-json\/wp\/v2\/pages\/109","targetHints":{"allow":["GET"]}}],"collection":[{"href":"https:\/\/www3.unicentro.br\/inovalab\/wp-json\/wp\/v2\/pages"}],"about":[{"href":"https:\/\/www3.unicentro.br\/inovalab\/wp-json\/wp\/v2\/types\/page"}],"author":[{"embeddable":true,"href":"https:\/\/www3.unicentro.br\/inovalab\/wp-json\/wp\/v2\/users\/28"}],"replies":[{"embeddable":true,"href":"https:\/\/www3.unicentro.br\/inovalab\/wp-json\/wp\/v2\/comments?post=109"}],"version-history":[{"count":2,"href":"https:\/\/www3.unicentro.br\/inovalab\/wp-json\/wp\/v2\/pages\/109\/revisions"}],"predecessor-version":[{"id":285,"href":"https:\/\/www3.unicentro.br\/inovalab\/wp-json\/wp\/v2\/pages\/109\/revisions\/285"}],"wp:attachment":[{"href":"https:\/\/www3.unicentro.br\/inovalab\/wp-json\/wp\/v2\/media?parent=109"}],"curies":[{"name":"wp","href":"https:\/\/api.w.org\/{rel}","templated":true}]}}