{"id":105,"date":"2025-03-31T16:52:39","date_gmt":"2025-03-31T19:52:39","guid":{"rendered":"https:\/\/www3.unicentro.br\/inovalab\/?page_id=105"},"modified":"2025-04-14T16:42:15","modified_gmt":"2025-04-14T19:42:15","slug":"circuito-de-inovacao","status":"publish","type":"page","link":"https:\/\/www3.unicentro.br\/inovalab\/circuito-de-inovacao\/","title":{"rendered":"Circuito de Inova\u00e7\u00e3o"},"content":{"rendered":"<p><img loading=\"lazy\" decoding=\"async\" class=\"wpa-warning wpa-image-missing-alt wp-image-157 alignright\" src=\"https:\/\/www3.unicentro.br\/inovalab\/wp-content\/uploads\/sites\/181\/2025\/04\/Logo-Circuito-e1744154883665.png\" alt=\"\" width=\"490\" height=\"238\" data-warning=\"Missing alt text\" srcset=\"https:\/\/www3.unicentro.br\/inovalab\/wp-content\/uploads\/sites\/181\/2025\/04\/Logo-Circuito-e1744154883665.png 416w, https:\/\/www3.unicentro.br\/inovalab\/wp-content\/uploads\/sites\/181\/2025\/04\/Logo-Circuito-e1744154883665-255x124.png 255w\" sizes=\"auto, (max-width: 490px) 100vw, 490px\" \/><\/p>\n<h2 style=\"text-align: justify\">O Projeto<\/h2>\n<p style=\"text-align: justify\"><span style=\"font-size: 14pt\">O <strong>Circuito de Inova\u00e7\u00e3o<\/strong>, projeto do InovaLab, capacita alunos do ensino m\u00e9dio e fundamental para identificar e solucionar problemas locais da cidade com projetos inovadores e sustent\u00e1veis. Em 2025, o projeto est\u00e1 sendo desenvolvido no munic\u00edpio de C\u00e2ndido de Abreu (PR). <\/span><\/p>\n<p style=\"text-align: justify\"><span style=\"font-size: 14pt\">Alinhado aos Objetivos de Desenvolvimento Sustent\u00e1vel (ODS) da Agenda 2030, o Circuito tem como objetivo principal a promo\u00e7\u00e3o da melhoria da qualidade de vida no munic\u00edpio. A iniciativa utiliza gincanas e atividades pr\u00e1ticas para ensinar empreendedorismo e sustentabilidade de forma din\u00e2mica, al\u00e9m de ter competi\u00e7\u00f5es saud\u00e1veis que promovem aprendizado e criatividade, incentivando os estudantes a desenvolverem solu\u00e7\u00f5es vi\u00e1veis e impactantes para desafios reais da comunidade. O projeto combina educa\u00e7\u00e3o e inova\u00e7\u00e3o para formar cidad\u00e3os engajados e preparados para transformar seu entorno.<\/span><\/p>\n<p>&nbsp;<\/p>\n<h2>Coordena\u00e7\u00e3o<\/h2>\n<p><span style=\"font-size: 14pt\">Cleverson Salache<\/span><\/p>\n<p>&nbsp;<\/p>\n<h2>Orienta\u00e7\u00e3o<\/h2>\n<p><span style=\"font-size: 14pt\">Marcelo Gelinski<\/span><br \/>\n<span style=\"font-size: 14pt\">Andr\u00e9 Justus (volunt\u00e1rio)<\/span><\/p>\n<p>&nbsp;<\/p>\n<h2>Bolsistas<\/h2>\n<p><span style=\"font-size: 14pt\">Joana Loureiro Petterson<\/span><br \/>\n<span style=\"font-size: 14pt\">Henrique Bufoliski<\/span><br \/>\n<span style=\"font-size: 14pt\">Leandro Naves Faria<\/span><br \/>\n<span style=\"font-size: 14pt\">Jo\u00e3o Vitor de S\u00e1 Teles<br \/>\nMarlon Lacerda<\/span><\/p>\n<p>&nbsp;<\/p>\n<h2>Redes Sociais<\/h2>\n<div class=\"wp-block-image\"><a href=\"https:\/\/www.instagram.com\/circuitodeinovacao.inovalab?igsh=MTlwa2UwY2dlcmR1bA==\"><img loading=\"lazy\" decoding=\"async\" class=\"wpa-warning wpa-image-missing-alt alignleft wp-image-164 size-full\" src=\"https:\/\/www3.unicentro.br\/inovalab\/wp-content\/uploads\/sites\/181\/2025\/04\/Inovalab-Instagram-e1744155874618.png\" alt=\"\" width=\"100\" height=\"99\" data-warning=\"Missing alt text\" \/><\/a><\/div>\n","protected":false},"excerpt":{"rendered":"<p>O Projeto O Circuito de Inova\u00e7\u00e3o, projeto do InovaLab, capacita alunos do ensino m\u00e9dio e fundamental para identificar e solucionar problemas locais da cidade com projetos inovadores e sustent\u00e1veis. Em 2025, o projeto est\u00e1 sendo desenvolvido no munic\u00edpio de C\u00e2ndido de Abreu (PR). Alinhado aos Objetivos de Desenvolvimento Sustent\u00e1vel (ODS) da Agenda 2030, o Circuito [&hellip;]<\/p>\n","protected":false},"author":28,"featured_media":0,"parent":0,"menu_order":0,"comment_status":"closed","ping_status":"closed","template":"","meta":{"_exactmetrics_skip_tracking":false,"_exactmetrics_sitenote_active":false,"_exactmetrics_sitenote_note":"","_exactmetrics_sitenote_category":0,"footnotes":"","_links_to":"","_links_to_target":""},"class_list":["post-105","page","type-page","status-publish","hentry"],"_links":{"self":[{"href":"https:\/\/www3.unicentro.br\/inovalab\/wp-json\/wp\/v2\/pages\/105","targetHints":{"allow":["GET"]}}],"collection":[{"href":"https:\/\/www3.unicentro.br\/inovalab\/wp-json\/wp\/v2\/pages"}],"about":[{"href":"https:\/\/www3.unicentro.br\/inovalab\/wp-json\/wp\/v2\/types\/page"}],"author":[{"embeddable":true,"href":"https:\/\/www3.unicentro.br\/inovalab\/wp-json\/wp\/v2\/users\/28"}],"replies":[{"embeddable":true,"href":"https:\/\/www3.unicentro.br\/inovalab\/wp-json\/wp\/v2\/comments?post=105"}],"version-history":[{"count":2,"href":"https:\/\/www3.unicentro.br\/inovalab\/wp-json\/wp\/v2\/pages\/105\/revisions"}],"predecessor-version":[{"id":271,"href":"https:\/\/www3.unicentro.br\/inovalab\/wp-json\/wp\/v2\/pages\/105\/revisions\/271"}],"wp:attachment":[{"href":"https:\/\/www3.unicentro.br\/inovalab\/wp-json\/wp\/v2\/media?parent=105"}],"curies":[{"name":"wp","href":"https:\/\/api.w.org\/{rel}","templated":true}]}}