{"id":103,"date":"2025-03-31T16:51:30","date_gmt":"2025-03-31T19:51:30","guid":{"rendered":"https:\/\/www3.unicentro.br\/inovalab\/?page_id=103"},"modified":"2025-04-14T16:42:40","modified_gmt":"2025-04-14T19:42:40","slug":"projeto-cultiva","status":"publish","type":"page","link":"https:\/\/www3.unicentro.br\/inovalab\/projeto-cultiva\/","title":{"rendered":"Projeto Cultiva"},"content":{"rendered":"<div class=\"wp-block-image\"><img loading=\"lazy\" decoding=\"async\" class=\"wpa-warning wpa-image-missing-alt alignright wp-image-159 size-full\" src=\"https:\/\/www3.unicentro.br\/inovalab\/wp-content\/uploads\/sites\/181\/2025\/04\/LogoCultiva-e1744156469189.png\" alt=\"\" width=\"280\" height=\"397\" data-warning=\"Missing alt text\" \/><\/div>\n<h2 style=\"text-align: justify\">O Projeto<\/h2>\n<p style=\"text-align: justify\"><span style=\"font-size: 14pt\">O Projeto \u201cGest\u00e3o Sustent\u00e1vel e Extens\u00e3o Comunit\u00e1ria: Empoderando Mulheres da Agricultura Familiar em Turvo, Paran\u00e1 atrav\u00e9s das Metas de Desenvolvimento Sustent\u00e1vel&#8221; foi carinhosamente apelidado de <strong>Projeto Cultiva<\/strong>. <\/span><\/p>\n<p style=\"text-align: justify\"><span style=\"font-size: 14pt\">\u00c9 uma iniciativa da Universidade Estadual do Centro-Oeste (Unicentro) em parceria com a Itaipu, voltada para o desenvolvimento comunit\u00e1rio e o empoderamento feminino em Turvo (PR), que busca apoiar<\/span><span style=\"font-size: 14pt\">\u00a0mulheres agricultoras que produzem erva-mate, leite e hortali\u00e7as, auxiliando na gest\u00e3o sustent\u00e1vel de suas propriedades.<\/span><\/p>\n<p style=\"text-align: justify\"><span style=\"font-size: 14pt\">Com financiamento do Itaipu Parquetec, o Cultiva \u00e9 estruturado em tr\u00eas eixos principais, sendo: 1) empoderamento econ\u00f4mico e social; 2) sustentabilidade ambiental e 3) alinhamento aos Objetivos de Desenvolvimento Sustent\u00e1vel (ODS). <\/span><\/p>\n<p style=\"text-align: justify\"><span style=\"font-size: 14pt\">A proposta \u00e9 fortalecer a autonomia das participantes, incentivando boas pr\u00e1ticas agr\u00edcolas e novas oportunidades de renda, a partir de <\/span><span style=\"font-size: 14pt\">oficinas e workshops para capacita\u00e7\u00e3o em gest\u00e3o, inova\u00e7\u00e3o e sustentabilidade, promovendo o empreendedorismo e a independ\u00eancia financeira das agricultoras.<\/span><\/p>\n<p>&nbsp;<\/p>\n<h2>Coordena\u00e7\u00e3o<\/h2>\n<p><span style=\"font-size: 14pt\">Cleverson Fernando Salache<\/span><\/p>\n<p>&nbsp;<\/p>\n<h2>Bolsistas<\/h2>\n<p><span style=\"font-size: 14pt\">Evelyne Claudino Dutra<\/span><br \/>\n<span style=\"font-size: 14pt\">Maria Gabriela De Oliveira Kira<\/span><br \/>\n<span style=\"font-size: 14pt\">Stefany Kerninski (volunt\u00e1ria)<\/span><\/p>\n<p>&nbsp;<\/p>\n<h2>Redes Sociais<\/h2>\n<div class=\"wp-block-image\"><a href=\"http:\/\/www.instagram.com\/cultiva.inovalab\" target=\"_blank\" rel=\"noopener\"><img loading=\"lazy\" decoding=\"async\" class=\"wpa-warning wpa-image-missing-alt alignnone size-full wp-image-164\" src=\"https:\/\/www3.unicentro.br\/inovalab\/wp-content\/uploads\/sites\/181\/2025\/04\/Inovalab-Instagram-e1744155874618.png\" alt=\"\" width=\"100\" height=\"99\" data-warning=\"Missing alt text\" \/><\/a><\/div>\n","protected":false},"excerpt":{"rendered":"<p>O Projeto O Projeto \u201cGest\u00e3o Sustent\u00e1vel e Extens\u00e3o Comunit\u00e1ria: Empoderando Mulheres da Agricultura Familiar em Turvo, Paran\u00e1 atrav\u00e9s das Metas de Desenvolvimento Sustent\u00e1vel&#8221; foi carinhosamente apelidado de Projeto Cultiva. \u00c9 uma iniciativa da Universidade Estadual do Centro-Oeste (Unicentro) em parceria com a Itaipu, voltada para o desenvolvimento comunit\u00e1rio e o empoderamento feminino em Turvo (PR), [&hellip;]<\/p>\n","protected":false},"author":28,"featured_media":0,"parent":0,"menu_order":0,"comment_status":"closed","ping_status":"closed","template":"","meta":{"_exactmetrics_skip_tracking":false,"_exactmetrics_sitenote_active":false,"_exactmetrics_sitenote_note":"","_exactmetrics_sitenote_category":0,"footnotes":"","_links_to":"","_links_to_target":""},"class_list":["post-103","page","type-page","status-publish","hentry"],"_links":{"self":[{"href":"https:\/\/www3.unicentro.br\/inovalab\/wp-json\/wp\/v2\/pages\/103","targetHints":{"allow":["GET"]}}],"collection":[{"href":"https:\/\/www3.unicentro.br\/inovalab\/wp-json\/wp\/v2\/pages"}],"about":[{"href":"https:\/\/www3.unicentro.br\/inovalab\/wp-json\/wp\/v2\/types\/page"}],"author":[{"embeddable":true,"href":"https:\/\/www3.unicentro.br\/inovalab\/wp-json\/wp\/v2\/users\/28"}],"replies":[{"embeddable":true,"href":"https:\/\/www3.unicentro.br\/inovalab\/wp-json\/wp\/v2\/comments?post=103"}],"version-history":[{"count":2,"href":"https:\/\/www3.unicentro.br\/inovalab\/wp-json\/wp\/v2\/pages\/103\/revisions"}],"predecessor-version":[{"id":272,"href":"https:\/\/www3.unicentro.br\/inovalab\/wp-json\/wp\/v2\/pages\/103\/revisions\/272"}],"wp:attachment":[{"href":"https:\/\/www3.unicentro.br\/inovalab\/wp-json\/wp\/v2\/media?parent=103"}],"curies":[{"name":"wp","href":"https:\/\/api.w.org\/{rel}","templated":true}]}}