{"id":65,"date":"2026-03-24T08:26:01","date_gmt":"2026-03-24T11:26:01","guid":{"rendered":"https:\/\/www3.unicentro.br\/imp\/?page_id=65"},"modified":"2026-04-08T16:33:05","modified_gmt":"2026-04-08T19:33:05","slug":"comite-de-usuarios","status":"publish","type":"page","link":"https:\/\/www3.unicentro.br\/imp\/legislacao-e-governanca\/subcomites\/comite-de-usuarios\/","title":{"rendered":"Comit\u00ea de usu\u00e1rios"},"content":{"rendered":"<div class=\"wpb-content-wrapper\"><p>[vc_row][vc_column][vc_column_text css=&#8221;&#8221;]<\/p>\n<ul>\n<li>O<em><strong><a href=\"https:\/\/sgu.unicentro.br\/pcatooficiais\/imprimir\/9F746CB8\">\u00a0Comit\u00ea de Usu\u00e1rios (COMU)<\/a><\/strong><\/em>, vinculado \u00e0 Infraestrtutura Multius\u00e1ria de Pesquisa (IMP), da Universidade Estadual do Centro-Oeste (UNICENTRO), compreende os\u00a0<em><strong><a href=\"https:\/\/sgu.unicentro.br\/pcatooficiais\/imprimir\/39CF07E1\">representantes<\/a><\/strong><\/em>\u00a0de usu\u00e1rios da IMP.<\/li>\n<\/ul>\n<p>[\/vc_column_text][\/vc_column][\/vc_row]<\/p>\n<\/div>","protected":false},"excerpt":{"rendered":"<p>[vc_row][vc_column][vc_column_text css=&#8221;&#8221;] O\u00a0Comit\u00ea de Usu\u00e1rios (COMU), vinculado \u00e0 Infraestrtutura Multius\u00e1ria de Pesquisa (IMP), da Universidade Estadual do Centro-Oeste (UNICENTRO), compreende os\u00a0representantes\u00a0de usu\u00e1rios da IMP. [\/vc_column_text][\/vc_column][\/vc_row]<\/p>\n","protected":false},"author":3,"featured_media":0,"parent":57,"menu_order":0,"comment_status":"closed","ping_status":"closed","template":"","meta":{"_acf_changed":false,"_exactmetrics_skip_tracking":false,"_exactmetrics_sitenote_active":false,"_exactmetrics_sitenote_note":"","_exactmetrics_sitenote_category":0,"footnotes":"","_links_to":"","_links_to_target":""},"class_list":["post-65","page","type-page","status-publish","hentry"],"acf":[],"_links":{"self":[{"href":"https:\/\/www3.unicentro.br\/imp\/wp-json\/wp\/v2\/pages\/65","targetHints":{"allow":["GET"]}}],"collection":[{"href":"https:\/\/www3.unicentro.br\/imp\/wp-json\/wp\/v2\/pages"}],"about":[{"href":"https:\/\/www3.unicentro.br\/imp\/wp-json\/wp\/v2\/types\/page"}],"author":[{"embeddable":true,"href":"https:\/\/www3.unicentro.br\/imp\/wp-json\/wp\/v2\/users\/3"}],"replies":[{"embeddable":true,"href":"https:\/\/www3.unicentro.br\/imp\/wp-json\/wp\/v2\/comments?post=65"}],"version-history":[{"count":3,"href":"https:\/\/www3.unicentro.br\/imp\/wp-json\/wp\/v2\/pages\/65\/revisions"}],"predecessor-version":[{"id":128,"href":"https:\/\/www3.unicentro.br\/imp\/wp-json\/wp\/v2\/pages\/65\/revisions\/128"}],"up":[{"embeddable":true,"href":"https:\/\/www3.unicentro.br\/imp\/wp-json\/wp\/v2\/pages\/57"}],"wp:attachment":[{"href":"https:\/\/www3.unicentro.br\/imp\/wp-json\/wp\/v2\/media?parent=65"}],"curies":[{"name":"wp","href":"https:\/\/api.w.org\/{rel}","templated":true}]}}