{"id":61,"date":"2026-03-24T08:25:32","date_gmt":"2026-03-24T11:25:32","guid":{"rendered":"https:\/\/www3.unicentro.br\/imp\/?page_id=61"},"modified":"2026-04-08T15:15:25","modified_gmt":"2026-04-08T18:15:25","slug":"ambiotec","status":"publish","type":"page","link":"https:\/\/www3.unicentro.br\/imp\/legislacao-e-governanca\/subcomites\/ambiotec\/","title":{"rendered":"Subcomit\u00ea Ambiotec"},"content":{"rendered":"<div class=\"wpb-content-wrapper\"><p>[vc_row][vc_column][vc_column_text]<\/p>\n<ul>\n<li>Subcomit\u00ea Gestor do Centro de Pesquisas Avan\u00e7adas Ambientais, Bioenerg\u00e9ticas e Biotecnol\u00f3gicas, AMBIOTEC, do C\u00e2mpus Cedeteg, designado pela\u00a0<a href=\"https:\/\/sgu.unicentro.br\/pcatooficiais\/imprimir\/C51ED131\"><strong>Portaria n\u00ba 84-GR\/UNICENTRO, de 12 de fevereiro de 2026<\/strong><\/a>, alterada pela\u00a0<a href=\"https:\/\/sgu.unicentro.br\/pcatooficiais\/imprimir\/9A5D97E9\"><strong>Portaria n\u00ba 190-GR\/UNICENTRO, de 5 de mar\u00e7o de 2026<\/strong><\/a>\u00a0.<\/li>\n<\/ul>\n<p>[\/vc_column_text][\/vc_column][\/vc_row]<\/p>\n<\/div>","protected":false},"excerpt":{"rendered":"<p>[vc_row][vc_column][vc_column_text] Subcomit\u00ea Gestor do Centro de Pesquisas Avan\u00e7adas Ambientais, Bioenerg\u00e9ticas e Biotecnol\u00f3gicas, AMBIOTEC, do C\u00e2mpus Cedeteg, designado pela\u00a0Portaria n\u00ba 84-GR\/UNICENTRO, de 12 de fevereiro de 2026, alterada pela\u00a0Portaria n\u00ba 190-GR\/UNICENTRO, de 5 de mar\u00e7o de 2026\u00a0. [\/vc_column_text][\/vc_column][\/vc_row]<\/p>\n","protected":false},"author":3,"featured_media":0,"parent":57,"menu_order":0,"comment_status":"closed","ping_status":"closed","template":"","meta":{"_acf_changed":false,"_exactmetrics_skip_tracking":false,"_exactmetrics_sitenote_active":false,"_exactmetrics_sitenote_note":"","_exactmetrics_sitenote_category":0,"footnotes":"","_links_to":"","_links_to_target":""},"class_list":["post-61","page","type-page","status-publish","hentry"],"acf":[],"_links":{"self":[{"href":"https:\/\/www3.unicentro.br\/imp\/wp-json\/wp\/v2\/pages\/61","targetHints":{"allow":["GET"]}}],"collection":[{"href":"https:\/\/www3.unicentro.br\/imp\/wp-json\/wp\/v2\/pages"}],"about":[{"href":"https:\/\/www3.unicentro.br\/imp\/wp-json\/wp\/v2\/types\/page"}],"author":[{"embeddable":true,"href":"https:\/\/www3.unicentro.br\/imp\/wp-json\/wp\/v2\/users\/3"}],"replies":[{"embeddable":true,"href":"https:\/\/www3.unicentro.br\/imp\/wp-json\/wp\/v2\/comments?post=61"}],"version-history":[{"count":3,"href":"https:\/\/www3.unicentro.br\/imp\/wp-json\/wp\/v2\/pages\/61\/revisions"}],"predecessor-version":[{"id":119,"href":"https:\/\/www3.unicentro.br\/imp\/wp-json\/wp\/v2\/pages\/61\/revisions\/119"}],"up":[{"embeddable":true,"href":"https:\/\/www3.unicentro.br\/imp\/wp-json\/wp\/v2\/pages\/57"}],"wp:attachment":[{"href":"https:\/\/www3.unicentro.br\/imp\/wp-json\/wp\/v2\/media?parent=61"}],"curies":[{"name":"wp","href":"https:\/\/api.w.org\/{rel}","templated":true}]}}