{"id":59,"date":"2026-03-24T08:25:13","date_gmt":"2026-03-24T11:25:13","guid":{"rendered":"https:\/\/www3.unicentro.br\/imp\/?page_id=59"},"modified":"2026-04-08T16:10:19","modified_gmt":"2026-04-08T19:10:19","slug":"ccmn","status":"publish","type":"page","link":"https:\/\/www3.unicentro.br\/imp\/legislacao-e-governanca\/subcomites\/ccmn\/","title":{"rendered":"Subcomit\u00ea CCMN"},"content":{"rendered":"<div class=\"wpb-content-wrapper\"><p>[vc_row][vc_column][vc_column_text css=&#8221;&#8221;]<\/p>\n<ul>\n<li>Subcomit\u00ea Gestor do Centro de Ci\u00eancias Moleculares e Nanotecnologia, CCMN, do C\u00e2mpus Cedeteg, designado pela\u00a0<a href=\"https:\/\/sgu.unicentro.br\/pcatooficiais\/imprimir\/D24D5C01\"><strong>Portaria n\u00ba 1-PROPESP\/UNICENTRO, de 12 de fevereiro de 2026,<\/strong><\/a> alterada pela\u00a0<strong><a href=\"https:\/\/sgu.unicentro.br\/pcatooficiais\/imprimir\/D94FF36B\">Portaria n\u00ba 4-PROPESP\/UNICENTRO, de 4 de mar\u00e7o de 2026<\/a>\u00a0<\/strong>e\u00a0<a href=\"https:\/\/sgu.unicentro.br\/pcatooficiais\/imprimir\/3DCAAEC4\"><strong>Portaria n\u00ba 5-PROPESP\/UNICENTRO, de 5 de mar\u00e7o de 2026<\/strong><\/a><\/li>\n<\/ul>\n<p>[\/vc_column_text][\/vc_column][\/vc_row]<\/p>\n<\/div>","protected":false},"excerpt":{"rendered":"<p>[vc_row][vc_column][vc_column_text css=&#8221;&#8221;] Subcomit\u00ea Gestor do Centro de Ci\u00eancias Moleculares e Nanotecnologia, CCMN, do C\u00e2mpus Cedeteg, designado pela\u00a0Portaria n\u00ba 1-PROPESP\/UNICENTRO, de 12 de fevereiro de 2026, alterada pela\u00a0Portaria n\u00ba 4-PROPESP\/UNICENTRO, de 4 de mar\u00e7o de 2026\u00a0e\u00a0Portaria n\u00ba 5-PROPESP\/UNICENTRO, de 5 de mar\u00e7o de 2026 [\/vc_column_text][\/vc_column][\/vc_row]<\/p>\n","protected":false},"author":3,"featured_media":0,"parent":57,"menu_order":0,"comment_status":"closed","ping_status":"closed","template":"","meta":{"_acf_changed":false,"_exactmetrics_skip_tracking":false,"_exactmetrics_sitenote_active":false,"_exactmetrics_sitenote_note":"","_exactmetrics_sitenote_category":0,"footnotes":"","_links_to":"","_links_to_target":""},"class_list":["post-59","page","type-page","status-publish","hentry"],"acf":[],"_links":{"self":[{"href":"https:\/\/www3.unicentro.br\/imp\/wp-json\/wp\/v2\/pages\/59","targetHints":{"allow":["GET"]}}],"collection":[{"href":"https:\/\/www3.unicentro.br\/imp\/wp-json\/wp\/v2\/pages"}],"about":[{"href":"https:\/\/www3.unicentro.br\/imp\/wp-json\/wp\/v2\/types\/page"}],"author":[{"embeddable":true,"href":"https:\/\/www3.unicentro.br\/imp\/wp-json\/wp\/v2\/users\/3"}],"replies":[{"embeddable":true,"href":"https:\/\/www3.unicentro.br\/imp\/wp-json\/wp\/v2\/comments?post=59"}],"version-history":[{"count":4,"href":"https:\/\/www3.unicentro.br\/imp\/wp-json\/wp\/v2\/pages\/59\/revisions"}],"predecessor-version":[{"id":127,"href":"https:\/\/www3.unicentro.br\/imp\/wp-json\/wp\/v2\/pages\/59\/revisions\/127"}],"up":[{"embeddable":true,"href":"https:\/\/www3.unicentro.br\/imp\/wp-json\/wp\/v2\/pages\/57"}],"wp:attachment":[{"href":"https:\/\/www3.unicentro.br\/imp\/wp-json\/wp\/v2\/media?parent=59"}],"curies":[{"name":"wp","href":"https:\/\/api.w.org\/{rel}","templated":true}]}}